{"id":992,"date":"2022-05-21T21:32:48","date_gmt":"2022-05-21T19:32:48","guid":{"rendered":"https:\/\/www.miel-store.com\/?post_type=product&#038;p=992"},"modified":"2026-02-14T15:26:20","modified_gmt":"2026-02-14T14:26:20","slug":"folhas-secas-de-jujuba","status":"publish","type":"product","link":"https:\/\/www.miel-store.com\/pt\/p\/feuilles-de-jujubier-sechees","title":{"rendered":"Folhas de jujuba secas 50g"},"content":{"rendered":"<p>Sabemos que a efic\u00e1cia de uma planta no nosso organismo se deve aos princ\u00edpios activos que cont\u00e9m. Assim, com a Miel Store, vamos descobrir os princ\u00edpios activos contidos em <strong>folha de jujuba seca<\/strong>\u00a0tamb\u00e9m conhecido como\u201c<strong>warak sidr<\/strong>\u201d. Revelaremos tamb\u00e9m como actuam no nosso organismo para tratar ou prevenir doen\u00e7as e enfermidades.<\/p>\n<p>Venha descobrir esta maravilha natural que merece ser descoberta!<\/p>\n<h2><strong>Foco nas folhas secas de jujuba de uma \u00e1rvore do deserto...<\/strong><\/h2>\n<p>As folhas de jujuba secas s\u00e3o, de facto, pequenas folhas verdes de uma \u00e1rvore do deserto conhecida como jujuba. Esta \u00e1rvore \u00e9 tamb\u00e9m espinhosa e pode ser encontrada na Pen\u00ednsula Ar\u00e1bica e na China. De facto, \u00e9 muito resistente \u00e0 seca. De facto, encontra-se em zonas \u00e1ridas.<\/p>\n<p>Esta \u00e1rvore do deserto \u00e9 do g\u00e9nero Ziziphus, da fam\u00edlia Rhamnaceae. Existem cerca de cem esp\u00e9cies, a maior parte das quais s\u00e3o espinhosas. Algumas produzem tamb\u00e9m um fruto chamado jujuba.<\/p>\n<p>O fruto tem uma forma oval e assemelha-se geralmente a uma azeitona, mas distingue-se pela sua cor vari\u00e1vel. Quando maduro, apresenta-se verde, depois amarelo, depois castanho e, por fim, avermelhado e brilhante.<\/p>\n<p>O seu sabor \u00e9 semelhante ao das ma\u00e7\u00e3s verdes frescas. Mas tamb\u00e9m \u00e9 semelhante ao das t\u00e2maras secas.<\/p>\n<p>Al\u00e9m disso, na Miel Store, esta planta \u00e9 vendida por apenas 5 euros e vem da famosa marca Nigelle Source!<\/p>\n<h2><strong>Foco nos v\u00e1rios benef\u00edcios da folha de jujuba seca<\/strong><\/h2>\n<p>Esta planta cont\u00e9m propriedades excepcionais n\u00e3o s\u00f3 para a sa\u00fade, mas tamb\u00e9m para o corpo e o cabelo.<\/p>\n<h3><strong>Sobre a sa\u00fade\u00a0<\/strong><\/h3>\n<ul>\n<li>Em primeiro lugar, ajuda a aliviar as doen\u00e7as respirat\u00f3rias, como a asma e a bronquite. Cont\u00e9m propriedades anti-inflamat\u00f3rias; ;<\/li>\n<\/ul>\n<ul>\n<li>Os Sidr waraks s\u00e3o tamb\u00e9m utilizados para ajudar a tratar \u00falceras do est\u00f4mago; ;<\/li>\n<\/ul>\n<ul>\n<li>S\u00e3o tamb\u00e9m apreciadas por ajudarem a equilibrar a tens\u00e3o arterial; ;<\/li>\n<\/ul>\n<ul>\n<li>O sidr \u00e9 tamb\u00e9m utilizado como verm\u00edfugo e para prevenir o v\u00f3mito. Para o efeito, por exemplo, algumas pessoas mastigam warak sidr antes de tomar um medicamento para disfar\u00e7ar o sabor; ;<\/li>\n<\/ul>\n<ul>\n<li>Na medicina tradicional chinesa, s\u00e3o tamb\u00e9m misturadas com outras plantas para ajudar a combater os suores noturnos; ;<\/li>\n<\/ul>\n<ul>\n<li>Por \u00faltimo, tem bons efeitos sobre as ins\u00f3nias e o stress. \u00c9 por esta raz\u00e3o que \u00e9 tamb\u00e9m utilizado na medicina ayurv\u00e9dica.<\/li>\n<\/ul>\n<p>Para dar mais variedade aos seus tratamentos de sa\u00fade, descubra a nossa gama de\u00a0<a href=\"https:\/\/www.miel-store.com\/pt\/p\/feuilles-de-sene\/\"><strong>folhas de senna (Sana makki)<\/strong><\/a>\u00a0!<\/p>\n<h3><strong>No cabelo<\/strong><\/h3>\n<ul>\n<li>Em primeiro lugar, o sidr \u00e9 utilizado em produtos para o cuidado do cabelo; ;<\/li>\n<\/ul>\n<ul>\n<li>Tamb\u00e9m limpa o cabelo de forma natural; ;<\/li>\n<\/ul>\n<ul>\n<li>Por outro lado, se for misturado com outros ingredientes, \u00e9 eficaz para evitar que os cabelos pintados sangrem; ;<\/li>\n<\/ul>\n<ul>\n<li>Por \u00faltimo, o p\u00f3 de warak sidr tem propriedades anti-caspa e ajuda a tratar a comich\u00e3o no couro cabeludo.<\/li>\n<\/ul>\n<h2><strong>Como utilizar a folha de jujuba seca para o cabelo?<\/strong><\/h2>\n<p>S\u00e3o utilizados como m\u00e1scara, macerado oleoso ou champ\u00f4.<\/p>\n<p>Para a m\u00e1scara :<\/p>\n<ul>\n<li>Tudo o que precisa \u00e9 de 100 g de sidr em p\u00f3; ;<\/li>\n<\/ul>\n<ul>\n<li>Em seguida, misture com 1 colher de sopa grande de azeite; ;<\/li>\n<\/ul>\n<ul>\n<li>Por fim, deixar repousar a mistura durante 30 minutos.<\/li>\n<\/ul>\n<p>Para champ\u00f4 :<\/p>\n<ul>\n<li>Em primeiro lugar, tomar 1 colher de sopa de sidr e misturar com \u00e1gua; ;<\/li>\n<\/ul>\n<ul>\n<li>Finalmente, pare de misturar quando a textura se aproximar da de um champ\u00f4.<\/li>\n<\/ul>\n<h3><strong>Precau\u00e7\u00f5es a tomar com a folha de sidr<\/strong><\/h3>\n<p>Continua a ser importante, mesmo que o warak sidr seja 100% natural, ter o cuidado de o consumir com modera\u00e7\u00e3o.<\/p>","protected":false},"excerpt":{"rendered":"<p>Nous savons que l&rsquo;efficacit\u00e9 d&rsquo;une plante sur notre corps est due aux principes actifs qu&rsquo;elle contient. Aussi, avec Miel Store, d\u00e9couvrons le principe actif que renferment la feuille de jujubier s\u00e9ch\u00e9e\u00a0aussi appel\u00e9es \u201cwarak sidr\u201d. De m\u00eame, nous allons d\u00e9voiler comment elles agissent sur notre organisme, pour traiter ou pr\u00e9venir des maux voire des pathologies. De [&#8230;]\n","protected":false},"featured_media":993,"template":"","meta":[],"product_brand":[],"product_cat":[89],"product_tag":[],"class_list":{"0":"post-992","1":"product","2":"type-product","3":"status-publish","4":"has-post-thumbnail","6":"product_cat-cosmetiques","8":"first","9":"instock","10":"shipping-taxable","11":"purchasable","12":"product-type-simple"},"_links":{"self":[{"href":"https:\/\/www.miel-store.com\/pt\/wp-json\/wp\/v2\/product\/992","targetHints":{"allow":["GET"]}}],"collection":[{"href":"https:\/\/www.miel-store.com\/pt\/wp-json\/wp\/v2\/product"}],"about":[{"href":"https:\/\/www.miel-store.com\/pt\/wp-json\/wp\/v2\/types\/product"}],"wp:featuredmedia":[{"embeddable":true,"href":"https:\/\/www.miel-store.com\/pt\/wp-json\/wp\/v2\/media\/993"}],"wp:attachment":[{"href":"https:\/\/www.miel-store.com\/pt\/wp-json\/wp\/v2\/media?parent=992"}],"wp:term":[{"taxonomy":"product_brand","embeddable":true,"href":"https:\/\/www.miel-store.com\/pt\/wp-json\/wp\/v2\/product_brand?post=992"},{"taxonomy":"product_cat","embeddable":true,"href":"https:\/\/www.miel-store.com\/pt\/wp-json\/wp\/v2\/product_cat?post=992"},{"taxonomy":"product_tag","embeddable":true,"href":"https:\/\/www.miel-store.com\/pt\/wp-json\/wp\/v2\/product_tag?post=992"}],"curies":[{"name":"wp","href":"https:\/\/api.w.org\/{rel}","templated":true}]}}