{"id":990,"date":"2022-05-21T21:10:48","date_gmt":"2022-05-21T19:10:48","guid":{"rendered":"https:\/\/www.miel-store.com\/?post_type=product&#038;p=990"},"modified":"2026-05-08T11:53:29","modified_gmt":"2026-05-08T09:53:29","slug":"louban","status":"publish","type":"product","link":"https:\/\/www.miel-store.com\/pt\/p\/louban","title":{"rendered":"Louban Dakar (R\u00e9sine d&rsquo;Oliban du Soudan)"},"content":{"rendered":"<p>Si comme Miel Store, vous \u00eates adeptes des bonnes choses, alors vous \u00eates au bon endroit. Et \u00e0 l\u2019honneur aujourd\u2019hui :\u00a0<strong>louban<\/strong>\u00a0ou\u00a0<strong>l\u2019oliban du Soudan<\/strong>, qui va envo\u00fbter vos sens ! Puis, saviez-vous que ce type d\u2019<strong>encens<\/strong>\u00a0a \u00e9t\u00e9 ramen\u00e9 jusqu\u2019\u00e0 l\u2019Europe par les Crois\u00e9s ?<\/p>\n<p>Aussi, du fait de son anciennet\u00e9, il poss\u00e8de de multiples noms tels que \u00ab Larmes \u00bb ou \u00ab oliban \u00bb. Et sa signification est \u00ab suintant comme un lait \u00bb.<\/p>\n<p>Qu\u2019attendez-vous, alors, pour venir suinter de plaisir sur les chemins r\u00e9sineux soudanais ?<\/p>\n<h2><strong>Oliban \/ Louban : r\u00e9sine soudanaise en larmes citronn\u00e9es<\/strong><\/h2>\n<p>Le louban repr\u00e9sente une vari\u00e9t\u00e9 d\u2019encens extraite du Boswellia Carteri qui est originaire du Soudan. Aussi, c\u2019est un arbrisseau dont la\u00a0<strong>gomme-r\u00e9sine<\/strong>\u00a0est appel\u00e9e \u00ab\u00a0<strong>larmes du Soudan<\/strong>\u00a0\u00bb.<\/p>\n<p>Cela s\u2019explique par le fait que de son \u00e9corce, appara\u00eet la s\u00e8ve ressemblant \u00e0 des gouttelettes de lait. En fait, cela se produit apr\u00e8s incision de cette \u00e9corce. Suite \u00e0 cela, la s\u00e8ve se dess\u00e8che et donne, alors, les fameuses gommes aromatiques.<\/p>\n<p>Pour l\u2019histoire, il \u00e9tait surnomm\u00e9 \u00ab encens m\u00e2le \u00bb, car seuls les hommes pouvaient en br\u00fbler, dans les traditions anciennes. Bien heureusement, les choses ont bien chang\u00e9\u2026<\/p>\n<p>Quant \u00e0 sa senteur aromatique, elle est intense, suave et chaude tout en \u00e9tant sucr\u00e9e et \u00e9pic\u00e9e. En outre, sa fragrance est subtilement bois\u00e9e avec des notes citronn\u00e9es tr\u00e8s prononc\u00e9es.<\/p>\n<p>Alors, n\u2019h\u00e9sitez pas \u00e0 vous emparer de votre petit sachet kraft herm\u00e9tique de 50 grammes de\u00a0<strong>gommes aromatiques soudanaises<\/strong>. En plus, elles sont vendues au prix de 6,50 euros, seulement et sont de la marque Nigelle Source.<\/p>\n<h2><strong>Quelles sont les propri\u00e9t\u00e9s de l&rsquo;oliban ?<\/strong><\/h2>\n<p>Cette r\u00e9sine du Soudan a des propri\u00e9t\u00e9s insoup\u00e7onnables que Miel Store va nous d\u00e9voiler ici.<\/p>\n<ul>\n<li>Tout d\u2019abord, cette r\u00e9sine a une action b\u00e9n\u00e9fique contre le stress et les tensions importantes. Par cons\u00e9quent, elle offre, rapidement, une sensation de bien-\u00eatre douce et chaleureuse ;<\/li>\n<\/ul>\n<ul>\n<li>De m\u00eame, elle aide \u00e0 lutter contre les jambes lourdes, douloureuses et les rhumatismes ;<\/li>\n<\/ul>\n<ul>\n<li>De plus, elle a des propri\u00e9t\u00e9s cicatrisantes et favorise la bonne haleine tout en apaisant les maux dentaires ;<\/li>\n<\/ul>\n<ul>\n<li>Enfin, elle est b\u00e9n\u00e9fique contre les maux de bronches et assainissants de l\u2019air.<\/li>\n<\/ul>\n<p>Et bien d\u2019autres vertus telles que les maladies des reins, l\u2019hypertension art\u00e9rielle ou encore le cholest\u00e9rol et le diab\u00e8te\u2026<\/p>\n<h2><strong>Optez pour l\u2019extraordinaire marque Nigelle Source tr\u00e8s appr\u00e9ci\u00e9e<\/strong><\/h2>\n<p>Tout d\u2019abord, cette fabuleuse marque Nigelle Source est sp\u00e9cialis\u00e9e dans la vente de produits naturels. De m\u00eame, elle commercialise des <a href=\"https:\/\/www.miel-store.com\/pt\/cp\/mel-de-todo-o-mundo\/\"><strong>miels de qualit\u00e9<\/strong><\/a> et des huiles v\u00e9g\u00e9tales pour la majorit\u00e9 biologiques.<\/p>\n<p>De cette fa\u00e7on, elle est devenue tr\u00e8s reconnue et a acquis une bonne r\u00e9putation. Aussi, elle est tr\u00e8s rigoureuse dans le choix de ses produits, car sa priorit\u00e9 est la satisfaction de ses clients.<\/p>\n<p>Enfin, Nigelle Source puise sa force sur quatre piliers fondamentaux. Effectivement, elle appuie sa notori\u00e9t\u00e9 dans la qualit\u00e9 de ses produits, sa disponibilit\u00e9, un bon service-client et une livraison s\u00e9curis\u00e9e.<\/p>\n<p>Apr\u00e8s tout, vous m\u00e9ritez qu\u2019on vous offre l\u2019excellence et le meilleur\u2026<\/p>\n<h3><strong>Petite astuce pour profiter de votre louban dakar<\/strong><\/h3>\n<p><strong>Pour une meilleure haleine<\/strong><\/p>\n<p>Avec son go\u00fbt citronn\u00e9 caract\u00e9ristique, beaucoup appr\u00e9cient de le m\u00e2cher et le sucer tel un chewing-gum naturel. Ceci \u00e9tant, vous pouvez aussi tremper ces petites r\u00e9sines dans du miel, cela donnera davantage d\u2019ar\u00f4me.<\/p>","protected":false},"excerpt":{"rendered":"<p>Si comme Miel Store, vous \u00eates adeptes des bonnes choses, alors vous \u00eates au bon endroit. Et \u00e0 l\u2019honneur aujourd\u2019hui :\u00a0louban\u00a0ou\u00a0l\u2019oliban du Soudan, qui va envo\u00fbter vos sens ! Puis, saviez-vous que ce type d\u2019encens\u00a0a \u00e9t\u00e9 ramen\u00e9 jusqu\u2019\u00e0 l\u2019Europe par les Crois\u00e9s ? Aussi, du fait de son anciennet\u00e9, il poss\u00e8de de multiples noms tels [&#8230;]\n","protected":false},"featured_media":10380,"template":"","meta":[],"product_brand":[],"product_cat":[89],"product_tag":[],"class_list":{"0":"post-990","1":"product","2":"type-product","3":"status-publish","4":"has-post-thumbnail","6":"product_cat-cosmetiques","8":"first","9":"instock","10":"shipping-taxable","11":"purchasable","12":"product-type-variable","13":"has-default-attributes"},"_links":{"self":[{"href":"https:\/\/www.miel-store.com\/pt\/wp-json\/wp\/v2\/product\/990","targetHints":{"allow":["GET"]}}],"collection":[{"href":"https:\/\/www.miel-store.com\/pt\/wp-json\/wp\/v2\/product"}],"about":[{"href":"https:\/\/www.miel-store.com\/pt\/wp-json\/wp\/v2\/types\/product"}],"wp:featuredmedia":[{"embeddable":true,"href":"https:\/\/www.miel-store.com\/pt\/wp-json\/wp\/v2\/media\/10380"}],"wp:attachment":[{"href":"https:\/\/www.miel-store.com\/pt\/wp-json\/wp\/v2\/media?parent=990"}],"wp:term":[{"taxonomy":"product_brand","embeddable":true,"href":"https:\/\/www.miel-store.com\/pt\/wp-json\/wp\/v2\/product_brand?post=990"},{"taxonomy":"product_cat","embeddable":true,"href":"https:\/\/www.miel-store.com\/pt\/wp-json\/wp\/v2\/product_cat?post=990"},{"taxonomy":"product_tag","embeddable":true,"href":"https:\/\/www.miel-store.com\/pt\/wp-json\/wp\/v2\/product_tag?post=990"}],"curies":[{"name":"wp","href":"https:\/\/api.w.org\/{rel}","templated":true}]}}