{"id":988,"date":"2022-05-21T20:00:36","date_gmt":"2022-05-21T18:00:36","guid":{"rendered":"https:\/\/www.miel-store.com\/?post_type=product&#038;p=988"},"modified":"2026-03-07T09:39:20","modified_gmt":"2026-03-07T08:39:20","slug":"feuilles-de-sene-sana-makki","status":"publish","type":"product","link":"https:\/\/www.miel-store.com\/pt\/p\/feuilles-de-sene-sana-makki","title":{"rendered":"Folhas de Senna (Sana makki)"},"content":{"rendered":"<p>Comme vous le savez, la science apporte beaucoup d\u2019\u00e9l\u00e9ments de r\u00e9ponse sur les produits de notre quotidien. Et il en est ainsi, aussi, avec\u00a0<strong>les feuilles de s\u00e9n\u00e9<\/strong>\u00a0propos\u00e9es chez Miel Store. Et, \u00e0 vrai dire, les scientifiques ont d\u00e9couvert certains des bienfaits de cette plante pour votre organisme \u00e0 plusieurs niveaux.<\/p>\n<p>D\u2019ailleurs, l\u2019Organisation Mondiale de la Sant\u00e9, aussi, d\u00e9montre des effets b\u00e9n\u00e9fiques de cette plante sur la sant\u00e9. Alors, n\u2019h\u00e9sitez pas \u00e0 utiliser ce bienfait de la nature ; vous pouvez le consommer sans craindre pour votre sant\u00e9.<\/p>\n<p>Et si vous doutez encore, vous \u00eates au bon endroit, car Miel Store va tout vous expliquer dans cet article !<\/p>\n<h2><strong>Les feuilles de s\u00e9n\u00e9, une plante vertigineuse encore m\u00e9connue<\/strong><\/h2>\n<p>Lorsque l\u2019on \u00e9voque les feuilles de s\u00e9n\u00e9, il s\u2019agit en fait d\u2019un arbuste aussi appel\u00e9\u00a0<strong>Senna Alexandrina<\/strong>\u00a0e\u00a0<strong>Sana makki<\/strong>. De m\u00eame, cet arbuste est de la famille des C\u00e9salpiniac\u00e9es et il est originaire d\u2019Egypte.<\/p>\n<p>Aussi, il est possible d\u2019utiliser les fleurs pour un usage m\u00e9dical. D\u2019autre part, cette plante est tr\u00e8s appr\u00e9ci\u00e9e en phytoth\u00e9rapie pour ses diverses propri\u00e9t\u00e9s sur notre organisme.<\/p>\n<p>Par ailleurs, elle appara\u00eet sous la forme de tiges orn\u00e9es de feuilles ovales et des fleurs d\u2019un ton jaune. De fait, elle est tr\u00e8s agr\u00e9able \u00e0 regarder&#8230;<\/p>\n<p>D\u2019autre part, vous pourrez trouver les feuilles de s\u00e9n\u00e9 sous forme s\u00e9ch\u00e9es, dans notre boutique Miel Store. En effet, elles sont vendues au prix de 5,00\u20ac pour une contenance de 50 grammes.<\/p>\n<p>Alors, \u00e0 ce prix, n&rsquo;h\u00e9sitez plus \u00e0 vous procurer le meilleur de la nature pour votre sant\u00e9. Cette derni\u00e8re est tr\u00e8s pr\u00e9cieuse et n\u2019a pas de prix !<\/p>\n<h2><strong>D\u00e9couvrons les bienfaits reconnus des feuilles de s\u00e9n\u00e9<\/strong><\/h2>\n<p>Certainement, la composition in\u00e9dite des feuilles de s\u00e9n\u00e9 leur procure beaucoup d\u2019avantages. Ainsi, nous allons vous pr\u00e9senter les vertus les plus int\u00e9ressantes :<\/p>\n<h3><strong>Contribue \u00e0 acc\u00e9l\u00e9rer le transit<\/strong><\/h3>\n<p>En effet, l\u2019effet principal de cette plante sur votre organisme est une am\u00e9lioration de votre transit intestinal. \u00c9tant donn\u00e9 qu\u2019elle renferme des principes actifs qui font d\u2019elle un puissant laxatif, comme les d\u00e9riv\u00e9s naturels de l&rsquo;anthraquinone. Ces derniers favorisent l&rsquo;action de la flore intestinale durant le transit.<\/p>\n<p>De fait, elle va vous aider \u00e0 b\u00e9n\u00e9ficier d\u2019une meilleure digestion. Aussi, elles vont vous permettre d\u2019\u00e9liminer les graisses stock\u00e9es, ainsi que les d\u00e9chets qui peuvent nuire \u00e0 votre sant\u00e9.<\/p>\n<p>Par la m\u00eame occasion, elles permettront de soigner les probl\u00e8mes de constipation, les ballonnements et les gaz. Donc ce n\u2019est pas \u00e9tonnant que ce soit un produit qui soit souvent pr\u00e9conis\u00e9 pour prendre soin des intestins.<\/p>\n<h3><strong>Aide \u00e0 pr\u00e9venir des infections\u00a0<\/strong><\/h3>\n<p>Concernant les infections, les feuilles de s\u00e9n\u00e9 vont venir aider \u00e0 \u00e9viter leur propagation dans votre corps. Ainsi, elles pourront aider \u00e0 lutter contre certaines maladies les plus communes telles que la fi\u00e8vre ou les rhumes.<\/p>\n<ul>\n<li><strong>Contribue \u00e0 prot\u00e9ger le foie<\/strong><\/li>\n<\/ul>\n<p>En stimulant la digestion, elles vont permettre aussi de prendre soin de votre foie. \u00c9tant donn\u00e9 qu\u2019elles ont un effet d\u00e9puratif d\u00e9toxifiant, elles seront surtout appr\u00e9ci\u00e9es en tisane apr\u00e8s les f\u00eates, notamment.<\/p>\n<ul>\n<li><strong>Aide \u00e0 lutter contre les h\u00e9morro\u00efdes<\/strong><\/li>\n<\/ul>\n<p>D\u2019autre part, elles sont tr\u00e8s efficaces pour diminuer les probl\u00e8mes de transit tels que la constipation et les h\u00e9morro\u00efdes. Cela s\u2019explique par sa teneur riche en d\u00e9riv\u00e9s anthrac\u00e9niques (sennosides A et B). A ce sujet, son utilisation est particuli\u00e8rement indiqu\u00e9e et b\u00e9n\u00e9fique !<\/p>\n<ul>\n<li><strong>Bonne source d\u2019hydratation pour les cheveux<\/strong><\/li>\n<\/ul>\n<p>Enfin, il est possible de r\u00e9aliser des masques \u00e0 partir de la plante, pour soigner vos cheveux. En appliquant ces masques r\u00e9guli\u00e8rement, vous pourrez remarquer une am\u00e9lioration dans la texture de votre chevelure qui deviendra plus soyeuse. Vous aurez une chevelure brillante et forte !<\/p>\n<p>D\u2019ailleurs, nous vous recommandons les\u00a0<a href=\"https:\/\/www.miel-store.com\/pt\/p\/folhas-secas-de-jujuba\/\"><strong>feuilles de jujubier s\u00e9ch\u00e9es 50g<\/strong><\/a>\u00a0pour plus d\u2019avantages pour votre sant\u00e9.<\/p>\n<h2><strong>Comment utiliser le sana makki pour maigrir ?<\/strong><\/h2>\n<p>Quand il est question de booster la perte de poids, les feuilles de s\u00e9n\u00e9 sont de belles alli\u00e9es ! Effectivement, elles sont employ\u00e9es en tant que br\u00fbleurs de graisse et elles sont aussi int\u00e9gr\u00e9es dans certains m\u00e9dicaments pour maigrir.<\/p>\n<p>Surtout que cette plante en tisane est une pr\u00e9paration saine pour votre corps, car totalement naturelle. Aussi, cela reste la meilleure mani\u00e8re de l\u2019utiliser. Il va sans dire que pour perdre du poids, il vaut mieux choisir des alternatives naturelles et saines. Enfin, il est recommand\u00e9 de ne pas d\u00e9passer les 2 grammes par jour, et d&rsquo;en consommer une tasse par jour.<\/p>\n<p>Cependant, quand il s\u2019agit d\u2019une consommation quotidienne, soyez vigilants et faites le choix de la qualit\u00e9 comme chez Miel Store ! Vous ne le regretterez pas\u2026<\/p>\n<h3><strong>Quel est le dosage g\u00e9n\u00e9ralement recommand\u00e9 ?<\/strong><\/h3>\n<p>D\u2019abord, les feuilles de s\u00e9n\u00e9 sont consid\u00e9r\u00e9es comme un puissant laxatif, \u00e0 partir d&rsquo;un certain dosage. Ce dernier est \u00e9valu\u00e9 entre 30 mg et 36 mg par jour.<\/p>\n<p>Donc selon l\u2019usage que vous souhaitez en faire, pr\u00eatez attention au dosage.<\/p>\n<h2><strong>La m\u00e9thode pour pr\u00e9parer la tisane sana makki pour maigrir<\/strong><\/h2>\n<p>Afin de profiter au mieux des vertus th\u00e9rapeutiques de cette plante, il faut conna\u00eetre la meilleure fa\u00e7on de la consommer :<\/p>\n<ul>\n<li>Tout d\u2019abord, afin de proc\u00e9der \u00e0 la pr\u00e9paration de votre tisane, commencez par mettre de l\u2019eau \u00e0 chauffer. A savoir que la quantit\u00e9 d\u2019eau et la dose conseill\u00e9e par jour devraient correspondre \u00e0 une tasse ;<\/li>\n<\/ul>\n<ul>\n<li>Ensuite, quand l\u2019eau arrive \u00e0 \u00e9bullition, ajoutez une cuill\u00e8re \u00e0 caf\u00e9 de feuilles de s\u00e9n\u00e9 et laissez infuser ;<\/li>\n<\/ul>\n<ul>\n<li>Enfin, apr\u00e8s quelques minutes, retirez les feuilles de s\u00e9n\u00e9 de la pr\u00e9paration et vous pouvez consommer votre tisane pour maigrir.<\/li>\n<\/ul>\n<p>Alors, pourquoi ne pas essayer d\u00e8s \u00e0 pr\u00e9sent ?<\/p>\n<h3><strong>Pr\u00e9cautions \u00e0 prendre<\/strong><\/h3>\n<ul>\n<li>Tout d\u2019abord, la prise des feuilles de s\u00e9n\u00e9 doit \u00eatre effectu\u00e9e sous surveillance m\u00e9dicale et doit \u00eatre br\u00e8ve. C\u2019est-\u00e0-dire que cette cure doit \u00eatre limit\u00e9e \u00e0 8 ou 10 jours ;<\/li>\n<\/ul>\n<ul>\n<li>Aussi, cette cure est r\u00e9serv\u00e9e aux adultes et doit \u00eatre limit\u00e9e dans la dur\u00e9e et dans le temps ;<\/li>\n<\/ul>\n<ul>\n<li>D\u2019autre part, les feuilles de s\u00e9n\u00e9 sont exclues pour les personnes souffrant d&rsquo;inflammation. Notamment, ceux qui sont atteints d\u2019une inflammation du c\u00f4lon, de maux intestinaux d&rsquo;origine inconnue et de constipation chronique.<\/li>\n<\/ul>\n<ul>\n<li>\u00c9galement, elles sont d\u00e9conseill\u00e9es aux personnes victimes d&rsquo;une forte d\u00e9shydratation. Et cela s\u2019explique par le fait qu\u2019elles peuvent entra\u00eener des carences en sodium et en potassium ;<\/li>\n<\/ul>\n<ul>\n<li>Enfin, elles sont contre-indiqu\u00e9es chez les personnes cardiaques, les femmes enceintes ou allaitantes et chez les moins de 12 ans.<\/li>\n<\/ul>","protected":false},"excerpt":{"rendered":"<p><strong>Carater\u00edsticas :<\/strong><\/p>\n<ul>\n<li>Ingr\u00e9dients : Feuilles de s\u00e9n\u00e9 (Senna Alexandrina)<\/li>\n<li>Origine : Egypte<\/li>\n<li>Usage : Alimentaire<\/li>\n<li>N.\u00ba de lote: SMY-250921<\/li>\n<li>Poids : 50 grs<\/li>\n<\/ul>","protected":false},"featured_media":989,"template":"","meta":[],"product_brand":[],"product_cat":[88],"product_tag":[],"class_list":{"0":"post-988","1":"product","2":"type-product","3":"status-publish","4":"has-post-thumbnail","6":"product_cat-bien-etre","8":"first","9":"instock","10":"shipping-taxable","11":"purchasable","12":"product-type-simple"},"_links":{"self":[{"href":"https:\/\/www.miel-store.com\/pt\/wp-json\/wp\/v2\/product\/988","targetHints":{"allow":["GET"]}}],"collection":[{"href":"https:\/\/www.miel-store.com\/pt\/wp-json\/wp\/v2\/product"}],"about":[{"href":"https:\/\/www.miel-store.com\/pt\/wp-json\/wp\/v2\/types\/product"}],"wp:featuredmedia":[{"embeddable":true,"href":"https:\/\/www.miel-store.com\/pt\/wp-json\/wp\/v2\/media\/989"}],"wp:attachment":[{"href":"https:\/\/www.miel-store.com\/pt\/wp-json\/wp\/v2\/media?parent=988"}],"wp:term":[{"taxonomy":"product_brand","embeddable":true,"href":"https:\/\/www.miel-store.com\/pt\/wp-json\/wp\/v2\/product_brand?post=988"},{"taxonomy":"product_cat","embeddable":true,"href":"https:\/\/www.miel-store.com\/pt\/wp-json\/wp\/v2\/product_cat?post=988"},{"taxonomy":"product_tag","embeddable":true,"href":"https:\/\/www.miel-store.com\/pt\/wp-json\/wp\/v2\/product_tag?post=988"}],"curies":[{"name":"wp","href":"https:\/\/api.w.org\/{rel}","templated":true}]}}