{"id":986,"date":"2022-05-21T19:39:44","date_gmt":"2022-05-21T17:39:44","guid":{"rendered":"https:\/\/www.miel-store.com\/?post_type=product&#038;p=986"},"modified":"2026-03-04T13:44:53","modified_gmt":"2026-03-04T12:44:53","slug":"huile-a-barbe-bio","status":"publish","type":"product","link":"https:\/\/www.miel-store.com\/pt\/p\/huile-a-barbe-bio","title":{"rendered":"\u00d3leo org\u00e2nico para a barba 50ml"},"content":{"rendered":"<p>Prendre soin de sa barbe n\u2019est pas toujours une affaire des plus facile. C\u2019est pourquoi, l\u2019<strong>huile \u00e0 barbe bio<\/strong>\u00a0a \u00e9t\u00e9 pens\u00e9e pour vous.<\/p>\n<p>En effet, votre barbichette m\u00e9rite d\u2019\u00eatre trait\u00e9e et entretenue avec soin. Et l\u2019une des meilleures fa\u00e7ons de la respecter, c\u2019est de l\u2019enduire d\u2019<strong>huile \u00e0 barbe bio<\/strong>.<\/p>\n<h2><strong>Tour d\u2019horizon sur l\u2019huile \u00e0 barbe bio\u00a0<\/strong><\/h2>\n<p>Avoir une belle barbichette, n\u00e9cessite que vous en preniez soin. Et gr\u00e2ce \u00e0 l\u2019huile \u00e0 barbe bio naturelle, c&rsquo;est possible !<\/p>\n<p>Effectivement, ce cosm\u00e9tique de la <a href=\"https:\/\/nigellesource.com\/\" target=\"_blank\" rel=\"noopener\"><strong>marque nigelle source<\/strong><\/a> permet d\u2019entretenir et d\u2019adoucir votre barbe. Cela au moyen de sa composition renforc\u00e9e en actifs naturels tels que l\u2019huile de ricin, l\u2019huile de coco ou encore l\u2019huile d\u2019amande douce. Ce m\u00e9lange d\u2019huile v\u00e9g\u00e9tale naturelle conf\u00e8re une efficacit\u00e9 redoutable \u00e0 cet \u00e9lixir.<\/p>\n<p>De m\u00eame, les senteurs fra\u00eeches et bois\u00e9es de ce soin naturel parfument subtilement votre toison. Son flacon de 50 mL poss\u00e8de un vaporisateur pour faciliter son utilisation.<\/p>\n<p>Cet \u00e9lixir pour barbe deviendra votre nouvel alli\u00e9 beaut\u00e9 du quotidien. Il s\u2019adapte \u00e0 tous les types de peau et \u00e0 tout type de toison.<\/p>\n<p>Les ingr\u00e9dients :<\/p>\n<p>Huile de ricin, <a href=\"https:\/\/www.miel-store.com\/pt\/p\/huile-de-coco-bio-extra-vierge\/\"><strong>\u00f3leo de coco<\/strong><\/a>, huile d\u2019avocat, huile d\u2019amande douce, huile de jojoba, huile essentielle de bois de santal, farn\u00e9sol.<\/p>\n<h2><strong>Les bienfaits de l\u2019huile \u00e0 barbe bio naturelle\u00a0<\/strong><\/h2>\n<p>Cette huile \u00e0 barbe bio naturelle \u00e0 toutes les raisons de vous plaire. En effet, gr\u00e2ce \u00e0 tous les bienfaits qu\u2019elle contient, elle vous garantira une enti\u00e8re satisfaction.<\/p>\n<ul>\n<li>En premier lieu, elle aide \u00e0 maintenir la bonne sant\u00e9 de votre syst\u00e8me pileux facial. Ce soin hydrate, adoucit, nourrit et embellit.<\/li>\n<li>Ce soin aide \u00e0 prot\u00e9ger votre peau situ\u00e9e sous votre toison. Il assure une hydratation en profondeur sur cette zone du visage.<\/li>\n<li>De plus, elle apprivoise les poils rebelles en les lissant. Ainsi, vous obtiendrez un fini plus net.<\/li>\n<li>L\u2019huile naturelle permet de styliser votre barbichette pour avoir un bel effet.<\/li>\n<li>Enfin, elle peut aider \u00e0 soulager les sensations d&rsquo;inconfort au niveau des poils du visage.<\/li>\n<\/ul>\n<p>Autant de bienfaits dans un flacon, alors pourquoi s\u2019en priver ! N\u2019h\u00e9sitez plus \u00e0 vous la procurer.<\/p>\n<h2><strong>Comment utiliser votre huile \u00e0 barbe bio ?<\/strong><\/h2>\n<p>Premi\u00e8rement, brossez votre barbichette, puis versez quelques gouttes dans la paume de votre main. En ce qui concerne la quantit\u00e9, 3\/4 gouttes suffisent pour hydrater une barbe moyenne. Il suffira d\u2019ajuster cette quantit\u00e9 en fonction de la longueur de votre toison.<\/p>\n<p>R\u00e9partissez ensuite l\u2019huile entre vos mains et appliquez-la en faisant bien p\u00e9n\u00e9trer de la racine jusqu\u2019aux pointes.<\/p>\n<p>Finalement, utilisez \u00e0 nouveau votre brosse pour lisser les poils de votre visage.<\/p>\n<p>Apr\u00e8s l\u2019application, votre toison sera souple et douce, le tout finement parfum\u00e9.<\/p>\n<p>Astuce : il est conseill\u00e9 d\u2019utiliser ce soin juste apr\u00e8s votre douche matinale. Ainsi, la vapeur aura dilat\u00e9 vos pores et vos follicules pileux, ce qui aidera votre peau \u00e0 absorber tous ses bienfaits.<\/p>\n<h3><strong>Precau\u00e7\u00f5es<\/strong><\/h3>\n<p>Avant d\u2019utiliser ce produit, il convient de prendre quelques pr\u00e9cautions :<\/p>\n<ul>\n<li>En premier lieu, il est primordial d&rsquo;effectuer un test allergique dans le pli du coude.<\/li>\n<li>En cas de contact avec les yeux, rincer \u00e0 l\u2019eau claire.<\/li>\n<\/ul>","protected":false},"excerpt":{"rendered":"<p>Prendre soin de sa barbe n\u2019est pas toujours une affaire des plus facile. C\u2019est pourquoi, l\u2019huile \u00e0 barbe bio\u00a0a \u00e9t\u00e9 pens\u00e9e pour vous. En effet, votre barbichette m\u00e9rite d\u2019\u00eatre trait\u00e9e et entretenue avec soin. Et l\u2019une des meilleures fa\u00e7ons de la respecter, c\u2019est de l\u2019enduire d\u2019huile \u00e0 barbe bio. Tour d\u2019horizon sur l\u2019huile \u00e0 barbe [&#8230;]\n","protected":false},"featured_media":987,"template":"","meta":[],"product_brand":[],"product_cat":[89,123,106],"product_tag":[],"class_list":{"0":"post-986","1":"product","2":"type-product","3":"status-publish","4":"has-post-thumbnail","6":"product_cat-cosmetiques","7":"product_cat-huiles-a-barbe","8":"product_cat-huiles-vegetales","10":"first","11":"instock","12":"shipping-taxable","13":"purchasable","14":"product-type-simple"},"_links":{"self":[{"href":"https:\/\/www.miel-store.com\/pt\/wp-json\/wp\/v2\/product\/986","targetHints":{"allow":["GET"]}}],"collection":[{"href":"https:\/\/www.miel-store.com\/pt\/wp-json\/wp\/v2\/product"}],"about":[{"href":"https:\/\/www.miel-store.com\/pt\/wp-json\/wp\/v2\/types\/product"}],"wp:featuredmedia":[{"embeddable":true,"href":"https:\/\/www.miel-store.com\/pt\/wp-json\/wp\/v2\/media\/987"}],"wp:attachment":[{"href":"https:\/\/www.miel-store.com\/pt\/wp-json\/wp\/v2\/media?parent=986"}],"wp:term":[{"taxonomy":"product_brand","embeddable":true,"href":"https:\/\/www.miel-store.com\/pt\/wp-json\/wp\/v2\/product_brand?post=986"},{"taxonomy":"product_cat","embeddable":true,"href":"https:\/\/www.miel-store.com\/pt\/wp-json\/wp\/v2\/product_cat?post=986"},{"taxonomy":"product_tag","embeddable":true,"href":"https:\/\/www.miel-store.com\/pt\/wp-json\/wp\/v2\/product_tag?post=986"}],"curies":[{"name":"wp","href":"https:\/\/api.w.org\/{rel}","templated":true}]}}