{"id":9823,"date":"2026-02-19T18:02:52","date_gmt":"2026-02-19T17:02:52","guid":{"rendered":"https:\/\/www.miel-store.com\/?post_type=product&#038;p=9823"},"modified":"2026-05-08T10:00:06","modified_gmt":"2026-05-08T08:00:06","slug":"dattes-chocolat-amandes-feuilletine","status":"publish","type":"product","link":"https:\/\/www.miel-store.com\/pt\/p\/dattes-chocolat-amandes-feuilletine","title":{"rendered":"Dattes enrob\u00e9es chocolat, amandes et feuilletine &#8211; Marque Tayiba &#8211; 200g"},"content":{"rendered":"","protected":false},"excerpt":{"rendered":"<p>D\u00e9couvrez les dattes Tayiba 200g enrob\u00e9es de chocolat, amandes et feuilletine. Une douceur raffin\u00e9e s\u00e9lectionn\u00e9e par Miel Store.<\/p>","protected":false},"featured_media":9819,"template":"","meta":[],"product_brand":[],"product_cat":[82,129],"product_tag":[],"class_list":{"0":"post-9823","1":"product","2":"type-product","3":"status-publish","4":"has-post-thumbnail","6":"product_cat-dattes","7":"product_cat-dattes-enrobees-de-chocolat","9":"first","10":"instock","11":"shipping-taxable","12":"purchasable","13":"product-type-simple"},"_links":{"self":[{"href":"https:\/\/www.miel-store.com\/pt\/wp-json\/wp\/v2\/product\/9823","targetHints":{"allow":["GET"]}}],"collection":[{"href":"https:\/\/www.miel-store.com\/pt\/wp-json\/wp\/v2\/product"}],"about":[{"href":"https:\/\/www.miel-store.com\/pt\/wp-json\/wp\/v2\/types\/product"}],"wp:featuredmedia":[{"embeddable":true,"href":"https:\/\/www.miel-store.com\/pt\/wp-json\/wp\/v2\/media\/9819"}],"wp:attachment":[{"href":"https:\/\/www.miel-store.com\/pt\/wp-json\/wp\/v2\/media?parent=9823"}],"wp:term":[{"taxonomy":"product_brand","embeddable":true,"href":"https:\/\/www.miel-store.com\/pt\/wp-json\/wp\/v2\/product_brand?post=9823"},{"taxonomy":"product_cat","embeddable":true,"href":"https:\/\/www.miel-store.com\/pt\/wp-json\/wp\/v2\/product_cat?post=9823"},{"taxonomy":"product_tag","embeddable":true,"href":"https:\/\/www.miel-store.com\/pt\/wp-json\/wp\/v2\/product_tag?post=9823"}],"curies":[{"name":"wp","href":"https:\/\/api.w.org\/{rel}","templated":true}]}}