{"id":9821,"date":"2026-02-19T17:58:44","date_gmt":"2026-02-19T16:58:44","guid":{"rendered":"https:\/\/www.miel-store.com\/?post_type=product&#038;p=9821"},"modified":"2026-04-25T17:23:41","modified_gmt":"2026-04-25T15:23:41","slug":"tamaras-cobertas-com-chocolate-e-amendoas","status":"publish","type":"product","link":"https:\/\/www.miel-store.com\/pt\/p\/dattes-enrobees-chocolat-amandes","title":{"rendered":"T\u00e2maras com cobertura de chocolate e am\u00eandoa - marca Tayiba - 200g"},"content":{"rendered":"","protected":false},"excerpt":{"rendered":"<p>Descubra as t\u00e2maras Tayiba revestidas de chocolate e am\u00eandoa em 200g. Uma combina\u00e7\u00e3o suave e crocante, selecionada pela Miel Store.<\/p>","protected":false},"featured_media":9817,"template":"","meta":[],"product_brand":[],"product_cat":[82,129],"product_tag":[],"class_list":{"0":"post-9821","1":"product","2":"type-product","3":"status-publish","4":"has-post-thumbnail","6":"product_cat-dattes","7":"product_cat-dattes-enrobees-de-chocolat","9":"first","10":"instock","11":"shipping-taxable","12":"purchasable","13":"product-type-simple"},"_links":{"self":[{"href":"https:\/\/www.miel-store.com\/pt\/wp-json\/wp\/v2\/product\/9821","targetHints":{"allow":["GET"]}}],"collection":[{"href":"https:\/\/www.miel-store.com\/pt\/wp-json\/wp\/v2\/product"}],"about":[{"href":"https:\/\/www.miel-store.com\/pt\/wp-json\/wp\/v2\/types\/product"}],"wp:featuredmedia":[{"embeddable":true,"href":"https:\/\/www.miel-store.com\/pt\/wp-json\/wp\/v2\/media\/9817"}],"wp:attachment":[{"href":"https:\/\/www.miel-store.com\/pt\/wp-json\/wp\/v2\/media?parent=9821"}],"wp:term":[{"taxonomy":"product_brand","embeddable":true,"href":"https:\/\/www.miel-store.com\/pt\/wp-json\/wp\/v2\/product_brand?post=9821"},{"taxonomy":"product_cat","embeddable":true,"href":"https:\/\/www.miel-store.com\/pt\/wp-json\/wp\/v2\/product_cat?post=9821"},{"taxonomy":"product_tag","embeddable":true,"href":"https:\/\/www.miel-store.com\/pt\/wp-json\/wp\/v2\/product_tag?post=9821"}],"curies":[{"name":"wp","href":"https:\/\/api.w.org\/{rel}","templated":true}]}}