{"id":979,"date":"2022-05-20T18:31:49","date_gmt":"2022-05-20T16:31:49","guid":{"rendered":"https:\/\/www.miel-store.com\/?post_type=product&#038;p=979"},"modified":"2026-05-12T22:28:34","modified_gmt":"2026-05-12T20:28:34","slug":"siwak-nature","status":"publish","type":"product","link":"https:\/\/www.miel-store.com\/pt\/p\/siwak-nature","title":{"rendered":"Siwak natural"},"content":{"rendered":"<p>Quand bien m\u00eame le siwak est devenu un effet de mode ces derni\u00e8res ann\u00e9es, il est en fait utilis\u00e9 depuis le temps du Proph\u00e8te (alayhi salat wa salam) qui lui-m\u00eame l\u2019utilisait r\u00e9guli\u00e8rement. En arabe, il est aussi appel\u00e9 \u00ab\u00a0miswak\u00a0\u00bb et c\u2019est un v\u00e9ritable embl\u00e8me dans les pays musulmans. En effet, il a pour but de purifier la bouche, d\u2019obtenir une tr\u00e8s bonne haleine et de satisfaire Allah.<\/p>\n<h2><strong>Caract\u00e9ristiques du Siwak de Miel Store<\/strong><\/h2>\n<ul>\n<li>Siwak 100% naturel\u00a0;<\/li>\n<li>B\u00e2ton unique de 50g\u00a0;<\/li>\n<li>Taill\u00e9 sur l\u2019arbre d\u2019Araak\u00a0;<\/li>\n<li>Prot\u00e9g\u00e9 par un emballage pour \u00e9viter les bact\u00e9ries\u00a0;<\/li>\n<li>Utilisation possible pour plusieurs semaines.<\/li>\n<\/ul>\n<p>Remarque\u00a0: attention tout de m\u00eame \u00e0 la conservation du b\u00e2tonnet. S\u2019il est mal conserv\u00e9 ou trop humidifi\u00e9, il finira par moisir. Il est pr\u00e9f\u00e9rable de le jeter au bout d\u2019un certain temps si vous ne l\u2019utilisez plus.<\/p>\n<h2><strong>Composants du Siwak<\/strong><\/h2>\n<p>Il existe plusieurs types de cette petite brosse \u00e0 dents naturelle et \u00e0 l\u2019ancienne, provenant de diff\u00e9rents types d\u2019arbres. Mais le meilleur reste celui de l\u2019arbre Araak, c\u2019est pourquoi il est commun\u00e9ment appel\u00e9 \u00ab\u00a0b\u00e2ton d\u2019Araak\u00a0\u00bb. Cependant, il peut aussi tirer sa provenance d\u2019oliviers, ou encore de noyers.<\/p>\n<p>Ce petit bout de b\u00e2tonnet en bois contient de nombreux et vertueux composants. Au total, il en contient presque une vingtaine. Parmi eux, on peut par exemple retrouver\u00a0:<\/p>\n<p>\u2013 Des inhibiteurs anti-bact\u00e9riens et acides qui :<\/p>\n<ul>\n<li>aident \u00e0 lutter contre les diarrh\u00e9es,<\/li>\n<li>mais aussi les caries,<\/li>\n<li>permettent de d\u00e9sinfecter naturellement les dents,<\/li>\n<li>peuvent arr\u00eater les saignements des gencives,<\/li>\n<li>\u00e9liminent les bact\u00e9ries et germes.<\/li>\n<\/ul>\n<p>C\u2019est d\u2019ailleurs la raison pour laquelle la premi\u00e8re utilisation peut \u00eatre assez d\u00e9sagr\u00e9able pour certains. En effet, son go\u00fbt est assez \u00e2pre et peut m\u00eame picoter un peu. Au bout de quelques utilisations, vous vous habituerez facilement \u00e0 son go\u00fbt.<\/p>\n<p>\u2013 De nombreux min\u00e9raux comme le\u00a0:<\/p>\n<ul>\n<li>potassium,<\/li>\n<li>le bicarbonate de sodium,<\/li>\n<li>les oxydes de <a href=\"https:\/\/www.miel-store.com\/pt\/p\/leite-de-camelo-em-po\/\"><strong>c\u00e1lcio<\/strong><\/a>,<\/li>\n<li>ou encore le chlorure de sodium.<\/li>\n<\/ul>\n<p>Ils permettent notamment de bien nettoyer les dents. D\u2019ailleurs, le bicarbonate est tr\u00e8s reconnu pour son effet efficace sur les dents, ainsi que pour leur donner \u00e9clat et blancheur.<\/p>\n<p>\u2013 Certaines huiles naturelles parfum\u00e9es provenant de l\u2019arbre d\u2019Araak (ou autres).<\/p>\n<p>Celles-ci permettent de\u00a0:<\/p>\n<ul>\n<li>donner une odeur et un go\u00fbt agr\u00e9ables au siwak,<\/li>\n<li>transmettre une tr\u00e8s bonne haleine \u00e0 la bouche.<\/li>\n<\/ul>\n<p>\u2013 On retrouve \u00e9galement certaines enzymes, emp\u00eachant les plaques dentaires, ou encore des composants pour repousser les germes et la d\u00e9composition. Ils permettent ainsi de\u00a0:<\/p>\n<ul>\n<li>diminuer le nombre de bact\u00e9ries au sein de la bouche,<\/li>\n<li>d\u2019agir comme une sorte d\u2019antibiotique naturel.<\/li>\n<\/ul>\n<h3><strong>Utilisation du miswak<\/strong><\/h3>\n<p>G\u00e9n\u00e9ralement, il est taill\u00e9 dans l\u2019arbre d\u2019Araak et sa taille d\u00e9passe rarement la taille d\u2019un crayon. Cependant, son diam\u00e8tre diff\u00e8re de marques \u00e0 d\u2019autres. Ceux que nous proposons ont un diam\u00e8tre assez gros, alors qu\u2019il en existe de beaucoup plus fins.<\/p>\n<p>Pour l\u2019utiliser, rien de plus facile\u00a0:<\/p>\n<ul>\n<li>d\u00e9coupez une petite partie d\u2019\u00e9corce du b\u00e2ton comme si vous retiriez l\u2019emballage d\u2019un produit\u00a0;<\/li>\n<li>m\u00e2chouillez-le un peu jusqu\u2019\u00e0 voir les premiers \u00ab\u00a0poils\u00a0\u00bb appara\u00eetre, comme une brosse \u00e0 dents\u00a0;<\/li>\n<li>trempez-le dans l\u2019eau pendant 8h environ pour qu\u2019il se ramollisse, mais ce n\u2019est pas obligatoire\u00a0;<\/li>\n<li>brossez-vous les dents comme d\u2019habitude avec le siwak, le dentifrice n\u2019est pas n\u00e9cessaire.<\/li>\n<\/ul>\n<p>De mani\u00e8re g\u00e9n\u00e9rale, vous pouvez utiliser votre b\u00e2ton d\u2019Araak autant de fois que d\u00e9sir\u00e9 pendant la journ\u00e9e. N\u00e9anmoins, une utilisation de 5 fois par jour est recommand\u00e9 par certains sp\u00e9cialistes.<\/p>\n<p>Cela ne peut que nous rappeler le hadith du Proph\u00e8te (aleyhi salat wa salam)\u00a0: \u00ab\u00a0Si je ne craignais pas de trop charger ma communaut\u00e9, je leur ordonnerais le Siwak avant chaque pri\u00e8re. \u00bb Boukhari et Mouslim<\/p>","protected":false},"excerpt":{"rendered":"<p>Quand bien m\u00eame le siwak est devenu un effet de mode ces derni\u00e8res ann\u00e9es, il est en fait utilis\u00e9 depuis le temps du Proph\u00e8te (alayhi salat wa salam) qui lui-m\u00eame l\u2019utilisait r\u00e9guli\u00e8rement. En arabe, il est aussi appel\u00e9 \u00ab\u00a0miswak\u00a0\u00bb et c\u2019est un v\u00e9ritable embl\u00e8me dans les pays musulmans. En effet, il a pour but de [&#8230;]\n","protected":false},"featured_media":977,"template":"","meta":[],"product_brand":[],"product_cat":[88],"product_tag":[],"class_list":{"0":"post-979","1":"product","2":"type-product","3":"status-publish","4":"has-post-thumbnail","6":"product_cat-bien-etre","8":"first","9":"instock","10":"shipping-taxable","11":"purchasable","12":"product-type-simple"},"_links":{"self":[{"href":"https:\/\/www.miel-store.com\/pt\/wp-json\/wp\/v2\/product\/979","targetHints":{"allow":["GET"]}}],"collection":[{"href":"https:\/\/www.miel-store.com\/pt\/wp-json\/wp\/v2\/product"}],"about":[{"href":"https:\/\/www.miel-store.com\/pt\/wp-json\/wp\/v2\/types\/product"}],"wp:featuredmedia":[{"embeddable":true,"href":"https:\/\/www.miel-store.com\/pt\/wp-json\/wp\/v2\/media\/977"}],"wp:attachment":[{"href":"https:\/\/www.miel-store.com\/pt\/wp-json\/wp\/v2\/media?parent=979"}],"wp:term":[{"taxonomy":"product_brand","embeddable":true,"href":"https:\/\/www.miel-store.com\/pt\/wp-json\/wp\/v2\/product_brand?post=979"},{"taxonomy":"product_cat","embeddable":true,"href":"https:\/\/www.miel-store.com\/pt\/wp-json\/wp\/v2\/product_cat?post=979"},{"taxonomy":"product_tag","embeddable":true,"href":"https:\/\/www.miel-store.com\/pt\/wp-json\/wp\/v2\/product_tag?post=979"}],"curies":[{"name":"wp","href":"https:\/\/api.w.org\/{rel}","templated":true}]}}