{"id":978,"date":"2022-05-20T18:16:51","date_gmt":"2022-05-20T16:16:51","guid":{"rendered":"https:\/\/www.miel-store.com\/?post_type=product&#038;p=978"},"modified":"2026-05-03T12:02:26","modified_gmt":"2026-05-03T10:02:26","slug":"agua-de-zamzam","status":"publish","type":"product","link":"https:\/\/www.miel-store.com\/pt\/p\/eau-de-zamzam","title":{"rendered":"\u00c1gua de Zamzam 50cl"},"content":{"rendered":"<p>A \u00e1gua de Zamzam \u00e9 absolutamente \u00fanica, mas tamb\u00e9m virtuosa. N\u00e3o s\u00f3 sacia a sede de quem a bebe, como tamb\u00e9m concede douas insha'Allah. O mundo mu\u00e7ulmano sempre concordou que esta \u00e9, e sempre ser\u00e1, a melhor \u00e1gua do mundo. \u00c9 aben\u00e7oada, sagrada e continuar\u00e1 a s\u00ea-lo.<\/p>\n<h2><strong>Composi\u00e7\u00e3o da \u00e1gua de Zamzam<\/strong><\/h2>\n<p>A \u00e1gua Zamzam (ma\u2019 ZamZam em \u00e1rabe) oferecida pela Miel Store \u00e9 retirada diretamente do seu po\u00e7o. \u00c9 100% natural e pura.<\/p>\n<p>Breve informa\u00e7\u00e3o sobre a garrafa:<\/p>\n<p>Composi\u00e7\u00e3o : \u00c1gua de Zamzam 100% pura e natural;<\/p>\n<p>Capacidade: 50cl aprox;<\/p>\n<p>Rolha azul clara, f\u00e1cil de abrir e voltar a fechar;<\/p>\n<p>Origem: Po\u00e7o de Zamzam em Meca, Ar\u00e1bia Saudita.<\/p>\n<h2><strong>Carater\u00edsticas<\/strong><\/h2>\n<p>A sua combina\u00e7\u00e3o de elementos confere-lhe uma carater\u00edstica \u00fanica, raz\u00e3o pela qual \u00e9 aben\u00e7oada. Se tomarmos o equivalente a 100ml deste l\u00edquido, ele cont\u00e9m :<\/p>\n<ul>\n<li>3,2 mg de <a href=\"https:\/\/www.miel-store.com\/pt\/p\/siwak-nature\/\"><strong>c\u00e1lcio<\/strong><\/a><\/li>\n<li>9,6 g de bicarbonato ;<\/li>\n<li>0,23 g de magn\u00e9sio<\/li>\n<li>0,74 mg de s\u00f3dio ;<\/li>\n<li>0,01 mg de fluoreto ;<\/li>\n<li>0,07 mg de pot\u00e1ssio.<\/li>\n<\/ul>\n<p>Isso \u00e9 pela composi\u00e7\u00e3o. Mas tamb\u00e9m \u00e9 \u00fanica nas suas carater\u00edsticas invulgares e sagradas:<\/p>\n<ul>\n<li>\u00e9 incolor e inodoro;<\/li>\n<li>tem um grande n\u00famero de minerais;<\/li>\n<li>um sabor que nunca mudou desde a sua cria\u00e7\u00e3o;<\/li>\n<li>perfeita harmonia dos seus electr\u00f3litos;<\/li>\n<li>sempre beb\u00edvel;<\/li>\n<li>um po\u00e7o que nunca secou desde a sua constru\u00e7\u00e3o;<\/li>\n<li>N\u00e3o foi adicionado qualquer tratamento qu\u00edmico ou cloreto;<\/li>\n<li>concentra\u00e7\u00f5es muito elevadas de certos elementos como o c\u00e1lcio, o magn\u00e9sio e o fl\u00faor.<\/li>\n<\/ul>\n<h2><strong>Hist\u00f3ria da \u00e1gua de Zamzam<\/strong><\/h2>\n<p>A hist\u00f3ria da \u00e1gua de Zamzam est\u00e1 diretamente relacionada com a hist\u00f3ria do profeta Ibrahim (alayhi salam). De acordo com a ordem que lhe foi dada por Al\u00e1, teve de deixar a sua mulher Hajar e o seu filho Ismail sozinhos no meio do deserto da Ar\u00e1bia.<\/p>\n<p>Hajar viu o seu filho Isma\u00efl a chorar por falta de comida. Sem saber o que fazer, come\u00e7ou a correr v\u00e1rias vezes entre as montanhas de As-Safa e Al-Marwa. Foi ent\u00e3o que Al\u00e1 enviou um milagre, fazendo surgir a \u00e1gua de Zamzam. Puderam beber dela, e as pessoas come\u00e7aram a viver ali.<\/p>\n<p>A partir desse dia, nunca mais parou de jorrar. Mesmo entre os polite\u00edstas de Meca, nos tempos pr\u00e9-isl\u00e2micos, este po\u00e7o de \u00e1gua era considerado sagrado, o que demonstra a sua import\u00e2ncia.<\/p>\n<h3><strong>Benef\u00edcios\u00a0<\/strong><\/h3>\n<p>A \u00e1gua de Zamzam \u00e9, portanto, um l\u00edquido sagrado aben\u00e7oado por Al\u00e1. \u00c9 por isso que tem benef\u00edcios espirituais e f\u00edsicos:<\/p>\n<ul>\n<li>trata as doen\u00e7as do cora\u00e7\u00e3o;<\/li>\n<li>combate os problemas renais;<\/li>\n<li>combate as dores de olhos ;<\/li>\n<li>actua nas dores de cabe\u00e7a e enxaquecas;<\/li>\n<li>Trata os problemas de fadiga;<\/li>\n<li>sacia a sede de quem o bebe.<\/li>\n<\/ul>\n<p>De um ponto de vista espiritual, v\u00e1rios hadiths mencionam a \u00e1gua de Zamzam. De um modo geral, ela :<\/p>\n<ul>\n<li>alimenta os famintos, enquanto a \u00e1gua normalmente n\u00e3o alimenta;<\/li>\n<\/ul>\n<ul>\n<li>permite que uma invoca\u00e7\u00e3o seja atendida por Al\u00e1 para a qual foi bebida.<\/li>\n<\/ul>","protected":false},"excerpt":{"rendered":"<p>L\u2019eau de Zamzam est absolument unique, mais aussi vertueuse. Non seulement elle apporte d\u00e9salt\u00e9ration \u00e0 celui qui le boit mais aussi des douas exauc\u00e9es incha\u2019Allah. Le monde musulman s\u2019est mis d\u2019accord depuis toujours qu\u2019il s\u2019agit et qu\u2019il s\u2019agira toujours de la meilleure des eaux sur Terre. Elle est b\u00e9nie, sacr\u00e9e et le restera. Composition de [&#8230;]\n","protected":false},"featured_media":976,"template":"","meta":[],"product_brand":[],"product_cat":[88],"product_tag":[],"class_list":{"0":"post-978","1":"product","2":"type-product","3":"status-publish","4":"has-post-thumbnail","6":"product_cat-bien-etre","8":"first","9":"instock","10":"shipping-taxable","11":"purchasable","12":"product-type-simple"},"_links":{"self":[{"href":"https:\/\/www.miel-store.com\/pt\/wp-json\/wp\/v2\/product\/978","targetHints":{"allow":["GET"]}}],"collection":[{"href":"https:\/\/www.miel-store.com\/pt\/wp-json\/wp\/v2\/product"}],"about":[{"href":"https:\/\/www.miel-store.com\/pt\/wp-json\/wp\/v2\/types\/product"}],"wp:featuredmedia":[{"embeddable":true,"href":"https:\/\/www.miel-store.com\/pt\/wp-json\/wp\/v2\/media\/976"}],"wp:attachment":[{"href":"https:\/\/www.miel-store.com\/pt\/wp-json\/wp\/v2\/media?parent=978"}],"wp:term":[{"taxonomy":"product_brand","embeddable":true,"href":"https:\/\/www.miel-store.com\/pt\/wp-json\/wp\/v2\/product_brand?post=978"},{"taxonomy":"product_cat","embeddable":true,"href":"https:\/\/www.miel-store.com\/pt\/wp-json\/wp\/v2\/product_cat?post=978"},{"taxonomy":"product_tag","embeddable":true,"href":"https:\/\/www.miel-store.com\/pt\/wp-json\/wp\/v2\/product_tag?post=978"}],"curies":[{"name":"wp","href":"https:\/\/api.w.org\/{rel}","templated":true}]}}