{"id":973,"date":"2022-05-20T15:31:53","date_gmt":"2022-05-20T13:31:53","guid":{"rendered":"https:\/\/www.miel-store.com\/?post_type=product&#038;p=973"},"modified":"2025-10-12T14:52:44","modified_gmt":"2025-10-12T12:52:44","slug":"huile-de-fourmi","status":"publish","type":"product","link":"https:\/\/www.miel-store.com\/pt\/p\/huile-de-fourmi","title":{"rendered":"Huile de fourmi 60ml &#8211; Manelya"},"content":{"rendered":"<p class=\"p1\"><i>Loja de mel<\/i> a le plaisir de vous pr\u00e9senter <b>l\u2019huile de fourmi<\/b> qui est employ\u00e9e depuis longtemps par les femmes orientales. Aussi, ces derni\u00e8res faisaient d\u00e9j\u00e0 usage des <b>\u0153ufs de fourmis<\/b> recueillis dans les fourmili\u00e8res.<span class=\"Apple-converted-space\">\u00a0<\/span><\/p>\n<p class=\"p1\">Effectivement, elles s\u2019en servaient comme une cr\u00e8me d\u00e9pilatoire qu\u2019elles d\u00e9posaient directement sur la peau. Ainsi, elles souhaitaient lutter contre leur pilosit\u00e9 disgracieuse. A travers cela, on comprend qu\u2019elles avaient d\u00e9j\u00e0 connaissance des vertus de l\u2019huile de fourmi sur le corps humain.<span class=\"Apple-converted-space\">\u00a0<\/span><\/p>\n<p class=\"p1\">Ainsi, nous aussi, nous souhaitons vous faire d\u00e9couvrir ce merveilleux \u00e9lixir aux vertus insoup\u00e7onnables\u2026<\/p>\n<h2 class=\"p3\"><b>L\u2019huile de fourmi, un alli\u00e9 contre la repousse des poils !<\/b><\/h2>\n<p class=\"p1\">Este <a href=\"https:\/\/manelya.com\/produit\/huile-de-fourmi\/\" target=\"_blank\" rel=\"noopener\"><strong>huile de fourmi de la marque Manelya<\/strong><\/a> est\u00e1 dispon\u00edvel em <i>Loja de mel<\/i> en bouteille de 60mL. Aussi, elle est vendue au prix de 13,90\u20ac et c\u2019est une fabrication fran\u00e7aise. D\u2019autre part, cet \u00e9lixir de choix est de haute qualit\u00e9 et 100% pur et naturel.<\/p>\n<p class=\"p1\">A savoir, \u00e9galement, qu\u2019elle est, d\u00e9sormais, fabriqu\u00e9e de fa\u00e7on enti\u00e8rement industrielle, sans utiliser d&rsquo;insectes. De fait, elle peut \u00eatre consid\u00e9r\u00e9e vegan et \u00e9thique, ce qui ne va pas vous d\u00e9plaire\u2026 N\u2019est-ce pas ?<\/p>\n<p class=\"p1\">Par ailleurs, les \u0153ufs de ce petit insecte renferment un composant naturel nomm\u00e9 acide formique. Vous l\u2019aurez devin\u00e9, son nom est tir\u00e9 du composant \u00ab\u00a0acide formique\u00a0\u00bb qu&rsquo;elle contient et qui est s\u00e9cr\u00e9t\u00e9 par ces insectes. En fait, ce composant agit sur le cycle pilaire en retardant la repousse des poils apr\u00e8s l\u2019\u00e9pilation.<span class=\"Apple-converted-space\">\u00a0<\/span><\/p>\n<p class=\"p1\">Enfin, en faible proportion, il aide \u00e0 lutter contre la pilosit\u00e9 trop importante. C\u2019est pour son action anti-repousse poils qu\u2019il est utilis\u00e9 dans les soins de beaut\u00e9.<\/p>\n<h2 class=\"p3\"><b>D\u2019o\u00f9 vient cette incroyable huile de fourmi ?<\/b><\/h2>\n<p class=\"p1\">A vrai dire, il n y a que r\u00e9cemment qu\u2019elle a fait son apparition en Europe. Elle remonterait \u00e0 il y a fort longtemps, du c\u00f4t\u00e9 du Moyen-Orient et de l\u2019Asie. A cette p\u00e9riode, les femmes se procuraient v\u00e9ritablement des \u0153ufs de fourmis pour diminuer leur pilosit\u00e9. Ainsi, elles se massaient avec, et faisaient, de m\u00eame, sur le corps de leur b\u00e9b\u00e9. De cette fa\u00e7on, leurs b\u00e9b\u00e9s grandissaient sans pilosit\u00e9.<\/p>\n<p class=\"p1\">En outre, il est bon de savoir qu\u2019aujourd\u2019hui, les laboratoires ont pu reproduire synth\u00e9tiquement la mol\u00e9cule de l\u2019acide formique. En d\u2019autres termes, nous pouvons retrouver ce cosm\u00e9tique avec seulement ses compos\u00e9s chimiques.<span class=\"Apple-converted-space\">\u00a0<\/span><\/p>\n<p class=\"p1\">Cela signifie que certaines huiles ne portent le nom d\u2019huile de fourmi que par le nom justement.<\/p>\n<h2 class=\"p3\"><b>La pr\u00e9cieuse composition de l\u2019huile de fourmi !<\/b><\/h2>\n<p class=\"p1\">Aujourd\u2019hui, comme annonc\u00e9 pr\u00e9c\u00e9demment les laboratoires ont r\u00e9ussi \u00e0 reconstituer l\u2019acide formique sous forme de principe actif. Du coup, il n\u2019est donc plus indispensable d\u2019utiliser ces insectes pour produire ce cosm\u00e9tique.<span class=\"Apple-converted-space\">\u00a0<\/span><\/p>\n<p class=\"p1\">Et tant mieux, car cela nuisait beaucoup \u00e0 leur environnement. Cependant, cela d\u00e9nature l\u00e9g\u00e8rement le produit. C\u2019est pourquoi, elle ne contient pas d\u2019acide formique, car cela reste un composant chimique non naturel.<\/p>\n<p class=\"p1\">De fait, cette huile de fourmi est produite naturellement, c\u2019est-\u00e0-dire sans aucun produit chimique, ni paraben, ni aucun additif. Par cons\u00e9quent, elle ne constitue aucun danger pour la sant\u00e9 de la peau.<\/p>\n<h2 class=\"p3\"><b>Les bienfaits tr\u00e8s pratiques de l\u2019huile de fourmi<span class=\"Apple-converted-space\">\u00a0<\/span><\/b><\/h2>\n<p class=\"p1\">Cet \u00e9lixir a des vertus tr\u00e8s recherch\u00e9es, surtout chez la gent f\u00e9minine, que nous allons lister ci-apr\u00e8s.<\/p>\n<h3 class=\"p4\"><b>Sur les poils<\/b><\/h3>\n<ul class=\"ul1\">\n<li class=\"li1\">Certainement, cet \u00e9lixir va avoir un effet sur la pilosit\u00e9. D&rsquo;ailleurs, si il est bien employ\u00e9, il va aider \u00e0 ralentir la pousse voire faire dispara\u00eetre les poils. En effet, dans un premier temps, il va les rendre beaucoup moins \u00e9pais jusqu\u2019\u00e0 disparition totale. Autant dire qu\u2019il va agir tel un inhibiteur capillaire, car il va affaiblir la racine du poil et agir directement sur sa facult\u00e9 \u00e0 se r\u00e9g\u00e9n\u00e9rer.<\/li>\n<\/ul>\n<h3 class=\"p4\"><b>Sur la peau<\/b><\/h3>\n<ul class=\"ul1\">\n<li class=\"li1\">D\u2019abord, il a une action exfoliante naturelle. En fait, il suffit de masser d\u00e9licatement la zone souhait\u00e9e et il aidera \u00e0 \u00e9liminer les peaux mortes. H\u00e9 oui, cela en fait m\u00eame un gommage naturel !<\/li>\n<\/ul>\n<ul class=\"ul1\">\n<li class=\"li1\">Enfin, il a une action adoucissante sur la peau. Donc, il suffit de l\u2019appliquer sur votre peau pour qu\u2019elle soit douce et plus hydrat\u00e9e.<\/li>\n<\/ul>\n<h3 class=\"p4\"><b>No cabelo<\/b><span class=\"s1\"><span class=\"Apple-converted-space\">\u00a0<\/span><\/span><\/h3>\n<p class=\"p1\">De m\u00eame, il va rendre vos cheveux soyeux.<\/p>\n<p class=\"p1\">Naturellement, nous vous recommandons de compl\u00e9ter votre soin \u00e0 l\u2019huile de fourmi avec <a href=\"https:\/\/www.miel-store.com\/pt\/p\/huile-de-coco-bio-extra-vierge\/\"><b>l\u2019Huile de Coco Bio Extra-Vierge<\/b><\/a>.<\/p>\n<h2 class=\"p3\"><b>Comment employer votre huile de fourmi ?<\/b><\/h2>\n<p class=\"p1\">Il est important pour plus d\u2019efficacit\u00e9 de savoir comment utiliser votre \u00e9lixir pour des r\u00e9sultats parfaits. Alors, suivez, avec <i>Miel Shop<\/i>, les \u00e9tapes \u00e0 suivre :<\/p>\n<ul class=\"ul1\">\n<li class=\"li1\">Tout d\u2019abord, nous vous conseillons d\u2019appliquer votre <b>soin anti-poil<\/b>, apr\u00e8s chaque s\u00e9ance d&rsquo;\u00e9pilation. A savoir que le poil doit, absolument, \u00eatre extrait \u00e0 la racine ;<\/li>\n<\/ul>\n<ul class=\"ul1\">\n<li class=\"li1\">Puis, une fois l\u2019huile de fourmi d\u00e9pos\u00e9e sur la zone \u00e0 traiter, faites un massage de plusieurs minutes. Ainsi, cela va aider l\u2019actif \u00e0 p\u00e9n\u00e9trer dans le bulbe pileux ;<\/li>\n<\/ul>\n<ul class=\"ul1\">\n<li class=\"li1\">Aussi, nous vous conseillons d\u2019appliquer cet \u00e9lixir tous les jours, de pr\u00e9f\u00e9rence le soir au coucher, pendant 5 jours ;<\/li>\n<\/ul>\n<ul class=\"ul1\">\n<li class=\"li1\">Ensuite, recommencer l&rsquo;op\u00e9ration apr\u00e8s chaque \u00e9pilation. Vous verrez que les r\u00e9sultats appara\u00eetront d\u00e8s les premi\u00e8res s\u00e9ances ;<\/li>\n<\/ul>\n<ul class=\"ul1\">\n<li class=\"li1\">Bien s\u00fbr, la dur\u00e9e pour voir les r\u00e9sultats peut diff\u00e9rer selon la densit\u00e9 et l\u2019\u00e9paisseur de la pilosit\u00e9. De m\u00eame, elle peut diff\u00e9rer selon la zone trait\u00e9e ;<\/li>\n<\/ul>\n<ul class=\"ul1\">\n<li class=\"li1\">En ce qui concerne, les s\u00e9ances d\u2019\u00e9pilation d\u00e9finitive au laser ou \u00e0 la lumi\u00e8re puls\u00e9e, c\u2019est le m\u00eame proc\u00e9d\u00e9. En effet, il suffit d\u2019appliquer l\u2019huile de fourmi apr\u00e8s que les poils soient tomb\u00e9s.<\/li>\n<\/ul>\n<h3 class=\"p4\"><b>Pour information<\/b><\/h3>\n<ul class=\"ul1\">\n<li class=\"li1\">G\u00e9n\u00e9ralement, l\u2019\u00e9pilation au rasoir (\u00e9lectrique ou manuel) n\u2019est pas adapt\u00e9e \u00e0 l\u2019huile de fourmi. En effet, comme expliqu\u00e9 pr\u00e9c\u00e9demment, le poil doit \u00eatre arrach\u00e9 \u00e0 sa racine ;<\/li>\n<\/ul>\n<ul class=\"ul1\">\n<li class=\"li1\">Enfin, cet \u00e9lixir peut aussi \u00eatre employ\u00e9 comme soin apr\u00e8s \u00e9pilation.<\/li>\n<\/ul>\n<h3 class=\"p3\"><b>Pr\u00e9caution d\u2019emploi<span class=\"Apple-converted-space\">\u00a0<\/span><\/b><\/h3>\n<p class=\"p1\">Tout produit, bien que 100% naturel, doit retenir, tout de m\u00eame, une attention particuli\u00e8re pour votre sant\u00e9. Donc, voici quelques pr\u00e9cautions \u00e0 prendre pour \u00e9viter toute d\u00e9convenue avec votre soin <i>Manelya<\/i> :<\/p>\n<ul class=\"ul1\">\n<li class=\"li1\">Il faut savoir que ce produit contient des huiles essentielles. De fait, il est conseill\u00e9 d\u2019\u00e9viter le contact avec les yeux ;<\/li>\n<\/ul>\n<ul class=\"ul1\">\n<li class=\"li1\">Aussi, soyez prudent(es) si vous souhaitez en appliquer sur votre visage. D\u2019ailleurs, nous vous recommandons de faire un petit test pour \u00e9viter tout risque d\u2019allergie, avant toute utilisation r\u00e9guli\u00e8re. Pour ce faire, vous pouvez en d\u00e9poser une petite dose sur la zone int\u00e9rieure du poignet ;<\/li>\n<\/ul>\n<ul class=\"ul1\">\n<li class=\"li1\">D\u2019autre part, il convient de conserver cet \u00e9lixir dans un endroit sec, loin de la chaleur et de la lumi\u00e8re ;<\/li>\n<\/ul>\n<ul class=\"ul1\">\n<li class=\"li1\">Enfin, il est judicieux de demander l\u2019avis d\u2019un professionnel de sant\u00e9 avant toute utilisation de ce soin.<span class=\"Apple-converted-space\">\u00a0<\/span><\/li>\n<\/ul>","protected":false},"excerpt":{"rendered":"<div class=\"product-short-description\">\n<p>Huile de fourmi Made in France.<\/p>\n<p>Qualit\u00e9 Cosm\u00e9tique. 100% Pure et Naturelle.<\/p>\n<p>Frasco de 60ml.<\/p>\n<\/div>","protected":false},"featured_media":974,"template":"","meta":[],"product_brand":[],"product_cat":[89,88,106],"product_tag":[],"class_list":{"0":"post-973","1":"product","2":"type-product","3":"status-publish","4":"has-post-thumbnail","6":"product_cat-cosmetiques","7":"product_cat-bien-etre","8":"product_cat-huiles-vegetales","10":"first","11":"outofstock","12":"shipping-taxable","13":"purchasable","14":"product-type-simple"},"_links":{"self":[{"href":"https:\/\/www.miel-store.com\/pt\/wp-json\/wp\/v2\/product\/973","targetHints":{"allow":["GET"]}}],"collection":[{"href":"https:\/\/www.miel-store.com\/pt\/wp-json\/wp\/v2\/product"}],"about":[{"href":"https:\/\/www.miel-store.com\/pt\/wp-json\/wp\/v2\/types\/product"}],"wp:featuredmedia":[{"embeddable":true,"href":"https:\/\/www.miel-store.com\/pt\/wp-json\/wp\/v2\/media\/974"}],"wp:attachment":[{"href":"https:\/\/www.miel-store.com\/pt\/wp-json\/wp\/v2\/media?parent=973"}],"wp:term":[{"taxonomy":"product_brand","embeddable":true,"href":"https:\/\/www.miel-store.com\/pt\/wp-json\/wp\/v2\/product_brand?post=973"},{"taxonomy":"product_cat","embeddable":true,"href":"https:\/\/www.miel-store.com\/pt\/wp-json\/wp\/v2\/product_cat?post=973"},{"taxonomy":"product_tag","embeddable":true,"href":"https:\/\/www.miel-store.com\/pt\/wp-json\/wp\/v2\/product_tag?post=973"}],"curies":[{"name":"wp","href":"https:\/\/api.w.org\/{rel}","templated":true}]}}