{"id":8930,"date":"2025-12-16T19:15:38","date_gmt":"2025-12-16T18:15:38","guid":{"rendered":"https:\/\/www.miel-store.com\/?post_type=product&#038;p=8930"},"modified":"2026-01-05T15:45:51","modified_gmt":"2026-01-05T14:45:51","slug":"mel-de-framboesa","status":"publish","type":"product","link":"https:\/\/www.miel-store.com\/pt\/p\/miel-a-la-framboise","title":{"rendered":"Mel de framboesa - frasco de 250g - Tr\u00e9sors du Golfe"},"content":{"rendered":"<p>Gostaria de descobrir um&nbsp;<strong>mel de framboesa<\/strong> que levar\u00e1 as suas papilas gustativas numa viagem de descoberta, com <strong>Artesanato franc\u00eas<\/strong>&nbsp;? Este <strong>Frasco de 250g<\/strong> assinado <strong>Tesouros do Golfo<\/strong> vai agradar aos f\u00e3s de doces originais. Este <strong>prepara\u00e7\u00e3o \u00e0 base de mel<\/strong> combina subtilmente do\u00e7ura e for\u00e7a frutada, gra\u00e7as a ingredientes cuidadosamente selecionados. Por detr\u00e1s de cada frasco, h\u00e1 um forte compromisso com a qualidade, a tradi\u00e7\u00e3o e o respeito pela terra. Deixe-nos gui\u00e1-lo pelos segredos desta iguaria excecional, ideal para todos os seus desejos doces e salgados.<\/p>\n<h2>Uma mistura subtil de mel artesanal e framboesas liofilizadas<\/h2>\n<p>O <strong>mel totalmente floral de Fran\u00e7a<\/strong> com <strong>framboesa liofilizada<\/strong> revela um equil\u00edbrio raro. A doce delicadeza do <strong>mel artesanal<\/strong> combina na perfei\u00e7\u00e3o com a intensidade picante das framboesas, para uma experi\u00eancia gustativa t\u00e3o natural quanto original. La <strong>produ\u00e7\u00e3o artesanal<\/strong> valoriza cada ingrediente, garantindo a sua frescura e autenticidade ao longo de todo o processo.<\/p>\n<p>Se gosta de desfrutar de um toque de do\u00e7ura no in\u00edcio do dia, vale a pena referir que <a href=\"https:\/\/www.miel-store.com\/pt\/comer-mel-de-manha\/\">comer mel ao pequeno-almo\u00e7o<\/a> fornece uma fonte natural de energia que tamb\u00e9m o ajuda a sentir-se cheio. Cada frasco vem com um <strong>conhecimentos ancestrais<\/strong> preservando todos os sabores do mel. A adi\u00e7\u00e3o de <strong>framboesas liofilizadas (8%)<\/strong> sublimam esta prepara\u00e7\u00e3o, enquanto uma pitada de\u2019<strong>aroma natural de framboesa (0,4%)<\/strong> intensifica ainda mais a riqueza arom\u00e1tica. O resultado: uma textura cremosa, um sabor frutado \u00fanico e uma textura rica e cremosa. <strong>do\u00e7ura frutada<\/strong> pronto para transformar as suas sandu\u00edches ou receitas criativas.<\/p>\n<h3>As principais etapas da produ\u00e7\u00e3o francesa<\/h3>\n<p>Tudo come\u00e7a com a colheita <strong>Mel franc\u00eas de todas as flores<\/strong>, exclusivamente fabricado em Fran\u00e7a. As flores utilizadas variam consoante a esta\u00e7\u00e3o do ano, acrescentando complexidade e riqueza ao perfil organol\u00e9tico do produto. De seguida, a integra\u00e7\u00e3o meticulosa do <strong>framboesa liofilizada<\/strong> ajuda a preservar a sua cor brilhante e o seu sabor intenso.<\/p>\n<p>A mistura \u00e9 cuidadosamente trabalhada para obter uma consist\u00eancia homog\u00e9nea, sem alterar as qualidades nutricionais do produto. <strong>mel artesanal<\/strong>. La <strong>Produ\u00e7\u00e3o francesa<\/strong> respeita cada etapa, evitando um aquecimento excessivo. Por fim, o acondicionamento em <strong>Frasco de 250g<\/strong> garante praticidade e \u00f3ptima conserva\u00e7\u00e3o, seja para uso di\u00e1rio ou como presente.<\/p>\n<h3>A import\u00e2ncia da liofiliza\u00e7\u00e3o das framboesas<\/h3>\n<p>La <strong>liofiliza\u00e7\u00e3o<\/strong> consiste em retirar a \u00e1gua das framboesas, preservando o seu sabor, a sua cor e as suas propriedades nutricionais. Neste processo <strong>prepara\u00e7\u00e3o \u00e0 base de mel<\/strong>, Esta t\u00e9cnica oferece uma s\u00e9rie de vantagens: melhor conserva\u00e7\u00e3o, sabores concentrados e uma textura agrad\u00e1vel. Pequenas lascas estaladi\u00e7as fundem-se com o chocolate. <strong>mel artesanal<\/strong>.<\/p>\n<p>Para al\u00e9m do seu sabor, o mel possui naturalmente propriedades ben\u00e9ficas, nomeadamente quando se pretende apoiar o organismo durante um per\u00edodo de frio: existem prepara\u00e7\u00f5es como <a href=\"https:\/\/www.miel-store.com\/pt\/p\/miel-coup-de-froid\/\">mel enriquecido com extractos naturais calmantes para a garganta<\/a> que s\u00e3o recomendados durante os meses de inverno. A pureza do <strong>mel<\/strong> \u00e9 preservado e o <strong>do\u00e7ura frutada<\/strong> a framboesa explode na boca. Este m\u00e9todo tamb\u00e9m evita a adi\u00e7\u00e3o de quaisquer conservantes ou aditivos, para uma receita simples: <strong>91,6% de mel franc\u00eas multifloral<\/strong>, <strong>8% framboesas liofilizadas<\/strong> e <strong>0,4% Aroma natural<\/strong>.<\/p>\n<h2>Porqu\u00ea escolher um frasco de 250 g fabricado em Fran\u00e7a?<\/h2>\n<p>Apoio <strong>Produtores franceses<\/strong> e dar prioridade a <strong>produ\u00e7\u00e3o artesanal<\/strong> oferece in\u00fameras vantagens. A rastreabilidade \u00e9 exemplar, a <strong>garantia de origem Fran\u00e7a<\/strong> garante uma diversidade de sabores espec\u00edficos de cada regi\u00e3o, e o formato <strong>Frasco de 250g<\/strong> \u00e9 ideal: generoso, mas f\u00e1cil de transportar ou de oferecer.<\/p>\n<p>Escolher um <strong>prepara\u00e7\u00e3o \u00e0 base de mel<\/strong> como este, \u00e9 encorajar o trabalho de apicultores apaixonados, empenhados na biodiversidade e na vitalidade das suas colmeias. Opte por um <strong>mel de framboesa artesanal<\/strong>, Ao consumir os nossos vinhos, pode desfrutar do melhor do nosso patrim\u00f3nio gastron\u00f3mico local, apoiando simultaneamente o saber-fazer franc\u00eas.<\/p>\n<h3>Crit\u00e9rios essenciais de qualidade<\/h3>\n<p>Para garantir a excel\u00eancia deste <strong>do\u00e7ura frutada<\/strong>, H\u00e1 um certo n\u00famero de pontos a ter em conta. Em primeiro lugar, a transpar\u00eancia do\u2019<strong>origem Fran\u00e7a<\/strong> de mel, validado por controlos independentes. Em segundo lugar, a clareza no que respeita \u00e0s propor\u00e7\u00f5es dos ingredientes utilizados no <strong>prepara\u00e7\u00e3o \u00e0 base de mel<\/strong>.<\/p>\n<p>O <strong>produ\u00e7\u00e3o artesanal<\/strong> envolve processos tradicionais, geralmente efectuados em pequena escala, e uma pequena lista de ingredientes: apenas <strong>Mel franc\u00eas de todas as flores<\/strong>, <strong>framboesa liofilizada<\/strong> e <strong>sabor natural<\/strong>. N\u00e3o s\u00e3o adicionados agentes de textura ou conservantes artificiais, uma vez que o pr\u00f3prio processo assegura a conserva\u00e7\u00e3o natural destes produtos. <strong>Potes de 250g<\/strong>.<\/p>\n<h3>Ideias gourmet para utilizar o mel de framboesa<\/h3>\n<p>Este <strong>prepara\u00e7\u00e3o \u00e0 base de mel<\/strong> abre mil possibilidades culin\u00e1rias. Algumas colheradas podem ser utilizadas para real\u00e7ar iogurtes simples, panquecas ou faisselle. Numa vers\u00e3o salgada, real\u00e7a vinagretes, queijo de cabra ou foie gras. <strong>do\u00e7ura frutada<\/strong>.<\/p>\n<p>Adicionar este <strong>mel de framboesa<\/strong> num financier ou num bolo de m\u00e1rmore para um toque original. Para surpreender os seus convidados, coloque uma avel\u00e3 numa salada de frutos vermelhos frescos. A sua textura untuosa e o seu sabor intenso dar\u00e3o vida a pratos simples e sofisticados.<\/p>\n<ul>\n<li><strong>Toalha de mesa<\/strong> para panquecas, waffles ou brioches<\/li>\n<li><strong>Cobertura<\/strong> para queijo fresco ou granola<\/li>\n<li><strong>Base de molho agridoce<\/strong> para aves assadas<\/li>\n<li><strong>Dica<\/strong> para revisitar um tiramisu de frutos<\/li>\n<\/ul>\n<h2>Perguntas frequentes sobre o mel de framboesa artesanal<\/h2>\n<div itemscope=\"\" itemtype=\"https:\/\/schema.org\/FAQPage\">\n<div itemprop=\"mainEntity\" itemscope=\"\" itemtype=\"https:\/\/schema.org\/Question\">\n<h3 itemprop=\"name\">Quais s\u00e3o exatamente os ingredientes desta prepara\u00e7\u00e3o \u00e0 base de mel de framboesa?<\/h3>\n<div itemprop=\"acceptedAnswer\" itemscope=\"\" itemtype=\"https:\/\/schema.org\/Answer\">\n<div itemprop=\"text\">Os ingredientes s\u00e3o deliberadamente simples para preservar a autenticidade do produto. Esta prepara\u00e7\u00e3o cont\u00e9m :<\/p>\n<ul>\n<li><strong>91,6% de mel totalmente floral de Fran\u00e7a<\/strong><\/li>\n<li><strong>8% framboesas liofilizadas<\/strong><\/li>\n<li><strong>0,4% aroma natural de framboesa<\/strong><\/li>\n<\/ul>\n<p>Esta composi\u00e7\u00e3o assegura um equil\u00edbrio perfeito entre os sabores florais do mel e a nota picante da framboesa.<\/p><\/div>\n<\/div>\n<\/div>\n<div itemprop=\"mainEntity\" itemscope=\"\" itemtype=\"https:\/\/schema.org\/Question\">\n<h3 itemprop=\"name\">Como conservar um frasco de 250 g de mel de framboesa artesanal?<\/h3>\n<div itemprop=\"acceptedAnswer\" itemscope=\"\" itemtype=\"https:\/\/schema.org\/Answer\">\n<div itemprop=\"text\">A <strong>Frasco de 250g<\/strong> \u00e9 f\u00e1cil de guardar num arm\u00e1rio seco \u00e0 temperatura ambiente. Basta voltar a fechar bem para proteger o conte\u00fado da humidade e preservar todos os aromas. N\u00e3o \u00e9 necess\u00e1rio conservar o mel no frigor\u00edfico. Gra\u00e7as \u00e0 presen\u00e7a de <strong>framboesas liofilizadas<\/strong>, Os aromas mant\u00eam-se est\u00e1veis ao longo do tempo.<\/p>\n<ul>\n<li>Colocar longe da luz direta<\/li>\n<li>N\u00e3o expor a calor excessivo<\/li>\n<li>N\u00e3o se esque\u00e7a de fechar bem a tampa ap\u00f3s a utiliza\u00e7\u00e3o<\/li>\n<\/ul>\n<\/div>\n<\/div>\n<\/div>\n<div itemprop=\"mainEntity\" itemscope=\"\" itemtype=\"https:\/\/schema.org\/Question\">\n<h3 itemprop=\"name\">Como se pode utilizar o mel de framboesa na cozinha?<\/h3>\n<div itemprop=\"acceptedAnswer\" itemscope=\"\" itemtype=\"https:\/\/schema.org\/Answer\">\n<div itemprop=\"text\">Le <strong>mel de framboesa<\/strong> combina igualmente bem com sobremesas e pratos salgados. Pode ser utilizado em tostas, em iogurte, para ado\u00e7ar uma bebida quente ou como toque final numa salada de frutas. Algumas pessoas tamb\u00e9m gostam de o utilizar como acompanhamento de um prato de queijo.<\/p>\n<ol>\n<li>Sobremesas: cobertura, cobertura, inser\u00e7\u00e3o em pastelaria<\/li>\n<li>Cozinha salgada: marinada, molho de carne branca ou vinagrete de frutas<\/li>\n<\/ol>\n<p>A sua versatilidade torna-o um ingrediente original, frequentemente utilizado em festas ou brunches de conv\u00edvio.<\/p><\/div>\n<\/div>\n<\/div>\n<div itemprop=\"mainEntity\" itemscope=\"\" itemtype=\"https:\/\/schema.org\/Question\">\n<h3 itemprop=\"name\">Qual \u00e9 a diferen\u00e7a entre o mel de framboesa e os outros preparados de frutos?<\/h3>\n<div itemprop=\"acceptedAnswer\" itemscope=\"\" itemtype=\"https:\/\/schema.org\/Answer\">\n<div itemprop=\"text\">Esta especialidade deve a sua singularidade \u00e0 combina\u00e7\u00e3o exclusiva de <strong>Mel franc\u00eas de todas as flores<\/strong> e <strong>framboesas liofilizadas<\/strong>. Em compara\u00e7\u00e3o com uma simples compota ou geleia, este tipo de prepara\u00e7\u00e3o preserva os benef\u00edcios naturais do mel, rico em enzimas e antioxidantes, ao mesmo tempo que cont\u00e9m menos a\u00e7\u00facar adicionado.<\/p>\n<table>\n<tbody>\n<tr>\n<th>Tipo de produto<\/th>\n<th>Ingrediente principal<\/th>\n<th>Teor de a\u00e7\u00facares adicionados<\/th>\n<th>Textura<\/th>\n<\/tr>\n<tr>\n<td><strong>Mel de framboesa<\/strong><\/td>\n<td>Mel, framboesa liofilizada<\/td>\n<td>N\u00e3o<\/td>\n<td>Cremoso e suave<\/td>\n<\/tr>\n<tr>\n<td>Compota cl\u00e1ssica<\/td>\n<td>Fruta, a\u00e7\u00facar<\/td>\n<td>Elevado<\/td>\n<td>Aipo<\/td>\n<\/tr>\n<tr>\n<td>Geleia de frutos<\/td>\n<td>Sumo de fruta, a\u00e7\u00facar<\/td>\n<td>Muito elevado<\/td>\n<td>Firme, brilhante<\/td>\n<\/tr>\n<\/tbody>\n<\/table>\n<p>O equil\u00edbrio entre o sabor e a sa\u00fade \u00e9 uma carater\u00edstica fundamental do <strong>prepara\u00e7\u00e3o com mel de framboesa<\/strong> do <strong>fabricado artesanalmente em Fran\u00e7a<\/strong>.<\/div>\n<\/div>\n<\/div>\n<\/div>","protected":false},"excerpt":{"rendered":"<p><strong>Composi\u00e7\u00e3o:<\/strong><\/p>\n<p>91.6% mel de todas as flores Fran\u00e7a<\/p>\n<p>8% framboesas liofilizadas <\/p>\n<p>0,4% sabor natural a framboesa.<\/p>","protected":false},"featured_media":8931,"template":"","meta":[],"product_brand":[],"product_cat":[77,126],"product_tag":[],"class_list":{"0":"post-8930","1":"product","2":"type-product","3":"status-publish","4":"has-post-thumbnail","6":"product_cat-miel-du-monde","7":"product_cat-miel-francais","9":"first","10":"instock","11":"shipping-taxable","12":"purchasable","13":"product-type-simple"},"_links":{"self":[{"href":"https:\/\/www.miel-store.com\/pt\/wp-json\/wp\/v2\/product\/8930","targetHints":{"allow":["GET"]}}],"collection":[{"href":"https:\/\/www.miel-store.com\/pt\/wp-json\/wp\/v2\/product"}],"about":[{"href":"https:\/\/www.miel-store.com\/pt\/wp-json\/wp\/v2\/types\/product"}],"wp:featuredmedia":[{"embeddable":true,"href":"https:\/\/www.miel-store.com\/pt\/wp-json\/wp\/v2\/media\/8931"}],"wp:attachment":[{"href":"https:\/\/www.miel-store.com\/pt\/wp-json\/wp\/v2\/media?parent=8930"}],"wp:term":[{"taxonomy":"product_brand","embeddable":true,"href":"https:\/\/www.miel-store.com\/pt\/wp-json\/wp\/v2\/product_brand?post=8930"},{"taxonomy":"product_cat","embeddable":true,"href":"https:\/\/www.miel-store.com\/pt\/wp-json\/wp\/v2\/product_cat?post=8930"},{"taxonomy":"product_tag","embeddable":true,"href":"https:\/\/www.miel-store.com\/pt\/wp-json\/wp\/v2\/product_tag?post=8930"}],"curies":[{"name":"wp","href":"https:\/\/api.w.org\/{rel}","templated":true}]}}