{"id":8835,"date":"2025-11-10T10:41:32","date_gmt":"2025-11-10T09:41:32","guid":{"rendered":"https:\/\/www.miel-store.com\/?post_type=product&#038;p=8835"},"modified":"2026-05-01T21:22:53","modified_gmt":"2026-05-01T19:22:53","slug":"sabao-de-enxofre","status":"publish","type":"product","link":"https:\/\/www.miel-store.com\/pt\/p\/savon-au-soufre","title":{"rendered":"Sabonete artesanal de enxofre - 120g"},"content":{"rendered":"<p>Le&nbsp;<strong>sab\u00e3o de enxofre<\/strong> tem registado um ressurgimento do interesse nos \u00faltimos anos, e n\u00e3o \u00e9 dif\u00edcil perceber porqu\u00ea. H\u00e1 muito utilizado em <strong>cuidados dermatol\u00f3gicos<\/strong>, Este pequeno p\u00e3o amarelo chama a aten\u00e7\u00e3o pela sua <strong>propriedades purificadoras<\/strong> e pela sua efic\u00e1cia contra v\u00e1rios <strong>doen\u00e7as da pele<\/strong>.<\/p>\n<p>Quer tenha um&nbsp;<strong>pele oleosa<\/strong> O sabonete de enxofre pode tornar-se uma parte indispens\u00e1vel da sua rotina di\u00e1ria, quer esteja \u00e0 procura de um acabamento mate ou a lidar com problemas de pele como o acne, o eczema ou a psor\u00edase. Aqui est\u00e1 tudo o que precisa de saber sobre este aliado mineral.<\/p>\n<h2>O que \u00e9 o sab\u00e3o de enxofre?<\/h2>\n<p>\u00c0 primeira vista, o <strong>sab\u00e3o de enxofre<\/strong> tem o aspeto de qualquer outro sab\u00e3o s\u00f3lido, mas a sua composi\u00e7\u00e3o distingue-se pela adi\u00e7\u00e3o de <strong>enxofre<\/strong>. Este composto natural, conhecido principalmente pelo seu odor reconhec\u00edvel, desempenha um papel fundamental na gest\u00e3o de muitos <strong>problemas de pele<\/strong>.<\/p>\n<p>O enxofre \u00e9 conhecido h\u00e1 s\u00e9culos pela sua&nbsp;<strong>benef\u00edcios para a pele<\/strong>, Isto explica a sua utiliza\u00e7\u00e3o num certo n\u00famero de tratamentos dermatol\u00f3gicos tradicionais.<\/p>\n<p>Em geral, esta categoria de sab\u00e3o combina <strong>enxofre<\/strong> e bases vegetais, como o azeite ou o \u00f3leo de coco, para uma limpeza suave sem ser agressiva.<\/p>\n<p>Alguns fabricantes privilegiam mesmo os processos&nbsp;<strong>artesanato<\/strong> para garantir uma maior toler\u00e2ncia, nomeadamente para <strong>pele fr\u00e1gil ou seca<\/strong>.<\/p>\n<p>Quando falamos de&nbsp;<strong>sab\u00e3o tradicional de enxofre<\/strong>, Isto significa frequentemente que foi dada uma aten\u00e7\u00e3o especial \u00e0 qualidade dos ingredientes para preservar o equil\u00edbrio da pele.<\/p>\n<h2>Porqu\u00ea utilizar sab\u00e3o de enxofre para cuidar da pele?<\/h2>\n<p>O principal interesse da <strong>sab\u00e3o de enxofre<\/strong> reside na sua capacidade de <strong>regular a produ\u00e7\u00e3o de sebo<\/strong>, Isto torna-o uma escolha sensata para pessoas com tens\u00e3o arterial elevada. <strong>pele oleosa<\/strong>. As impurezas e o excesso de sebo causam frequentemente problemas como pontos negros, manchas de acne ou mesmo um aspeto brilhante indesej\u00e1vel.<\/p>\n<p>Gra\u00e7as \u00e0 sua&nbsp;<strong>propriedades purificadoras<\/strong>, Este tipo de sab\u00e3o ajuda a desobstruir os poros. \u00c9 tamb\u00e9m uma boa ideia utilizar outras alternativas naturais ricas em l\u00edpidos, tais como <a href=\"https:\/\/www.miel-store.com\/pt\/cp\/huiles-vegetales\/\">\u00f3leos vegetais<\/a>, conhecidos pela sua compatibilidade com o sebo humano e pela sua capacidade de reequilibrar a pele oleosa ou com tend\u00eancia para o acne.<\/p>\n<p>Algumas pessoas tamb\u00e9m optam por esta solu\u00e7\u00e3o natural para acalmar <strong>doen\u00e7as cr\u00f3nicas da pele<\/strong>. Por exemplo, o <strong>psor\u00edase<\/strong> e o\u2019<strong>eczema<\/strong> s\u00e3o dois problemas em que o sab\u00e3o de enxofre est\u00e1 a provar o seu valor, especialmente quando utilizado em conjunto com outros tratamentos adequados.<\/p>\n<p>\u00c9 claro que nunca substitui o aconselhamento m\u00e9dico, mas pode ser facilmente incorporado numa rotina adaptada \u00e0s necessidades espec\u00edficas de cada tipo de pele.<\/p>\n<h2>Como escolher e utilizar o sab\u00e3o de enxofre?<\/h2>\n<h3>Quais s\u00e3o os crit\u00e9rios para selecionar um bom sab\u00e3o?<\/h3>\n<p>La <strong>composi\u00e7\u00e3o<\/strong> continua a ser o melhor indicador de qualidade. Para evitar qualquer risco de irrita\u00e7\u00e3o, opte por um <strong>sab\u00e3o supergordo<\/strong> enriquecido com \u00f3leos vegetais ajuda a preservar o filme hidrolip\u00eddico natural da pele. Esta precau\u00e7\u00e3o \u00e9 particularmente recomendada para <strong>pele fr\u00e1gil ou seca<\/strong>, mais suscept\u00edveis \u00e0 desidrata\u00e7\u00e3o. Um verdadeiro <strong>sab\u00e3o artesanal<\/strong> cont\u00eam geralmente menos agentes sint\u00e9ticos ou conservantes agressivos. Al\u00e9m disso, a utiliza\u00e7\u00e3o ocasional de ingredientes naturais espec\u00edficos, tais como <a href=\"https:\/\/www.miel-store.com\/pt\/p\/poudre-de-nila\/\">P\u00f3 iluminador Nila<\/a> pode ser uma adi\u00e7\u00e3o eficaz \u00e0 rotina de cuidados da pele gra\u00e7as \u00e0s suas propriedades anti-inflamat\u00f3rias, respondendo \u00e0s diferentes necessidades da pele.<\/p>\n<p>Tamb\u00e9m vale a pena verificar a percentagem de <strong>enxofre integrado<\/strong>&nbsp;Em geral, uma concentra\u00e7\u00e3o entre 5 % e 10 % \u00e9 adequada para uma utiliza\u00e7\u00e3o quotidiana no rosto ou no corpo. Eis alguns aspectos a ter em conta na sua escolha:<\/p>\n<ul>\n<li><strong>Teor de enxofre<\/strong> (idealmente indicado na embalagem)<\/li>\n<li>Presen\u00e7a de <strong>componentes hidratantes<\/strong> (coco, karit\u00e9, azeite...)<\/li>\n<li>M\u00e9todo de fabrico (<strong>saponifica\u00e7\u00e3o a frio<\/strong> para sabonetes artesanais)<\/li>\n<li>Sem fragr\u00e2ncias sint\u00e9ticas ou corantes artificiais<\/li>\n<\/ul>\n<h3>Como \u00e9 que o devo utilizar?<\/h3>\n<p>Para aderir ao <strong>sab\u00e3o de enxofre<\/strong> Comece por utiliz\u00e1-la dia sim, dia n\u00e3o, e depois ajuste a frequ\u00eancia de acordo com a toler\u00e2ncia da sua pele. Humede\u00e7a ligeiramente a barra, ensaboe-a nas m\u00e3os e aplique a espuma no rosto ou no corpo em movimentos circulares. N\u00e3o esfregue vigorosamente, pois isso pode danificar a barreira cut\u00e2nea, especialmente se a pele j\u00e1 estiver vermelha ou com comich\u00e3o devido \u00e0\u2019<strong>eczema<\/strong> ou para <strong>psor\u00edase<\/strong>.<\/p>\n<p>Depois de enxaguar, aplicar uma <strong>creme hidratante n\u00e3o comedog\u00e9nico<\/strong> para evitar qualquer sensa\u00e7\u00e3o de aperto. Esta pr\u00e1tica \u00e9 ben\u00e9fica para limitar a secura provocada pela a\u00e7\u00e3o purificadora do enxofre, nomeadamente para as pessoas com <strong>pele fina ou reactiva<\/strong>.<\/p>\n<h2>Quais s\u00e3o as vantagens e as limita\u00e7\u00f5es do sab\u00e3o de enxofre?<\/h2>\n<p>O <strong>propriedades dermatol\u00f3gicas<\/strong> de enxofre, o que lhe valeu um lugar de destaque entre os <strong>cuidados naturais eficazes<\/strong> para a pele. Gra\u00e7as \u00e0 sua a\u00e7\u00e3o <strong>antibacteriano e antif\u00fangico<\/strong>, Este produto ajuda a manter uma <strong>pele com aspeto saud\u00e1vel<\/strong>. O que o distingue \u00e9 a sua capacidade de aliviar rapidamente certos sinais associados a <strong>doen\u00e7as comuns da pele<\/strong>&nbsp;Sensa\u00e7\u00e3o de comich\u00e3o, manchas vermelhas, irrita\u00e7\u00e3o localizada.<\/p>\n<p>No entanto, o <strong>sab\u00e3o de enxofre<\/strong> n\u00e3o \u00e9 para todos. Visite <strong>pele extremamente sens\u00edvel ou muito seca<\/strong> podem sentir desconforto ou irrita\u00e7\u00e3o ap\u00f3s uma utiliza\u00e7\u00e3o repetida. Eis um quadro recapitulativo que ilustra os principais benef\u00edcios e os pontos a ter em conta aquando da sua utiliza\u00e7\u00e3o:<\/p>\n<table>\n<tbody>\n<tr>\n<th>Benef\u00edcios<\/th>\n<th>Pontos a ter em conta<\/th>\n<\/tr>\n<tr>\n<td>\n<ul>\n<li><strong>Regula\u00e7\u00e3o do sebo<\/strong> na pele oleosa<\/li>\n<li>Eficaz como complemento de <strong>tratamento da acne<\/strong><\/li>\n<li><strong>Acalma a psor\u00edase e o eczema<\/strong><\/li>\n<li><strong>Propriedades purificantes naturais<\/strong><\/li>\n<\/ul>\n<\/td>\n<td>\n<ul>\n<li><strong>Possibilidade de secagem<\/strong> para peles fr\u00e1geis ou secas<\/li>\n<li>O cheiro pode ser surpreendente<\/li>\n<li>N\u00e3o pode substituir <strong>cuidados m\u00e9dicos<\/strong> para doen\u00e7as graves<\/li>\n<\/ul>\n<\/td>\n<\/tr>\n<\/tbody>\n<\/table>\n<p>Popular tanto para uso regular como ocasional, o <strong>sab\u00e3o de enxofre<\/strong> oferece uma alternativa eficaz a uma s\u00e9rie de produtos convencionais para uma melhor <strong>higiene espec\u00edfica<\/strong> amigo da pele.<\/p>\n<h2>Perguntas frequentes sobre a utiliza\u00e7\u00e3o de sab\u00e3o de enxofre<\/h2>\n<div itemscope=\"\" itemtype=\"https:\/\/schema.org\/FAQPage\">\n<div itemprop=\"mainEntity\" itemscope=\"\" itemtype=\"https:\/\/schema.org\/Question\">\n<h3 itemprop=\"name\">O sab\u00e3o de enxofre pode ser utilizado todos os dias?<\/h3>\n<div itemprop=\"acceptedAnswer\" itemscope=\"\" itemtype=\"https:\/\/schema.org\/Answer\">\n<div itemprop=\"text\">\n<p>A utiliza\u00e7\u00e3o quotidiana depender\u00e1 sobretudo da <strong>tipo de pele<\/strong>. Num <strong>pele oleosa<\/strong> ou propensos a imperfei\u00e7\u00f5es, a utiliza\u00e7\u00e3o di\u00e1ria pode ser apreciada. Para <strong>pele fr\u00e1gil ou seca<\/strong>, Para evitar a secura e o desconforto, \u00e9 prefer\u00edvel limitar esta pr\u00e1tica a duas ou tr\u00eas vezes por semana.<\/p>\n<ul>\n<li>Pele oleosa: uma vez por dia<\/li>\n<li>Pele normal: 2 a 3 vezes por semana<\/li>\n<li>Pele seca\/fragilizada: 1 a 2 vezes por semana<\/li>\n<\/ul>\n<\/div>\n<\/div>\n<\/div>\n<div itemprop=\"mainEntity\" itemscope=\"\" itemtype=\"https:\/\/schema.org\/Question\">\n<h3 itemprop=\"name\">O sab\u00e3o de enxofre \u00e9 adequado para tratar o acne?<\/h3>\n<div itemprop=\"acceptedAnswer\" itemscope=\"\" itemtype=\"https:\/\/schema.org\/Answer\">\n<div itemprop=\"text\">\n<p>Sim, este tipo de sab\u00e3o funciona eficazmente para reduzir <strong>prolifera\u00e7\u00e3o bacteriana<\/strong> na superf\u00edcie da pele e a\u2019<strong>excesso de sebo<\/strong>. Utilizado em conjunto com um produto espec\u00edfico de cuidados da pele, promove uma melhoria vis\u00edvel, nomeadamente nas seguintes \u00e1reas <strong>pele oleosa com tend\u00eancia para a acne<\/strong>.<\/p>\n<ul>\n<li>Reduz as bact\u00e9rias respons\u00e1veis pelas borbulhas<\/li>\n<li>Ajuda a eliminar o excesso de sebo<\/li>\n<li>Acalma a inflama\u00e7\u00e3o relacionada com a acne<\/li>\n<\/ul>\n<\/div>\n<\/div>\n<\/div>\n<div itemprop=\"mainEntity\" itemscope=\"\" itemtype=\"https:\/\/schema.org\/Question\">\n<h3 itemprop=\"name\">O sab\u00e3o de enxofre pode ser utilizado para a psor\u00edase ou o eczema?<\/h3>\n<div itemprop=\"acceptedAnswer\" itemscope=\"\" itemtype=\"https:\/\/schema.org\/Answer\">\n<div itemprop=\"text\">\n<p>Uma utiliza\u00e7\u00e3o suave e ocasional nas zonas afectadas pode proporcionar um al\u00edvio significativo gra\u00e7as \u00e0 sua <strong>propriedades calmantes<\/strong>. No entanto, favorecer <strong>sab\u00f5es supergordos<\/strong> e procurar o conselho de um profissional de sa\u00fade para ajustar a frequ\u00eancia de utiliza\u00e7\u00e3o.<\/p>\n<table>\n<tbody>\n<tr>\n<th>Afeto<\/th>\n<th>Benef\u00edcios potenciais<\/th>\n<\/tr>\n<tr>\n<td>Psor\u00edase<\/td>\n<td>Redu\u00e7\u00e3o da descama\u00e7\u00e3o e da comich\u00e3o<\/td>\n<\/tr>\n<tr>\n<td>Eczema<\/td>\n<td>Efeito calmante, limita as crises de irrita\u00e7\u00e3o<\/td>\n<\/tr>\n<\/tbody>\n<\/table>\n<\/div>\n<\/div>\n<\/div>\n<div itemprop=\"mainEntity\" itemscope=\"\" itemtype=\"https:\/\/schema.org\/Question\">\n<h3 itemprop=\"name\">Qual \u00e9 a diferen\u00e7a em rela\u00e7\u00e3o ao sab\u00e3o tradicional?<\/h3>\n<div itemprop=\"acceptedAnswer\" itemscope=\"\" itemtype=\"https:\/\/schema.org\/Answer\">\n<div itemprop=\"text\">\n<p>A principal diferen\u00e7a reside na <strong>propriedades purificadoras<\/strong> e as propriedades purificadoras do enxofre. Ao contr\u00e1rio de um sabonete normal, este visa especificamente as\u2019<strong>equilibrar o microbiota da pele<\/strong> e reduzir as impurezas, sendo tamb\u00e9m adequado para o cuidado de certos tipos de pele. <strong>doen\u00e7as da pele<\/strong>.<\/p>\n<ul>\n<li>A\u00e7\u00e3o antibacteriana marcada<\/li>\n<li>Ideal para <strong>pele oleosa<\/strong> ou com tend\u00eancia para a acne<\/li>\n<li>Por vezes dispon\u00edvel em <strong>surgras artesanais<\/strong><\/li>\n<\/ul>\n<\/div>\n<\/div>\n<\/div>\n<\/div>","protected":false},"excerpt":{"rendered":"<p>120g de sab\u00e3o artesanal enriquecido com enxofre. <strong>Ideal para peles oleosas<\/strong>, Pele com tend\u00eancia para o acne ou seborreica. <strong>Limpeza profunda<\/strong>, purifica os poros e regula o excesso de sebo<\/p>","protected":false},"featured_media":8836,"template":"","meta":[],"product_brand":[],"product_cat":[88,89],"product_tag":[],"class_list":{"0":"post-8835","1":"product","2":"type-product","3":"status-publish","4":"has-post-thumbnail","6":"product_cat-bien-etre","7":"product_cat-cosmetiques","9":"first","10":"instock","11":"shipping-taxable","12":"purchasable","13":"product-type-simple"},"_links":{"self":[{"href":"https:\/\/www.miel-store.com\/pt\/wp-json\/wp\/v2\/product\/8835","targetHints":{"allow":["GET"]}}],"collection":[{"href":"https:\/\/www.miel-store.com\/pt\/wp-json\/wp\/v2\/product"}],"about":[{"href":"https:\/\/www.miel-store.com\/pt\/wp-json\/wp\/v2\/types\/product"}],"wp:featuredmedia":[{"embeddable":true,"href":"https:\/\/www.miel-store.com\/pt\/wp-json\/wp\/v2\/media\/8836"}],"wp:attachment":[{"href":"https:\/\/www.miel-store.com\/pt\/wp-json\/wp\/v2\/media?parent=8835"}],"wp:term":[{"taxonomy":"product_brand","embeddable":true,"href":"https:\/\/www.miel-store.com\/pt\/wp-json\/wp\/v2\/product_brand?post=8835"},{"taxonomy":"product_cat","embeddable":true,"href":"https:\/\/www.miel-store.com\/pt\/wp-json\/wp\/v2\/product_cat?post=8835"},{"taxonomy":"product_tag","embeddable":true,"href":"https:\/\/www.miel-store.com\/pt\/wp-json\/wp\/v2\/product_tag?post=8835"}],"curies":[{"name":"wp","href":"https:\/\/api.w.org\/{rel}","templated":true}]}}