{"id":848,"date":"2022-04-14T23:19:19","date_gmt":"2022-04-14T21:19:19","guid":{"rendered":"https:\/\/www.miel-store.com\/?post_type=product&#038;p=848"},"modified":"2026-05-08T23:38:15","modified_gmt":"2026-05-08T21:38:15","slug":"leite-de-camelo-em-po","status":"publish","type":"product","link":"https:\/\/www.miel-store.com\/pt\/p\/lait-de-chamelle-en-poudre","title":{"rendered":"Leite de camelo em p\u00f3 100g"},"content":{"rendered":"<p>Le\u00a0<strong>leite de camelo em p\u00f3<\/strong>\u00a0repr\u00e9sente un incontournable de la nutrition dans les populations b\u00e9douines, ainsi que chez les bergers du d\u00e9sert. Notre volont\u00e9 de vous proposer des produits b\u00e9n\u00e9fiques pour votre organisme nous pousse \u00e0 le mettre \u00e0 votre disposition. Inconnu du grand public jusqu&rsquo;\u00e0 il y a encore peu de temps, il fait d\u00e9sormais partie des produits tr\u00e8s pris\u00e9s, notamment dans le milieu\u00a0<strong>Healthy<\/strong>. Faites-en un alli\u00e9 de poids dans votre recherche de vitamines et de tonus.<\/p>\n<h2><strong>N&rsquo;oubliez pas le lait de chamelle en cas de road trip dans le d\u00e9sert<\/strong><\/h2>\n<p>Avant d&rsquo;entrer dans le d\u00e9tail des effets de ce produit pour la sant\u00e9, prenons le temps d&rsquo;\u00e9voquer que cet aliment est fortement appr\u00e9ci\u00e9 depuis plus de trois mill\u00e9naires, notamment en Arabie. Il s&rsquo;agit bel et bien d&rsquo;un aliment, et non pas d&rsquo;une boisson ! Le dromadaire ne repr\u00e9sente pas simplement un moyen de transport pour les populations du d\u00e9sert. Ils l&rsquo;appr\u00e9cient \u00e9galement pour sa chair, sa laine et son lait exploitables.<\/p>\n<p>Afin de faire face aux travers\u00e9es, le lait de chamelle en poudre repr\u00e9sente l&rsquo;aliment \u00e0 se mettre sous la dent. Pour la petite anecdote, sachez que les dromadaires ont la capacit\u00e9 de tenir trente jours en ne consommant que ce liquide accompagn\u00e9 de <a href=\"https:\/\/www.miel-store.com\/pt\/p\/dattes-sukari\/\"><strong>dattes sukkari<\/strong><\/a>. La raison \u00e0 cela provient du fait que sa composition est riche en\u00a0<strong>prote\u00ednas<\/strong>, notamment antimicrobiennes. Cette substance pr\u00e9sente un avantage consid\u00e9rable, puisqu&rsquo;elle permet de se rassasier tr\u00e8s rapidement lors de fortes chaleurs. Elle repr\u00e9sente \u00e9galement une alternative aux\u00a0<strong>produits carn\u00e9s<\/strong>.<\/p>\n<p>En mati\u00e8re de productivit\u00e9, le lait de chamelle est beaucoup plus rentable que les autres \u00e9levages. Ceux-ci n\u00e9cessitent non seulement des p\u00e2turages, mais aussi une quantit\u00e9 d&rsquo;eau importante dans des endroits o\u00f9 elle manque cruellement. Les dromadaires ont, quant \u00e0 eux, l&rsquo;aptitude \u00e0 g\u00e9rer leur r\u00e9serve, et r\u00e9pondre \u00e0 leur besoin en eau de fa\u00e7on autonome.<\/p>\n<p>Le lait de chamelle fait partie des traditions, ainsi que des recommandations des populations arabes. Ils y voient un\u00a0<strong>rem\u00e8de naturel<\/strong> tout comme les <a href=\"https:\/\/www.miel-store.com\/pt\/p\/sementes-de-cominhos-pretos-da-etiopia-habachiya\/\"><strong>graines de nigelle d&rsquo;Ethiopie Habachiya<\/strong><\/a>\u00a0\u00e9voqu\u00e9es par le messager d&rsquo;Allah. Leurs croyances les poussent donc \u00e0 soigner les infections, mais aussi les maladies chroniques avec ces\u00a0<strong>m\u00e9dicaments naturels<\/strong>. De nombreux scientifiques occidentaux ont men\u00e9 des recherches et effectu\u00e9 des travaux qui tendent \u00e0 appuyer cette th\u00e8se.<\/p>\n<h2><strong>Quels composants nutritifs retrouvons-nous dans la composition de ce nectar atypique<\/strong><\/h2>\n<p>Le lait de chamelle a la capacit\u00e9 d&rsquo;honorer de nombreuses carences, contrairement \u00e0 un de ses concurrents de poids, \u00e0 savoir le\u00a0<strong>lait de vache<\/strong>. Dans sa composition, on retrouve avant tout un fort taux de\u00a0<strong>vitamine C<\/strong>. Il est trois fois plus \u00e9lev\u00e9 que celui de la vache. Les diff\u00e9rentes substances pr\u00e9sentes dans sa composition contribuent grandement \u00e0 l&rsquo;<strong>\u00e9quilibre nutritionnel<\/strong>. D&rsquo;ailleurs, en Afrique subsaharienne, il fait partie de la coutume d&rsquo;abreuver les enfants qui souffrent de malnutrition avec ce lait.<\/p>\n<p>On peut donc affirmer qu&rsquo;il s&rsquo;agit d&rsquo;un\u00a0<strong>produit miracle<\/strong>\u00a0en s&rsquo;appuyant sur les ind\u00e9nombrables fonctions que regroupe cet aliment. Nous faisons le choix de l&rsquo;appeler \u00ab aliment \u00bb en nous basant sur les quantit\u00e9 immense de substances nutritives dont il dispose. N&rsquo;oublions pas d&rsquo;\u00e9voquer la quantit\u00e9 importante de calcium pr\u00e9sente dans ce liquide blanc.<\/p>\n<p>Il dispose \u00e9galement d&rsquo;une faible quantit\u00e9 de lactose, qui le rend\u00a0<strong>facile \u00e0 dig\u00e9rer<\/strong>. Il s&rsquo;adapte ainsi de la meilleure des fa\u00e7ons aux patients souffrant de diab\u00e8te. Ce d\u00e9tail majeur se traduit ainsi par une pr\u00e9sence de sucre assez faible. Au moment de le d\u00e9guster, vous constaterez son go\u00fbt l\u00e9g\u00e8rement sal\u00e9 associ\u00e9 \u00e0 une odeur de noisette. Cependant, cela n&rsquo;att\u00e9nue en rien le fait qu&rsquo;il soit tr\u00e8s agr\u00e9able \u00e0 consommer.<\/p>\n<h2><strong>Un aliment aux bienfaits th\u00e9rapeutiques d\u00e9mesur\u00e9s<\/strong><\/h2>\n<p>A l&rsquo;heure actuelle, de nombreux pays ont fait le choix de reproduire des sch\u00e9mas de ferme artisanale. Ainsi, dans ces diff\u00e9rentes coop\u00e9ratives, on utilise le lait de chamelle \u00e0 des fins m\u00e9dicinales, sauf au Pays-bas. Ce pays a fait le choix de d\u00e9velopper cette activit\u00e9 \u00e0 des fins commerciales. Elle produit notamment des produits d\u00e9riv\u00e9s tels que des savons, des produits cosm\u00e9tiques,&#8230;<\/p>\n<p>D\u00e9couvrez donc les bienfaits insoup\u00e7onn\u00e9s du lait de chamelle en poudre. Il contribue notamment :<\/p>\n<ul>\n<li>Au\u00a0<strong>renforcement du syst\u00e8me immunitaire<\/strong>.<\/li>\n<li>Il permet de pr\u00e9venir contre la\u00a0<strong>maladie de Crohn<\/strong>, mais aussi d&rsquo;autres maladies auto-immunes.<\/li>\n<li>Son action dans le\u00a0<strong>traitement de l&rsquo;autisme<\/strong>, a\u00a0<strong>maladie de Parkinson<\/strong>, d\u2019<strong>Alzheimer<\/strong>, et certains types de\u00a0<strong>cancers<\/strong>\u00a0n&rsquo;est pas \u00e0 exclure. Il repr\u00e9sente une alternative de qualit\u00e9 aux solutions m\u00e9dicamenteuses pour les patients atteints de ces pathologies.<\/li>\n<\/ul>\n<p>Le lait de chamelle en poudre dispose \u00e9galement d&rsquo;une action nourrissante, notamment sous son format de savon. Nous le recommandons ainsi pour les personnes atteintes de diff\u00e9rentes formes de psoriasis, d&rsquo;ecz\u00e9ma, et de toutes sortes de\u00a0<strong>maladies cutan\u00e9es<\/strong> tout comme le <a href=\"https:\/\/www.miel-store.com\/pt\/p\/miel-de-jujubier-sidr-maliki-du-yemen\/\"><strong>mel de jujuba do I\u00e9men<\/strong><\/a>. De plus, il permet d&rsquo;hydrater l&rsquo;\u00e9piderme en profondeur et s&rsquo;adapte \u00e0 toutes les peaux. N&rsquo;oublions pas d&rsquo;\u00e9voquer qu&rsquo;il s&rsquo;agit d&rsquo;un produit hypoallerg\u00e9nique.<\/p>\n<h3><strong>Le pourquoi du lait de chamelle en poudre sous forme d\u00e9shydrat\u00e9e ?<\/strong><\/h3>\n<p>Si vous voyagez en Arabie-saoudite ou encore aux Emirats, vous aurez la chance de pouvoir d\u00e9nicher ce produit en bouteille. Cependant, l&rsquo;Union Europ\u00e9enne impose des restrictions auxquelles nous devons nous conformer. La vente de lait de chamelle qui provient d&rsquo;une r\u00e9gion ext\u00e9rieure \u00e0 l&rsquo;Europe est prohib\u00e9e en France. Ce produit doit son interdiction :<\/p>\n<ul>\n<li>A un manque de tra\u00e7abilit\u00e9.<\/li>\n<li>Au risque sanitaire li\u00e9 \u00e0 d&rsquo;\u00e9ventuelles infections des cam\u00e9lid\u00e9s.<\/li>\n<\/ul>\n<p>Tout cela pousse la boutique Miel Store \u00e0 vous proposer le lait des chameaux sous forme d\u00e9shydrat\u00e9e.<\/p>\n<p>D&rsquo;autres pays ont fait le choix de d\u00e9velopper ce march\u00e9 au fort potentiel. Si vous avez l&rsquo;occasion de vous rendre dans ces pays, vous pourrez vous procurer un litre pour une vingtaine d&rsquo;euros. Si certains Etats ont choisi de prendre leur pr\u00e9caution, d&rsquo;autres voient l\u00e0 un moyen d&rsquo;\u00e9voluer dans un march\u00e9 tr\u00e8s lucratif. D&rsquo;ailleurs, de nombreux pays (Maghreb, Emirats) contribuent \u00e0 apporter des garanties, notamment en mati\u00e8re d&rsquo;hygi\u00e8ne.<\/p>\n<p>Ce lait s&rsquo;adresse \u00e0 tous ceux qui sont en qu\u00eate de\u00a0<strong>vitalit\u00e9<\/strong>\u00a0ou d\u00e9sirent\u00a0<strong>booster leurs d\u00e9fenses<\/strong>.\u00a0<strong>L&rsquo;ONU<\/strong>\u00a0a reconnu comme hors pair cet aliment pour l&rsquo;agriculture ainsi que l&rsquo;alimentation. Il a notamment pour vocation d&rsquo;enrichir l&rsquo;alimentation des populations qui vivent dans les r\u00e9gions d\u00e9sertiques. Profitez de ce produit au go\u00fbt d\u00e9licieux et aux\u00a0<strong>vertus<\/strong>\u00a0inestimables en le commandant dans votre\u00a0<strong>boutique de bien-\u00eatre en ligne<\/strong>, Miel Store.<\/p>","protected":false},"excerpt":{"rendered":"<p>Le\u00a0lait de chamelle en poudre\u00a0repr\u00e9sente un incontournable de la nutrition dans les populations b\u00e9douines, ainsi que chez les bergers du d\u00e9sert. Notre volont\u00e9 de vous proposer des produits b\u00e9n\u00e9fiques pour votre organisme nous pousse \u00e0 le mettre \u00e0 votre disposition. Inconnu du grand public jusqu&rsquo;\u00e0 il y a encore peu de temps, il fait d\u00e9sormais [&#8230;]\n","protected":false},"featured_media":10355,"template":"","meta":[],"product_brand":[],"product_cat":[88],"product_tag":[],"class_list":{"0":"post-848","1":"product","2":"type-product","3":"status-publish","4":"has-post-thumbnail","6":"product_cat-bien-etre","8":"first","9":"instock","10":"shipping-taxable","11":"purchasable","12":"product-type-simple"},"_links":{"self":[{"href":"https:\/\/www.miel-store.com\/pt\/wp-json\/wp\/v2\/product\/848","targetHints":{"allow":["GET"]}}],"collection":[{"href":"https:\/\/www.miel-store.com\/pt\/wp-json\/wp\/v2\/product"}],"about":[{"href":"https:\/\/www.miel-store.com\/pt\/wp-json\/wp\/v2\/types\/product"}],"wp:featuredmedia":[{"embeddable":true,"href":"https:\/\/www.miel-store.com\/pt\/wp-json\/wp\/v2\/media\/10355"}],"wp:attachment":[{"href":"https:\/\/www.miel-store.com\/pt\/wp-json\/wp\/v2\/media?parent=848"}],"wp:term":[{"taxonomy":"product_brand","embeddable":true,"href":"https:\/\/www.miel-store.com\/pt\/wp-json\/wp\/v2\/product_brand?post=848"},{"taxonomy":"product_cat","embeddable":true,"href":"https:\/\/www.miel-store.com\/pt\/wp-json\/wp\/v2\/product_cat?post=848"},{"taxonomy":"product_tag","embeddable":true,"href":"https:\/\/www.miel-store.com\/pt\/wp-json\/wp\/v2\/product_tag?post=848"}],"curies":[{"name":"wp","href":"https:\/\/api.w.org\/{rel}","templated":true}]}}