{"id":8362,"date":"2025-08-11T12:00:58","date_gmt":"2025-08-11T10:00:58","guid":{"rendered":"https:\/\/www.miel-store.com\/?post_type=product&#038;p=8362"},"modified":"2026-04-05T09:10:12","modified_gmt":"2026-04-05T07:10:12","slug":"champo-solido-de-jujuba-70g","status":"publish","type":"product","link":"https:\/\/www.miel-store.com\/pt\/p\/shampoing-solide-jujubier-70g","title":{"rendered":"Champ\u00f4 s\u00f3lido de jujuba 70g"},"content":{"rendered":"<p>O mundo de\u00a0<strong>cuidados naturais para o cabelo<\/strong> est\u00e1 em constante evolu\u00e7\u00e3o, com um interesse crescente em f\u00f3rmulas amigas do ambiente. Visite <strong>champ\u00f4 s\u00f3lido de jujuba<\/strong> atrai cada vez mais as pessoas que desejam adotar uma abordagem saud\u00e1vel e eficaz, reduzindo simultaneamente o seu impacto ecol\u00f3gico. Este formato inovador, enriquecido com ingredientes de m\u00faltiplas virtudes, \u00e9 uma alternativa ideal aos produtos tradicionais, nomeadamente para quem procura um cuidado de pele simultaneamente saud\u00e1vel e eficaz. <strong>hidratante, purificante e fortificante<\/strong>.<\/p>\n<h2>Porqu\u00ea escolher o champ\u00f4 s\u00f3lido com sidr?<\/h2>\n<p>Escolher um <strong>champ\u00f4 s\u00f3lido<\/strong> n\u00e3o se limita aos seus aspectos pr\u00e1ticos ou ecol\u00f3gicos. Este tipo de produto apresenta uma concentra\u00e7\u00e3o de\u2019<strong>poderosos ingredientes activos naturais<\/strong>. Integrar <strong>a jujuba na sua rotina<\/strong> proporciona vitalidade e suavidade gra\u00e7as \u00e0s suas propriedades \u00fanicas. Ao contr\u00e1rio dos frascos tradicionais cheios de ingredientes sint\u00e9ticos, um champ\u00f4 s\u00f3lido baseia-se na riqueza dos \u00f3leos e manteigas vegetais nutritivos.<\/p>\n<p>Escolha um <strong>produto natural<\/strong> tamb\u00e9m simplifica a lista de ingredientes e limita a exposi\u00e7\u00e3o aos agentes qu\u00edmicos agressivos que se encontram frequentemente nos champ\u00f4s l\u00edquidos industriais. Cada vez que se lava, o seu couro cabeludo e o seu cabelo beneficiam de um passo no sentido do bem-estar, protegendo simultaneamente o planeta.<\/p>\n<h2>Os benef\u00edcios da jujuba para o seu cabelo e couro cabeludo<\/h2>\n<p>Le <strong>\u00e1rvore de jujuba<\/strong> \u00e9 conhecida desde h\u00e1 s\u00e9culos pela sua <strong>propriedades ben\u00e9ficas<\/strong>, \u00c9 utilizado na cosm\u00e9tica e na medicina tradicional. A sua riqueza em <strong>minerais e antioxidantes<\/strong> responde perfeitamente \u00e0s necessidades di\u00e1rias do cabelo. Este ingrediente \u00e9 essencial para todos aqueles que querem cuidar da sua fibra capilar sem compromissos.<\/p>\n<p>Est\u00e1 frequentemente associada a <strong>\u00e1rvore de jujuba<\/strong> para rituais de cuidados com efeitos suavizantes e protectores. A sua a\u00e7\u00e3o <strong>purificador<\/strong> equilibra o couro cabeludo ao mesmo tempo que ajuda a combater o excesso de sebo. Esta versatilidade torna-o particularmente adequado para couros cabeludos sens\u00edveis ou propensos a desequil\u00edbrios.<\/p>\n<p>Se est\u00e1 \u00e0 procura de uma solu\u00e7\u00e3o natural complementar para o desconforto do couro cabeludo, como comich\u00e3o ou eczema, a utiliza\u00e7\u00e3o de um\u00a0<a href=\"https:\/\/www.miel-store.com\/pt\/p\/champo-solido-de-cominhos-pretos\/\">champ\u00f4 de cominhos pretos<\/a> pode tamb\u00e9m proporcionar resultados not\u00e1veis, gra\u00e7as, nomeadamente, aos benef\u00edcios do \u00f3leo de cominho preto, conhecido por suavizar e fortalecer o cabelo.<\/p>\n<h3>Limpeza suave mas eficaz<\/h3>\n<p>Gra\u00e7as \u00e0 sua <strong>activos naturais<\/strong>, o <strong>sidr limpa em profundidade<\/strong> sem secar a pele nem danificar a fibra capilar. Elimina as impurezas preservando a barreira lip\u00eddica natural do couro cabeludo. Resultado: o cabelo fica limpo, flex\u00edvel e sedoso, sem sensa\u00e7\u00e3o de aperto nem res\u00edduos irritantes.<\/p>\n<p>Muitos utilizadores relatam uma redu\u00e7\u00e3o not\u00e1vel de problemas como a comich\u00e3o ou a caspa, o que comprova a efic\u00e1cia do produto. <strong>efeito calmante e regulador<\/strong> proporcionado por esta planta fant\u00e1stica.<\/p>\n<h3>Uma f\u00f3rmula hidratante e nutritiva<\/h3>\n<p>A adi\u00e7\u00e3o de <strong>manteiga de karit\u00e9<\/strong> aumenta ainda mais a efic\u00e1cia do <strong>champ\u00f4 s\u00f3lido<\/strong>, Trabalha em sinergia com a jujuba para hidratar intensamente. A combina\u00e7\u00e3o de \u00f3leos vegetais e gorduras naturais proporciona uma <strong>prote\u00e7\u00e3o \u00f3ptima contra a seca<\/strong> e a agress\u00e3o externa.<\/p>\n<p>Os cabelos quebradi\u00e7os, ba\u00e7os ou enfraquecidos recuperam o seu brilho e elasticidade. Esta dupla a\u00e7\u00e3o <strong>hidratante e nutritivo<\/strong>, Melhora progressivamente a qualidade do cabelo, com resultados vis\u00edveis desde as primeiras aplica\u00e7\u00f5es.<\/p>\n<h2>Como utilizar o champ\u00f4 s\u00f3lido para tirar o m\u00e1ximo partido dos seus benef\u00edcios?<\/h2>\n<p>Adotar um <strong>champ\u00f4 s\u00f3lido<\/strong> requer alguns ajustes simples que podem ser rapidamente incorporados na sua rotina di\u00e1ria. Uma utiliza\u00e7\u00e3o correta garante resultados \u00f3ptimos e prolonga a vida \u00fatil do produto.<\/p>\n<p>Este formato concentrado \u00e9 utilizado diretamente sob a \u00e1gua, humedecido e depois esfregado suavemente no couro cabeludo. Uma pequena quantidade \u00e9 geralmente suficiente para obter uma espuma rica que respeita as necessidades de cada tipo de cabelo. <strong>cabelo<\/strong>.<\/p>\n<h3>Passos fundamentais para uma lavagem bem sucedida<\/h3>\n<ul>\n<li>Humedecer bem a <strong>cabelo<\/strong> e o <strong>champ\u00f4 s\u00f3lido<\/strong>.<\/li>\n<li>Esfregar suavemente o rolo sobre a <strong>couro cabeludo<\/strong> para a forma\u00e7\u00e3o de espuma.<\/li>\n<li>Massajar com as pontas dos dedos para distribuir a mousse.<\/li>\n<li>Enxaguar abundantemente at\u00e9 que todos os vest\u00edgios de produto tenham sido removidos.<\/li>\n<li>Deixar secar <strong>champ\u00f4 s\u00f3lido<\/strong> ao ar livre entre utiliza\u00e7\u00f5es.<\/li>\n<\/ul>\n<p>Este processo incentiva <strong>lavagem suave<\/strong> enquanto reequilibra o couro cabeludo, gra\u00e7as \u00e0 presen\u00e7a de ingredientes naturais como <strong>manteiga de karit\u00e9<\/strong> e o <strong>\u00e1rvore de jujuba<\/strong>.<\/p>\n<h3>Dicas para prolongar a vida \u00fatil do seu champ\u00f4 s\u00f3lido<\/h3>\n<p>Para beneficiar das vantagens do seu <strong>champ\u00f4 s\u00f3lido<\/strong>, s\u00e3o recomendadas determinadas ac\u00e7\u00f5es:<\/p>\n<ul>\n<li>Utilizar um <strong>saboneteira a c\u00e9u aberto<\/strong> para uma secagem \u00f3ptima.<\/li>\n<li>Evitar que o produto fique em \u00e1gua estagnada.<\/li>\n<li>Manter o <strong>champ\u00f4 s\u00f3lido<\/strong> num recipiente seco quando viajar.<\/li>\n<\/ul>\n<p>Este m\u00e9todo n\u00e3o s\u00f3 preserva a textura do champ\u00f4, como tamb\u00e9m prolonga o seu prazo de validade. <strong>propriedades hidratantes e purificantes<\/strong> em cada lavagem.<\/p>\n<h2>Quais s\u00e3o os benef\u00edcios de uma f\u00f3rmula natural para o cabelo e para o ambiente?<\/h2>\n<p>Voltar ao b\u00e1sico com um <strong>sidr champ\u00f4 s\u00f3lido<\/strong> responde a uma dupla exig\u00eancia: beneficiar de <strong>benef\u00edcios cosm\u00e9ticos vis\u00edveis<\/strong> e atuar em prol da sustentabilidade ambiental. Esquecer as embalagens de pl\u00e1stico, reduzir a utiliza\u00e7\u00e3o de conservantes artificiais e privilegiar os ingredientes activos em bruto est\u00e1 a tornar-se acess\u00edvel a todos.<\/p>\n<p>Cada lavagem torna-se um gesto quotidiano mais consciente, no qual a beleza dos produtos \u00e9 real\u00e7ada. <strong>cabelo<\/strong> \u00e9 indissoci\u00e1vel da redu\u00e7\u00e3o dos res\u00edduos poluentes. Formula\u00e7\u00f5es curtas, dominadas por \u00f3leos, lecitina <strong>manteiga de karit\u00e9<\/strong> e o <strong>\u00e1rvore de jujuba<\/strong>, Oferecem uma toler\u00e2ncia ideal mesmo para os escalpes mais exigentes.<\/p>\n<table>\n<tbody>\n<tr>\n<th>Lucro<\/th>\n<th>Descri\u00e7\u00e3o<\/th>\n<\/tr>\n<tr>\n<td><strong>Produto de limpeza suave<\/strong><\/td>\n<td>Eficaz sem descascar o cabelo ou secar o couro cabeludo<\/td>\n<\/tr>\n<tr>\n<td><strong>Adequado para todos os tipos de cabelo<\/strong><\/td>\n<td>F\u00f3rmula vers\u00e1til mesmo para couros cabeludos sens\u00edveis<\/td>\n<\/tr>\n<tr>\n<td><strong>Zero res\u00edduos<\/strong><\/td>\n<td>Embalagem simples, sem pl\u00e1stico ou conservantes desnecess\u00e1rios<\/td>\n<\/tr>\n<tr>\n<td><strong>Efeito de longa dura\u00e7\u00e3o<\/strong><\/td>\n<td>Produto econ\u00f3mico, pouco material necess\u00e1rio para cada utiliza\u00e7\u00e3o<\/td>\n<\/tr>\n<\/tbody>\n<\/table>\n<p>Este <strong>abordagem eco-respons\u00e1vel<\/strong> est\u00e1 em perfeita sintonia com a efici\u00eancia esperada, promovendo um regresso a <strong>compostos da natureza<\/strong>, adaptado a cada perfil de cabelo.<\/p>\n<h2>Perguntas frequentes sobre o champ\u00f4 s\u00f3lido de jujuba<\/h2>\n<div>\n<div>\n<h3>Qual \u00e9 a diferen\u00e7a entre o champ\u00f4 s\u00f3lido de jujuba e o champ\u00f4 l\u00edquido tradicional?<\/h3>\n<div>\n<div>\n<p>A <strong>champ\u00f4 s\u00f3lido de jujuba<\/strong> cont\u00e9m mais\u2019<strong>ingredientes naturais<\/strong>, N\u00e3o cont\u00e9m aditivos sint\u00e9ticos nem conservantes agressivos. \u00c9 formulado para respeitar a natureza das <strong>cabelo<\/strong> sendo f\u00e1cil de transportar gra\u00e7as ao seu tamanho compacto.<\/p>\n<ul>\n<li>Sem garrafas de pl\u00e1stico, menos polui\u00e7\u00e3o<\/li>\n<li>A\u00e7\u00e3o suave para todos os tipos de cabelo<\/li>\n<li>Dura mais tempo do que a maioria dos champ\u00f4s l\u00edquidos<\/li>\n<\/ul>\n<table>\n<tbody>\n<tr>\n<th>Aspeto<\/th>\n<th>Champ\u00f4 s\u00f3lido<\/th>\n<th>Champ\u00f4 l\u00edquido<\/th>\n<\/tr>\n<tr>\n<td>Dura\u00e7\u00e3o da utiliza\u00e7\u00e3o<\/td>\n<td>Mais tempo<\/td>\n<td>Menos tempo<\/td>\n<\/tr>\n<tr>\n<td>Composi\u00e7\u00e3o<\/td>\n<td>Natural<\/td>\n<td>Sint\u00e9tico<\/td>\n<\/tr>\n<tr>\n<td>Pegada ecol\u00f3gica<\/td>\n<td>Baixa<\/td>\n<td>Mais alto<\/td>\n<\/tr>\n<\/tbody>\n<\/table>\n<\/div>\n<\/div>\n<\/div>\n<div>\n<h3>O champ\u00f4 s\u00f3lido \u00e9 adequado para todos os tipos de cabelo?<\/h3>\n<div>\n<div>\n<p>Gra\u00e7as aos seus componentes delicados, tais como <strong>manteiga de karit\u00e9<\/strong> e o <strong>\u00e1rvore de jujuba<\/strong>, este <strong>champ\u00f4 natural<\/strong> \u00e9 compat\u00edvel com <strong>cabelos finos, espessos, encaracolados, lisos ou tratados com cor<\/strong>. Acalma a <strong>couro cabeludo sens\u00edvel<\/strong> assegurando simultaneamente uma limpeza direcionada e suave da fibra capilar.<\/p>\n<ul>\n<li>Nutre intensamente as madeixas secas<\/li>\n<li>Poder purificante para o couro cabeludo oleoso<\/li>\n<li>Preserva a cor dos cabelos tratados<\/li>\n<\/ul>\n<\/div>\n<\/div>\n<\/div>\n<div>\n<h3>Posso alternar o champ\u00f4 s\u00f3lido sidr com outro tratamento?<\/h3>\n<div>\n<div>\n<p>Sim, n\u00e3o h\u00e1 contra-indica\u00e7\u00f5es para aderir ao <strong>champ\u00f4 s\u00f3lido de jujuba<\/strong> numa rotina que inclui outros <strong>m\u00e1scaras hidratantes<\/strong>, ou \u00f3leos e amaciadores naturais para o cabelo. Nas propor\u00e7\u00f5es corretas, prolonga os efeitos de <strong>nutritivo e fortificante<\/strong> cuidados complementares.<\/p>\n<ul>\n<li>Favorecer os produtos naturais para complementar a a\u00e7\u00e3o do champ\u00f4 s\u00f3lido<\/li>\n<li>Lave o seu cabelo em intervalos adequados ao seu tipo de cabelo<\/li>\n<\/ul>\n<\/div>\n<\/div>\n<\/div>\n<div>\n<h3>Qual o papel da manteiga de karit\u00e9 neste champ\u00f4?<\/h3>\n<div>\n<div>\n<p>Le <a href=\"https:\/\/www.miel-store.com\/pt\/p\/beurre-de-karite-du-mali\/\"><strong>manteiga de karit\u00e9<\/strong><\/a> desempenha um papel fundamental na <strong>hidrata\u00e7\u00e3o profunda da fibra capilar<\/strong>, evitando a quebra e as pontas espigadas. O seu poder <strong>nutritivo<\/strong> proporciona uma prote\u00e7\u00e3o duradoura contra os danos ambientais e real\u00e7a o brilho natural do cabelo.<\/p>\n<ul>\n<li>Confere suavidade e elasticidade ao cabelo<\/li>\n<li>Refor\u00e7a a estrutura do cabelo<\/li>\n<li>Alivia a comich\u00e3o do couro cabeludo seco<\/li>\n<\/ul>\n<\/div>\n<\/div>\n<\/div>\n<\/div>","protected":false},"excerpt":{"rendered":"<p>Trate o seu cabelo com um cuidado aut\u00eantico com o nosso\u00a0<strong>champ\u00f4 s\u00f3lido de jujuba (Sidr)<\/strong>, conhecida h\u00e1 s\u00e9culos pelas suas propriedades de limpeza e de prote\u00e7\u00e3o.<\/p>","protected":false},"featured_media":8880,"template":"","meta":[],"product_brand":[],"product_cat":[124,89],"product_tag":[],"class_list":{"0":"post-8362","1":"product","2":"type-product","3":"status-publish","4":"has-post-thumbnail","6":"product_cat-shampoings","7":"product_cat-cosmetiques","9":"first","10":"instock","11":"shipping-taxable","12":"purchasable","13":"product-type-simple"},"_links":{"self":[{"href":"https:\/\/www.miel-store.com\/pt\/wp-json\/wp\/v2\/product\/8362","targetHints":{"allow":["GET"]}}],"collection":[{"href":"https:\/\/www.miel-store.com\/pt\/wp-json\/wp\/v2\/product"}],"about":[{"href":"https:\/\/www.miel-store.com\/pt\/wp-json\/wp\/v2\/types\/product"}],"wp:featuredmedia":[{"embeddable":true,"href":"https:\/\/www.miel-store.com\/pt\/wp-json\/wp\/v2\/media\/8880"}],"wp:attachment":[{"href":"https:\/\/www.miel-store.com\/pt\/wp-json\/wp\/v2\/media?parent=8362"}],"wp:term":[{"taxonomy":"product_brand","embeddable":true,"href":"https:\/\/www.miel-store.com\/pt\/wp-json\/wp\/v2\/product_brand?post=8362"},{"taxonomy":"product_cat","embeddable":true,"href":"https:\/\/www.miel-store.com\/pt\/wp-json\/wp\/v2\/product_cat?post=8362"},{"taxonomy":"product_tag","embeddable":true,"href":"https:\/\/www.miel-store.com\/pt\/wp-json\/wp\/v2\/product_tag?post=8362"}],"curies":[{"name":"wp","href":"https:\/\/api.w.org\/{rel}","templated":true}]}}