{"id":8143,"date":"2025-06-21T15:09:39","date_gmt":"2025-06-21T13:09:39","guid":{"rendered":"https:\/\/www.miel-store.com\/?post_type=product&#038;p=8143"},"modified":"2025-06-21T15:09:39","modified_gmt":"2025-06-21T13:09:39","slug":"beurre-de-cacahuetes-100-naturel-crunchy","status":"publish","type":"product","link":"https:\/\/www.miel-store.com\/pt\/p\/beurre-de-cacahuetes-100-naturel-crunchy","title":{"rendered":"Manteiga de amendoim 100 % natural Crocante"},"content":{"rendered":"<h2 data-start=\"183\" data-end=\"268\"><strong>Beurre de Cacahu\u00e8tes Crunchy 100\u202f% Naturel : Texture Gourmande<\/strong><\/h2>\n<p data-start=\"270\" data-end=\"634\">Craquez pour l\u2019authenticit\u00e9 et la texture irr\u00e9sistible de notre <strong data-start=\"334\" data-end=\"379\">beurre de cacahu\u00e8tes crunchy 100\u202f% naturel<\/strong>, un produit sain et savoureux \u00e9labor\u00e9 sans huile de palme, sans sucre ajout\u00e9 et sans conservateurs. Id\u00e9al pour les amateurs de sensations croquantes, ce beurre de cacahu\u00e8te conserve les \u00e9clats de cacahu\u00e8tes grill\u00e9es pour une exp\u00e9rience gustative intense.<\/p>\n<h3 data-start=\"636\" data-end=\"686\"><strong>Un concentr\u00e9 de bienfaits dans chaque cuill\u00e8re<\/strong><\/h3>\n<p data-start=\"688\" data-end=\"1119\">Riche en <strong data-start=\"697\" data-end=\"720\">prot\u00e9ines v\u00e9g\u00e9tales<\/strong>, notre beurre de cacahu\u00e8te crunchy est une excellente source d\u2019\u00e9nergie pour d\u00e9marrer la journ\u00e9e ou recharger les batteries apr\u00e8s une s\u00e9ance de sport. Il contient \u00e9galement des <strong data-start=\"897\" data-end=\"922\">acides gras insatur\u00e9s<\/strong>, b\u00e9n\u00e9fiques pour le c\u0153ur, ainsi que des vitamines B3 et E, du magn\u00e9sium et du zinc. Gr\u00e2ce \u00e0 sa <strong data-start=\"1018\" data-end=\"1049\">composition 100\u202f% naturelle<\/strong>, il s\u2019int\u00e8gre parfaitement dans une alimentation saine et \u00e9quilibr\u00e9e.<\/p>\n<p data-start=\"1152\" data-end=\"1571\">Vous vous demandez si le <strong data-start=\"1177\" data-end=\"1222\">beurre de cacahu\u00e8tes est bon pour la sant\u00e9<\/strong> ? La r\u00e9ponse est oui, \u00e0 condition de choisir un produit naturel, sans ajouts inutiles. Contrairement \u00e0 certaines p\u00e2tes \u00e0 tartiner industrielles, notre beurre crunchy est <strong data-start=\"1393\" data-end=\"1407\">sans sucre<\/strong>, <strong data-start=\"1409\" data-end=\"1432\">sans huile de palme<\/strong> e <strong data-start=\"1436\" data-end=\"1466\">faible en glucides simples<\/strong>. Il convient aussi bien aux sportifs, v\u00e9g\u00e9tariens, qu\u2019aux personnes soucieuses de leur apport calorique.<\/p>\n<h3 data-start=\"1573\" data-end=\"1595\">\u00c0 d\u00e9couvrir aussi\u2026<\/h3>\n<p data-start=\"1597\" data-end=\"1782\">Vous pr\u00e9f\u00e9rez une texture plus lisse et onctueuse ? D\u00e9couvrez \u00e9galement notre <a class=\"\" href=\"https:\/\/www.miel-store.com\/pt\/p\/beurre-de-cacahuetes-100-naturel-200g\/\" rel=\"noopener\" data-start=\"1675\" data-end=\"1727\"><strong data-start=\"1676\" data-end=\"1723\">beurre de cacahu\u00e8tes 100\u202f% naturel classique<\/strong><\/a>, id\u00e9al pour les smoothies, les sauces ou les tartines.<\/p>","protected":false},"excerpt":{"rendered":"<p>Beurre de cacahu\u00e8tes.<\/p>\n<p>Frasco de 200g.<\/p>","protected":false},"featured_media":8144,"template":"","meta":[],"product_brand":[],"product_cat":[113],"product_tag":[],"class_list":{"0":"post-8143","1":"product","2":"type-product","3":"status-publish","4":"has-post-thumbnail","6":"product_cat-epicerie-fine","8":"first","9":"instock","10":"shipping-taxable","11":"purchasable","12":"product-type-simple"},"_links":{"self":[{"href":"https:\/\/www.miel-store.com\/pt\/wp-json\/wp\/v2\/product\/8143","targetHints":{"allow":["GET"]}}],"collection":[{"href":"https:\/\/www.miel-store.com\/pt\/wp-json\/wp\/v2\/product"}],"about":[{"href":"https:\/\/www.miel-store.com\/pt\/wp-json\/wp\/v2\/types\/product"}],"wp:featuredmedia":[{"embeddable":true,"href":"https:\/\/www.miel-store.com\/pt\/wp-json\/wp\/v2\/media\/8144"}],"wp:attachment":[{"href":"https:\/\/www.miel-store.com\/pt\/wp-json\/wp\/v2\/media?parent=8143"}],"wp:term":[{"taxonomy":"product_brand","embeddable":true,"href":"https:\/\/www.miel-store.com\/pt\/wp-json\/wp\/v2\/product_brand?post=8143"},{"taxonomy":"product_cat","embeddable":true,"href":"https:\/\/www.miel-store.com\/pt\/wp-json\/wp\/v2\/product_cat?post=8143"},{"taxonomy":"product_tag","embeddable":true,"href":"https:\/\/www.miel-store.com\/pt\/wp-json\/wp\/v2\/product_tag?post=8143"}],"curies":[{"name":"wp","href":"https:\/\/api.w.org\/{rel}","templated":true}]}}