{"id":739,"date":"2022-03-14T06:24:38","date_gmt":"2022-03-14T05:24:38","guid":{"rendered":"https:\/\/www.miel-store.com\/?post_type=product&#038;p=739"},"modified":"2026-05-06T12:57:12","modified_gmt":"2026-05-06T10:57:12","slug":"habachia-oleo-de-cominhos-pretos-100ml","status":"publish","type":"product","link":"https:\/\/www.miel-store.com\/pt\/p\/huile-de-nigelle-dethiopie-habachia-100ml","title":{"rendered":"\u00d3leo de cominho preto da Eti\u00f3pia (Habachia) - Frasco de vidro anti-UV - 100 ml"},"content":{"rendered":"<div style=\"background: linear-gradient(135deg, #2d2458 0%, #4a3f7a 50%, #6b5b95 100%); padding: 20px; border-radius: 10px; margin-bottom: 20px; color: #f4d58d;\">\n<p><strong>\u00d3leo de Nigella da Eti\u00f3pia Habachia<\/strong> \u00e9 um <strong>\u00f3leo puro prensado a frio<\/strong> um \u00f3leo excecional produzido a partir de sementes de nigella sativa cultivadas nas terras altas da Eti\u00f3pia. Dispon\u00edvel em <strong>Frasco de 100ml<\/strong> em <strong>Loja de mel<\/strong>, Este \u00f3leo tradicional \u00e9 <strong>mensal prensado a frio<\/strong> e armazenados num <strong>Frasco de vidro resistente aos raios UV<\/strong> para preservar toda a sua qualidade.<\/p>\n<p>Criado para quem procura um <strong>\u00f3leo de cominho preto aut\u00eantico e controlado<\/strong>, a nossa Habachia da Eti\u00f3pia \u00e9 <strong>analisado num laborat\u00f3rio franc\u00eas<\/strong> para garantir a sua pureza. Uma tradi\u00e7\u00e3o oriental milenar combinada com padr\u00f5es de qualidade modernos.<\/p>\n<\/div>\n<h2>\u00d3leo de semente preta Habachia: o tesouro da Eti\u00f3pia<\/h2>\n<p>L\u2019<strong>\u00d3leo de Nigella da Eti\u00f3pia Habachia<\/strong> representa a excel\u00eancia da tradi\u00e7\u00e3o oriental. Extra\u00eddo das sementes de <strong>Nigella Sativa<\/strong> Cultivado no solo f\u00e9rtil dos planaltos et\u00edopes, este azeite beneficia de um terroir excecional que lhe confere carater\u00edsticas organol\u00e9pticas \u00fanicas.<\/p>\n<p>O termo <strong>\u00abHabachia\u00bb<\/strong> refere-se \u00e0 Eti\u00f3pia na tradi\u00e7\u00e3o \u00e1rabe antiga, o que atesta a origem prestigiosa deste \u00f3leo. Utilizado h\u00e1 mais de 3000 anos nos rituais orientais de beleza e bem-estar, o \u00f3leo de nigela et\u00edope tem a reputa\u00e7\u00e3o de ser um dos \u00f3leos de maior qualidade do mundo.<\/p>\n<h2>\ud83c\udfd4\ufe0f Origem et\u00edope: um terroir excecional<\/h2>\n<p>L\u2019<strong>Eti\u00f3pia<\/strong>, ber\u00e7o da civiliza\u00e7\u00e3o e cruzamento de culturas antigas, oferece condi\u00e7\u00f5es ideais para o cultivo do cominho preto:<\/p>\n<div style=\"background: #ffffff; border-left: 4px solid #6b5b95; padding: 15px; margin: 15px 0;\">\n<ul style=\"list-style: none; padding-left: 0;\">\n<li><strong>\ud83c\udf04 Terras altas f\u00e9rteis :<\/strong> Altitude ideal e solos ricos<br \/><em>Condi\u00e7\u00f5es naturais ideais para sementes de cominho preto com uma elevada concentra\u00e7\u00e3o de ingredientes activos<\/em><\/li>\n<li style=\"margin-top: 10px;\"><strong>\u2600\ufe0f Clima equilibrado:<\/strong> Sol generoso e esta\u00e7\u00f5es regulares<br \/><em>Sementes perfeitamente amadurecidas para um azeite de qualidade superior<\/em><\/li>\n<li style=\"margin-top: 10px;\"><strong>Agricultura tradicional :<\/strong> M\u00e9todos ancestrais respeitosos<br \/><em>Cultivo sem pesticidas qu\u00edmicos, com respeito pelo solo<\/em><\/li>\n<li style=\"margin-top: 10px;\"><strong>Mil anos de know-how :<\/strong> Sele\u00e7\u00e3o e colheita manual<br \/><em>Transmitir o conhecimento bot\u00e2nico atrav\u00e9s das gera\u00e7\u00f5es<\/em><\/li>\n<li style=\"margin-top: 10px;\"><strong>\ud83d\udc8e Variedade Habachia :<\/strong> Nigella Sativa premium da Eti\u00f3pia<br \/><em>Sementes pretas brilhantes conhecidas pela sua concentra\u00e7\u00e3o excecional<\/em><\/li>\n<\/ul>\n<\/div>\n<h2>\u2744\ufe0f Primeira prensagem mensal a frio: frescura garantida<\/h2>\n<p>Em <strong>Loja de mel<\/strong>, O nosso compromisso \u00fanico com a qualidade distingue-nos da concorr\u00eancia. <strong>O \u00d3leo de Nigella Et\u00edope Habachia \u00e9 prensado a frio todos os meses.<\/strong>. Este m\u00e9todo tradicional garante :<\/p>\n<div style=\"background: #f9f7fb; padding: 20px; border-radius: 8px; margin: 20px 0;\">\n<ul>\n<li>\ud83c\udf21\ufe0f <strong>Press\u00e3o a temperatura controlada<\/strong> : Nunca acima de 40\u00b0C para preservar todos os compostos naturais<\/li>\n<li>\ud83d\udd2c <strong>M\u00e9todo mec\u00e2nico puro<\/strong> Sem solventes qu\u00edmicos, extra\u00e7\u00e3o mec\u00e2nica 100%<\/li>\n<li>\ud83d\udcc5 <strong>Produ\u00e7\u00e3o mensal<\/strong> : \u00d3leo sempre fresco, nunca armazenado durante muito tempo<\/li>\n<li>\ud83d\udca7 <strong>Apenas a primeira impress\u00e3o<\/strong> O mais rico em ingredientes activos naturais<\/li>\n<li>\u2728 <strong>Filtragem natural<\/strong> Conserva\u00e7\u00e3o de todos os elementos ben\u00e9ficos<\/li>\n<li>\ud83c\udf3f <strong>N\u00e3o refinado<\/strong> Petr\u00f3leo bruto, aut\u00eantico, n\u00e3o modificado<\/li>\n<li>\ud83c\udfc6 <strong>Qualidade superior<\/strong> Cor dourada escura, aroma intenso carater\u00edstico<\/li>\n<\/ul>\n<\/div>\n<h2>Analisado num laborat\u00f3rio franc\u00eas: seguran\u00e7a e rastreabilidade<\/h2>\n<p>Cada lote do nosso <strong>\u00d3leo de Nigella da Eti\u00f3pia Habachia<\/strong> \u00e9 <strong>analisado num laborat\u00f3rio franc\u00eas independente<\/strong> para garantir :<\/p>\n<ul>\n<li>\u2705 <strong>Pureza verificada<\/strong> Aus\u00eancia de contaminantes ou adulterantes<\/li>\n<li>\u2705 <strong>Composi\u00e7\u00e3o controlada<\/strong> Verifica\u00e7\u00e3o de \u00e1cidos gordos e compostos naturais<\/li>\n<li>\u2705 <strong>Sem pesticidas<\/strong> Testes rigorosos de res\u00edduos qu\u00edmicos<\/li>\n<li>\u2705 <strong>Qualidade microbiol\u00f3gica<\/strong> Conformidade com as normas europeias<\/li>\n<li>\u2705 <strong>Rastreabilidade total<\/strong> Das origens et\u00edopes \u00e0 garrafa<\/li>\n<li>\u2705 <strong>Certificados dispon\u00edveis<\/strong> Transpar\u00eancia total em mat\u00e9ria de qualidade<\/li>\n<li>\u2705 <strong>Normas francesas<\/strong> Conformidade com os regulamentos mais rigorosos<\/li>\n<\/ul>\n<h2>Garrafa de vidro anti-UV: prote\u00e7\u00e3o ideal<\/h2>\n<p>L\u2019<strong>\u00d3leo de Nigella da Eti\u00f3pia Habachia<\/strong> \u00e9 embalado numa <strong>Frasco de vidro \u00e2mbar resistente aos raios UV<\/strong> especialmente concebido para preservar a sua qualidade:<\/p>\n<div style=\"background: #ffffff; border-left: 4px solid #6b5b95; padding: 15px; margin: 15px 0;\">\n<p><strong>\ud83d\udee1\ufe0f Prote\u00e7\u00e3o contra a luz :<\/strong> O vidro \u00e2mbar escuro filtra os raios UV nocivos que podem degradar os ingredientes activos naturais do \u00f3leo. Esta prote\u00e7\u00e3o \u00e9 essencial para manter intactas as propriedades do cominho preto.<\/p>\n<p style=\"margin-top: 10px;\"><strong>\u267b\ufe0f Um material nobre e ecol\u00f3gico:<\/strong> O vidro \u00e9 inerte, pelo que, ao contr\u00e1rio do pl\u00e1stico, n\u00e3o migra quaisquer subst\u00e2ncias para o \u00f3leo. \u00c9 tamb\u00e9m 100% recicl\u00e1vel, em conformidade com o nosso compromisso ambiental.<\/p>\n<p style=\"margin-top: 10px;\"><strong>\ud83c\udf21\ufe0f Conserva\u00e7\u00e3o \u00f3ptima :<\/strong> O vidro mant\u00e9m uma temperatura est\u00e1vel e protege o azeite de varia\u00e7\u00f5es t\u00e9rmicas que poderiam alterar a sua qualidade.<\/p>\n<p style=\"margin-top: 10px;\"><strong>Rolha herm\u00e9tica :<\/strong> Fecho de rosca seguro com selo para evitar a oxida\u00e7\u00e3o e preservar a frescura.<\/p>\n<\/div>\n<h2>O que torna o nosso \u00f3leo de cominho preto \u00fanico<\/h2>\n<div style=\"background: #f9f7fb; padding: 20px; border-radius: 8px; margin: 20px 0;\">\n<ul>\n<li><strong>\ud83c\uddea\ud83c\uddf9 Origem Habachia da Eti\u00f3pia<\/strong> - Terroir de planalto de qualidade superior<\/li>\n<li><strong>\u2744\ufe0f Press\u00e3o a frio mensal<\/strong> - Frescura e qualidade excepcionais<\/li>\n<li><strong>Analisado num laborat\u00f3rio franc\u00eas<\/strong> - Seguran\u00e7a e rastreabilidade garantidas<\/li>\n<li><strong>Garrafa de vidro anti-UV<\/strong> - Prote\u00e7\u00e3o \u00f3ptima dos ingredientes activos<\/li>\n<li><strong>Apenas a primeira impress\u00e3o<\/strong> - Concentra\u00e7\u00e3o m\u00e1xima natural<\/li>\n<li><strong>100% puro e natural<\/strong> - Sem aditivos, sem refina\u00e7\u00e3o<\/li>\n<li><strong>Formato pr\u00e1tico de 100ml<\/strong> - Ideal para principiantes ou para uso di\u00e1rio<\/li>\n<li><strong>\ud83c\udfc6 Qualidade superior certificada<\/strong> - Loja Excellence Miel<\/li>\n<\/ul>\n<\/div>\n<h2>Formatos dispon\u00edveis para todas as suas necessidades<\/h2>\n<p>L\u2019<strong>\u00d3leo de Nigella da Eti\u00f3pia Habachia<\/strong> est\u00e1 dispon\u00edvel em v\u00e1rios formatos para se adaptar \u00e0s suas necessidades:<\/p>\n<div style=\"background: #f9f7fb; padding: 20px; border-radius: 8px; margin: 20px 0;\">\n<p><strong>\ud83d\udca7 Formato 100ml :<\/strong> <em>(Esta p\u00e1gina)<\/em><\/p>\n<p>Ideal para descobrir o \u00f3leo de cominho preto Habachia ou para uma utiliza\u00e7\u00e3o quotidiana moderada. Formato pr\u00e1tico que \u00e9 f\u00e1cil de guardar e levar para qualquer lado. Perfeito para cuidados faciais, cuidados capilares ou aplica\u00e7\u00f5es espec\u00edficas.<\/p>\n<p style=\"margin-top: 15px;\"><strong>Tamanhos de 500 ml e 1 litro:<\/strong><\/p>\n<p>Para utilizadores regulares ou fam\u00edlias, descubra a nossa <a style=\"color: #6b5b95; font-weight: bold; text-decoration: none;\" href=\"https:\/\/www.miel-store.com\/pt\/p\/huile-de-nigelle-dethiopie-habachia\/\">\u00d3leo de Cominho Preto Habachia 500ml e 1L<\/a>, com uma excelente rela\u00e7\u00e3o qualidade\/pre\u00e7o. A mesma qualidade premium, a mesma prensagem mensal a frio, o mesmo controlo laboratorial, em formatos mais econ\u00f3micos para uma utiliza\u00e7\u00e3o intensiva em todo o corpo ou para prepara\u00e7\u00f5es cosm\u00e9ticas caseiras.<\/p>\n<p style=\"margin-top: 15px;\"><strong>Como \u00e9 que escolho?<\/strong><\/p>\n<ul style=\"margin-top: 10px;\">\n<li><strong>100ml<\/strong> Descoberta, viagem, cuidados espec\u00edficos para o rosto\/cabelo (2-3 meses de utiliza\u00e7\u00e3o)<\/li>\n<li><strong>500ml<\/strong> Utiliza\u00e7\u00e3o familiar regular, cuidados corporais completos (4-6 meses)<\/li>\n<li><strong>1 litro<\/strong> Grandes consumidores, prepara\u00e7\u00f5es cosm\u00e9ticas, melhor rela\u00e7\u00e3o qualidade\/pre\u00e7o<\/li>\n<\/ul>\n<\/div>\n<h2>Completar o ritual do cominho preto<\/h2>\n<p>Para uma rotina de beleza completa com cominho preto da Eti\u00f3pia, combine o seu \u00f3leo com o nosso <a style=\"color: #6b5b95; font-weight: bold; text-decoration: none;\" href=\"https:\/\/www.miel-store.com\/pt\/p\/champo-solido-de-cominhos-pretos\/\">Champ\u00f4 s\u00f3lido com Nigella<\/a>, formulado para limpar e fortalecer o cabelo, respeitando o couro cabeludo.<\/p>\n<p>Este champ\u00f4 s\u00f3lido natural concentrado em \u00f3leo de cominho preto limpa suavemente, fortalece a fibra capilar e real\u00e7a o seu cabelo. Utilize o \u00f3leo como m\u00e1scara intensiva antes do champ\u00f4 e depois lave com o champ\u00f4 s\u00f3lido de nigela para um ritual capilar completo e consistente. Uma sinergia perfeita para um cabelo naturalmente fortificado e brilhante.<\/p>\n<h2>A quem se destina este \u00f3leo de cominho preto?<\/h2>\n<div style=\"background: #fffbfd; padding: 20px; border-radius: 8px; margin: 20px 0;\">\n<p>Este azeite de qualidade superior da Eti\u00f3pia \u00e9 a escolha perfeita para :<\/p>\n<ul>\n<li><strong>Os puristas<\/strong> \u00e0 procura de \u00f3leo de cominho preto aut\u00eantico e rastre\u00e1vel<\/li>\n<li><strong>F\u00e3s dos cuidados naturais da pele<\/strong> exigente em termos de qualidade<\/li>\n<li><strong>Toda a fam\u00edlia<\/strong> para uso cosm\u00e9tico tradicional<\/li>\n<li><strong>Cuidados com o cabelo<\/strong> m\u00e1scaras, banhos de \u00f3leo, pontas secas<\/li>\n<li><strong>Cuidados faciais<\/strong> Aplicar puro ou misturado com creme de dia<\/li>\n<li><strong>Cuidados com o corpo<\/strong> massagem, zonas secas, hidrata\u00e7\u00e3o profunda<\/li>\n<li><strong>Cuidados com a barba<\/strong> nutri\u00e7\u00e3o, brilho, elasticidade<\/li>\n<li><strong>Prenda aut\u00eantica<\/strong> para os amantes de produtos naturais de primeira qualidade<\/li>\n<\/ul>\n<\/div>\n<h2>Perguntas frequentes sobre o \u00d3leo de Nigella Habachia<\/h2>\n<div itemscope=\"\" itemtype=\"https:\/\/schema.org\/FAQPage\">\n<div style=\"margin-bottom: 20px;\" itemprop=\"mainEntity\" itemscope=\"\" itemtype=\"https:\/\/schema.org\/Question\">\n<h3 style=\"color: #6b5b95;\" itemprop=\"name\">Porqu\u00ea escolher o cominho preto da Eti\u00f3pia Habachia?<\/h3>\n<div itemprop=\"acceptedAnswer\" itemscope=\"\" itemtype=\"https:\/\/schema.org\/Answer\">\n<p itemprop=\"text\">La <strong>Cominho preto da Eti\u00f3pia Habachia<\/strong> \u00e9 conhecida pela sua qualidade superior, gra\u00e7as ao terroir excecional dos planaltos et\u00edopes. O clima, a altitude e os m\u00e9todos tradicionais de cultivo produzem sementes mais concentradas em ingredientes activos naturais, oferecendo um elevado n\u00edvel de sabor. <strong>\u00f3leo mais rico e mais eficaz<\/strong> do que os cominhos pretos de outras origens.<\/p>\n<\/div>\n<\/div>\n<div style=\"margin-bottom: 20px;\" itemprop=\"mainEntity\" itemscope=\"\" itemtype=\"https:\/\/schema.org\/Question\">\n<h3 style=\"color: #6b5b95;\" itemprop=\"name\">O que \u00e9 a primeira prensagem a frio?<\/h3>\n<div itemprop=\"acceptedAnswer\" itemscope=\"\" itemtype=\"https:\/\/schema.org\/Answer\">\n<p itemprop=\"text\">La <strong>primeira prensagem a frio<\/strong> \u00e9 um m\u00e9todo de extra\u00e7\u00e3o mec\u00e2nica com temperatura controlada (inferior a 40\u00b0C) que preserva todos os compostos naturais do cominho preto. Ao contr\u00e1rio dos m\u00e9todos industriais que utilizam calor ou solventes, esta t\u00e9cnica tradicional garante um elevado n\u00edvel de qualidade. <strong>\u00f3leo puro, n\u00e3o desnaturado, rico em princ\u00edpios activos intactos<\/strong>.<\/p>\n<\/div>\n<\/div>\n<div style=\"margin-bottom: 20px;\" itemprop=\"mainEntity\" itemscope=\"\" itemtype=\"https:\/\/schema.org\/Question\">\n<h3 style=\"color: #6b5b95;\" itemprop=\"name\">Porque \u00e9 que se carrega o \u00f3leo todos os meses?<\/h3>\n<div itemprop=\"acceptedAnswer\" itemscope=\"\" itemtype=\"https:\/\/schema.org\/Answer\">\n<p itemprop=\"text\">Pressionamos o nosso <strong>\u00d3leo de Nigella Habachia mensal<\/strong> para garantir <strong>frescura \u00f3ptima<\/strong>. O \u00f3leo acabado de prensar conserva melhor as suas propriedades naturais do que o \u00f3leo armazenado durante meses. Este requisito \u00fanico permite-nos oferecer-lhe uma qualidade superior e consistente, lote ap\u00f3s lote.<\/p>\n<\/div>\n<\/div>\n<div style=\"margin-bottom: 20px;\" itemprop=\"mainEntity\" itemscope=\"\" itemtype=\"https:\/\/schema.org\/Question\">\n<h3 style=\"color: #6b5b95;\" itemprop=\"name\">Como utilizar o \u00f3leo de cominho preto no meu cabelo?<\/h3>\n<div itemprop=\"acceptedAnswer\" itemscope=\"\" itemtype=\"https:\/\/schema.org\/Answer\">\n<p itemprop=\"text\">Para o cabelo, aplicar\u2019<strong>\u00d3leo de Nigella Habachia<\/strong> em <strong>m\u00e1scara pr\u00e9-shampoo<\/strong> Aplicar generosamente nos cabelos secos, da raiz \u00e0s pontas, massajar o couro cabeludo, deixar atuar entre 30 minutos a 2 horas (ou durante a noite) e depois lavar com um champ\u00f4 suave. Para um ritual completo, utilize o nosso <a style=\"color: #6b5b95;\" href=\"https:\/\/www.miel-store.com\/pt\/p\/champo-solido-de-cominhos-pretos\/\">Champ\u00f4 s\u00f3lido Nigella<\/a>.<\/p>\n<\/div>\n<\/div>\n<div style=\"margin-bottom: 20px;\" itemprop=\"mainEntity\" itemscope=\"\" itemtype=\"https:\/\/schema.org\/Question\">\n<h3 style=\"color: #6b5b95;\" itemprop=\"name\">Como deve ser armazenado o \u00f3leo de cominho preto?<\/h3>\n<div itemprop=\"acceptedAnswer\" itemscope=\"\" itemtype=\"https:\/\/schema.org\/Answer\">\n<p itemprop=\"text\">Mantenha o seu <strong>\u00d3leo de Nigella Habachia<\/strong> na sua <strong>frasco de vidro resistente aos raios UV, hermeticamente fechado<\/strong>, Conservar ao abrigo da luz direta e do calor. Temperatura ideal: 15-25\u00b0C. Evitar a casa de banho (humidade) e a proximidade de fontes de calor. Se for corretamente armazenado, conservar\u00e1 as suas propriedades durante 12 a 18 meses ap\u00f3s a abertura.<\/p>\n<\/div>\n<\/div>\n<div style=\"margin-bottom: 20px;\" itemprop=\"mainEntity\" itemscope=\"\" itemtype=\"https:\/\/schema.org\/Question\">\n<h3 style=\"color: #6b5b95;\" itemprop=\"name\">O \u00f3leo de cominho preto pode ser utilizado no rosto?<\/h3>\n<div itemprop=\"acceptedAnswer\" itemscope=\"\" itemtype=\"https:\/\/schema.org\/Answer\">\n<p itemprop=\"text\">Sim, o\u2019<strong>\u00d3leo de Nigella da Eti\u00f3pia Habachia<\/strong> pode ser utilizado no rosto. Aplicar <strong>algumas gotas \u00e0 noite<\/strong> na pele limpa e seca, massajando suavemente. Tamb\u00e9m pode ser misturado com o seu creme de noite habitual. Recomendamos um <strong>teste preliminar numa pequena \u00e1rea<\/strong> para verificar a toler\u00e2ncia da pele.<\/p>\n<\/div>\n<\/div>\n<div itemprop=\"mainEntity\" itemscope=\"\" itemtype=\"https:\/\/schema.org\/Question\">\n<h3 style=\"color: #6b5b95;\" itemprop=\"name\">Onde posso comprar \u00f3leo de cominho preto Habachia da Eti\u00f3pia?<\/h3>\n<div itemprop=\"acceptedAnswer\" itemscope=\"\" itemtype=\"https:\/\/schema.org\/Answer\">\n<p itemprop=\"text\">L\u2019<strong>\u00d3leo de Nigella da Eti\u00f3pia Habachia<\/strong> est\u00e1 dispon\u00edvel em <strong>Loja de mel<\/strong>, o seu especialista em produtos naturais aut\u00eanticos com entrega cuidadosa em Fran\u00e7a. Encomende online para receber este \u00f3leo de qualidade superior, prensado a frio mensalmente e analisado num laborat\u00f3rio franc\u00eas.<\/p>\n<\/div>\n<\/div>\n<\/div>\n<h2>\ud83c\udf3f Compromisso de qualidade da Miel Store<\/h2>\n<p>Ao escolher\u2019<strong>\u00d3leo de Nigella da Eti\u00f3pia Habachia<\/strong> em <strong>Loja de mel<\/strong>, beneficia de :<\/p>\n<ul>\n<li>\u2705 <strong>Origem garantida<\/strong> : Habachia aut\u00eantica e rastre\u00e1vel da Eti\u00f3pia<\/li>\n<li>\u2705 <strong>Press\u00e3o de frio mensal<\/strong> : Frescura excecional constante<\/li>\n<li>\u2705 <strong>An\u00e1lises laboratoriais francesas<\/strong> Seguran\u00e7a e pureza verificadas<\/li>\n<li>\u2705 <strong>Garrafas de vidro resistentes aos raios UV<\/strong> Prote\u00e7\u00e3o \u00f3ptima dos ingredientes activos<\/li>\n<li>\u2705 <strong>Conselhos de especialistas<\/strong> A nossa equipa guia-o atrav\u00e9s de<\/li>\n<li>\u2705 <strong>Embalagem cuidadosa<\/strong> Prote\u00e7\u00e3o m\u00e1xima durante o transporte<\/li>\n<li>\u2705 <strong>Entrega r\u00e1pida<\/strong> : Envio seguro para Fran\u00e7a<\/li>\n<li>\u2705 <strong>Transpar\u00eancia total<\/strong> Informa\u00e7\u00f5es completas sobre cada lote<\/li>\n<\/ul>\n<h2>Como utilizar o \u00f3leo de Nigella<\/h2>\n<p>Para tirar o m\u00e1ximo partido da sua <strong>\u00d3leo de Nigella da Eti\u00f3pia Habachia<\/strong> :<\/p>\n<ul>\n<li><strong>Cuidados faciais<\/strong> 2-3 gotas \u00e0 noite na pele limpa, massagem circular suave<\/li>\n<li><strong>M\u00e1scara capilar<\/strong> Aplica\u00e7\u00e3o generosa, 30 min a 2 horas antes do champ\u00f4<\/li>\n<li><strong>Massagem corporal<\/strong> Algumas gotas nas zonas visadas, massajar at\u00e9 serem absorvidas.<\/li>\n<li><strong>Cuidados com a barba<\/strong> 2-3 gotas por dia, massajar e pentear<\/li>\n<li><strong>M\u00e3os e unhas<\/strong> Massajar \u00e0 noite para nutrir as cut\u00edculas e as unhas<\/li>\n<li><strong>P\u00e9s secos<\/strong> Aplica\u00e7\u00e3o generosa, meias de algod\u00e3o durante toda a noite<\/li>\n<li><strong>Antes da aplica\u00e7\u00e3o<\/strong> Aquecer algumas gotas entre as palmas das m\u00e3os para facilitar a penetra\u00e7\u00e3o.<\/li>\n<li><strong>Regularidade<\/strong> Utiliza\u00e7\u00e3o di\u00e1ria para obter benef\u00edcios \u00f3ptimos a longo prazo<\/li>\n<\/ul>\n<h2>Cominho preto na tradi\u00e7\u00e3o oriental<\/h2>\n<p>La <strong>nigela<\/strong> (Nigella Sativa), tamb\u00e9m conhecido como \u00abcominho preto\u00bb ou \u00abhabba sawda\u00bb, \u00e9 uma planta arom\u00e1tica utilizada h\u00e1 mais de 3000 anos nas tradi\u00e7\u00f5es orientais, mediterr\u00e2nicas e asi\u00e1ticas:<\/p>\n<div style=\"background: #f9f7fb; padding: 15px; border-radius: 8px; margin: 15px 0;\">\n<p><strong>Mil anos de patrim\u00f3nio :<\/strong> Mencionado nos antigos textos eg\u00edpcios, gregos e \u00e1rabes, o cominho preto era considerado uma planta preciosa nos rituais de beleza das rainhas e dos fara\u00f3s. Foram mesmo encontradas sementes no t\u00famulo de Tutankhamon.<\/p>\n<p style=\"margin-top: 10px;\"><strong>\ud83c\udf0d Distribui\u00e7\u00e3o mundial :<\/strong> Origin\u00e1rio do M\u00e9dio Oriente, o cominho preto espalhou-se pelo Mediterr\u00e2neo, \u00c1sia e \u00c1frica Oriental, sendo a Eti\u00f3pia uma das zonas mais conhecidas pela sua qualidade excecional.<\/p>\n<p style=\"margin-top: 10px;\"><strong>\ud83d\udc9a Utiliza\u00e7\u00e3o tradicional :<\/strong> Utilizado em cosm\u00e9ticos naturais para cuidados da pele, do cabelo e do corpo em rituais de beleza orientais h\u00e1 s\u00e9culos. Transmitido de gera\u00e7\u00e3o em gera\u00e7\u00e3o como um segredo de beleza natural.<\/p>\n<p style=\"margin-top: 10px;\"><strong>\ud83d\udd2c Composi\u00e7\u00e3o rica :<\/strong> O \u00f3leo de cominho preto cont\u00e9m naturalmente timoquinona, \u00e1cidos gordos essenciais (\u00f3mega 6 e 9), vitaminas e minerais, o que explica a sua utiliza\u00e7\u00e3o tradicional secular.<\/p>\n<p>Um patrim\u00f3nio ancestral : <strong>tradi\u00e7\u00e3o, autenticidade, naturalidade<\/strong>.<\/p>\n<\/div>\n<h2>Porqu\u00ea an\u00e1lises laboratoriais francesas?<\/h2>\n<p>L\u2019<strong>an\u00e1lise efectuada por um laborat\u00f3rio franc\u00eas independente<\/strong> do nosso \u00d3leo de Habachia Nigella fornece garantias essenciais:<\/p>\n<div style=\"background: #ffffff; border: 2px solid #6b5b95; padding: 20px; border-radius: 8px; margin: 20px 0;\">\n<p><strong>Controlos efectuados:<\/strong><\/p>\n<ul>\n<li><strong>Pureza<\/strong> Verifica\u00e7\u00e3o de que se trata de Nigella Sativa 100% pura, sem qualquer mistura.<\/li>\n<li><strong>Composi\u00e7\u00e3o<\/strong> An\u00e1lise dos \u00e1cidos gordos (\u00f3mega 6, 9) e dos princ\u00edpios activos naturais<\/li>\n<li><strong>Pesticidas<\/strong> Pesquisa de res\u00edduos de tratamentos qu\u00edmicos (LOD\/LOQ)<\/li>\n<li><strong>Metais pesados<\/strong> Controlo da contamina\u00e7\u00e3o (chumbo, merc\u00fario, c\u00e1dmio)<\/li>\n<li><strong>Microbiologia<\/strong> Testes de contamina\u00e7\u00e3o bacteriana e f\u00fangica<\/li>\n<li><strong>Per\u00f3xido<\/strong> Indicador de frescura e de boa conserva\u00e7\u00e3o<\/li>\n<li><strong>Acidez<\/strong> Medi\u00e7\u00e3o da qualidade do \u00f3leo<\/li>\n<\/ul>\n<p style=\"margin-top: 15px;\"><strong>Porqu\u00ea um laborat\u00f3rio franc\u00eas?<\/strong><\/p>\n<p>Os laborat\u00f3rios franceses aplicam as normas europeias mais rigorosas (CE) e oferecem uma rastreabilidade total. Cada certificado de an\u00e1lise \u00e9 conservado em arquivo e est\u00e1 dispon\u00edvel a pedido, garantindo uma rastreabilidade total. <strong>transpar\u00eancia total<\/strong> na qualidade do seu \u00f3leo de cominho preto.<\/p>\n<\/div>\n<h2>\ud83d\udccb Especifica\u00e7\u00f5es t\u00e9cnicas<\/h2>\n<div style=\"background: #ffffff; border: 2px solid #6b5b95; padding: 20px; border-radius: 8px; margin: 20px 0;\">\n<p><strong>Carater\u00edsticas :<\/strong><\/p>\n<ul>\n<li><strong>Nome bot\u00e2nico<\/strong> Nigella Sativa<\/li>\n<li><strong>Origem<\/strong> Habachia da Eti\u00f3pia (planaltos)<\/li>\n<li><strong>Extra\u00e7\u00e3o<\/strong> Primeira prensagem mec\u00e2nica a frio (&lt;40\u00b0C)<\/li>\n<li><strong>Frequ\u00eancia de press\u00e3o<\/strong> Mensalmente para uma frescura \u00f3ptima<\/li>\n<li><strong>Controlo<\/strong> An\u00e1lise efectuada por um laborat\u00f3rio franc\u00eas independente<\/li>\n<li><strong>Embalagem<\/strong> Garrafa em vidro \u00e2mbar resistente aos raios UV<\/li>\n<li><strong>Formato<\/strong> 100ml<\/li>\n<li><strong>Aspeto<\/strong> L\u00edquido oleoso dourado escuro<\/li>\n<li><strong>Odor<\/strong> Carater\u00edstica arom\u00e1tica intensa<\/li>\n<li><strong>Conserva\u00e7\u00e3o<\/strong> 12-18 meses ap\u00f3s a abertura, se armazenado corretamente<\/li>\n<li><strong>Utiliza\u00e7\u00e3o<\/strong> Apenas cosm\u00e9ticos para o exterior<\/li>\n<li><strong>100%<\/strong> Puro, natural, sem aditivos nem conservantes<\/li>\n<\/ul>\n<\/div>\n<div style=\"background: linear-gradient(135deg, #2d2458 0%, #4a3f7a 50%, #6b5b95 100%); padding: 25px; border-radius: 10px; margin-top: 30px; text-align: center; color: #f4d58d;\">\n<p style=\"font-size: 18px; margin: 0;\"><strong>Loja Miel<\/strong><\/p>\n<p style=\"margin: 10px 0 0 0;\">O seu especialista em produtos naturais aut\u00eanticos<\/p>\n<p style=\"margin: 10px 0 0 0; font-size: 14px;\">\u00d3leo de Nigella Habachia da Eti\u00f3pia - A tradi\u00e7\u00e3o milenar prensada a frio<\/p>\n<\/div>","protected":false},"excerpt":{"rendered":"<p><strong><span style=\"color: #d0121a;\">(O nosso \u00f3leo de cominho preto \u00e9 prensado a frio todos os meses. Conserva\u00e7\u00e3o em garrafas de vidro anti-UV para manter a sua qualidade. \u00d3leo analisado num laborat\u00f3rio franc\u00eas)<\/span><\/strong><\/p>","protected":false},"featured_media":681,"template":"","meta":[],"product_brand":[],"product_cat":[87,106],"product_tag":[],"class_list":{"0":"post-739","1":"product","2":"type-product","3":"status-publish","4":"has-post-thumbnail","6":"product_cat-nigelle","7":"product_cat-huiles-vegetales","9":"first","10":"outofstock","11":"featured","12":"shipping-taxable","13":"purchasable","14":"product-type-simple"},"_links":{"self":[{"href":"https:\/\/www.miel-store.com\/pt\/wp-json\/wp\/v2\/product\/739","targetHints":{"allow":["GET"]}}],"collection":[{"href":"https:\/\/www.miel-store.com\/pt\/wp-json\/wp\/v2\/product"}],"about":[{"href":"https:\/\/www.miel-store.com\/pt\/wp-json\/wp\/v2\/types\/product"}],"wp:featuredmedia":[{"embeddable":true,"href":"https:\/\/www.miel-store.com\/pt\/wp-json\/wp\/v2\/media\/681"}],"wp:attachment":[{"href":"https:\/\/www.miel-store.com\/pt\/wp-json\/wp\/v2\/media?parent=739"}],"wp:term":[{"taxonomy":"product_brand","embeddable":true,"href":"https:\/\/www.miel-store.com\/pt\/wp-json\/wp\/v2\/product_brand?post=739"},{"taxonomy":"product_cat","embeddable":true,"href":"https:\/\/www.miel-store.com\/pt\/wp-json\/wp\/v2\/product_cat?post=739"},{"taxonomy":"product_tag","embeddable":true,"href":"https:\/\/www.miel-store.com\/pt\/wp-json\/wp\/v2\/product_tag?post=739"}],"curies":[{"name":"wp","href":"https:\/\/api.w.org\/{rel}","templated":true}]}}