{"id":637,"date":"2022-03-02T22:25:53","date_gmt":"2022-03-02T21:25:53","guid":{"rendered":"https:\/\/www.miel-store.com\/?post_type=product&#038;p=637"},"modified":"2026-03-29T21:04:17","modified_gmt":"2026-03-29T19:04:17","slug":"huile-de-fenugrec-bio-degypte","status":"publish","type":"product","link":"https:\/\/www.miel-store.com\/pt\/p\/huile-de-fenugrec-bio-degypte","title":{"rendered":"Huile de Fenugrec Bio d&rsquo;\u00c9gypte"},"content":{"rendered":"<p>L\u2019<strong>huile de fenugrec bio<\/strong>\u00a0est sans aucun doute l\u2019une des huiles les plus appr\u00e9ci\u00e9es en mati\u00e8re de soin. En effet, il s\u2019agit de l\u2019\u00e9lixir coup de c\u0153ur de ses utilisateurs.<\/p>\n<p>Avis aux chercheurs et aux chercheuses de produits naturels bio qui changeront votre quotidien. D\u00e9couvrez un produit qui vous donnera enti\u00e8re satisfaction. Son nom ? L\u2019<strong>huile de fenugrec bio d\u2019Egypte<\/strong>.<\/p>\n<h2><strong>Tour d\u2019horizon sur l\u2019huile de fenugrec bio\u00a0<\/strong><\/h2>\n<p>Parmi les huiles v\u00e9g\u00e9tales utilis\u00e9es en cosm\u00e9tique, l\u2019<strong>huile de fenugrec<\/strong>\u00a0se fait de plus en plus conna\u00eetre. Nomm\u00e9e fenugrec,\u00a0<strong>trigonelle<\/strong>\u00a0ou mesmo\u00a0<strong>s\u00e9n\u00e9grain<\/strong>, la plante herbac\u00e9e dont elle provient est originaire d\u2019Afrique du Nord.<\/p>\n<p>Elle a tout d\u2019abord \u00e9t\u00e9 principalement utilis\u00e9e comme\u00a0<strong><a href=\"https:\/\/www.safinel.fr\/categorie-produit\/plantes-medicinales\/\" target=\"_blank\" rel=\"noopener\">plante m\u00e9dicinale<\/a>,<\/strong>\u00a0et en guise de\u00a0<strong>condiment<\/strong>\u00a0dans les plats. N\u00e9anmoins, son utilisation s\u2019est particuli\u00e8rement\u00a0<strong>diversifi\u00e9e\u00a0<\/strong>au fil des si\u00e8cles.<\/p>\n<p>En effet, de nos jours, on l\u2019utilise notamment dans les\u00a0<strong>rituels de beaut\u00e9.<\/strong>\u00a0O\u00f9 elle intervient pour le soin du visage, de la peau, des cheveux, et m\u00eame des seins.<\/p>\n<p>Il s\u2019agit plus pr\u00e9cis\u00e9ment des graines de fenugrec qui permettent d\u2019obtenir l\u2019huile que l\u2019on conna\u00eet aujourd\u2019hui. Effectivement, les graines sont transform\u00e9es en huile par un proc\u00e9d\u00e9 que l\u2019on nomme\u00a0<strong>pression \u00e0 froid<\/strong>. Un proc\u00e9d\u00e9 qui garantit une huile 100 % bio et naturelle. En effet, cette m\u00e9thode de fabrication est int\u00e9ressante puisqu\u2019elle permet de conserver toutes les\u00a0<strong>propri\u00e9t\u00e9s naturelles<\/strong>\u00a0de la plante. Et ainsi de l\u2019huile qui en est extraite, car ses actifs ne sont pas d\u00e9t\u00e9rior\u00e9s ni m\u00e9lang\u00e9s \u00e0 d\u2019autres substances.<\/p>\n<p>C\u2019est ainsi que l\u2019huile de fenugrec bio d\u2019Egypte que nous vous proposons est\u00a0<strong>100 % pure et naturelle<\/strong>. Nous vous la proposons dans une bouteille de 100 mL.<\/p>\n<h2><strong>Les merveilles de l\u2019huile de fenugrec bio\u00a0<\/strong><\/h2>\n<p>L\u2019huile de fenugrec bio d\u2019Egypte est tr\u00e8s appr\u00e9ci\u00e9e pour ses\u00a0<strong>nombreux bienfaits<\/strong>. Pour ce faire, partons \u00e0 leur d\u00e9couverte :<\/p>\n<h3><strong>Pour la peau\u00a0<\/strong>:<\/h3>\n<p>L\u2019huile de fenugrec est tr\u00e8s efficace dans le cadre du soin de la peau, que ce soit pour la peau du corps tout entier ou de l\u2019\u00e9piderme du visage. Celle-ci est\u00a0<strong>riche en acide gras<\/strong>, en vitamines et en min\u00e9raux, ce qui la rend\u00a0<strong>nutritivo<\/strong>,\u00a0<strong>r\u00e9g\u00e9n\u00e9rante<\/strong>\u00a0e\u00a0<strong>assouplissante<\/strong>. En cons\u00e9quence, non seulement, elle nourrit la peau, mais elle l\u2019aide \u00e9galement \u00e0 se renouveler efficacement. Ce qui la rend plus confortable et plus douce au toucher.<\/p>\n<p>En outre, c\u2019est loin d\u2019\u00eatre le seul atout de ce soin qui est aussi riche en antioxydants. Effectivement, cette huile est efficace en tant que\u00a0<strong>soin anti-\u00e2ge<\/strong>, et aide \u00e0 prot\u00e9ger l\u2019\u00e9piderme des effets des radicaux libres g\u00e9n\u00e9r\u00e9s par les agressions ext\u00e9rieures. En bref, elle lutte contre la formation des rides. Il s\u2019agit du<strong>\u00a0cuidados naturais\u00a0<\/strong>\u00e0 poss\u00e9der dans sa salle de bain !<\/p>\n<h3><strong>Pour la poitrine :<\/strong><\/h3>\n<p>De plus, il faut noter que l\u2019huile de fenugrec bio a un\u00a0<strong>effet raffermissant\u00a0<\/strong>qui permet de faire grossir les seins ! Et le fessier.<\/p>\n<p>Toutefois, les effets de ce soin sur la poitrine sont \u00e0 nuancer. Effectivement, si celle-ci est r\u00e9put\u00e9e pour augmenter le volume des seins, l\u2019huile de fenugrec bio va en r\u00e9alit\u00e9 tendre la peau et am\u00e9liorer le galbe de la poitrine. Et cela, application apr\u00e8s application.<\/p>\n<h3><strong>Pour les cheveux<\/strong>\u00a0:<\/h3>\n<p>Cet\u00a0<strong>elixir\u00a0<\/strong>poss\u00e8de aussi des\u00a0<strong>vertus int\u00e9ressantes\u00a0<\/strong>pour garder une chevelure en bonne sant\u00e9. Et cela, gr\u00e2ce \u00e0 toutes les vitamines, min\u00e9raux et acides gras qui la composent. L\u2019huile vient nourrir si bien la fibre capillaire qu\u2019elle renforce les cheveux d\u00e8s la racine. Elle stimule \u00e9galement la pousse des cheveux et pr\u00e9vient la chute de ces derniers.<\/p>\n<p>Alors si vous aussi vous souhaitez tester cette<strong>\u00a0huile de fenugrec bio<\/strong>, laissez-vous tenter ! Elle deviendra votre nouvelle alli\u00e9e de beaut\u00e9 !<\/p>\n<h2><strong>Comment utiliser l\u2019huile de fenugrec bio ?\u00a0<\/strong><\/h2>\n<p>Vous avez craqu\u00e9 pour l\u2019<strong>huile de fenugrec bio\u00a0<\/strong>? D\u00e9couvrez maintenant comment l\u2019utiliser.<\/p>\n<p>Sur la peau du visage et du corps, il vous suffira de l\u2019utiliser en application tonique. En effectuant de petits massages circulaires sur les zones concern\u00e9es. Cependant, vous pouvez \u00e9galement l\u2019appliquer en masque sur votre visage.<\/p>\n<p>En ce qui concerne l\u2019utilisation sur les cheveux, vous pourrez l\u2019utiliser en masque. Il vous suffira de laisser poser l\u2019huile de fenugrec bio au minimum trente minutes ou une nuit enti\u00e8re avant d\u2019effectuer votre shampoing. Plusieurs shampoings peuvent \u00eatre n\u00e9cessaires selon la quantit\u00e9 d&rsquo;huile que vous aurez mise.<\/p>\n<p>Conseil : et pour des cheveux deux fois plus soyeux et en bonne sant\u00e9, vous pouvez \u00e9galement opter pour un m\u00e9lange d\u2019huiles v\u00e9g\u00e9tales. Effectivement, plusieurs \u00e9lixirs sont disponibles sur notre boutique en ligne. Comme par exemple, l\u2019<a href=\"https:\/\/www.miel-store.com\/pt\/p\/huile-de-ricin-bio-inde\/\"><strong>huile de ricin bio d\u2019Inde<\/strong><\/a>\u00a0ou l\u2019<a href=\"https:\/\/www.miel-store.com\/pt\/p\/huile-daloe-vera-bio-du-maroc\/\"><strong>huile d\u2019aloe vera bio du Maroc<\/strong><\/a>. Trouvez le m\u00e9lange qui vous convient selon votre type de cheveux.<\/p>\n<p>Finalement, il faut savoir que notre produit est \u00e9galement de qualit\u00e9 alimentaire. De ce fait, vous pourrez l\u2019utiliser en cuisine. Ainsi vous pourrez assaisonner vos plats, l\u2019\u00e9lixir de fenugrec apportera \u00e0 votre nourriture un go\u00fbt \u00e9tonnant !<\/p>\n<p>N\u2019attendez plus et optez pour ce produit d\u2019une qualit\u00e9 \u00e0 couper le souffle !<\/p>\n<h2><strong>Quelques astuces pour conserver l\u2019huile de fenugrec bio\u00a0<\/strong><\/h2>\n<p>Une huile v\u00e9g\u00e9tale est principalement compos\u00e9e d\u2019acide gras. Et ceux-ci peuvent se d\u00e9grader et faire perdre \u00e0 l\u2019huile ses propri\u00e9t\u00e9s bienfaisantes. Cette alt\u00e9ration peut \u00eatre caus\u00e9e par l\u2019air, la lumi\u00e8re ainsi que la chaleur. Ce qui vient entra\u00eener un changement d\u2019odeur et de couleur, ce qu\u2019on appelle l\u2019oxydation.<\/p>\n<p>Afin de pr\u00e9venir votre huile de fenugrec bio du rancissement, il faudra :<\/p>\n<ul>\n<li>La conserver dans un endroit frais et sec, \u00e0 l\u2019abri de la lumi\u00e8re, de pr\u00e9f\u00e9rence dans un emballage d\u2019origine ;<\/li>\n<li>De plus, il convient \u00e9galement de v\u00e9rifier la temp\u00e9rature du lieu dans lequel votre produit sera stock\u00e9.<\/li>\n<\/ul>\n<p>Astuce : vous pouvez aussi opter pour une conservation au r\u00e9frig\u00e9rateur. Cela rallongera sa dur\u00e9e de vie.<\/p>\n<h3><strong>Precau\u00e7\u00f5es<\/strong><\/h3>\n<ul>\n<li>L\u2019utilisation de cet \u00e9lixir de fenugrec n\u00e9cessite quelques pr\u00e9cautions. De ce fait, voyons-les ensembles :<\/li>\n<li>Tout d\u2019abord, il convient de faire un\u00a0<strong>test\u00a0<\/strong>dans le pli du coude avant l\u2019utilisation de ce produit.<\/li>\n<li>De plus, il faut noter qu\u2019en ayant une utilisation sur du long terme, cette huile peut provoquer des r\u00e9actions allergiques sur le corps. Pour ce faire, il est pr\u00e9f\u00e9rable de la diluer et d\u2019alterner avec d\u2019autres huiles.<\/li>\n<li>Enfin, l\u2019huile de fenugrec est \u00e0\u00a0<strong>proscrire<\/strong>\u00a0pour les femmes enceintes et allaitantes.<\/li>\n<\/ul>","protected":false},"excerpt":{"rendered":"<p>Huile de Fenugrec Bio d&rsquo;\u00c9gypte.<\/p>\n<p>Qualidade cosm\u00e9tica e alimentar. 100% Puro e Natural.<\/p>\n<p>Frasco de 60ml.<\/p>","protected":false},"featured_media":3353,"template":"","meta":[],"product_brand":[],"product_cat":[88,89,106],"product_tag":[],"class_list":{"0":"post-637","1":"product","2":"type-product","3":"status-publish","4":"has-post-thumbnail","6":"product_cat-bien-etre","7":"product_cat-cosmetiques","8":"product_cat-huiles-vegetales","10":"first","11":"instock","12":"shipping-taxable","13":"purchasable","14":"product-type-simple"},"_links":{"self":[{"href":"https:\/\/www.miel-store.com\/pt\/wp-json\/wp\/v2\/product\/637","targetHints":{"allow":["GET"]}}],"collection":[{"href":"https:\/\/www.miel-store.com\/pt\/wp-json\/wp\/v2\/product"}],"about":[{"href":"https:\/\/www.miel-store.com\/pt\/wp-json\/wp\/v2\/types\/product"}],"wp:featuredmedia":[{"embeddable":true,"href":"https:\/\/www.miel-store.com\/pt\/wp-json\/wp\/v2\/media\/3353"}],"wp:attachment":[{"href":"https:\/\/www.miel-store.com\/pt\/wp-json\/wp\/v2\/media?parent=637"}],"wp:term":[{"taxonomy":"product_brand","embeddable":true,"href":"https:\/\/www.miel-store.com\/pt\/wp-json\/wp\/v2\/product_brand?post=637"},{"taxonomy":"product_cat","embeddable":true,"href":"https:\/\/www.miel-store.com\/pt\/wp-json\/wp\/v2\/product_cat?post=637"},{"taxonomy":"product_tag","embeddable":true,"href":"https:\/\/www.miel-store.com\/pt\/wp-json\/wp\/v2\/product_tag?post=637"}],"curies":[{"name":"wp","href":"https:\/\/api.w.org\/{rel}","templated":true}]}}