{"id":635,"date":"2022-03-02T22:19:36","date_gmt":"2022-03-02T21:19:36","guid":{"rendered":"https:\/\/www.miel-store.com\/?post_type=product&#038;p=635"},"modified":"2026-05-08T10:03:21","modified_gmt":"2026-05-08T08:03:21","slug":"cuillere-a-miel-en-bois","status":"publish","type":"product","link":"https:\/\/www.miel-store.com\/pt\/p\/cuillere-a-miel-en-bois","title":{"rendered":"Colher de mel em madeira"},"content":{"rendered":"<p>Qu\u2019est-ce qu\u2019une\u00a0<strong>cuill\u00e8re \u00e0 miel<\/strong>\u00a0? \u00c0 quoi elle sert\u00a0? Comment l\u2019utiliser\u00a0? Et comment la nettoyer\u00a0? Nous r\u00e9pondons pour vous \u00e0 toutes ces questions afin de vous permettre de profiter au mieux de toutes les vertus de vos\u00a0<strong>nectars favoris<\/strong>\u00a0! Restez avec nous la cuill\u00e8re \u00e0 miel n\u2019aura plus de secrets pour vous\u00a0!<\/p>\n<h2><strong>Qu\u2019est-ce qu\u2019une cuill\u00e8re \u00e0 miel et pourquoi en utiliser une\u00a0?<\/strong><\/h2>\n<p>Le fameux nectar des abeilles dont le go\u00fbt et les\u00a0<strong>bienfaits exceptionnelles<\/strong>\u00a0ne sont plus \u00e0 prouver est un produit tr\u00e8s pris\u00e9. Que cela soit pour ses qualit\u00e9s\u00a0<strong>gustatives<\/strong>,\u00a0<strong>nutritionnelles<\/strong>,<strong>\u00a0cosm\u00e9tiques<\/strong>\u00a0et m\u00eame\u00a0<strong>th\u00e9rapeutiques<\/strong>\u00a0!<\/p>\n<p>Afin de se servir au mieux de ce nectar si pr\u00e9cieux et de profiter de tous ses bienfaits, il est important de le\u00a0<strong>conserver\u00a0<\/strong>dans des\u00a0<strong>contenants adapt\u00e9s<\/strong>. Et cela afin que celui-ci n\u2019entre pas en contact prolong\u00e9 avec des \u00e9l\u00e9ments susceptibles d\u2019alt\u00e9rer ses vertus.<\/p>\n<p>Ainsi, le type d\u2019<strong>ustensile\u00a0<\/strong>qui permet de le servir est \u00e9galement \u00e0 choisir avec soin. Que vous l\u2019appeliez\u00a0<strong>b\u00e2ton \u00e0 miel<\/strong>\u00a0ou cuill\u00e8re \u00e0 miel, il est indispensable \u00e0 tout vrai<strong>\u00a0amateur de miel<\/strong>\u00a0!<\/p>\n<p>La cuill\u00e8re \u00e0 miel pr\u00e9sente donc des avantages non n\u00e9gligeables que voici\u00a0:<\/p>\n<p>Elle est con\u00e7ue de mani\u00e8re \u00e0\u00a0<strong>faciliter la prise du miel<\/strong>. En effet, avec une cuill\u00e8re classique vous avez in\u00e9vitablement des petits accidents tels que des coulures de miel sur vos tables, v\u00eatements, sols et sur le pot en lui-m\u00eame.<\/p>\n<p>Une cuill\u00e8re \u00e0 caf\u00e9 est ainsi le meilleur moyen d\u2019en mettre partout et ce n\u2019est vraiment pas tr\u00e8s agr\u00e9able de devoir tout nettoyer \u00e0 chaque fois\u2026<\/p>\n<p>Cependant, avec une cuill\u00e8re \u00e0 miel, se servir en\u00a0<strong><a href=\"https:\/\/www.miel-store.com\/pt\/cp\/mel-de-todo-o-mundo\/\">miel liquide<\/a>\u00a0<\/strong>\u00e9 um\u00a0<strong>vrai jeu d\u2019enfant<\/strong>\u00a0! En effet, son embout g\u00e9n\u00e9ralement con\u00e7u en forme de\u00a0<strong>sillon en spirale\u00a0<\/strong>permet d\u2019emprisonner le nectar et le retenir le temps de le verser sur vos aliments.<\/p>\n<p>Ainsi, vous \u00e9viterez de le faire tomber et gaspiller de votre pr\u00e9cieux\u00a0<strong>tesouro da colmeia<\/strong>.<\/p>\n<p>En plus d\u2019\u00eatre pratique, ce\u00a0<strong>b\u00e2tonnet \u00e0 miel\u00a0<\/strong>est donc un v\u00e9ritable ustensile\u00a0<strong>anti gaspillage\u00a0<\/strong>!<\/p>\n<p>Enfin, il permet de mieux<strong>\u00a0doser la quantit\u00e9 de miel\u00a0<\/strong>\u00e0 servir selon vos envies. Contrairement \u00e0 une cuill\u00e8re classique qui ne permet pas cela aussi facilement\u2026<\/p>\n<h2><strong>Les diff\u00e9rentes cuill\u00e8res \u00e0 miel<\/strong><\/h2>\n<p>Il existe en g\u00e9n\u00e9ral deux types de cuill\u00e8res \u00e0 miel. La traditionnelle cuill\u00e8re \u00e0 miel en bois puis la cuill\u00e8re \u00e0 miel en inox.<\/p>\n<p>Chacun de ces deux ustensiles pr\u00e9sente des\u00a0<strong>avantages\u00a0<\/strong>e\u00a0<strong>inconv\u00e9nients<\/strong>. Nous vous les livrons afin de pouvoir faire votre choix par vous-m\u00eame en optant pour la cuill\u00e8re \u00e0 miel qui correspondra le mieux \u00e0 vos attentes\u00a0!<\/p>\n<p><strong>La cuill\u00e8re en bois\u00a0:\u00a0\u00a0<\/strong>le bois est un\u00a0<strong>\u00e9l\u00e9ment naturel biod\u00e9gradable<\/strong>,\u00a0<strong>r\u00e9utilisable<\/strong>\u00a0et non\u00a0<strong>toxique.\u00a0<\/strong>Il pr\u00e9sente de nombreuses qualit\u00e9s parmi lesquels une\u00a0<strong>dur\u00e9e de vie assez longue<\/strong>.<\/p>\n<p>Il faudra toutefois prendre soin de votre ustensile en veillant \u00e0 l\u2019entretenir convenablement. Ainsi, il conviendra donc de le\u00a0<strong>laver \u00e0 la main<\/strong>\u00a0et de le faire s\u00e9cher rapidement au risque qu\u2019il absorbe l\u2019humidit\u00e9.<\/p>\n<p>Il est pr\u00e9f\u00e9rable selon nous d\u2019utiliser ce type d\u2019ustensile, car sa mati\u00e8re naturelle pr\u00e9serve davantage l\u2019ar\u00f4me et les vertus du nectar pr\u00e9cieux. Le bois n\u2019alt\u00e8re donc pas les qualit\u00e9s du produit m\u00eame en contact prolong\u00e9 avec celui-ci.<\/p>\n<p><strong>La cuill\u00e8re en acier inoxydable :\u00a0<\/strong>L\u2019inox quant \u00e0 lui pr\u00e9sente une\u00a0<strong>dur\u00e9e de vie quasi infinie<\/strong>. Aussi, c\u2019est un mat\u00e9riel\u00a0<strong>facile \u00e0 laver et \u00e0 s\u00e9cher<\/strong>, il est donc compl\u00e8tement\u00a0<strong>hygi\u00e9nique<\/strong>\u00a0en plus d\u2019\u00eatre\u00a0<strong>esth\u00e9tique<\/strong>. La cuill\u00e8re \u00e0 miel en acier inoxydable est tout aussi pratique que celle en bois.<\/p>\n<p>Cependant, sa surface m\u00e9tallique pourrait alt\u00e9rer les diverses propri\u00e9t\u00e9s du miel (qui contient un\u00a0<strong>PH acide<\/strong>) si elle reste en contact prolong\u00e9 avec celui-ci.<\/p>\n<p>Il conviendra donc si vous optez pour cet ustensile de ne pas le laisser dans le pot, mais de le mettre en contact du produit uniquement pour vous servir.<\/p>\n<h2><strong>Et comment l\u2019utiliser\u00a0?<\/strong><\/h2>\n<p>Pour utiliser votre cuill\u00e8re \u00e0 miel c\u2019est tr\u00e8s simple\u00a0:<\/p>\n<ul>\n<li>Il vous suffit d\u2019abord de la tremper d\u00e9licatement \u00e0 la verticale \u00e0 l\u2019int\u00e9rieur de votre pot.<\/li>\n<li>Ensuite, il faudra la laisser quelques instants au-dessus du pot afin de laisser l\u2019exc\u00e9dent s\u2019\u00e9couler.<\/li>\n<li>Enfin, positionnez votre cuill\u00e8re \u00e0 miel au-dessus de vos aliments afin de les arroser en inclinant l\u2019ustensile. Il vous suffira de\u00a0<strong>tourner le manche sur lui-m\u00eame<\/strong>\u00a0pour laisser s\u2019\u00e9couler le nectar emprisonn\u00e9 dans les creux.<\/li>\n<\/ul>\n<p>Si vous souhaitez utiliser votre miel directement pour\u00a0<strong>sucrer vos boissons<\/strong>\u00a0(th\u00e9s, caf\u00e9\u2026), vous pouvez plonger directement le b\u00e2tonnet dans votre tasse quelques instants.<\/p>\n<h3><strong>Comment entretenir votre cuill\u00e8re \u00e0 miel\u00a0?<\/strong><\/h3>\n<p>La\u00a0<strong>cuill\u00e8re \u00e0 miel en bois doit \u00eatre lav\u00e9e \u00e0 la main\u00a0<\/strong>et non au lave-vaisselle. Celle-ci absorbant l\u2019eau facilement elle risque d\u2019\u00eatre alt\u00e9r\u00e9e par l\u2019humidit\u00e9 et par la m\u00eame occasion de se fissurer plus facilement. Elle doit donc \u00e9galement \u00eatre bien s\u00e9ch\u00e9e.<\/p>\n<p>Si toutefois, vous consommez rapidement votre nectar et que vous l\u2019utilisez r\u00e9guli\u00e8rement vous pouvez la laisser \u00e0 l\u2019int\u00e9rieur de votre pot de nectar d\u2019abeilles.<\/p>\n<p>Celle-ci ne pr\u00e9sentera aucun inconv\u00e9nient pour celui-ci et\u00a0<strong>cela vous \u00e9vitera de la laver \u00e0 r\u00e9p\u00e9tition<\/strong>\u00a0et vous permettra donc aussi de\u00a0<strong>la pr\u00e9server plus longtemps<\/strong>\u00a0!<\/p>\n<p>Le fait que les produits de la ruche poss\u00e8dent des\u00a0<strong>propri\u00e9t\u00e9s anti-bact\u00e9riennes<\/strong>\u00a0les prot\u00e8gent ainsi des\u00a0<strong>\u00e9l\u00e9ments microbiens ext\u00e9rieurs<\/strong>. Il n\u2019y a donc aucun risque \u00e0 laisser l\u2019ustensile en bois au fond du pot.<\/p>\n<p>La\u00a0<strong>cuill\u00e8re \u00e0 miel en acier inoxydable\u00a0<\/strong>quant \u00e0 elle peut passer au\u00a0<strong>lave-vaisselle<\/strong>\u00a0sans soucis. Libre donc \u00e0 vous de la laver \u00e0 la main ou au lave-vaisselle.<\/p>\n<p>Cependant, celle-ci\u00a0<strong>ne doit pas rester en contact prolong\u00e9 avec le produit de la ruche<\/strong>. Et cela afin de ne pas alt\u00e9rer ses propri\u00e9t\u00e9s. Il est donc fortement d\u00e9conseill\u00e9 de laisser l\u2019ustensile inox dans le pot. Le\u00a0<strong>PH acide du miel<\/strong>\u00a0ne fait vraiment pas bon m\u00e9nage avec les mat\u00e9riaux m\u00e9talliques. Ce qui engendre une alt\u00e9ration progressive des composants du nectar.<\/p>\n<p>Enfin, quel que soit l\u2019ustensile pour lequel vous opterez, veillez \u00e0 conserver votre produit \u00e0\u00a0<strong>temp\u00e9rature ambiante<\/strong>\u00a0et loin de l\u2019humidit\u00e9 et de la chaleur.<\/p>\n<p>Refermez bien le couvercle apr\u00e8s chaque utilisation et placez-le \u00e9galement \u00e0 l\u2019abri de la lumi\u00e8re.<\/p>\n<p>Afin de faciliter votre utilisation du miel vous pouvez \u00e9galement le passer au\u00a0<strong>bain-marie<\/strong>\u00a0pour le\u00a0<strong>d\u00e9cristalliser<\/strong>\u00a0et permettre un \u00e9coulement plus facile sur vos aliments ! Ne d\u00e9passer toutefois pas les 40\u00b0 afin de pr\u00e9server ses vertus.<\/p>","protected":false},"excerpt":{"rendered":"<p>Cuill\u00e8re \u00e0 Miel en Bois.<\/p>\n<p>10g.<\/p>","protected":false},"featured_media":636,"template":"","meta":[],"product_brand":[],"product_cat":[77,79,80,78],"product_tag":[],"class_list":{"0":"post-635","1":"product","2":"type-product","3":"status-publish","4":"has-post-thumbnail","6":"product_cat-miel-du-monde","7":"product_cat-miel-de-sidr","8":"product_cat-miel-du-mali","9":"product_cat-miel-du-maroc","11":"first","12":"instock","13":"shipping-taxable","14":"purchasable","15":"product-type-simple"},"_links":{"self":[{"href":"https:\/\/www.miel-store.com\/pt\/wp-json\/wp\/v2\/product\/635","targetHints":{"allow":["GET"]}}],"collection":[{"href":"https:\/\/www.miel-store.com\/pt\/wp-json\/wp\/v2\/product"}],"about":[{"href":"https:\/\/www.miel-store.com\/pt\/wp-json\/wp\/v2\/types\/product"}],"wp:featuredmedia":[{"embeddable":true,"href":"https:\/\/www.miel-store.com\/pt\/wp-json\/wp\/v2\/media\/636"}],"wp:attachment":[{"href":"https:\/\/www.miel-store.com\/pt\/wp-json\/wp\/v2\/media?parent=635"}],"wp:term":[{"taxonomy":"product_brand","embeddable":true,"href":"https:\/\/www.miel-store.com\/pt\/wp-json\/wp\/v2\/product_brand?post=635"},{"taxonomy":"product_cat","embeddable":true,"href":"https:\/\/www.miel-store.com\/pt\/wp-json\/wp\/v2\/product_cat?post=635"},{"taxonomy":"product_tag","embeddable":true,"href":"https:\/\/www.miel-store.com\/pt\/wp-json\/wp\/v2\/product_tag?post=635"}],"curies":[{"name":"wp","href":"https:\/\/api.w.org\/{rel}","templated":true}]}}