{"id":619,"date":"2022-03-02T21:37:04","date_gmt":"2022-03-02T20:37:04","guid":{"rendered":"https:\/\/www.miel-store.com\/?post_type=product&#038;p=619"},"modified":"2026-04-13T01:27:54","modified_gmt":"2026-04-12T23:27:54","slug":"propolis-bio","status":"publish","type":"product","link":"https:\/\/www.miel-store.com\/pt\/p\/propolis-bio","title":{"rendered":"Pr\u00f3polis Bio"},"content":{"rendered":"<p>Si vous ne connaissez pas la\u00a0<strong>propolis bio<\/strong>, alors vous \u00eates au bon endroit ! Probablement, vous avez entendu parler de ce\u00a0<strong>produtos para colmeias<\/strong>\u00a0fortement concentr\u00e9 en nutriments. Effectivement, il est devenu, ces derni\u00e8res ann\u00e9es, un alli\u00e9 incontournable dans la sant\u00e9 naturelle. Mais pas que\u2026 Il est de plus en plus pr\u00e9sent dans la composition de produits de bien-\u00eatre, d\u2019hygi\u00e8ne et de sant\u00e9.<\/p>\n<p>En tout cas, vous allez \u00eatre surpris de ce que nous offrent les abeilles, ces travailleuses incroyables.<\/p>\n<p>Alors, avec Miel Store, d\u00e9couvrons ce que nous cache ce tr\u00e9sor de la ruche !<\/p>\n<h2><strong>Qu&rsquo;est-ce que la Propolis Bio ?<\/strong><\/h2>\n<p>La propolis bio que nous vendons est un des joyaux de la ruche, moins c\u00e9l\u00e8bre que le miel. Cependant, pour 7,90 euros, vous l\u2019adopterez vite quand vous d\u00e9couvrirez qui elle est\u2026 Tout d\u2019abord, en grec ancien, elle veut dire \u00ab\u00a0entr\u00e9e d&rsquo;une ville\u00a0\u00bb. Aussi, ce nom fait r\u00e9f\u00e9rence \u00e0 son r\u00f4le de protection dans la ruche.<\/p>\n<p>A savoir que la propolis bio est une substance r\u00e9sineuse assez complexe de par sa composition. Aussi, son nom vient du grec. C\u2019est-\u00e0-dire que \u00ab pro \u00bb veut dire \u00ab en avant \u00bb, et \u00ab polis \u00bb, veut dire \u00ab cit\u00e9 \u00bb. De m\u00eame, les Grecs la nommaient la \u00ab cire noire \u00bb.<\/p>\n<p>Outre cela, elle sert \u00e0 renforcer les parois de la ruche dans le but de la prot\u00e9ger des agressions ext\u00e9rieures. \u00c9galement, la propolis bio est r\u00e9colt\u00e9e par les abeilles sur certains bourgeons d\u2019arbres. Par exemple, on peut nommer le marronnier, le peuplier ou encore le bouleau.<\/p>\n<h2><strong>5 bienfaits de la propolis bio pour l\u2019homme<\/strong><\/h2>\n<h3><strong>Sa composition pour mieux comprendre ses propri\u00e9t\u00e9s et ses actions<\/strong><\/h3>\n<p>Selon l\u2019arbre o\u00f9 elle a \u00e9t\u00e9 r\u00e9colt\u00e9e par les abeilles, sa composition varie. Quoi qu\u2019il en soit, toutes les propolis bio ont un d\u00e9nominateur commun. En g\u00e9n\u00e9ral, elle se compose de r\u00e9sine, de cire, de pollen et d\u2019autres mati\u00e8res diverses.<\/p>\n<p>Plus int\u00e9ressant, elle poss\u00e8de de la vitamine A et B, des acides amin\u00e9s et de nombreux oligo-\u00e9l\u00e9ments. Mais aussi, des huiles essentielles et des flavono\u00efdes. Ces derniers ont un pouvoir antioxydant qui conf\u00e8re \u00e0 la propolis bio des vertus antibact\u00e9riennes et anti-inflammatoires int\u00e9ressantes.<\/p>\n<ul>\n<li><strong>Contre les affections bucco-dentaires<\/strong><\/li>\n<\/ul>\n<p>Au rayon de la m\u00e9decine naturelle, vous trouverez des produits qui aident \u00e0 garder une bouche et une gorge saine.<\/p>\n<ul>\n<li><strong>Contre les rhumes, maux de gorge, pharyngites\u2026<\/strong><\/li>\n<\/ul>\n<p>En effet, elle est souvent employ\u00e9e en cas d\u2019infections des voies respiratoires. Aussi, elle s\u2019accompagne bien avec le miel. D\u2019ailleurs, le miel que nous vous recommandons en cas de refroidissement est notamment le\u00a0<a href=\"https:\/\/www.miel-store.com\/pt\/p\/mel-de-deucalipto-marroquino\/\"><strong>Miel d\u2019Eucalyptus du Maroc<\/strong><\/a>.<\/p>\n<ul>\n<li><strong>Pour soulager les plaies de la peau<\/strong><\/li>\n<\/ul>\n<p>Effectivement, elle aide lors des petites coupures, petites plaies, dess\u00e8chement de la peau, irritations, acn\u00e9, piq\u00fbres, etc.<\/p>\n<ul>\n<li><strong>Un vrai \u00ab antibiotique naturel \u00bb<\/strong><\/li>\n<\/ul>\n<p>Elle aide \u00e0 lutter contre les microbes et les bact\u00e9ries. Aussi, elle est utilis\u00e9e comme traitement naturel des infections urinaires.<\/p>\n<ul>\n<li><strong>Un soutien du syst\u00e8me immunitaire<\/strong><\/li>\n<\/ul>\n<p>C\u2019est ainsi qu\u2019elle compose beaucoup de produits naturels pour renforcer le syst\u00e8me immunitaire et aider \u00e0 lutter contre les infections.<\/p>\n<h2><strong>Comment est fabriqu\u00e9e la propolis bio ?<\/strong><\/h2>\n<p>Les abeilles r\u00e9coltent une r\u00e9sine qui constitue la mati\u00e8re premi\u00e8re, directement sur certains bourgeons d\u2019arbres. Ensuite, durant les premiers jours des intersaisons, elles se dirigent vers quelques arbres. Par exemple, nous pouvons nommer les marronniers d\u2019Inde, les peupliers, les aulnes, les ch\u00eanes, les bouleaux et les sapins.<\/p>\n<p>A vrai dire, les abeilles sont d\u2019incroyables b\u00fbcheronnes dot\u00e9es de la pr\u00e9cision des horlogers, qui coupent des fragments. Effectivement, gr\u00e2ce \u00e0 leurs mandibules, elles les transportent avec leurs pattes arri\u00e8res pour les ramener jusqu\u2019\u00e0 la ruche. De m\u00eame, elles p\u00e9trissent ces fragments pour en faire des boules, qu\u2019elles d\u00e9posent, par la suite, dans des corbeilles.<\/p>\n<p>Enfin, elles y int\u00e8grent de la cire, du miel et leurs propres enzymes salivaires pour obtenir le produit final. Et ce dernier n\u2019est rien d\u2019autre que la propolis bio ! Ainsi, on comprend mieux pourquoi ce tr\u00e9sor est si riche, \u00e9tant donn\u00e9 qu\u2019il est constitu\u00e9 de tous ces ingr\u00e9dients !<\/p>\n<h2><strong>5 bienfaits de la propolis bio, l\u2019armure de la ruche !<\/strong><\/h2>\n<p>Il est ind\u00e9niable que la propolis bio est un \u00e9l\u00e9ment essentiel assurant une vie durable et saine dans la ruche.<\/p>\n<p><strong>Elle colmate les fissures<\/strong><\/p>\n<p>En effet, les abeilles l\u2019utilisent comme un mastic de rebouchage, \u00e9tant donn\u00e9 qu\u2019elle est semblable \u00e0 une r\u00e9sine. En plus, saviez-vous qu\u2019en latin, \u00ab propolire \u00bb signifie \u00ab enduire \u00bb ? Tel un ciment naturel, elle renforce les parties les plus instables de la ruche.<\/p>\n<p><strong>Elle est isolante\u00a0<\/strong><\/p>\n<p>Aussi, les abeilles l\u2019utilisent comme un \u00e9l\u00e9ment d\u2019isolation et \u00e9galement, comme isolant thermique.<\/p>\n<p><strong>Elle \u00e9tanch\u00e9ifie<\/strong><\/p>\n<p>Effectivement, elle fait office d\u2019enduit en recouvrant les surfaces int\u00e9rieures et elle bouche les interstices. Ainsi, elle assure l\u2019\u00e9tanch\u00e9it\u00e9 et prot\u00e8ge les abeilles de l\u2019humidit\u00e9 et de la propagation de la moisissure.<\/p>\n<p><strong>Elle prot\u00e8ge des invasions de microbes<\/strong><\/p>\n<p>En outre, elle va permettre aux abeilles de momifier le corps des petits intrus qui se seraient introduits. Aussi, cet \u00e9lixir va \u00e9viter leur d\u00e9composition et d\u2019\u00eatre envahis par des bact\u00e9ries, gr\u00e2ce \u00e0 ses propri\u00e9t\u00e9s antifongiques. Alors, \u00e9videmment, vous ne serez pas \u00e9tonn\u00e9s de savoir que les \u00c9gyptiens l\u2019employaient pour embaumer les momies.<\/p>\n<p><strong>Elle est assainissante\u00a0<\/strong><\/p>\n<p>En effet, elle aide \u00e0 prot\u00e9ger des envahisseurs pour former ainsi un v\u00e9ritable \u00ab sas \u00bb sanitaire. C\u2019est dire que ses composants sont riches et aux propri\u00e9t\u00e9s antifongiques et antibact\u00e9riennes.<\/p>\n<h2><strong>D\u00e9couvrez les diff\u00e9rents coloris de la propolis bio\u00a0<\/strong><\/h2>\n<p><strong>La jaune : <\/strong>A vrai dire, c\u2019est la vari\u00e9t\u00e9 la plus connue et la plus courante en Europe. Aussi, elle est issue d\u2019arbres r\u00e9pandus comme les peupliers. Cependant, elle est aussi la vari\u00e9t\u00e9 susceptible d\u2019\u00eatre la plus expos\u00e9e \u00e0 la pollution et aux pesticides.<\/p>\n<p><strong>La verte : <\/strong>Alors, celle-ci est utilis\u00e9e au Japon et provient d\u2019une plante br\u00e9silienne, le romarin des champs ou Baccharis dracunculifolia.<\/p>\n<p><strong>La rouge : <\/strong>Elle est issue d\u2019un arbuste d\u2019une autre famille, Dalbergia ecastaphyllum. De fait, elle pousse dans le sable des Dunes et est originaire d\u2019Am\u00e9rique centrale et des Antilles.<\/p>\n<p><strong>La blanche : <\/strong>En ce qui concerne cette vari\u00e9t\u00e9, elle se trouve majoritairement en France et en Europe. Aussi, elle est la plus douce et la moins susceptible d\u2019engendrer des r\u00e9actions cutan\u00e9es.<\/p>\n<p><strong>La noire : <\/strong>Enfin, celle-ci est similaire \u00e0 la jaune qui contient une concentration tr\u00e8s \u00e9lev\u00e9e en actifs. De fait, elle repr\u00e9sente l\u2019une des formes les plus recherch\u00e9es.<\/p>\n<h3><strong>Conseils d&rsquo;utilisation et de conservation\u00a0<\/strong><\/h3>\n<ul>\n<li>A ce sujet, le dosage va d\u00e9pendre de la vari\u00e9t\u00e9 et de la forme du produit, voire m\u00eame du laboratoire.<\/li>\n<li>Habituellement, on recommande de 300 \u00e0 600 mg de poudre micronis\u00e9e \u00e0 consommer avant les repas.<\/li>\n<li>A savoir que la propolis bio est assez facile \u00e0 conserver en raison de ses propri\u00e9t\u00e9s naturelles.<\/li>\n<\/ul>","protected":false},"excerpt":{"rendered":"<p>Propolis Bio.<\/p>\n<p>Origine : UE.<\/p>\n<p>25g.<\/p>","protected":false},"featured_media":620,"template":"","meta":[],"product_brand":[],"product_cat":[88],"product_tag":[],"class_list":{"0":"post-619","1":"product","2":"type-product","3":"status-publish","4":"has-post-thumbnail","6":"product_cat-bien-etre","8":"first","9":"instock","10":"shipping-taxable","11":"purchasable","12":"product-type-simple"},"_links":{"self":[{"href":"https:\/\/www.miel-store.com\/pt\/wp-json\/wp\/v2\/product\/619","targetHints":{"allow":["GET"]}}],"collection":[{"href":"https:\/\/www.miel-store.com\/pt\/wp-json\/wp\/v2\/product"}],"about":[{"href":"https:\/\/www.miel-store.com\/pt\/wp-json\/wp\/v2\/types\/product"}],"wp:featuredmedia":[{"embeddable":true,"href":"https:\/\/www.miel-store.com\/pt\/wp-json\/wp\/v2\/media\/620"}],"wp:attachment":[{"href":"https:\/\/www.miel-store.com\/pt\/wp-json\/wp\/v2\/media?parent=619"}],"wp:term":[{"taxonomy":"product_brand","embeddable":true,"href":"https:\/\/www.miel-store.com\/pt\/wp-json\/wp\/v2\/product_brand?post=619"},{"taxonomy":"product_cat","embeddable":true,"href":"https:\/\/www.miel-store.com\/pt\/wp-json\/wp\/v2\/product_cat?post=619"},{"taxonomy":"product_tag","embeddable":true,"href":"https:\/\/www.miel-store.com\/pt\/wp-json\/wp\/v2\/product_tag?post=619"}],"curies":[{"name":"wp","href":"https:\/\/api.w.org\/{rel}","templated":true}]}}