{"id":611,"date":"2022-03-02T20:56:44","date_gmt":"2022-03-02T19:56:44","guid":{"rendered":"https:\/\/www.miel-store.com\/?post_type=product&#038;p=611"},"modified":"2026-04-11T18:29:33","modified_gmt":"2026-04-11T16:29:33","slug":"pollen-de-palmier-degypte","status":"publish","type":"product","link":"https:\/\/www.miel-store.com\/pt\/p\/pollen-de-palmier-degypte","title":{"rendered":"Pollen de Palmier d&rsquo;\u00c9gypte"},"content":{"rendered":"<p>Aujourd\u2019hui, le <strong>pollen de palmier <\/strong>est fr\u00e9quemment utilis\u00e9 en m\u00e9decine traditionnelle. Que ce soit en tant que compl\u00e9ment alimentaire ou \u00e0 des fins di\u00e9t\u00e9tiques, mais surtout comme booster de fertilit\u00e9.<\/p>\n<p>Nomm\u00e9 \u201cfontaine de Jouvence\u201d au temps des empires Egyptien et Chinois, il \u00e9tait utilis\u00e9 comme substance m\u00e9dicinale et rajeunissante. Mais avant tout, comme promoteur de fertilit\u00e9 f\u00e9minine et masculine et \u00e9nergisant de l\u2019organisme.<\/p>\n<p>D\u00e9couvrez sans tarder ce <strong>rem\u00e8de naturel <\/strong>exceptionnel !<\/p>\n<h2><strong>Qu\u2019est-ce que le pollen de palmier ?\u00a0<\/strong><\/h2>\n<p>Le pollen de palmier, ou <strong>pollen de palmier dattier, <\/strong>provient, comme son nom l\u2019indique, du palmier dattier. Cet arbre fruitier est originaire d\u2019Afrique du Nord, mais il est \u00e9galement cultiv\u00e9 dans la p\u00e9ninsule arabique et le golfe persique.<\/p>\n<p>D\u2019ailleurs, c\u2019est \u00e9galement lui produit les d\u00e9licieuses <strong><a href=\"https:\/\/www.dattes-ajwa.com\/\" rel=\"noopener\">datas ajwa<\/a>,<\/strong> et c\u2019est \u00e9galement de lui que l\u2019on produit la fameuse<strong> <a href=\"https:\/\/www.miel-store.com\/pt\/p\/melasse-de-dattes-darabie-saoudite\/\">m\u00e9lasse de dattes<\/a>.\u00a0<\/strong><\/p>\n<p>Allant du blanch\u00e2tre au jaune dor\u00e9, il se pr\u00e9sente sous forme de poudre. Celle-ci est constitu\u00e9e de minuscules grains tamis\u00e9s \u00e0 la r\u00e9colte. Ainsi, il offre une texture de type farine.<\/p>\n<p>Il s\u2019agit d\u2019un produit enti\u00e8rement naturel, pur, qui ne subit aucune transformation. Il est donc utilis\u00e9 -et accessoirement, vendu sur Miel Store- \u00e0 l\u2019\u00e9tat brut.<\/p>\n<p>Son odeur est caract\u00e9ristique et tr\u00e8s particuli\u00e8re.<\/p>\n<h2><strong>Comment le pollen de palmier est-il obtenu ?\u00a0<\/strong><\/h2>\n<p>Les plantes telles que les palmiers ont deux types d\u2019appareils reproducteurs : l\u2019un m\u00e2le, l\u2019autre femelle.<\/p>\n<p>Les grains de pollen produisent et contiennent l\u2019appareil reproducteur m\u00e2le de l\u2019arbre. Celui-ci est n\u00e9cessaire \u00e0 la f\u00e9condation des plants femelles. Par quel moyen ? Par d\u00e9p\u00f4t du pollen sur l\u2019appareil reproducteur de ceux-ci.<\/p>\n<p>Autrement dit, le pollen est transf\u00e9r\u00e9 des plants de palmier m\u00e2les vers les plants femelles. Ce transfert peut s\u2019effectuer par le vent, les insectes pollinisateurs tels que les abeilles, ou encore par intervention humaine.<\/p>\n<p>Ces grains sont collect\u00e9s au printemps, lors de la floraison des pieds m\u00e2les. Ce processus est nomm\u00e9 la germination.<\/p>\n<h2><strong>Quelles sont les vertus du pollen de palmier ?\u00a0<\/strong><\/h2>\n<p>Le dattier est une plante <strong>phytoestrog\u00e8ne<\/strong>. Ainsi, le pollen aide contre les maladies li\u00e9es aux appareils reproducteurs, que ce soit chez l\u2019homme ou chez la femme.<\/p>\n<p>Il se compose \u00e9galement de <strong>flavon\u00f3ides<\/strong>, puissants antioxydants qui lui conf\u00e8rent notamment sa qualit\u00e9 et son efficacit\u00e9. Mais \u00e9galement sa coloration ! Ainsi, plus sa couleur est vive, plus son taux de flavono\u00efdes (et donc d\u2019antioxydants) est \u00e9lev\u00e9.<\/p>\n<p>De plus, les polyph\u00e9nols qu\u2019il renferme ont des propri\u00e9t\u00e9s anti-cancer. Aussi, ils prot\u00e8gent et traitent les maladies cardiovasculaires.<\/p>\n<p>Exceptionnellement riche en prot\u00e9ines, lipides, glucides mais \u00e9galement min\u00e9raux, il est \u00e9galement un excellent compl\u00e9ment alimentaire. Attention ! Il ne saurait toutefois se substituer \u00e0 une alimentation vari\u00e9e et un mode de vie sain.<\/p>\n<p>V\u00e9ritable <strong>alicamento<\/strong> \u00e0 la saveur particuli\u00e8re, ce <strong>produtos para colmeias<\/strong> apportera de nombreux bienfaits \u00e0 votre organisme. En effet, il :<\/p>\n<ul>\n<li>am\u00e9liore la sant\u00e9 g\u00e9n\u00e9rale ;<\/li>\n<li>est un \u00e9nergisant pour l\u2019organisme ;<\/li>\n<li>comble les carences en vitamines et min\u00e9raux, notamment en fer ;<\/li>\n<li>mais \u00e9galement un booster de fertilit\u00e9 ;<\/li>\n<li>am\u00e9liore la libido ;<\/li>\n<li>lutte contre l\u2019impuissance chez l\u2019homme ;<\/li>\n<li>soutient la production gonadique.<\/li>\n<li>augmente le nombre de spermatozo\u00efdes,<\/li>\n<li>mais \u00e9galement leur mobilit\u00e9 ;<\/li>\n<li>ainsi que l\u2019\u00e9paisseur de l\u2019endom\u00e8tre chez la femme.<\/li>\n<li>En outre, il nettoie l\u2019ut\u00e9rus pendant et apr\u00e8s le cycle menstruel ;<\/li>\n<li>De m\u00eame qu\u2019il calme les douleurs des menstrues<\/li>\n<li>et r\u00e9gularise les r\u00e8gles (en stimulant les ovaires et la vitesse de formation de l\u2019ovule) ;<\/li>\n<li>Par ailleurs, il fortifie l\u2019endom\u00e8tre et facilite l\u2019accouchement ;<\/li>\n<li>puis enrichit le lait maternel de la femme allaitante ;<\/li>\n<li>lutte contre les effets de la m\u00e9nopause en r\u00e9gulant le cycle hormonal ;<\/li>\n<li>Am\u00e9liore \u00e9galement les capacit\u00e9s du syst\u00e8me immunitaire.<\/li>\n<li>Aide \u00e0 lutter contre l\u2019an\u00e9mie et la fatigue chronique<\/li>\n<li>Ralentit le vieillissement cellulaire ;<\/li>\n<li>renforce les os et pr\u00e9vient l\u2019ost\u00e9oporose ;<\/li>\n<li>Abaisse le taux de cholest\u00e9rol ;<\/li>\n<li>etc<\/li>\n<\/ul>\n<p>Un large panel de vertus, comme on peut donc le constater, et qui n\u2019attendent que vous !<\/p>\n<h2><strong>Comment l\u2019utiliser ?<\/strong><\/h2>\n<p><strong>Contre l\u2019infertilit\u00e9<\/strong><\/p>\n<p>Este <strong>poudre v\u00e9g\u00e9tale<\/strong> \u00e9tant tr\u00e8s volatile, nous vous conseillons de la m\u00e9langer \u00e0 un liquide pour faciliter sa prise, tel que le <strong>miel de sidr<\/strong>. De plus, le miel renforce l\u2019action du pollen.<\/p>\n<p>Faites un m\u00e9lange de 100g de pollen dans 1 kg de miel, et \u00e9ventuellement un peu de gel\u00e9e royale.<\/p>\n<p>Homme et femme, consommez cette mixture en cure de 1 \u00e0 3 mois. \u00c0 raison d\u2019une cuill\u00e8re \u00e0 caf\u00e9 le matin \u00e0 jeun et le soir apr\u00e8s le repas.<\/p>\n<p>Pour l\u2019homme : En cas de d\u00e9ficit de spermatozo\u00efdes (ou d\u2019anomalie du spermogramme), prendre la cure 1 mois minimum.<\/p>\n<p>En l\u2019absence de probl\u00e8me, commencer la cure environ 5 jours avant l\u2019ovulation de son \u00e9pouse.<\/p>\n<p>Pour la femme : en plus de la cure, pr\u00e9parez des ovules vaginaux naturels.<\/p>\n<p>\u00c0 cet effet, m\u00e9langez une cuill\u00e8re \u00e0 soupe de miel pour 1,5 c\u00e0s de pollen de palmier jusqu&rsquo;\u00e0 obtention d\u2019une p\u00e2te. Mettre cette p\u00e2te dans un moule \u00e0 gla\u00e7ons et placer quelques minutes au cong\u00e9lateur afin de durcir l\u2019ovule.<\/p>\n<p>\u00c0 utiliser \u00e0 J+1 et J+3 apr\u00e8s les menstrues, au coucher, en portant une serviette hygi\u00e9nique car le m\u00e9lange risque de couler.<\/p>\n<p>Ces ovules permettent l\u2019activation des ovaires, aident \u00e0 avoir une ovulation de qualit\u00e9 ainsi qu\u2019\u00e0 pr\u00e9parer l&rsquo;ut\u00e9rus \u00e0 la grossesse.<\/p>\n<p>Sachez, par ailleurs, que nous vous proposons un large choix dans ce domaine, comme la c\u00e9l\u00e8bre <a href=\"https:\/\/www.miel-store.com\/pt\/p\/rose-de-jericho-chajarat-mariam-du-maroc\/\"><strong>Chajarat Mariam<\/strong><\/a>.<\/p>\n<p><strong>Contre l\u2019an\u00e9mie ou pour renforcer votre syst\u00e8me immunitaire<\/strong><\/p>\n<p>Prendre en cure de 3 \u00e0 6 mois, \u00e0 raison de 3 prises par jour : matin, midi et soir.<\/p>\n<h3><strong>Conseils et pr\u00e9cautions d\u2019utilisation\u00a0<\/strong><\/h3>\n<p>Nous vous recommandons de conserver votre pot dans un endroit propre et sec. Notamment, \u00e0 l\u2019abri de la chaleur et de l\u2019humidit\u00e9. Ainsi, les nombreux bienfaits de votre produit seront pr\u00e9serv\u00e9s.<\/p>\n<p>\u00c0 conserver au frais de pr\u00e9f\u00e9rence.<\/p>\n<p>Avant toute consommation, demandez conseil \u00e0 votre m\u00e9decin.<\/p>\n<p>Nous d\u00e9conseillons son usage aux femmes enceintes et\/ou allaitantes, \u00e0 moins d\u2019avoir consult\u00e9 votre praticien.<\/p>\n<p>Attention : Peut \u00eatre source d\u2019allergie pour les personnes sensibles au pollen. Cela se manifeste par des sympt\u00f4mes ORL tels que rhinite, conjonctivite ou encore asthme. Si vous ressentez de tels sympt\u00f4mes apr\u00e8s avoir consomm\u00e9 votre poudre, cessez imm\u00e9diatement et consultez votre m\u00e9decin.<\/p>\n<p>Attention : Ne convient pas aux femmes souffrant du syndrome des ovaires polykystiques (SOPK). Mais \u00e9galement atteintes de maladies gyn\u00e9cologiques, telles que kystes, endom\u00e9triose, fibromes, myomes, ou encore polypes.<\/p>\n<p>Ne pas consommer simultan\u00e9ment \u00e0 la tisane de gattilier.<\/p>\n<p>Une surconsommation peut entra\u00eener des maladies oculaires ainsi que des \u00e9ruptions cutan\u00e9es. Ne pas d\u00e9passer la dose recommand\u00e9e.<\/p>","protected":false},"excerpt":{"rendered":"<p>Pollen de Palmier d&rsquo;\u00c9gypte.<\/p>\n<p>Booste la Fertilit\u00e9.<\/p>\n<p>Frasco de 50g.<\/p>","protected":false},"featured_media":612,"template":"","meta":[],"product_brand":[],"product_cat":[88],"product_tag":[],"class_list":{"0":"post-611","1":"product","2":"type-product","3":"status-publish","4":"has-post-thumbnail","6":"product_cat-bien-etre","8":"first","9":"instock","10":"shipping-taxable","11":"purchasable","12":"product-type-simple"},"_links":{"self":[{"href":"https:\/\/www.miel-store.com\/pt\/wp-json\/wp\/v2\/product\/611","targetHints":{"allow":["GET"]}}],"collection":[{"href":"https:\/\/www.miel-store.com\/pt\/wp-json\/wp\/v2\/product"}],"about":[{"href":"https:\/\/www.miel-store.com\/pt\/wp-json\/wp\/v2\/types\/product"}],"wp:featuredmedia":[{"embeddable":true,"href":"https:\/\/www.miel-store.com\/pt\/wp-json\/wp\/v2\/media\/612"}],"wp:attachment":[{"href":"https:\/\/www.miel-store.com\/pt\/wp-json\/wp\/v2\/media?parent=611"}],"wp:term":[{"taxonomy":"product_brand","embeddable":true,"href":"https:\/\/www.miel-store.com\/pt\/wp-json\/wp\/v2\/product_brand?post=611"},{"taxonomy":"product_cat","embeddable":true,"href":"https:\/\/www.miel-store.com\/pt\/wp-json\/wp\/v2\/product_cat?post=611"},{"taxonomy":"product_tag","embeddable":true,"href":"https:\/\/www.miel-store.com\/pt\/wp-json\/wp\/v2\/product_tag?post=611"}],"curies":[{"name":"wp","href":"https:\/\/api.w.org\/{rel}","templated":true}]}}