{"id":548,"date":"2022-02-28T11:06:43","date_gmt":"2022-02-28T10:06:43","guid":{"rendered":"https:\/\/www.miel-store.com\/?post_type=product&#038;p=548"},"modified":"2026-04-05T09:10:11","modified_gmt":"2026-04-05T07:10:11","slug":"desodorizante-solido-musk-tahara","status":"publish","type":"product","link":"https:\/\/www.miel-store.com\/pt\/p\/deodorant-solide-musc-tahara","title":{"rendered":"Desodorizante s\u00f3lido Tahara Musk"},"content":{"rendered":"<p>Le\u00a0<strong>desodorizante s\u00f3lido musk tahara<\/strong>\u00a0faz a sua estreia suave na sua Miel Store. Um pequeno cosm\u00e9tico com uma dura\u00e7\u00e3o de vida extra-longa, um aroma irresist\u00edvel e uma efic\u00e1cia incr\u00edvel. Em suma, talvez n\u00e3o consiga viver sem ele!<\/p>\n<h2><strong>Desodorizante s\u00f3lido almiscarado tahara: um cosm\u00e9tico incontorn\u00e1vel!\u00a0<\/strong><\/h2>\n<p>Dizer adeus a\u00a0<strong>sprays desodorizantes,<\/strong>\u00a0e o seu impacto nocivo no planeta. Por isso, n\u00e3o demore a adotar este\u00a0<strong>cosm\u00e9ticos s\u00f3lidos\u00a0<\/strong>dos mais giros. Econ\u00f3mica, amiga do ambiente e delicada at\u00e9 para as peles mais sens\u00edveis, vai tornar-se um must-have! Que maneira de adotar um\u00a0<strong>rotina de beleza sem res\u00edduos<\/strong>, e natural 100%.<\/p>\n<p>Al\u00e9m disso, este desodorizante \u00e9 <a href=\"https:\/\/www.musc-femme.com\/\" target=\"_blank\" rel=\"noopener\"><strong>perfumado com alm\u00edscar do tahara<\/strong><\/a>, a derradeira fragr\u00e2ncia de limpeza!<\/p>\n<ul>\n<li>Propriedades do desodorizante s\u00f3lido 1001 Vertus<\/li>\n<li>Dura\u00e7\u00e3o: 2 a 3 meses, consoante a frequ\u00eancia de utiliza\u00e7\u00e3o<\/li>\n<li>Aroma: alm\u00edscar do tahara<\/li>\n<li>Quantidade : 25g<\/li>\n<li>Adequado para mulheres gr\u00e1vidas e a amamentar<\/li>\n<li>Sem \u00f3leos essenciais, sem \u00e1lcool, sem sal de alum\u00ednio, sem \u00f3leo de palma<\/li>\n<\/ul>\n<h2><strong>Como utilizar o desodorizante s\u00f3lido alm\u00edscar de tahara\u00a0<\/strong><\/h2>\n<p>Muito f\u00e1cil de utilizar, este desodorizante s\u00f3lido pode ser usado tanto por homens como por mulheres, gra\u00e7as \u00e0 sua fragr\u00e2ncia mista.<\/p>\n<ol>\n<li>Molhar os cosm\u00e9ticos ou as axilas<\/li>\n<li>De seguida, aplique o produto, fazendo alguns movimentos para a frente e para tr\u00e1s.<\/li>\n<li>\u00c9 tudo o que h\u00e1 para fazer!<\/li>\n<\/ol>\n<p>Este\u00a0<strong>cosm\u00e9ticos perfumados<\/strong>\u00a0n\u00e3o mancha a roupa e n\u00e3o cont\u00e9m alerg\u00e9nios. Recomendamos que o mantenha afastado do p\u00f3 e do calor quando n\u00e3o estiver a ser utilizado. Coloque-o numa saboneteira para secar e, em seguida, guarde-o numa caixa adequada.<\/p>\n<h3><strong>Descubra a nossa sec\u00e7\u00e3o de bem-estar!\u00a0<\/strong><\/h3>\n<p>Na Miel Store, encontra uma vasta gama de produtos naturais. Produtos de beleza para o cabelo, corpo e rosto, e at\u00e9 suplementos alimentares. Para ter um aspeto exterior t\u00e3o bonito como o interior! Descubra, por exemplo, os nossos\u00a0<strong><a href=\"https:\/\/www.miel-store.com\/pt\/p\/120-gelules-de-poudre-de-spiruline\/\">c\u00e1psulas de spirulina<\/a>,<\/strong>\u00a0ou o nosso\u00a0<strong><a href=\"https:\/\/www.miel-store.com\/pt\/p\/beurre-de-karite-du-mali\/\">Manteiga de karit\u00e9 do Mali<\/a>.\u00a0<\/strong><\/p>","protected":false},"excerpt":{"rendered":"<p>Desodorizante s\u00f3lido Tahara Musk.<\/p>\n<p>25g.<\/p>","protected":false},"featured_media":630,"template":"","meta":[],"product_brand":[],"product_cat":[89],"product_tag":[],"class_list":{"0":"post-548","1":"product","2":"type-product","3":"status-publish","4":"has-post-thumbnail","6":"product_cat-cosmetiques","8":"first","9":"instock","10":"shipping-taxable","11":"purchasable","12":"product-type-simple"},"_links":{"self":[{"href":"https:\/\/www.miel-store.com\/pt\/wp-json\/wp\/v2\/product\/548","targetHints":{"allow":["GET"]}}],"collection":[{"href":"https:\/\/www.miel-store.com\/pt\/wp-json\/wp\/v2\/product"}],"about":[{"href":"https:\/\/www.miel-store.com\/pt\/wp-json\/wp\/v2\/types\/product"}],"wp:featuredmedia":[{"embeddable":true,"href":"https:\/\/www.miel-store.com\/pt\/wp-json\/wp\/v2\/media\/630"}],"wp:attachment":[{"href":"https:\/\/www.miel-store.com\/pt\/wp-json\/wp\/v2\/media?parent=548"}],"wp:term":[{"taxonomy":"product_brand","embeddable":true,"href":"https:\/\/www.miel-store.com\/pt\/wp-json\/wp\/v2\/product_brand?post=548"},{"taxonomy":"product_cat","embeddable":true,"href":"https:\/\/www.miel-store.com\/pt\/wp-json\/wp\/v2\/product_cat?post=548"},{"taxonomy":"product_tag","embeddable":true,"href":"https:\/\/www.miel-store.com\/pt\/wp-json\/wp\/v2\/product_tag?post=548"}],"curies":[{"name":"wp","href":"https:\/\/api.w.org\/{rel}","templated":true}]}}