{"id":547,"date":"2022-02-28T11:04:04","date_gmt":"2022-02-28T10:04:04","guid":{"rendered":"https:\/\/www.miel-store.com\/?post_type=product&#038;p=547"},"modified":"2026-04-16T19:15:26","modified_gmt":"2026-04-16T17:15:26","slug":"gel-daloe-vera-bio","status":"publish","type":"product","link":"https:\/\/www.miel-store.com\/pt\/p\/gel-daloe-vera-bio","title":{"rendered":"Gel d&rsquo;Aloe Vera Bio"},"content":{"rendered":"<p>Tr\u00e8s tendance depuis un petit moment mais encore plus ces derni\u00e8res ann\u00e9es, le\u00a0<strong>gel d&rsquo;aloe Vera bio est une plante qui ravit aussi bien en cosm\u00e9tique qu&rsquo;en cuisine.<\/strong>\u00a0Zoom sur la star incontournable des produits naturels !<\/p>\n<h2><strong>D&rsquo;o\u00f9 provient le gel d&rsquo;aloe Vera bio ?\u00a0<\/strong><\/h2>\n<p>La plante d&rsquo;Aloe Vera est connue\u00a0<strong>depuis des milliers d\u2019ann\u00e9es.<\/strong>\u00a0Elle\u00a0<strong>est utilis\u00e9e \u00e0 travers le monde et a travers\u00e9 de nombreuses g\u00e9n\u00e9rations de civilisation<\/strong>. Elle fait donc partie depuis bien longtemps des m\u00e9decines traditionnelles de bien des coins du globe. Notamment chez les M\u00e9sopotamiens mais aussi les Arabes, les Egyptiens ou encore les Chinois.<\/p>\n<p>L&rsquo;aloe Vera est pr\u00e9sent sur la quasi-totalit\u00e9 des continents. Cela \u00e9tant dit c<strong>&lsquo;est pr\u00e9cis\u00e9ment en Afrique du Sud qu&rsquo;on le trouve plus massivement.<\/strong>\u00a0Il est connu pour\u00a0<strong>pousser dans des r\u00e9gions semi-arides, particuli\u00e8rement dans des sols sableux<\/strong>. En effet, il survit ais\u00e9ment \u00e0 la s\u00e8cheresse mais pas du tout aux temp\u00e9ratures gel\u00e9es. Mais \u00e0 quoi ressemble la plante d&rsquo;aloe Vera bio ?<\/p>\n<h2><strong>A quoi ressemble l&rsquo;aloe Vera ?\u00a0<\/strong><\/h2>\n<p>Visuellement parlant cette plante a\u00a0<strong>l&rsquo;aspect d&rsquo;une grande plante succulente de couleur verte.<\/strong>\u00a0Elle s\u2019identifie facilement par\u00a0<strong>ses feuilles pointues et dentel\u00e9es qui se superposent.<\/strong>\u00a0Elle\u00a0<strong>mesure entre 60 cm et 1m de haut. Et chacune de ses feuilles comporte 3 couches :<\/strong><\/p>\n<ul>\n<li>D&rsquo;abord,<strong>\u00a0la couche externe\u00a0<\/strong>qui est une cuticule<strong>\u00a0\u00e9paisse et rigide.\u00a0<\/strong><\/li>\n<li>La\u00a0<strong>couche moyenne<\/strong>\u00a0d&rsquo;<strong>o\u00f9 coule,<\/strong>\u00a0apr\u00e8s la coupure,\u00a0<strong>une s\u00e8ve<\/strong>\u00a0dite\u00a0<strong>am\u00e8re et de couleur jaune qu&rsquo;on appelle le suc.\u00a0<\/strong><\/li>\n<li>Enfin, une<strong>\u00a0couche dite interne<\/strong>\u00a0constitu\u00e9e du\u00a0<strong>fameux liquide \u00e9pais et visqueux qu&rsquo;on appelle le gel.<\/strong><\/li>\n<\/ul>\n<p>Et les deux parties utilis\u00e9es de la plante sont pr\u00e9cis\u00e9ment le suc et le gel d&rsquo;aloe Vera.<\/p>\n<h2><strong>Les bienfaits du gel d&rsquo;aloe Vera bio<\/strong><\/h2>\n<p>Le pr\u00e9cieux nectar s\u00e9duit par ses nombreux bienfaits. En effet, non seulement il est<strong>\u00a0hydratant, nourrissant et apaisant.<\/strong>\u00a0Mais \u00e9galement\u00a0<strong>r\u00e9g\u00e9n\u00e9rant et purifiant !<\/strong>\u00a0Ainsi vous pourrez utiliser le gel d&rsquo;aloe pour apporter une\u00a0<strong>hydratation profonde \u00e0 votre \u00e9piderme<\/strong>, en lui apportant par son biais l&rsquo;\u00e9quivalent de sa perte en eau. Ensuite, le gel d&rsquo;aloe Vera bio est\u00a0<strong>riche en vitamines et oligo-\u00e9l\u00e9ments<\/strong>, de ce fait, il est extr\u00eamement nutritif pour votre peau. S&rsquo;ajoute \u00e0 cela, qu\u2019il est\u00a0<strong>particuli\u00e8rement apaisant.<\/strong> En effet, il aide \u00e0\u00a0<strong><a href=\"https:\/\/www.miel-store.com\/pt\/p\/habachia-oleo-de-cominhos-pretos-100ml\/\">soulager les peaux irrit\u00e9s et sujettes aux d\u00e9mangeaisons<\/a>.<\/strong><\/p>\n<p>Ensuite son action r\u00e9g\u00e9n\u00e9rante aidera\u00a0<strong>\u00e0 lutter contre les signes de l&rsquo;\u00e2ge.<\/strong>\u00a0Enfin le gel d&rsquo;aloe Vera bio \u00e0 la\u00a0<strong>propri\u00e9t\u00e9 de purifier et nettoyer.\u00a0<\/strong><\/p>\n<h3><strong>O\u00f9 appliquer le gel d&rsquo;aloe Vera bio ?\u00a0<\/strong><\/h3>\n<p>Un des nombreux avantages du gel d&rsquo;aloe Vera bio est qu&rsquo;il s&rsquo;applique quasiment partout, en usage externe. En effet, il pourra \u00e9videmment\u00a0<strong>s&rsquo;appliquer sur le visage et le cou.<\/strong>\u00a0Mais t<strong>out autant sur le corps \u00e0 l&rsquo;instar d&rsquo;un baume hydratant.<\/strong>\u00a0Et \u00e9galement sur\u00a0<strong>les cheveux,\u00a0<\/strong>notamment en guise de gel pour les cheveux des plus jeune par exemple. Mais il existe un nombre important de fa\u00e7on dont vous pouvez l&rsquo;utiliser.\u00a0Penchons-nous sur ce dernier sujet.<\/p>\n<h3><strong>Quand l\u2019utiliser ?\u00a0<\/strong><\/h3>\n<p>Pour finir, bien qu&rsquo;il y ait encore plein de belles choses \u00e0 dire sur ce don incontestable de la nature, voici quelques exemples de cas ou vous pouvez utiliser le pr\u00e9cieux gel, les yeux ferm\u00e9s. Donc comme nous l&rsquo;avons dit,\u00a0<strong>pour hydrater la peau ou vos cheveux,<\/strong>\u00a0mais aussi\u00a0<strong>en soin anti-\u00e2ge<\/strong>. Ensuite, il se rendra particuli\u00e8rement<strong>\u00a0efficace en cas de coup de soleil !<\/strong><\/p>\n<p>Et m\u00eame pour att\u00e9nuer\u00a0<strong>les vergetures, ou tout autant les taches brunes.<\/strong>\u00a0Enfin, le gel d&rsquo;aloe Vera bio sera un pr\u00e9cieux alli\u00e9 dans le <strong>cas de brulure et de piqure, pour cicatriser et soulager et dans les cas de probl\u00e8mes cutan\u00e9s.<\/strong>\u00a0Comme notamment\u00a0<strong>le psoriasis ou l&rsquo;ecz\u00e9ma.\u00a0<\/strong>Dans certains cas, il ira m\u00eame jusqu&rsquo;\u00e0\u00a0<strong>r\u00e9duire la propagation des plaques.<\/strong>\u00a0Bien entendu, chaque cas, de maladie de peaux, est particulier. Quoiqu&rsquo;il en soit si vous n&rsquo;avez pas essay\u00e9, voici, ici, l&rsquo;occasion vous lancer !<\/p>","protected":false},"excerpt":{"rendered":"<p>Gel d&rsquo;Aloe Vera Bio.<\/p>\n<p>Origine : Royaume-Uni.<\/p>\n<p>Pot de 100g.<\/p>","protected":false},"featured_media":10356,"template":"","meta":[],"product_brand":[],"product_cat":[89],"product_tag":[],"class_list":{"0":"post-547","1":"product","2":"type-product","3":"status-publish","4":"has-post-thumbnail","6":"product_cat-cosmetiques","8":"first","9":"instock","10":"shipping-taxable","11":"purchasable","12":"product-type-simple"},"_links":{"self":[{"href":"https:\/\/www.miel-store.com\/pt\/wp-json\/wp\/v2\/product\/547","targetHints":{"allow":["GET"]}}],"collection":[{"href":"https:\/\/www.miel-store.com\/pt\/wp-json\/wp\/v2\/product"}],"about":[{"href":"https:\/\/www.miel-store.com\/pt\/wp-json\/wp\/v2\/types\/product"}],"wp:featuredmedia":[{"embeddable":true,"href":"https:\/\/www.miel-store.com\/pt\/wp-json\/wp\/v2\/media\/10356"}],"wp:attachment":[{"href":"https:\/\/www.miel-store.com\/pt\/wp-json\/wp\/v2\/media?parent=547"}],"wp:term":[{"taxonomy":"product_brand","embeddable":true,"href":"https:\/\/www.miel-store.com\/pt\/wp-json\/wp\/v2\/product_brand?post=547"},{"taxonomy":"product_cat","embeddable":true,"href":"https:\/\/www.miel-store.com\/pt\/wp-json\/wp\/v2\/product_cat?post=547"},{"taxonomy":"product_tag","embeddable":true,"href":"https:\/\/www.miel-store.com\/pt\/wp-json\/wp\/v2\/product_tag?post=547"}],"curies":[{"name":"wp","href":"https:\/\/api.w.org\/{rel}","templated":true}]}}