{"id":545,"date":"2022-02-28T10:44:27","date_gmt":"2022-02-28T09:44:27","guid":{"rendered":"https:\/\/www.miel-store.com\/?post_type=product&#038;p=545"},"modified":"2026-04-13T01:28:07","modified_gmt":"2026-04-12T23:28:07","slug":"120-gelules-de-poudre-de-spiruline","status":"publish","type":"product","link":"https:\/\/www.miel-store.com\/pt\/p\/120-gelules-de-poudre-de-spiruline","title":{"rendered":"120 c\u00e1psulas de Spirulina em p\u00f3"},"content":{"rendered":"<p>Fatigue, syst\u00e8me immunitaire en baisse, manque de calcium\u2026 de nombreux petits d\u00e9r\u00e8glements qui peuvent nous atteindre dans notre quotidien. Les\u00a0<strong>g\u00e9lules spiruline<\/strong>\u00a0s\u00e3o um\u00a0<strong>suplemento alimentar\u00a0<\/strong>de choix, parmi les plus efficaces du march\u00e9 ! En effet, cette micro-algue est consid\u00e9r\u00e9e comme le meilleur aliment du 21 \u00e8me si\u00e8cle par l\u2019OMS. De quoi nous offrir un v\u00e9ritable coup de boost en cas de fatigue passag\u00e8re !<\/p>\n<h2><strong>G\u00e9lules spiruline, un super-aliment dans vos assiettes !\u00a0<\/strong><\/h2>\n<p>La spiruline est une\u00a0<strong>microalgue<\/strong>\u00a0de couleur verte, de la famille des cyanobact\u00e9ries. D\u2019origine v\u00e9g\u00e9tale, cette algue est pr\u00e9sente sur la Terre depuis des centaines de milliers d\u2019ann\u00e9es. Depuis que l\u2019on a d\u00e9couvert ses tr\u00e8s nombreuses vertus, la spiruline bio est devenue un\u00a0<strong>suppl\u00e9ment alimentaire\u00a0<\/strong>incontournable. Vendue sous forme de\u00a0<strong>p\u00f3<\/strong>, de g\u00e9lules, de\u00a0<strong>paillettes<\/strong>\u00a0ou m\u00eame fra\u00eeche, elle est excellente pour la sant\u00e9 sur de nombreux plans.<\/p>\n<p>Chez Miel Store, on vous propose ce pot de 120 g\u00e9lules pour une cure d\u2019un mois. L\u2019occasion de booster son tonus, ses d\u00e9fenses immunitaires et de fortifier son organisme.<\/p>\n<p>Il faut savoir que cette algue poss\u00e8de un go\u00fbt assez sp\u00e9cial, voir m\u00eame d\u00e9sagr\u00e9able pour certaines personnes. Sa consommation est, de fait, largement facilit\u00e9e sous forme de<strong>\u00a0capsules spiruline bio<\/strong>.<\/p>\n<p>Enfin, ce produit peut rappeler le\u00a0<strong>moringa<\/strong>\u00a0sur certaines de ses vertus. Vous en trouverez d\u2019ailleurs dans notre boutique en g\u00e9lules \u00e9galement !<\/p>\n<h2><strong>Les bienfaits des g\u00e9lules spiruline\u00a0<\/strong><\/h2>\n<p>Les bienfaits spiruline ne sont pas seulement r\u00e9put\u00e9s pour la sant\u00e9 du corps. On pourra \u00e9galement en appr\u00e9cier les r\u00e9sultats sur un plan cosm\u00e9tique, pour la peau et les cheveux.<\/p>\n<ul>\n<li>Enorme source de fer id\u00e9ale pour les personnes ayant de l\u2019an\u00e9mie<\/li>\n<li>Propri\u00e9t\u00e9s b\u00e9n\u00e9fiques pour le bon fonctionnement du foie<\/li>\n<li>Antioxidantes<\/li>\n<li>Agit comme un coupe-faim. Id\u00e9al avec des\u00a0<a href=\"https:\/\/www.miel-store.com\/pt\/p\/feuilles-de-sene\/\"><strong>feuilles de s\u00e9n\u00e9<\/strong><\/a>\u00a0pour la perte de poids ;<\/li>\n<li>Participe \u00e0 l\u2019\u00e9quilibre \u00e9motionnel<\/li>\n<li>Conseill\u00e9 pour les sportifs de haut-niveau afin d\u2019am\u00e9liorer les performances ainsi que l\u2019endurance<\/li>\n<li>Peut \u00eatre consomm\u00e9 par les v\u00e9g\u00e9tariens afin de palier \u00e0 une \u00e9ventuelle carence en vitamine B12<\/li>\n<li>Pendant la grossesse, les g\u00e9lules spiruline peuvent \u00eatre une source de vitamine et de fer pour les femmes enceintes *<\/li>\n<\/ul>\n<p>* Demander l\u2019avis de votre m\u00e9decin au pr\u00e9alable<\/p>\n<h3><strong>Comment consommer ce compl\u00e9ment alimentaire spiruline ?\u00a0<\/strong><\/h3>\n<p>Dans un premier temps, nous vous invitons \u00e0 vous r\u00e9f\u00e9rer \u00e0 l\u2019emballage produit afin de lire attentivement la notice.<\/p>\n<p>Dans le cas des g\u00e9lules spiruline Miel Store, ce compl\u00e9ment alimentaire est \u00e0 prendre sous forme de cure. Il contient 120 g\u00e9lules \u00e0 prendre 2 fois par jour, de pr\u00e9f\u00e9rence au cours des repas avec un verre d\u2019eau.<\/p>\n<p>De fait, une cuill\u00e8re de<strong>\u00a0<a href=\"https:\/\/www.miel-store.com\/pt\/p\/mel-de-cominhos-pretos-habba-sawda-degypte\/\">miel de nigelle<\/a><\/strong>\u00a0\u00e0 jeun le matin, additionn\u00e9e avec ce compl\u00e9ment alimentaire vous offre une cure tr\u00e8s compl\u00e8te !<\/p>\n<p>\u00c0 savoir : pour faciliter l\u2019absorption du fer, il est conseill\u00e9 de consommer la spiruline bio avec des agrumes.<\/p>\n<h3><strong>Pr\u00e9cautions et conservation\u00a0<\/strong><\/h3>\n<ul>\n<li>Ce compl\u00e9ment alimentaire ne doit pas se substituer \u00e0 un traitement m\u00e9dicamenteux. Et doit \u00eatre consomm\u00e9 dans le cadre d\u2019une alimentation vari\u00e9e et d\u2019un mode vie sain.<\/li>\n<li>D\u00e9conseill\u00e9 aux femmes enceintes ainsi qu\u2019aux fumeurs.<\/li>\n<li>Il est recommand\u00e9 de toujours demander conseil \u00e0 votre m\u00e9decin avant d\u2019entamer une cure.<\/li>\n<li>Conservez finalement votre bo\u00eete de\u00a0<strong>spiruline pas ch\u00e8re\u00a0<\/strong>\u00e0 l\u2019abri de l\u2019humidit\u00e9 et du soleil.<\/li>\n<\/ul>","protected":false},"excerpt":{"rendered":"<p>120 G\u00e9lules de Poudre de Spiruline.<\/p>\n<p>Frasco de 50g.<\/p>","protected":false},"featured_media":684,"template":"","meta":[],"product_brand":[],"product_cat":[88],"product_tag":[],"class_list":{"0":"post-545","1":"product","2":"type-product","3":"status-publish","4":"has-post-thumbnail","6":"product_cat-bien-etre","8":"first","9":"instock","10":"shipping-taxable","11":"purchasable","12":"product-type-simple"},"_links":{"self":[{"href":"https:\/\/www.miel-store.com\/pt\/wp-json\/wp\/v2\/product\/545","targetHints":{"allow":["GET"]}}],"collection":[{"href":"https:\/\/www.miel-store.com\/pt\/wp-json\/wp\/v2\/product"}],"about":[{"href":"https:\/\/www.miel-store.com\/pt\/wp-json\/wp\/v2\/types\/product"}],"wp:featuredmedia":[{"embeddable":true,"href":"https:\/\/www.miel-store.com\/pt\/wp-json\/wp\/v2\/media\/684"}],"wp:attachment":[{"href":"https:\/\/www.miel-store.com\/pt\/wp-json\/wp\/v2\/media?parent=545"}],"wp:term":[{"taxonomy":"product_brand","embeddable":true,"href":"https:\/\/www.miel-store.com\/pt\/wp-json\/wp\/v2\/product_brand?post=545"},{"taxonomy":"product_cat","embeddable":true,"href":"https:\/\/www.miel-store.com\/pt\/wp-json\/wp\/v2\/product_cat?post=545"},{"taxonomy":"product_tag","embeddable":true,"href":"https:\/\/www.miel-store.com\/pt\/wp-json\/wp\/v2\/product_tag?post=545"}],"curies":[{"name":"wp","href":"https:\/\/api.w.org\/{rel}","templated":true}]}}