{"id":544,"date":"2022-02-28T10:42:27","date_gmt":"2022-02-28T09:42:27","guid":{"rendered":"https:\/\/www.miel-store.com\/?post_type=product&#038;p=544"},"modified":"2026-05-12T10:39:08","modified_gmt":"2026-05-12T08:39:08","slug":"melasse-de-dattes-darabie-saoudite","status":"publish","type":"product","link":"https:\/\/www.miel-store.com\/pt\/p\/melasse-de-dattes-darabie-saoudite","title":{"rendered":"M\u00e9lasse de Dattes d&rsquo;Arabie Saoudite"},"content":{"rendered":"<p>Son nom vient du mot latin mel qui signifie miel. M\u00e9lasse de dattes ou encore miel de datte, est un succulent sirop de couleur brune et tr\u00e8s aromatis\u00e9e qui convient parfaitement \u00e0 certains r\u00e9gimes alimentaires.<\/p>\n<p>originaire du Moyen-Orient, c&rsquo;est un aliment sain et naturel qui est une bonne alternative au sucre blanc raffin\u00e9. Pour obtenir sirop naturel, les dattes passent par une cuisson plus ou moins longue. Les noyaux sont retir\u00e9s par la suite puis un jus est extrait. Ce dernier subira une autre cuisson \u00e0 feu doux pour qu\u2019il devienne fonc\u00e9, onctueux, pr\u00e9sentant toute l\u2019apparence du miel.<\/p>\n<p>Vous l&rsquo;aurez compris, allier bienfaits et plaisirs, est d\u00e9sormais possible !<\/p>\n<h2><strong>D\u00e9couvrons la m\u00e9lasse de dattes chez Miel Store<\/strong><\/h2>\n<p>Obtenu \u00e0 partir d\u2019extrait de dattes, ce proc\u00e9d\u00e9 100 % naturel est produit en concentrant le mo\u00fbt obtenu \u00e0 partir de fruits de datte afin de conserver tous les bienfaits du fruit et de ses vertus. Son go\u00fbt unique peut rappeler la r\u00e9glisse. La m\u00e9lasse de dattes apportera une petite note caram\u00e9lis\u00e9e originale \u00e0 la plupart des g\u00e2teaux et pr\u00e9parations, ce qui ne pourra que vous s\u00e9duire.<br \/>\nEn revanche, ce produit qui reste tr\u00e8s sucr\u00e9 est \u00e0 consommer avec mod\u00e9ration et parcimonie.<\/p>\n<p>D\u00e9couvrez cet aliment \u00e9nerg\u00e9tique qui renferme de nombreux \u00e9l\u00e9ments min\u00e9raux chez miel-store.<\/p>\n<h2><strong>Bienfaits et vertus du sirop de dattes<\/strong><\/h2>\n<p>C&rsquo;est un alli\u00e9 de taille contre l&rsquo;an\u00e9mie et l&rsquo;accumulation de graisses dans l&rsquo;organisme. Tr\u00e8s \u00e9nerg\u00e9tique, riche en fer, magn\u00e9sium, cuivre, sodium, zinc, phosphore, calcium, vitamines A, B1,B2,C. Particuli\u00e8rement recommand\u00e9 aux femmes enceinte et allaitantes, mais aussi tr\u00e8s appr\u00e9ci\u00e9 des sportifs, elle procure une bonne recharge \u00e9nerg\u00e9tique et du tonus. Sa digestion est n\u00e9anmoins rapide et tr\u00e8s facilement absorb\u00e9e par la paroi intestinale. Ce n&rsquo;est pas tout !<br \/>\nSes bienfaits sont encore nombreux :<\/p>\n<ul>\n<li>Lutte contre la fatigue<\/li>\n<li>R\u00e9duit le taux de cholest\u00e9rol<\/li>\n<li>Efficaces contre les troubles digestifs (constipations)<\/li>\n<li>Renforce la structure osseuse<\/li>\n<li>Femmes allaitantes ou qui viennent d\u2019accoucher<\/li>\n<\/ul>\n<h2><strong>Sabia que?<\/strong><\/h2>\n<p>Non seulement connu pour ses <a href=\"https:\/\/www.miel-store.com\/pt\/p\/pot-des-7-guerisons\/\"><strong>bienfaits sur la sant\u00e9<\/strong><\/a>, il s&rsquo;av\u00e8re que la datte est \u00e9galement un atout beaut\u00e9.<br \/>\nses bienfaits sur le corps et la peau sont multiples en tant que booster:<\/p>\n<ul>\n<li>Anti-acn\u00e9<\/li>\n<li>La cicatrisation des plaies<\/li>\n<li>R\u00e9duction de l\u2019irritation et de l\u2019inflammation caus\u00e9es par l\u2019acn\u00e9 .<\/li>\n<li>Riche en antioxydants et en substances<\/li>\n<li>Puissants anti-inflammatoires tels que le carot\u00e8ne et les <a href=\"https:\/\/www.futura-sciences.com\/sante\/definitions\/nutrition-flavonoide-15856\/\" target=\"_blank\" rel=\"noopener\"><strong>flavon\u00f3ides<\/strong><\/a>.<\/li>\n<li>Anti-\u00e2ge et r\u00e9duction de l\u2019apparence des rides sur le visage et maintenir l&rsquo;\u00e9lasticit\u00e9 de la peau.<\/li>\n<\/ul>\n<p>C&rsquo;est \u00e9galement un atout beaut\u00e9 qui peut sauver les cheveux ab\u00eem\u00e9s, secs ou cassants et ainsi leur redonner force et vitalit\u00e9.<\/p>\n<h2><strong>Comment utiliser notre sirop de dattes ?<\/strong><\/h2>\n<p>Disponible en pot de 250g, on peut utiliser la m\u00e9lasse de dattes en compl\u00e9ment alimentaire. Elle peut \u00e9galement \u00eatre d\u00e9gust\u00e9e sur des cr\u00eapes, gaufres, pancakes\u2026 De plus, \u00e9tant une excellente alternative naturelle au sucre blanc raffin\u00e9, elle peut \u00eatre utilis\u00e9e pour sucrer : yaourt, fromage blanc, lait chaud\u2026<\/p>\n<h3><strong>Comment conserver votre pot de m\u00e9lasse de dattes ?<\/strong><\/h3>\n<ul>\n<li>Elle se conserve tr\u00e8s bien \u00e0 temp\u00e9rature ambiante.<\/li>\n<li>A conserver dans un endroit frais et sec \u00e0 l\u2019abri de la chaleur et de l\u2019humidit\u00e9<\/li>\n<li>Possibilit\u00e9 de conservation au r\u00e9frig\u00e9rateur apr\u00e8s ouverture.<\/li>\n<\/ul>","protected":false},"excerpt":{"rendered":"<p>M\u00e9lasse de Dattes d&rsquo;Arabie Saoudite.<\/p>\n<p>Frasco de 250g.<\/p>","protected":false},"featured_media":613,"template":"","meta":[],"product_brand":[],"product_cat":[82],"product_tag":[],"class_list":{"0":"post-544","1":"product","2":"type-product","3":"status-publish","4":"has-post-thumbnail","6":"product_cat-dattes","8":"first","9":"instock","10":"shipping-taxable","11":"purchasable","12":"product-type-simple"},"_links":{"self":[{"href":"https:\/\/www.miel-store.com\/pt\/wp-json\/wp\/v2\/product\/544","targetHints":{"allow":["GET"]}}],"collection":[{"href":"https:\/\/www.miel-store.com\/pt\/wp-json\/wp\/v2\/product"}],"about":[{"href":"https:\/\/www.miel-store.com\/pt\/wp-json\/wp\/v2\/types\/product"}],"wp:featuredmedia":[{"embeddable":true,"href":"https:\/\/www.miel-store.com\/pt\/wp-json\/wp\/v2\/media\/613"}],"wp:attachment":[{"href":"https:\/\/www.miel-store.com\/pt\/wp-json\/wp\/v2\/media?parent=544"}],"wp:term":[{"taxonomy":"product_brand","embeddable":true,"href":"https:\/\/www.miel-store.com\/pt\/wp-json\/wp\/v2\/product_brand?post=544"},{"taxonomy":"product_cat","embeddable":true,"href":"https:\/\/www.miel-store.com\/pt\/wp-json\/wp\/v2\/product_cat?post=544"},{"taxonomy":"product_tag","embeddable":true,"href":"https:\/\/www.miel-store.com\/pt\/wp-json\/wp\/v2\/product_tag?post=544"}],"curies":[{"name":"wp","href":"https:\/\/api.w.org\/{rel}","templated":true}]}}