{"id":541,"date":"2022-02-28T10:31:07","date_gmt":"2022-02-28T09:31:07","guid":{"rendered":"https:\/\/www.miel-store.com\/?post_type=product&#038;p=541"},"modified":"2026-04-18T11:56:37","modified_gmt":"2026-04-18T09:56:37","slug":"champo-solido-de-cominhos-pretos","status":"publish","type":"product","link":"https:\/\/www.miel-store.com\/pt\/p\/shampoing-nigelle-solide","title":{"rendered":"Champ\u00f4 s\u00f3lido com \u00f3leo e p\u00f3 de cominho preto habashiya da Eti\u00f3pia"},"content":{"rendered":"<p>Sem sulfatos, sem desreguladores end\u00f3crinos, com queratina... Porque \u00e9 que se tornou t\u00e3o complicado\u00a0<strong>lavar o cabelo<\/strong>\u00a0? Com\u00a0<strong>champ\u00f4 de cominhos pretos<\/strong>, a transpar\u00eancia est\u00e1 na ordem do dia! E isso \u00e9 bom tanto para a sua cabe\u00e7a como para a sua carteira.<\/p>\n<p>De facto, este\u00a0<strong>cuidados de limpeza<\/strong>\u00a0\u00e9 um verdadeiro concentrado de benef\u00edcios, que a ajudar\u00e1 a adotar uma rotina de beleza mais saud\u00e1vel. N\u00e3o s\u00f3 para si, mas tamb\u00e9m para o ambiente. N\u00f3s dizemos-lhe mais...<\/p>\n<h2><strong>Champ\u00f4 de cominhos pretos: a pequena semente preta tem o seu lugar na sua casa de banho\u00a0<\/strong><\/h2>\n<p>La<strong>\u00a0sementes de cominho preto<\/strong>, \u00c9 essencialmente conhecido como\u00a0<strong>c\u00e1psulas<\/strong>, em\u00a0<strong>sementes<\/strong>, mas tamb\u00e9m em\u00a0<strong>\u00f3leo<\/strong>. Al\u00e9m disso, tem tantas virtudes que pode agora ser encontrado numa vasta gama de produtos. Como por exemplo\u00a0<strong>b\u00e1lsamo para os m\u00fasculos<\/strong>, por exemplo.<\/p>\n<p>Mas hoje, estamos interessados no champ\u00f4 de cominhos pretos. Este champ\u00f4\u00a0<strong>sab\u00e3o s\u00f3lido biol\u00f3gico em barra<\/strong>\u00a0\u00e9 o resultado de um\u00a0<strong>saponifica\u00e7\u00e3o a frio<\/strong>, para preservar todas as suas propriedades.<\/p>\n<h2><strong>Os benef\u00edcios do champ\u00f4 s\u00f3lido de cominhos pretos\u00a0<\/strong><\/h2>\n<p>Optar por este formato significa, antes de mais, dizer sim a um\u00a0<a href=\"https:\/\/www.henne-cheveux.com\/\" target=\"_blank\" rel=\"noopener\"><strong>cosm\u00e9ticos para cabelos muito mais saud\u00e1veis<\/strong><\/a> ! Acabaram-se as longas listas de ingredientes! A simplicidade \u00e9 boa, e a naturalidade permite-lhe desfrutar plenamente do seu cabelo, sem complica\u00e7\u00f5es!<\/p>\n<p>Al\u00e9m disso, \u00e9 evidente que a sua pegada ecol\u00f3gica ser\u00e1 reduzida. De facto, este cosm\u00e9tico\u00a0<strong>zero res\u00edduos<\/strong>\u00a0n\u00e3o deixa rasto.<\/p>\n<p>Finalmente, um\u00a0<strong>champ\u00f4 s\u00f3lido<\/strong>\u00a0\u00e9 muito mais econ\u00f3mico do que um formato l\u00edquido. Assim, pode cuidar de si a um pre\u00e7o baixo!<\/p>\n<h2><strong>Quais s\u00e3o os benef\u00edcios deste cosm\u00e9tico?\u00a0<\/strong><\/h2>\n<p>Descubra muitas virtudes neste<strong>\u00a0cosm\u00e9ticos biol\u00f3gicos :\u00a0<\/strong><\/p>\n<ul>\n<li>Eficaz contra a psor\u00edase, o eczema e a comich\u00e3o no couro cabeludo; ;<\/li>\n<li><strong>\u00d3leo de cominho preto<\/strong>\u00a0d\u00e1 brilho ao cabelo; ;<\/li>\n<li>Combate a quebra dos cabelos secos; ;<\/li>\n<li>Combinado com \u00f3leo de r\u00edcino, pode esperar resultados convincentes em termos de crescimento do cabelo; ;<\/li>\n<li>Actua sobre o excesso de sebo nos cabelos oleosos; ;<\/li>\n<li>Previne os cabelos brancos; ;<\/li>\n<li>\u00c9 tamb\u00e9m um produto de cuidado refor\u00e7ado para o cabelo; ;<\/li>\n<li>Removedor natural da caspa.<\/li>\n<\/ul>\n<h2><strong>Como utilizar o meu champ\u00f4 de cominho preto habachia?\u00a0<\/strong><\/h2>\n<p>\u00c9 verdade que, para aqueles que ainda n\u00e3o est\u00e3o habituados ao formato s\u00f3lido, a primeira utiliza\u00e7\u00e3o pode ser confusa. Mas n\u00e3o \u00e9 assim t\u00e3o complicado, pode ter a certeza:<\/p>\n<ol>\n<li>Em primeiro lugar, molhar completamente o cabelo; ;<\/li>\n<li>Ensaboar o<strong>\u00a0p\u00e3o s\u00f3lido<\/strong>\u00a0entre as m\u00e3os, molhando-a ao mesmo tempo; ;<\/li>\n<li>Recolher a mousse e come\u00e7ar por esfregar as ra\u00edzes com as pontas dos dedos. Repetir a opera\u00e7\u00e3o consoante o comprimento e o tipo de cabelo; ;<\/li>\n<li>Lave os comprimentos e depois as pontas; ;<\/li>\n<li>Enxaguar com \u00e1gua limpa.<\/li>\n<\/ol>\n<p>Recomendamos a utiliza\u00e7\u00e3o deste produto de limpeza uma vez por semana para cabelos secos e duas vezes por semana para cabelos normais a oleosos.<\/p>\n<p>Dica: para um cabelo com um cheiro irresist\u00edvel, n\u00e3o hesite em aplicar alguns toques de\u00a0<a href=\"https:\/\/www.mon-botox-capillaire.com\/categorie-produit\/brume-cheveux\/\" target=\"_blank\" rel=\"noopener\"><strong>n\u00e9voa capilar<\/strong><\/a> depois dos seus tratamentos!<\/p>\n<h3><strong>Precau\u00e7\u00f5es\u00a0<\/strong><\/h3>\n<p>Em caso de contacto com os olhos, lavar com \u00e1gua limpa.<\/p>\n<p>Para utilizar apenas no cabelo. Para desfrutar do\u00a0<strong>virtudes do habba saouda<\/strong>\u00a0para o corpo, preferir\u00a0<a href=\"https:\/\/www.miel-store.com\/pt\/p\/savon-a-lhuile-de-nigelle-dethiopie\/\"><strong>Sab\u00e3o de \u00f3leo de cominho preto da Eti\u00f3pia<\/strong><\/a>.<\/p>\n<p>Por \u00faltimo, este formato \u00e9 ideal para mulheres gr\u00e1vidas e a amamentar, bem como para crian\u00e7as.<\/p>","protected":false},"excerpt":{"rendered":"<p>Champ\u00f4 s\u00f3lido com \u00f3leo e p\u00f3 de Nigella Habashiya da Eti\u00f3pia.<\/p>\n<p><span style=\"text-decoration: underline;\">Ingredientes:<\/span> \u00c1gua desmineralizada, \u00f3leo e p\u00f3 de sementes de Nigella Habashiya, agente espumante natural.<\/p>\n<p>60g.<\/p>","protected":false},"featured_media":623,"template":"","meta":[],"product_brand":[],"product_cat":[87,88],"product_tag":[],"class_list":{"0":"post-541","1":"product","2":"type-product","3":"status-publish","4":"has-post-thumbnail","6":"product_cat-nigelle","7":"product_cat-bien-etre","9":"first","10":"instock","11":"shipping-taxable","12":"purchasable","13":"product-type-simple"},"_links":{"self":[{"href":"https:\/\/www.miel-store.com\/pt\/wp-json\/wp\/v2\/product\/541","targetHints":{"allow":["GET"]}}],"collection":[{"href":"https:\/\/www.miel-store.com\/pt\/wp-json\/wp\/v2\/product"}],"about":[{"href":"https:\/\/www.miel-store.com\/pt\/wp-json\/wp\/v2\/types\/product"}],"wp:featuredmedia":[{"embeddable":true,"href":"https:\/\/www.miel-store.com\/pt\/wp-json\/wp\/v2\/media\/623"}],"wp:attachment":[{"href":"https:\/\/www.miel-store.com\/pt\/wp-json\/wp\/v2\/media?parent=541"}],"wp:term":[{"taxonomy":"product_brand","embeddable":true,"href":"https:\/\/www.miel-store.com\/pt\/wp-json\/wp\/v2\/product_brand?post=541"},{"taxonomy":"product_cat","embeddable":true,"href":"https:\/\/www.miel-store.com\/pt\/wp-json\/wp\/v2\/product_cat?post=541"},{"taxonomy":"product_tag","embeddable":true,"href":"https:\/\/www.miel-store.com\/pt\/wp-json\/wp\/v2\/product_tag?post=541"}],"curies":[{"name":"wp","href":"https:\/\/api.w.org\/{rel}","templated":true}]}}