{"id":540,"date":"2022-02-28T10:25:21","date_gmt":"2022-02-28T09:25:21","guid":{"rendered":"https:\/\/www.miel-store.com\/?post_type=product&#038;p=540"},"modified":"2025-12-29T15:00:40","modified_gmt":"2025-12-29T14:00:40","slug":"pacote-de-fertilidade","status":"publish","type":"product","link":"https:\/\/www.miel-store.com\/pt\/p\/pack-fertilite","title":{"rendered":"Pacote de Fertilidade"},"content":{"rendered":"<p class=\"p1\">Infertilidade, <b>perda de libido<\/b>... Uma s\u00e9rie de problemas sexuais que podem afetar o seu humor! \u00c9 por isso que o seu<b> loja de mel<\/b> gostaria que conhecessem o <b>pacote de fertilidade<\/b> !<span class=\"Apple-converted-space\">\u00a0<\/span><\/p>\n<h2 class=\"p3\"><b>A Miel Store apresenta o seu pacote de fertilidade<span class=\"Apple-converted-space\">\u00a0<\/span><\/b><\/h2>\n<p class=\"p1\">Chegou o momento de o conhecer... O vosso <b>loja de produtos para colmeia<\/b> gostaria de lhe apresentar uma surpresa que a poder\u00e1 encantar! Quando as perguntas sobre a fertilidade come\u00e7am a ocupar um lugar central na sua vida, a sua boutique interv\u00e9m para tentar responder-lhes!<span class=\"Apple-converted-space\">\u00a0<\/span><\/p>\n<p class=\"p1\">Conhe\u00e7a os nossos <b>pacote de fertilidade<\/b>, vai ter um verdadeiro prazer. Em primeiro lugar, apresenta o famoso <b>mel de espor\u00e3o do I\u00e9men <\/b>e a sua embalagem de 250g. Tamb\u00e9m vem com o famoso<b> P\u00f3len de palmeira da Ar\u00e1bia Saudita <\/b>!<span class=\"Apple-converted-space\">\u00a0<\/span><\/p>\n<p class=\"p1\">Como pode ver, este pack foi cuidadosamente preparado para quem quer usufruir dos benef\u00edcios destes elixires...<span class=\"Apple-converted-space\">\u00a0<\/span><\/p>\n<h2 class=\"p3\"><b>Conhe\u00e7a o pacote de fertilidade<span class=\"Apple-converted-space\">\u00a0<\/span><\/b><\/h2>\n<p class=\"p1\">Chegou a altura de falar mais em pormenor sobre este famoso mel! Estamos a falar, claro, deste <b>n\u00e9ctar do I\u00e9men<\/b> nomeado <b>mel de euf\u00f3rbia. <\/b>\u00c9 conhecida em todo o mundo pelas suas qualidades antioxidantes e pelo seu efeito positivo na tosse e na hipertens\u00e3o arterial.<span class=\"Apple-converted-space\">\u00a0<\/span><\/p>\n<p class=\"p1\">No entanto, \u00e9 tamb\u00e9m apreciada pelos seus benef\u00edcios para a fertilidade! De facto, \u00e9 por vezes utilizado para combater\u2019<b>impot\u00eancia sexual<\/b>. \u00c9 tamb\u00e9m um trunfo para <b>melhorar a fertilidade <\/b>tanto em homens como em mulheres.<\/p>\n<p class=\"p1\">Al\u00e9m disso, este pack d\u00e1-lhe a oportunidade de ter um maravilhoso encontro com o p\u00f3len de palma! Numa embalagem equivalente a 50g, o p\u00f3len de palma pode ser o aliado perfeito para tentar aliviar alguns dos sintomas associados \u00e0 pele.<b> problemas de fertilidade<\/b> !<span class=\"Apple-converted-space\">\u00a0<\/span><\/p>\n<p class=\"p1\">Tamb\u00e9m \u00e9 utilizado para<b> regular as hormonas<\/b> para homens e mulheres! Este produto natural pode ser um ativo di\u00e1rio. Considerado um t\u00f3nico e um fator positivo para melhorar a fertilidade, o p\u00f3len de palma \u00e9 o companheiro ideal para quem quer tirar partido deste pacote de fertilidade.<span class=\"Apple-converted-space\">\u00a0<\/span><\/p>\n<h2 class=\"p3\"><b>Passemos \u00e0 utiliza\u00e7\u00e3o deste famoso pacote de fertilidade<span class=\"Apple-converted-space\">\u00a0<\/span><\/b><\/h2>\n<p class=\"p1\">Se desejar <b>aumentar a sua fertilidade<\/b> e tentar aumentar as suas hip\u00f3teses de constituir fam\u00edlia, veio ao s\u00edtio certo!<span class=\"Apple-converted-space\">\u00a0<\/span><\/p>\n<p class=\"p1\">Este pacote de fertilidade cuidadosamente composto pode ser a solu\u00e7\u00e3o que tem procurado. Deixe-se levar e divirta-se a adquirir estes <b>t\u00f3nicos naturais <\/b>que poder\u00e1 fazer uma verdadeira diferen\u00e7a no seu dia a dia!<span class=\"Apple-converted-space\">\u00a0<\/span><\/p>\n<p class=\"p1\">Por isso, de manh\u00e3, com o est\u00f4mago vazio, tome uma colher de sopa e delicie o seu paladar com o mel de <b>Daghmous do I\u00e9men <\/b>! Depois, fazer o mesmo com o famoso p\u00f3len de palmeira!<span class=\"Apple-converted-space\">\u00a0<\/span><\/p>\n<h3 class=\"p3\"><b>Outras surpresas esperam-no na loja...<\/b><\/h3>\n<p class=\"p1\">Se a fertilidade \u00e9 um tema que lhe interessa, tem a oportunidade de conhecer alguns produtos fabulosos! Por exemplo, conhe\u00e7a o <a href=\"https:\/\/www.miel-store.com\/pt\/p\/rose-de-jericho-chajarat-mariam-du-maroc\/\"><b>Rosa de Jeric\u00f3<\/b><\/a>, tamb\u00e9m conhecido como <b>Chajarat Mariam<\/b>. Este produto natural \u00e9 conhecido por ser um trunfo para problemas de fertilidade.<span class=\"Apple-converted-space\">\u00a0<\/span><\/p>\n<p class=\"p1\">Al\u00e9m disso, ter\u00e1 tamb\u00e9m a oportunidade de conhecer<a href=\"https:\/\/www.miel-store.com\/pt\/p\/huile-de-gingembre-bio-du-nigeria\/\"><b> \u00d3leo de gengibre biol\u00f3gico <\/b><\/a>! Conhecido por estimular a sexualidade, \u00e9 um<b> afrodis\u00edaco<\/b> que podem ser \u00fateis para si.<span class=\"Apple-converted-space\">\u00a0<\/span><\/p>","protected":false},"excerpt":{"rendered":"<p>Pacote de Fertilidade.<\/p>\n<p>Cont\u00e9m um frasco de 250 g de mel de Euphorbia do I\u00e9men e um frasco de 50 g de p\u00f3len de palmeira da Ar\u00e1bia Saudita.<\/p>","protected":false},"featured_media":687,"template":"","meta":[],"product_brand":[],"product_cat":[88,77],"product_tag":[],"class_list":{"0":"post-540","1":"product","2":"type-product","3":"status-publish","4":"has-post-thumbnail","6":"product_cat-bien-etre","7":"product_cat-miel-du-monde","9":"first","10":"instock","11":"shipping-taxable","12":"purchasable","13":"product-type-simple"},"_links":{"self":[{"href":"https:\/\/www.miel-store.com\/pt\/wp-json\/wp\/v2\/product\/540","targetHints":{"allow":["GET"]}}],"collection":[{"href":"https:\/\/www.miel-store.com\/pt\/wp-json\/wp\/v2\/product"}],"about":[{"href":"https:\/\/www.miel-store.com\/pt\/wp-json\/wp\/v2\/types\/product"}],"wp:featuredmedia":[{"embeddable":true,"href":"https:\/\/www.miel-store.com\/pt\/wp-json\/wp\/v2\/media\/687"}],"wp:attachment":[{"href":"https:\/\/www.miel-store.com\/pt\/wp-json\/wp\/v2\/media?parent=540"}],"wp:term":[{"taxonomy":"product_brand","embeddable":true,"href":"https:\/\/www.miel-store.com\/pt\/wp-json\/wp\/v2\/product_brand?post=540"},{"taxonomy":"product_cat","embeddable":true,"href":"https:\/\/www.miel-store.com\/pt\/wp-json\/wp\/v2\/product_cat?post=540"},{"taxonomy":"product_tag","embeddable":true,"href":"https:\/\/www.miel-store.com\/pt\/wp-json\/wp\/v2\/product_tag?post=540"}],"curies":[{"name":"wp","href":"https:\/\/api.w.org\/{rel}","templated":true}]}}