{"id":539,"date":"2022-02-28T10:23:52","date_gmt":"2022-02-28T09:23:52","guid":{"rendered":"https:\/\/www.miel-store.com\/?post_type=product&#038;p=539"},"modified":"2025-10-12T14:58:51","modified_gmt":"2025-10-12T12:58:51","slug":"beurre-de-karite-du-mali","status":"publish","type":"product","link":"https:\/\/www.miel-store.com\/pt\/p\/beurre-de-karite-du-mali","title":{"rendered":"Manteiga de karit\u00e9 do Mali"},"content":{"rendered":"<p>Cheveux, visage, corps\u2026 absolument tout y passe avec le<strong>\u00a0Manteiga de karit\u00e9 do Mali<\/strong>. Il faut dire que ce\u00a0<strong>cosm\u00e9tique 100% naturel<\/strong>\u00a0est un v\u00e9ritable\u00a0<strong>o tesouro da natureza<\/strong>. Ses vertus sont aussi efficaces que diverses, et conviennent \u00e0 absolument tous les types de peau.<\/p>\n<p>Direction le Mali, \u00e0 la rencontre d\u2019un\u00a0<strong>cosm\u00e9tique<\/strong>\u00a0vraiment pas comme les autres\u2026<\/p>\n<h2><strong>Beurre de karit\u00e9 du Mali : l\u2019or des femmes dans votre salle de bain\u00a0<\/strong><\/h2>\n<p>Le Mali, magnifique pays d\u2019Afrique de l\u2019Ouest, est le deuxi\u00e8me plus grand producteur d\u2019<strong>amandes de karit\u00e9<\/strong>, couvrant ainsi pr\u00e8s de 20% de la demande mondiale.<\/p>\n<p>Les noix sont ainsi ramass\u00e9es entre juin et septembre, puis d\u00e9barrass\u00e9es de leur pulpe. On r\u00e9cup\u00e8re ensuite les amandes afin de les concasser, les torr\u00e9fier, les moudre et les r\u00e9duire en p\u00e2te. S\u2019en suit enfin un processus de cuisson et de diverses techniques qui permettent de r\u00e9cup\u00e9rer un beurre d\u00e9nu\u00e9 d\u2019impuret\u00e9s.<\/p>\n<p>Notre beurre de karit\u00e9 du Mali vous est propos\u00e9 sur notre\u00a0<strong>boutique bien-\u00eatre Miel Store<\/strong>, en pot de 100g. De quoi faire la d\u00e9couverte de ce\u00a0<strong>tr\u00e9sor cosm\u00e9tique<\/strong>, utile pour la beaut\u00e9 de la peau et des cheveux.<\/p>\n<h2><strong>Les bienfaits du beurre de karit\u00e9 du Mali\u00a0<\/strong><\/h2>\n<p>Vous trouverez de nombreux bienfaits \u00e0 utiliser ce\u00a0<strong>beurre v\u00e9g\u00e9tal naturel :\u00a0<\/strong><\/p>\n<ul>\n<li>Apaise le feu du rasage<\/li>\n<li>Hydratant<\/li>\n<li>Pr\u00e9vient des r\u00e9actions allergiques au soleil<\/li>\n<li>Facilite la cicatrisation et aide \u00e0 dissimuler les vergetures<\/li>\n<li>Propri\u00e9t\u00e9s anti-inflammatoires et anti-microbiennes<\/li>\n<li>B\u00e9n\u00e9fique contre l\u2019ecz\u00e9ma et le psoriasis<\/li>\n<li>Apaise les d\u00e9mangeaisons<\/li>\n<li>Lutte contre les pellicules<\/li>\n<\/ul>\n<h2><strong>Conseils d\u2019utilisation\u00a0<\/strong><\/h2>\n<p>Pour les cheveux, vous pouvez l\u2019employer en tant qu\u2019ingr\u00e9dient pour fabriquer des\u00a0<strong><a href=\"https:\/\/www.alexandra-retion-dietetique.fr\/comment-prendre-soin-cheveux\/\" target=\"_blank\" rel=\"noopener\">baumes capillaires<\/a>\u00a0<\/strong>ou un apr\u00e8s-shampoing hydratant. A m\u00e9langer, par exemple, avec de<strong>\u00a0<a href=\"https:\/\/www.miel-store.com\/pt\/p\/huile-de-coco-bio-extra-vierge\/\">l\u2019huile de coco<\/a>.\u00a0<\/strong><\/p>\n<p>D\u2019autre part, il est possible d\u2019utiliser ce<strong>\u00a0beurre v\u00e9g\u00e9tale\u00a0<\/strong>comme cr\u00e8me hydratante pour l\u2019ensemble du corps. Mais \u00e9galement avant la douche, afin de prot\u00e9ger contre l\u2019eau calcaire qui dess\u00e8che la peau. Les b\u00e9b\u00e9s peuvent d\u2019ailleurs en profiter pour cet usage !<\/p>\n<h3><strong>Le Mali \u00e0 l\u2019honneur<\/strong><\/h3>\n<p>Si vous avez particuli\u00e8rement appr\u00e9cier d\u00e9couvrir ou red\u00e9couvrir ce produit du terroir Malien, vous serez ravis d\u2019apprendre qu\u2019il n\u2019est pas le seul. En effet, sur notre boutique de miels en ligne, vous trouverez :<\/p>\n<ul>\n<li><strong>Miel de bananier du Mali\u00a0<\/strong><\/li>\n<li><strong>Manguier\u00a0<\/strong><\/li>\n<li><strong>Moringa<\/strong><\/li>\n<\/ul>\n<p>Faites votre choix !<\/p>","protected":false},"excerpt":{"rendered":"<p>Beurre de Karit\u00e9 du Mali.<\/p>\n<p>Pot de 100g.<\/p>","protected":false},"featured_media":610,"template":"","meta":[],"product_brand":[],"product_cat":[89],"product_tag":[],"class_list":{"0":"post-539","1":"product","2":"type-product","3":"status-publish","4":"has-post-thumbnail","6":"product_cat-cosmetiques","8":"first","9":"instock","10":"shipping-taxable","11":"purchasable","12":"product-type-simple"},"_links":{"self":[{"href":"https:\/\/www.miel-store.com\/pt\/wp-json\/wp\/v2\/product\/539","targetHints":{"allow":["GET"]}}],"collection":[{"href":"https:\/\/www.miel-store.com\/pt\/wp-json\/wp\/v2\/product"}],"about":[{"href":"https:\/\/www.miel-store.com\/pt\/wp-json\/wp\/v2\/types\/product"}],"wp:featuredmedia":[{"embeddable":true,"href":"https:\/\/www.miel-store.com\/pt\/wp-json\/wp\/v2\/media\/610"}],"wp:attachment":[{"href":"https:\/\/www.miel-store.com\/pt\/wp-json\/wp\/v2\/media?parent=539"}],"wp:term":[{"taxonomy":"product_brand","embeddable":true,"href":"https:\/\/www.miel-store.com\/pt\/wp-json\/wp\/v2\/product_brand?post=539"},{"taxonomy":"product_cat","embeddable":true,"href":"https:\/\/www.miel-store.com\/pt\/wp-json\/wp\/v2\/product_cat?post=539"},{"taxonomy":"product_tag","embeddable":true,"href":"https:\/\/www.miel-store.com\/pt\/wp-json\/wp\/v2\/product_tag?post=539"}],"curies":[{"name":"wp","href":"https:\/\/api.w.org\/{rel}","templated":true}]}}