{"id":538,"date":"2022-02-28T10:22:38","date_gmt":"2022-02-28T09:22:38","guid":{"rendered":"https:\/\/www.miel-store.com\/?post_type=product&#038;p=538"},"modified":"2026-05-05T10:46:47","modified_gmt":"2026-05-05T08:46:47","slug":"mascara-de-oleo-de-ricino-biologico","status":"publish","type":"product","link":"https:\/\/www.miel-store.com\/pt\/p\/mascara-a-lhuile-de-ricin-bio","title":{"rendered":"M\u00e1scara com \u00f3leo de r\u00edcino biol\u00f3gico"},"content":{"rendered":"<p>Cada vez mais popular, o\u00a0<strong>m\u00e1scara de \u00f3leo de r\u00edcino<\/strong>\u00a0tornou-se uma obriga\u00e7\u00e3o para\u00a0<strong>cosm\u00e9ticos naturais<\/strong>. Com o seu pr\u00e1tico frasco e pincel, a aplica\u00e7\u00e3o \u00e9 uma brincadeira de crian\u00e7as!<\/p>\n<p>\u00c9 um verdadeiro prazer cuidar de n\u00f3s pr\u00f3prios de forma natural. Sobretudo quando os nossos olhos s\u00e3o sublimados, sem qualquer artif\u00edcio! Simplesmente com a aplica\u00e7\u00e3o do que se tornar\u00e1 muito rapidamente\u00a0<strong>um dos produtos indispens\u00e1veis na sua bolsa de maquilhagem<\/strong>\u00a0!<\/p>\n<h2><strong>R\u00edmel de \u00f3leo de r\u00edcino para uns olhos aveludados!<\/strong><\/h2>\n<p>Para al\u00e9m dos seus benef\u00edcios para a pele e o cabelo,\u00a0<strong>\u00f3leo de r\u00edcino<\/strong><strong>\u00a0\u00e9 altamente eficaz para promover o crescimento das pestanas<\/strong>. Rico em \u00f3mega 6 e 9, proporciona volume, for\u00e7a e brilho, acelerando o crescimento.<\/p>\n<p>Gra\u00e7as ao<strong>\u00a0m\u00e1scara de \u00f3leo de r\u00edcino<\/strong>, o seu look ganhar\u00e1 rapidamente uma profundidade acrescida! \u00c9 isso mesmo,\u00a0<strong>as suas pestanas ser\u00e3o mais espessas, mais densas e mais escuras<\/strong>. Vai banir o seu r\u00edmel qu\u00edmico e ficar apenas com o melhor.\u00a0<strong>cuidados naturais<\/strong>\u00a0o que lhe dar\u00e1 naturalmente um aspeto luminoso.<\/p>\n<h2><strong>Foco na composi\u00e7\u00e3o da m\u00e1scara de \u00f3leo de r\u00edcino<\/strong><\/h2>\n<p>Este\u00a0<strong>cosm\u00e9ticos naturais<\/strong>\u00a0\u00e9 fabricado exclusivamente a partir de \u00f3leo de r\u00edcino, tamb\u00e9m conhecido como\u2019<a href=\"https:\/\/www.huiles-de-ricin.com\/\" target=\"_blank\" rel=\"noopener\"><strong>\u00f3leo de r\u00edcino<\/strong><\/a>. \u00c9 fabricado a partir de sementes de r\u00edcino (de um arbusto tropical da fam\u00edlia das Euforbi\u00e1ceas). \u00c9 transparente, amarelo muito claro, viscoso e tem um sabor mais ou menos pronunciado.<\/p>\n<h3><strong>De onde vem o nome \u201c\u00f3leo de castor\u201d?<\/strong><\/h3>\n<p>Este nome vem do ingl\u00eas \u201c<strong>\u00f3leo de r\u00edcino<\/strong>\u201dIsto deve-se ao facto de, em tempos, ter substitu\u00eddo ocasionalmente o \u201ccastoreum\u201d nas suas utiliza\u00e7\u00f5es. Uma subst\u00e2ncia segregada pelas gl\u00e2ndulas do castor. Ainda hoje \u00e9 incorretamente designado desta forma, mas o \u00f3leo de r\u00edcino \u00e9 um produto real.\u00a0<strong>F\u00e1brica 100%<\/strong>.<\/p>\n<h3><strong>A sua origem<\/strong><\/h3>\n<p>\u00c9 produzido a partir das sementes de um arbusto da fam\u00edlia das euforbi\u00e1ceas. Em bot\u00e2nica, chama-se \u201cricinus communis\u00bb.<\/p>\n<p>Em certas regi\u00f5es tropicais e subtropicais, a mamona pode atingir uma altura de cerca de dez metros. O seu fruto \u00e9 uma c\u00e1psula coberta de espinhos verdes ou vermelhos, consoante a maturidade.<\/p>\n<p>Uma vez madura, a casca seca e abre-se para revelar tr\u00eas sementes ricas em \u00f3leo. Apenas as sementes maiores s\u00e3o utilizadas para produzir \u00f3leo.<\/p>\n<h3><strong>A sua composi\u00e7\u00e3o<\/strong><\/h3>\n<p>Esta semente \u00e9 composta principalmente por \u00e1cido ricinoleico (\u00f3mega 9), que \u00e9 um derivado do \u00e1cido oleico (\u00e1cidos gordos monoinsaturados). Este componente ativo do \u00f3leo de r\u00edcino tem propriedades laxantes e purgativas.<\/p>\n<p>Em doses incorrectas, \u00e9 prejudicial porque irrita a mucosa intestinal e provoca uma perda significativa de \u00e1gua. Em doses elevadas, pode ser altamente t\u00f3xico ou mesmo fatal!<\/p>\n<p>Evita igualmente o desenvolvimento de germes como as bact\u00e9rias e os bolores. Pode tamb\u00e9m ajudar a combater certos problemas de pele, como acne, dermatite, infec\u00e7\u00f5es f\u00fangicas, inflama\u00e7\u00f5es, etc.<\/p>\n<h3><strong>As suas vantagens<\/strong><\/h3>\n<ul>\n<li><strong>Para o cuidado da pele:<\/strong>\u00a0Ideal para hidratar e nutrir a pele, pois penetra em profundidade na epiderme. Al\u00e9m disso, estimula a produ\u00e7\u00e3o de colag\u00e9nio e de elastina, deixando a pele mais macia e mais preenchida. Em suma, melhora a textura da pele e retarda o aparecimento de r\u00eddulas e rugas.<\/li>\n<\/ul>\n<p>Tamb\u00e9m acalma as queimaduras solares, elimina as manchas castanhas e acalma a irrita\u00e7\u00e3o e as gretas.<\/p>\n<ul>\n<li><strong>Para o cuidado do cabelo:<\/strong>\u00a0N\u00e3o se trata apenas de um <a href=\"https:\/\/www.miel-store.com\/pt\/p\/lincroyable-serum-repousse\/\"><strong>acelerador de crescimento capilar<\/strong><\/a> mas repara-os e torna-os mais fortes.<\/li>\n<\/ul>\n<p>As suas propriedades anti-bacterianas e anti-f\u00fangicas ajudam a combater problemas e doen\u00e7as do couro cabeludo. Estas incluem a pele seca, a caspa, a psor\u00edase e a micose.<\/p>\n<ul>\n<li><strong>Rem\u00e9dio natural :<\/strong>\u00a0Como drenador linf\u00e1tico e descongestionante, \u00e9 recomendado para problemas circulat\u00f3rios, como pernas pesadas e celulite, e para ajudar a melhorar a circula\u00e7\u00e3o sangu\u00ednea.<\/li>\n<\/ul>\n<p>Antif\u00fangico, pode ser \u00fatil para problemas de pele como eczema, fur\u00fanculos, p\u00e9 de atleta, verrugas, etc.<\/p>\n<p>Mas tamb\u00e9m \u00e9 eficaz no tratamento do acne gra\u00e7as \u00e0 sua a\u00e7\u00e3o antibacteriana.<\/p>\n<ul>\n<li><strong>Para fazer cosm\u00e9ticos:<\/strong>\u00a0\u00c9 utilizado como base para uma s\u00e9rie de produtos de cuidados da pele e cosm\u00e9ticos. Em particular, como gel para o cabelo dos homens. Mas tamb\u00e9m \u00e9 utilizado no fabrico de sab\u00e3o, pois permite que o sab\u00e3o fa\u00e7a espuma abundantemente.<\/li>\n<\/ul>\n<p>Tamb\u00e9m \u00e9 utilizado como brilho labial e para reparar unhas quebradi\u00e7as.<\/p>\n<h2><strong>Precau\u00e7\u00f5es para a utiliza\u00e7\u00e3o de \u00f3leo de r\u00edcino<\/strong><\/h2>\n<p>Aconselhamos vivamente a n\u00e3o consumir este \u00f3leo internamente. Pode ser muito irritante e at\u00e9 t\u00f3xico. As crian\u00e7as, as mulheres gr\u00e1vidas (porque \u00e9 abortivo) e as mulheres a amamentar tamb\u00e9m s\u00e3o desaconselhadas a consumi-lo.<\/p>\n<p>\u00c9 sempre aconselh\u00e1vel testar um produto antes de o utilizar, uma vez que pode existir o risco de alergia.<\/p>\n<h3><strong>Como \u00e9 que posso saber se o \u00f3leo de r\u00edcino \u00e9 de qualidade?<\/strong><\/h3>\n<p>Para garantir que obt\u00e9m \u00f3leo de r\u00edcino de boa qualidade, este deve ser :<\/p>\n<ul>\n<li><strong>obtido por primeira prensagem a frio:<\/strong>\u00a0Isto para preservar os seus minerais e \u00e1cidos gordos.<\/li>\n<li><strong>natural :<\/strong>\u00a0N\u00e3o deve conter silicone ou mol\u00e9culas sint\u00e9ticas.<\/li>\n<li><strong>da agricultura biol\u00f3gica :<\/strong>\u00a0Para evitar qualquer risco para os olhos, \u00e9 necess\u00e1rio um produto de boa qualidade.<\/li>\n<\/ul>\n<h3><strong>Como utilizar a m\u00e1scara de \u00f3leo de r\u00edcino<\/strong><\/h3>\n<p>A m\u00e1scara de \u00f3leo de r\u00edcino \u00e9 ideal para hidratar, fortalecer e alongar as pestanas! Mas cuidado para n\u00e3o o deixar cair nos olhos!<\/p>\n<p>O aplicador de r\u00edmel \u00e9 a solu\u00e7\u00e3o ideal para facilitar o seu trabalho. Al\u00e9m disso, \u00e9 transparente, para que possa controlar o n\u00edvel de \u00f3leo no seu frasco.<\/p>\n<h2><strong>Passos para aplicar a m\u00e1scara de \u00f3leo de r\u00edcino:<\/strong><\/h2>\n<ul>\n<li>Para come\u00e7ar, lembre-se de remover a maquilhagem dos olhos, se necess\u00e1rio. (Diz-se que Cle\u00f3patra utilizava o \u00f3leo de r\u00edcino como desmaquilhante. Al\u00e9m disso, \u00e9 recomendado para reduzir as olheiras e rejuvenescer a pele gra\u00e7as ao seu efeito repelente).<\/li>\n<li>Em seguida, abra o frasco e retire o excesso para deixar apenas a quantidade certa de produto de cuidados de pele.<\/li>\n<li>Por fim, aplique no comprimento das pestanas como se fosse um r\u00edmel normal.<\/li>\n<li>\u00c9 prefer\u00edvel aplic\u00e1-lo \u00e0 noite, antes de deitar.<\/li>\n<\/ul>\n<p>Conservar o frasco num local seco e afastado da luz solar direta.<\/p>","protected":false},"excerpt":{"rendered":"<p>M\u00e1scara com \u00f3leo de r\u00edcino biol\u00f3gico.<\/p>\n<p>10ml.<\/p>","protected":false},"featured_media":631,"template":"","meta":[],"product_brand":[],"product_cat":[89],"product_tag":[],"class_list":{"0":"post-538","1":"product","2":"type-product","3":"status-publish","4":"has-post-thumbnail","6":"product_cat-cosmetiques","8":"first","9":"instock","10":"shipping-taxable","11":"purchasable","12":"product-type-simple"},"_links":{"self":[{"href":"https:\/\/www.miel-store.com\/pt\/wp-json\/wp\/v2\/product\/538","targetHints":{"allow":["GET"]}}],"collection":[{"href":"https:\/\/www.miel-store.com\/pt\/wp-json\/wp\/v2\/product"}],"about":[{"href":"https:\/\/www.miel-store.com\/pt\/wp-json\/wp\/v2\/types\/product"}],"wp:featuredmedia":[{"embeddable":true,"href":"https:\/\/www.miel-store.com\/pt\/wp-json\/wp\/v2\/media\/631"}],"wp:attachment":[{"href":"https:\/\/www.miel-store.com\/pt\/wp-json\/wp\/v2\/media?parent=538"}],"wp:term":[{"taxonomy":"product_brand","embeddable":true,"href":"https:\/\/www.miel-store.com\/pt\/wp-json\/wp\/v2\/product_brand?post=538"},{"taxonomy":"product_cat","embeddable":true,"href":"https:\/\/www.miel-store.com\/pt\/wp-json\/wp\/v2\/product_cat?post=538"},{"taxonomy":"product_tag","embeddable":true,"href":"https:\/\/www.miel-store.com\/pt\/wp-json\/wp\/v2\/product_tag?post=538"}],"curies":[{"name":"wp","href":"https:\/\/api.w.org\/{rel}","templated":true}]}}