{"id":535,"date":"2022-02-28T07:36:53","date_gmt":"2022-02-28T06:36:53","guid":{"rendered":"https:\/\/www.miel-store.com\/?post_type=product&#038;p=535"},"modified":"2026-03-09T19:17:20","modified_gmt":"2026-03-09T18:17:20","slug":"roll-on-anti-cernes","status":"publish","type":"product","link":"https:\/\/www.miel-store.com\/pt\/p\/roll-on-anti-cernes","title":{"rendered":"Roll-On Anti-olheiras"},"content":{"rendered":"<p><strong>Fatigue<\/strong>,\u00a0<strong>cernes<\/strong>,\u00a0<strong>poches<\/strong>\u00a0sous les yeux\u2026 Quelques d\u00e9sagr\u00e9ments que l\u2019on rencontre tous un jour ou l\u2019autre. Et qui nous touche davantage avec l\u2019\u00e2ge qui passe. Le\u00a0<strong>roll-on anti-cernes<\/strong>\u00a0se pr\u00e9sente alors comme un alli\u00e9 dans notre\u00a0<strong>routine beaut\u00e9<\/strong>. Sa<strong>\u00a0composition 100% naturelle\u00a0<\/strong>et son utilisation facile et rapide font de lui le\u00a0<strong>cosm\u00e9tique<\/strong>\u00a0\u00e0 avoir absolument dans sa\u00a0<strong>trousse beaut\u00e9\u00a0<\/strong>!<\/p>\n<h2><strong>Quand le roll-on anti-cernes nous fait les yeux doux\u2026\u00a0<\/strong><\/h2>\n<p>Il se pr\u00e9sente dans son joli tube de\u00a0<strong>10Ml<\/strong>. Le roll-on anti cernes de la marque\u00a0<strong>1001 Vertus<\/strong>\u00a0est un vertueux m\u00e9lange d\u2019<strong>huile de calophylle<\/strong>\u00a0et d\u2019<strong>huile d\u2019amande douce bio<\/strong>. Ces deux ingr\u00e9dients de qualit\u00e9 offrent un incroyable r\u00e9sultat pour\u00a0<strong>lutter contre les signes de fatigue\u00a0<\/strong>au niveau du\u00a0<strong>contour de l\u2019oeil.\u00a0<\/strong><\/p>\n<p>En un tour de main, votre visage retrouve la forme, et votre apparence appara\u00eet comme moins fatigu\u00e9e. De plus, son format voyage est id\u00e9al \u00e0 transporter et pourra ainsi se glisser partout. O\u00f9 que vous soyez, il pourra vous accompagner et vous donner un petit coup d\u2019\u00e9clat chaque matin, avant de se maquiller, par exemple.<\/p>\n<p><strong>Ingredientes:<\/strong>\u00a0calophyllum inophyllum (calophylle), prunus amygdalus dulcis oil (huile vierge d\u2019amande douce)<\/p>\n<p>Convient \u00e0 tous les types de peau.<\/p>\n<h2><strong>Les bienfaits des huiles pour les yeux\u00a0<\/strong><\/h2>\n<p>Ce roll-on anti cernes pr\u00e9sente des vertus b\u00e9n\u00e9fiques. Il est compos\u00e9 de deux huiles v\u00e9g\u00e9tales b\u00e9n\u00e9fiques :<\/p>\n<p><strong>Huile de calophylle\u00a0<\/strong><\/p>\n<ul>\n<li>Propri\u00e9t\u00e9s circulatoires<\/li>\n<li>Aide \u00e0 att\u00e9nuer les rides et ridules comme soin anti-\u00e2ge<\/li>\n<li>Contribue \u00e0 faire dispara\u00eetre les cernes<\/li>\n<li>Convient parfaitement aux peaux ternes, fatigu\u00e9es, mais aussi fragiles et irrit\u00e9es<\/li>\n<\/ul>\n<p><strong>Huile d\u2019amande douce bio\u00a0<\/strong><\/p>\n<ul>\n<li>Riche en acide gras linol\u00e9iques, cet ingr\u00e9dient aide la peau \u00e0 se r\u00e9g\u00e9n\u00e9rer<\/li>\n<li>R\u00e9duit les poches sous les yeux et les cernes<\/li>\n<li>Elle est \u00e9galement connue pour son action hydratante<\/li>\n<li>Propri\u00e9t\u00e9s apaisantes<\/li>\n<\/ul>\n<p>Finalement, la synergie de ces deux huiles rend ce roll-on anti cernes efficace au quotidien ! De plus, la bille en m\u00e9tal qui constitue l\u2019embout du tube est toujours tr\u00e8s froide, ce qui tend \u00e0 faire d\u00e9gonfler l\u2019oeil.<\/p>\n<h2><strong>Conseils d\u2019utilisation pour le roll-on anti-cernes\u00a0<\/strong><\/h2>\n<p>Pour un maximum d\u2019efficacit\u00e9 et des r\u00e9sultats visibles, il est conseill\u00e9 d\u2019utiliser ce\u00a0<strong>cosm\u00e9tique anti-\u00e2ge<\/strong>\u00a0tous les jours.<\/p>\n<p>Pour ce faire :<\/p>\n<ol>\n<li>Agiter dans un premier temps le flacon ;<\/li>\n<li>Sur une peau propre et s\u00e8che, faire rouler la bille sous l\u2019oeil en effectuant de petits mouvements circulaires ;<\/li>\n<li>R\u00e9it\u00e9rer le geste matin et soir pour un r\u00e9sultat optimal.<\/li>\n<\/ol>\n<p>Enfin, pour des yeux de biche, le\u00a0<strong><a href=\"https:\/\/www.guideparisbeaute.com\/les-meilleurs-cosmetiques-pour-le-soin-des-yeux\/\" rel=\"noopener\">kh\u00f4l naturel<\/a>\u00a0<\/strong>est \u00e9galement un atout beaut\u00e9, ainsi qu\u2019un v\u00e9ritable\u00a0<strong>cuidados naturais<\/strong>\u00a0! On vous conseille \u00e9galement le\u00a0<strong><a href=\"https:\/\/www.miel-store.com\/pt\/p\/mascara-de-oleo-de-ricino-biologico\/\">mascara ricin<\/a>\u00a0<\/strong>pour la pousse des cils et des sourcils. En somme, de quoi avoir un regard des plus sublimes\u2026<\/p>\n<p>La petite astuce : il est possible de placer ce tube au r\u00e9frig\u00e9rateur et de le conserver de cette mani\u00e8re. Ainsi, \u00e0 chaque utilisation, le froid sera un v\u00e9ritable atout en votre faveur et booster l\u2019efficacit\u00e9 de ce cosm\u00e9tique anti-cernes.<\/p>\n<h3><strong>Precau\u00e7\u00f5es\u00a0<\/strong><\/h3>\n<ul>\n<li>Laisser hors de port\u00e9e des mains curieuses des plus petits.<\/li>\n<li>En cas de contact avec les yeux, rincer abondamment \u00e0 l\u2019eau claire.<\/li>\n<li>Usage externe uniquement.<\/li>\n<\/ul>","protected":false},"excerpt":{"rendered":"<p>Roll-On Anti-Cernes.<\/p>\n<p>\u00c0 l&rsquo;Huile de Calophylle et \u00e0 l&rsquo;Huile d&rsquo;Amande Douce Bio.<\/p>\n<p>10ml.<\/p>","protected":false},"featured_media":632,"template":"","meta":[],"product_brand":[],"product_cat":[89],"product_tag":[],"class_list":{"0":"post-535","1":"product","2":"type-product","3":"status-publish","4":"has-post-thumbnail","6":"product_cat-cosmetiques","8":"first","9":"instock","10":"shipping-taxable","11":"purchasable","12":"product-type-simple"},"_links":{"self":[{"href":"https:\/\/www.miel-store.com\/pt\/wp-json\/wp\/v2\/product\/535","targetHints":{"allow":["GET"]}}],"collection":[{"href":"https:\/\/www.miel-store.com\/pt\/wp-json\/wp\/v2\/product"}],"about":[{"href":"https:\/\/www.miel-store.com\/pt\/wp-json\/wp\/v2\/types\/product"}],"wp:featuredmedia":[{"embeddable":true,"href":"https:\/\/www.miel-store.com\/pt\/wp-json\/wp\/v2\/media\/632"}],"wp:attachment":[{"href":"https:\/\/www.miel-store.com\/pt\/wp-json\/wp\/v2\/media?parent=535"}],"wp:term":[{"taxonomy":"product_brand","embeddable":true,"href":"https:\/\/www.miel-store.com\/pt\/wp-json\/wp\/v2\/product_brand?post=535"},{"taxonomy":"product_cat","embeddable":true,"href":"https:\/\/www.miel-store.com\/pt\/wp-json\/wp\/v2\/product_cat?post=535"},{"taxonomy":"product_tag","embeddable":true,"href":"https:\/\/www.miel-store.com\/pt\/wp-json\/wp\/v2\/product_tag?post=535"}],"curies":[{"name":"wp","href":"https:\/\/api.w.org\/{rel}","templated":true}]}}