{"id":534,"date":"2022-02-28T07:35:06","date_gmt":"2022-02-28T06:35:06","guid":{"rendered":"https:\/\/www.miel-store.com\/?post_type=product&#038;p=534"},"modified":"2026-05-04T19:39:47","modified_gmt":"2026-05-04T17:39:47","slug":"khol-artisanal-sans-plomb","status":"publish","type":"product","link":"https:\/\/www.miel-store.com\/pt\/p\/khol-artisanal-sans-plomb","title":{"rendered":"Kh\u00f4l em p\u00f3 artesanal sem chumbo e aplicador"},"content":{"rendered":"<p>\u00c9crit parfois <strong>kh\u00f4l<\/strong>, <strong>khol <\/strong>ou mesmo <strong>kohl<\/strong>, ce mot provient de l\u2019arabe \u201c<strong>kuhl<\/strong>\u201d qui signifie <strong>antimoine<\/strong>. Utilis\u00e9 de nos jours comme maquillage pour les yeux, il se pr\u00e9sente sous plusieurs formes : crayon, stick conique, poudre, etc.<\/p>\n<p>Plus qu\u2019un atout majeur pour la beaut\u00e9 du regard, c\u2019est aussi un <strong>rem\u00e8de naturel mill\u00e9naire<\/strong>. D\u00e9couvrons-le sans plus attendre !<\/p>\n<h2><strong>L\u2019histoire du khol<\/strong><\/h2>\n<p>D\u2019apr\u00e8s les sources les plus anciennes, il \u00e9tait utilis\u00e9 tout premi\u00e8rement par les \u00e9gyptiens, les s\u00e9mites, les kouchites et les numides. Puis, son utilisation s\u2019est export\u00e9e dans la P\u00e9ninsule Arabique, dans tout le bassin m\u00e9diterran\u00e9en et dans une partie de l\u2019Asie.<\/p>\n<p>Ce dernier \u00e9tait compos\u00e9 de min\u00e9raux et d\u2019un corps gras pour faciliter son application.<\/p>\n<p>En effet, des vestiges de l\u2019antiquit\u00e9 montrent que les pharaons fardaient leurs yeux de cet <strong>onguent<\/strong> pour ses vertus th\u00e9rapeutiques. De fait, il s&rsquo;exporta vers d\u2019autres pays, dans lesquels il f\u00fbt largement utilis\u00e9 pour ses <strong>effets antibact\u00e9riens et protecteurs<\/strong>.<\/p>\n<p>Par la suite, il f\u00fbt utilis\u00e9 par les arabes (hommes et femmes) pour tous ses bienfaits. Cependant, il faisait aussi parti des cosm\u00e9tiques qui permettaient l&#8217;embellissement de la femme au m\u00eame titre que le h\u00e9nn\u00e9.<\/p>\n<p>Bon nombre de flacons et de r\u00e9cipients de ce <strong>fard noir<\/strong> ont \u00e9t\u00e9 retrouv\u00e9s intacts dans les tombeaux \u00e9gyptiens. Ces contenants \u00e9taient fabriqu\u00e9s en mat\u00e9riaux plus ou moins nobles, en fonction du statut social du d\u00e9funt.<\/p>\n<p>Ainsi, des r\u00e9sidus de pots de kh\u00f4l conserv\u00e9s au mus\u00e9e du Louvre ont \u00e9t\u00e9 analys\u00e9s. Et le r\u00e9sultat de cette \u00e9tude a permis de d\u00e9terminer leur composition chimique. De fait, elle a pu mettre en avant la pr\u00e9sence de d\u00e9riv\u00e9s de plomb (entre autres gal\u00e8ne, laurionite, phosg\u00e9nite et c\u00e9rusite).<\/p>\n<p>V\u00e9ritable <strong>embellisseur<\/strong> pour les yeux, il \u00e9tait surtout utilis\u00e9 autrefois, \u00e0 des fins th\u00e9rapeutiques. En effet, le plomb contenu dans ce <strong>rem\u00e8de naturel ancestral<\/strong>, permettait de traiter les diff\u00e9rentes <strong>infections des yeux<\/strong>.<\/p>\n<p>De plus, l\u2019application de ce m\u00e9lange aux bords des yeux permettait d\u2019att\u00e9nuer les \u00e9blouissements d\u00fbs \u00e0 la lumi\u00e8re du soleil. Nous pouvons supposer qu&rsquo;il \u00e9tait peut-\u00eatre le <strong>premier antibiotique de synth\u00e8se<\/strong>.<\/p>\n<h2><strong>La composition du khol \u00e0 l\u2019\u00e9poque antique\u00a0<\/strong><\/h2>\n<p>La composition chimique du Kh\u00f4l a longtemps \u00e9t\u00e9 sujette \u00e0 controverse. Mais finalement, il a \u00e9t\u00e9 confirm\u00e9 que la gal\u00e8ne \u00e9tait le principal constituant. En effet, 30 \u00e9chantillons de kh\u00f4l de l\u2019ancienne <a href=\"https:\/\/www.miel-store.com\/pt\/p\/pollen-de-palmier-degypte\/\"><strong>Egypte<\/strong><\/a> ont \u00e9t\u00e9 analys\u00e9s. Ce qui a permis de prouver que celui-ci n\u2019\u00e9tait pas fabriqu\u00e9 avec de l\u2019antimoine comme on pouvait le supposer.<\/p>\n<p>De plus, la litt\u00e9rature ancienne a fourni des informations sur la pr\u00e9paration du kohl. Aussi, des auteurs gr\u00e9co-romains confirment leur composition et pr\u00e9sentent des recettes de m\u00e9dicaments destin\u00e9s \u00e0 \u00eatre utilis\u00e9s en ophtalmologie. Comme nous l\u2019avons mentionn\u00e9 pr\u00e9c\u00e9demment, le kh\u00f4l \u00e9tait fabriqu\u00e9 \u00e0 partir de min\u00e9raux tels que la laurionite et phosg\u00e9nite.<\/p>\n<p>Ces deux-l\u00e0 \u00e9tant rares dans la nature, on en d\u00e9duit donc qu\u2019ils ont \u00e9t\u00e9 synth\u00e9tis\u00e9s. Tr\u00e8s certainement, les \u00e9gyptiens \u00e9taient pr\u00e9curseurs car ils avaient d\u00e9j\u00e0 la ma\u00eetrise de ce genre de compositions chimiques. Reste \u00e0 savoir, s\u2019ils avaient conscience de ce savoir qu\u2019ils d\u00e9tenaient entre leurs mains.<\/p>\n<p>Notons aussi que certains chercheurs ont d\u00e9montr\u00e9 que la composition de la laurionite \u00e9tait diff\u00e9rente des autres compos\u00e9s du plomb. En outre, il ressort de leurs exp\u00e9riences, que ce dernier \u00e9tait bel et bien un antibact\u00e9rien redoutable.<\/p>\n<h2><strong>Le kh\u00f4l de nos jours<\/strong><\/h2>\n<p>Aujourd\u2019hui, ce tr\u00e9sor noir se pr\u00e9sente sous plusieurs formats : crayon, stick, poudre, \u2026<\/p>\n<p><strong>Le crayon noir :\u00a0<\/strong>C\u2019est devenu un incontournable de la trousse \u00e0 maquillage ! Le crayon noir ou le liner sont commercialis\u00e9s partout et dans diverses couleurs.<\/p>\n<p><strong>Le khol traditionnel en poudre :\u00a0<\/strong>Il existe diff\u00e9rentes fa\u00e7ons de pr\u00e9parer cette poudre noire. En effet, la pr\u00e9paration varie en fonction de chaque pays mais aussi des r\u00e9gions. Et bien souvent, ils sont exempts de plombs \u00e0 cause de la controverse sur sa toxicit\u00e9.<\/p>\n<p><strong>Al ithmid (l\u2019antimoine) :\u00a0<\/strong>Appel\u00e9 \u201c<strong>al ithmid<\/strong>\u201d dans la tradition musulmane, il est fortement recommand\u00e9 comme rem\u00e8de naturel pour toutes ses vertus th\u00e9rapeutiques. Il \u00e9tait \u00e9galement utilis\u00e9 comme maquillage pour agrandir et illuminer le regard.<\/p>\n<h2><strong>Les bienfaits de cette poudre noire pour les yeux<\/strong><\/h2>\n<p>Presque toutes les civilisations ont utilis\u00e9 le <strong>kh\u00f4l<\/strong>. Que ce soit pour se farder ou encore pour garder les yeux en bonne sant\u00e9. Effectivement, il \u00e9tait reconnu pour la <strong>pr\u00e9vention et le traitement de l&rsquo;\u0153il<\/strong> contre des maladies telles que :<\/p>\n<ul>\n<li>bl\u00e9pharite (inflammation de la paupi\u00e8re)<\/li>\n<li>le trachome (conjonctivite)<\/li>\n<li>chalazion (glande oculaire&lt; obstru\u00e9e)<\/li>\n<li>pt\u00e9rygion (l\u00e9sion de l\u2019oeil)<\/li>\n<li>cataracte<\/li>\n<li>conjonctivite<\/li>\n<\/ul>\n<p>En outre, le kohl a \u00e9galement \u00e9t\u00e9 mentionn\u00e9 pour <strong>am\u00e9liorer la vue<\/strong> . Mais l&rsquo;une des plus grandes propri\u00e9t\u00e9s du khol a \u00e9t\u00e9 observ\u00e9e en Arabie. Effectivement, il a \u00e9t\u00e9 constat\u00e9 que la particule noir brillante de le gal\u00e8ne (sulfure de plomb) prot\u00e9geait les yeux de l&rsquo;\u00e9blouissement et des reflets du soleil.<\/p>\n<p>Ainsi, il assure une <strong>protection pour les yeux contre les effets n\u00e9fastes des UV<\/strong>. De m\u00eame que l&rsquo;oxyde de zinc qui est probablement utilis\u00e9 dans le khol en raison de sa propri\u00e9t\u00e9 naturelle comme<strong> puissant protecteur contre les rayons du soleil<\/strong>.<\/p>\n<h2><strong>Le plomb contenu dans le khol<\/strong><\/h2>\n<p>Une grande controverse existe autour du plomb qui est utilis\u00e9 dans le khol. M\u00eame les \u00e9tudes faites par des scientifiques divergent. Certains disent que tous les plombs ne se valent pas et que certains sont tr\u00e8s b\u00e9n\u00e9fiques utilis\u00e9s avec parcimonie. Tandis que d\u2019autres, au contraire, mettent en garde contre leur toxicit\u00e9. Une chose est s\u00fbre, c\u2019est que c\u2019est un antibact\u00e9rien puissant.<\/p>\n<h2><strong>Comment appliquer son khol ?<\/strong><\/h2>\n<h3><strong>L\u2019application de la version crayon :<\/strong><\/h3>\n<p>Plusieurs choix s\u2019offrent \u00e0 vous. Vous pouvez l\u2019appliquer sur les bords internes de l&rsquo;\u0153il ou sur le dessus ainsi que sur le dessous des cils. Vous pouvez \u00e9galement l\u2019appliquer sur le dessus comme un liner ou encore l\u2019estomper pour donner un effet intense.<\/p>\n<h3><strong>L\u2019application du mod\u00e8le traditionnel :<\/strong><\/h3>\n<p>Ce dernier est souvent pr\u00e9sent\u00e9 dans un r\u00e9cipient traditionnel en bois ou encore en verre. Un b\u00e2tonnet, appel\u00e9 le \u00ab\u00a0<strong>mirwed<\/strong>\u00a0\u00bb est g\u00e9n\u00e9ralement reli\u00e9 au bouchon et il permet de faciliter l\u2019application de la poudre.<\/p>\n<p>Les \u00e9tapes pour appliquer le khol en poudre :<\/p>\n<ul>\n<li>Rentrez le mirwed dans le flacon en le tournant pour faire adh\u00e9rer la poudre.<\/li>\n<li>Sortez-le et tapotez pour retirer l&rsquo;exc\u00e9dent de fard.<\/li>\n<li>Positionnez le batonnets entre les bords du haut et du bas de l&rsquo;\u0153il.<\/li>\n<li>Fermez l&rsquo;\u0153il en faisant glisser le petit b\u00e2ton de l&rsquo;int\u00e9rieur vers l&rsquo;ext\u00e9rieur de l&rsquo;\u0153il.<\/li>\n<\/ul>","protected":false},"excerpt":{"rendered":"<p>Kh\u00f4l Artisanal en Poudre Sans Plomb et son Applicateur.<\/p>\n<p>100% Naturel.<\/p>\n<p>10g.<\/p>","protected":false},"featured_media":633,"template":"","meta":[],"product_brand":[],"product_cat":[89],"product_tag":[],"class_list":{"0":"post-534","1":"product","2":"type-product","3":"status-publish","4":"has-post-thumbnail","6":"product_cat-cosmetiques","8":"first","9":"instock","10":"shipping-taxable","11":"purchasable","12":"product-type-simple"},"_links":{"self":[{"href":"https:\/\/www.miel-store.com\/pt\/wp-json\/wp\/v2\/product\/534","targetHints":{"allow":["GET"]}}],"collection":[{"href":"https:\/\/www.miel-store.com\/pt\/wp-json\/wp\/v2\/product"}],"about":[{"href":"https:\/\/www.miel-store.com\/pt\/wp-json\/wp\/v2\/types\/product"}],"wp:featuredmedia":[{"embeddable":true,"href":"https:\/\/www.miel-store.com\/pt\/wp-json\/wp\/v2\/media\/633"}],"wp:attachment":[{"href":"https:\/\/www.miel-store.com\/pt\/wp-json\/wp\/v2\/media?parent=534"}],"wp:term":[{"taxonomy":"product_brand","embeddable":true,"href":"https:\/\/www.miel-store.com\/pt\/wp-json\/wp\/v2\/product_brand?post=534"},{"taxonomy":"product_cat","embeddable":true,"href":"https:\/\/www.miel-store.com\/pt\/wp-json\/wp\/v2\/product_cat?post=534"},{"taxonomy":"product_tag","embeddable":true,"href":"https:\/\/www.miel-store.com\/pt\/wp-json\/wp\/v2\/product_tag?post=534"}],"curies":[{"name":"wp","href":"https:\/\/api.w.org\/{rel}","templated":true}]}}