{"id":529,"date":"2022-02-28T07:27:10","date_gmt":"2022-02-28T06:27:10","guid":{"rendered":"https:\/\/www.miel-store.com\/?post_type=product&#038;p=529"},"modified":"2026-05-08T10:00:06","modified_gmt":"2026-05-08T08:00:06","slug":"dattes-ajwa-de-medine-1kg","status":"publish","type":"product","link":"https:\/\/www.miel-store.com\/pt\/p\/dattes-ajwa-de-medine-1kg","title":{"rendered":"T\u00e2maras Ajwa Medina 900G"},"content":{"rendered":"<p>Les amateurs de dattes vont \u00eatre ravis de retrouver les c\u00e9l\u00e8bres\u00a0<strong>dattes ajwa de M\u00e9dine 1kg\u00a0<\/strong>dans notre boutique bien-\u00eatre. En tant que collation gourmande ou comme\u00a0<strong>alicamento<\/strong>, peu importe comme vous la consommez : elle vous le rendra bien !<\/p>\n<p>Zoom sur l\u2019une des meilleures vari\u00e9t\u00e9s au monde, tant pour son go\u00fbt que pour ses bienfaits.<\/p>\n<h2><strong>Les dattes ajwa de M\u00e9dine 1kg : le plaisir \u00e0 port\u00e9e de main\u00a0<\/strong><\/h2>\n<p>Que diriez-vous d\u2019une petite douceur ? Mais attention, pas n\u2019importe laquelle ! Car, vous avez peut-\u00eatre l\u2019habitude, mais chez Miel Store, on consomme sainement. De fait, les dattes ajwa de M\u00e9dine 1kg est le paquet id\u00e9al pour toute la famille ! Un v\u00e9ritable alicament, \u00e0 la saveur agr\u00e9able, et rempli de vertus pour la sant\u00e9.<\/p>\n<p>\u00c0 offrir ou \u00e0 s\u2019offrir, ces<strong>\u00a0frutos secos<\/strong>\u00a0sont parfaits pour esp\u00e9rer mieux manger. Cette vari\u00e9t\u00e9 se reconna\u00eet \u00e0 son aspect : grosse, presque noire, frip\u00e9e\u2026 Une fois en bouche, c\u2019est un v\u00e9ritable r\u00e9gal. Elle fond en bouche et lib\u00e8re son go\u00fbt sucr\u00e9 et caram\u00e9lis\u00e9.<\/p>\n<p>Les dattes ajwa 1kg permettent de faire le plein et d\u2019en faire profiter les petits comme les grands. Ne laissez d\u2019ailleurs pas trop tra\u00eener la bo\u00eete, au risque de ne pas la revoir\u2026!<\/p>\n<h2><strong>Des bienfaits multiples dans les dattes ajwa de M\u00e9dine\u00a0<\/strong><\/h2>\n<p>Riche en vitamines et en fibres, les dattes ajwa de M\u00e9dine peuvent \u00eatre consomm\u00e9es pour leur haute valeur nutritive. En effet, elles sont une source riche d\u2019antioxydants. Comme par exemple, les flavono\u00efdes, les carot\u00e9no\u00efdes et le s\u00e9l\u00e9nium qui ont, notamment, des propri\u00e9t\u00e9s anticanc\u00e9reuses. Ils\u00a0 aident \u00e9galement \u00e0 r\u00e9duire les inflammations et permettent de lutter contre les maladies cardiovasculaires.<\/p>\n<p>C\u2019est \u00e9galement une tr\u00e8s bonne source d\u2019\u00e9nergie, qui est souvent recommand\u00e9e aux sportifs. Ainsi qu\u2019aux femmes pour faciliter la r\u00e9cup\u00e9ration post-accouchement.<\/p>\n<p>Mais ce fruit sec a \u00e9galement d\u2019autres bienfaits\u00a0:<\/p>\n<ul>\n<li>B\u00e9n\u00e9fique contre la constipation<\/li>\n<li>Permet de garder une bonne sant\u00e9 digestive mais \u00e9galement celle du c\u00f4lon gr\u00e2ce \u00e0 ses fibres<\/li>\n<li>Aide \u00e0 diminuer la pression art\u00e9rielle<\/li>\n<li>Riche en fer, il est utile contre l\u2019an\u00e9mie<\/li>\n<li>La vitamine B6 contenue dans les dattes ajwa de M\u00e9dine 1kg contribuent \u00e0 de meilleures performances c\u00e9r\u00e9brales<\/li>\n<li>Cet aliment rentre dans une hygi\u00e8ne de vie saine et une alimentation \u00e9quilibr\u00e9e<\/li>\n<li>Augmente la vitesse de l\u2019activit\u00e9 c\u00e9r\u00e9brale<\/li>\n<\/ul>\n<h2><strong>Comment consommer ce fruit sec ?\u00a0<\/strong><\/h2>\n<p>La datte se consomme de diverses mani\u00e8res. On trouve m\u00eame de la<strong>\u00a0<a href=\"https:\/\/www.miel-store.com\/pt\/p\/melasse-de-dattes-darabie-saoudite\/\">m\u00e9lasse de datte<\/a><\/strong>, un d\u00e9licieux \u00e9lixir riche en fer.<\/p>\n<p>Concernant notre paquet de dattes ajwa de M\u00e9dine 1kg, toutes les id\u00e9es sont permises : smoothie gourmand, fourr\u00e9es \u00e0 la p\u00e2te d\u2019amande, associ\u00e9es avec du concombre. Mais aussi comme ingr\u00e9dient dans une p\u00e2te \u00e0 cookies, ou encore pour pr\u00e9parer un couscous \u00e9pic\u00e9.<\/p>\n<p>Enfin, gardez toujours \u00e0 l\u2019esprit que cet aliment reste tr\u00e8s sucr\u00e9. Bien que naturel, il ne faut pas en abuser et penser \u00e0 bien se brosser les dents apr\u00e8s sa consommation. Le\u00a0<a href=\"https:\/\/www.miel-store.com\/pt\/p\/siwak-nature\/\"><strong>b\u00e2ton de siwak<\/strong><\/a>\u00a0pourra notamment \u00eatre tr\u00e8s utile \u00e0 ce moment-l\u00e0 !<\/p>\n<h3><strong>Conservation des dattes ajwa de M\u00e9dine 1kg\u00a0<\/strong><\/h3>\n<p>Contrairement aux dattes fra\u00eeches, il n\u2019est pas n\u00e9cessaire de les conserver au r\u00e9frig\u00e9rateur. Gardez-les dans un r\u00e9cipient herm\u00e9tique, \u00e0 l\u2019abri de l\u2019air et de l\u2019humidit\u00e9.<\/p>","protected":false},"excerpt":{"rendered":"<p>Dattes Ajwa de M\u00e9dine.<\/p>\n<p>Bo\u00eete de 900G.<\/p>","protected":false},"featured_media":770,"template":"","meta":[],"product_brand":[],"product_cat":[82],"product_tag":[],"class_list":{"0":"post-529","1":"product","2":"type-product","3":"status-publish","4":"has-post-thumbnail","6":"product_cat-dattes","8":"first","9":"instock","10":"featured","11":"shipping-taxable","12":"purchasable","13":"product-type-simple"},"_links":{"self":[{"href":"https:\/\/www.miel-store.com\/pt\/wp-json\/wp\/v2\/product\/529","targetHints":{"allow":["GET"]}}],"collection":[{"href":"https:\/\/www.miel-store.com\/pt\/wp-json\/wp\/v2\/product"}],"about":[{"href":"https:\/\/www.miel-store.com\/pt\/wp-json\/wp\/v2\/types\/product"}],"wp:featuredmedia":[{"embeddable":true,"href":"https:\/\/www.miel-store.com\/pt\/wp-json\/wp\/v2\/media\/770"}],"wp:attachment":[{"href":"https:\/\/www.miel-store.com\/pt\/wp-json\/wp\/v2\/media?parent=529"}],"wp:term":[{"taxonomy":"product_brand","embeddable":true,"href":"https:\/\/www.miel-store.com\/pt\/wp-json\/wp\/v2\/product_brand?post=529"},{"taxonomy":"product_cat","embeddable":true,"href":"https:\/\/www.miel-store.com\/pt\/wp-json\/wp\/v2\/product_cat?post=529"},{"taxonomy":"product_tag","embeddable":true,"href":"https:\/\/www.miel-store.com\/pt\/wp-json\/wp\/v2\/product_tag?post=529"}],"curies":[{"name":"wp","href":"https:\/\/api.w.org\/{rel}","templated":true}]}}