{"id":526,"date":"2022-02-28T07:19:48","date_gmt":"2022-02-28T06:19:48","guid":{"rendered":"https:\/\/www.miel-store.com\/?post_type=product&#038;p=526"},"modified":"2026-03-25T20:57:58","modified_gmt":"2026-03-25T19:57:58","slug":"60-gelules-de-poudre-de-moringa","status":"publish","type":"product","link":"https:\/\/www.miel-store.com\/pt\/p\/60-gelules-de-poudre-de-moringa","title":{"rendered":"60 C\u00e1psulas de Moringa em P\u00f3"},"content":{"rendered":"<p>Baisse de r\u00e9gime, fatigue, le rythme de la vie est parfois difficile ! C\u00f4t\u00e9\u00a0<strong>m\u00e9decine ayurv\u00e9dique,\u00a0<\/strong>faites la d\u00e9couverte de nos\u00a0<strong>g\u00e9lules de poudre de moringa<\/strong>\u00a0!<\/p>\n<h2><strong>Voyage jusqu\u2019en Inde et d\u00e9couvrez les g\u00e9lules de poudre de moringa !\u00a0<\/strong><\/h2>\n<p>En effet, les avantages d\u2019aimer les\u00a0<strong>produtos naturais<\/strong>\u00a0sont nombreux ! L\u2019un d\u2019entre eux : les divers paysages idylliques que l\u2019on ne s\u2019imagine pas rencontrer un jour ! L\u2019Inde en est le parfait exemple. Connu notamment pour ses palais, l\u2019Inde est pourtant un pays qui poss\u00e8de une multitude de<strong>\u00a0richesses naturelles<\/strong>.<\/p>\n<p>Doucement mais s\u00fbrement, il est ainsi temps de faire la rencontre du\u00a0<strong>moringa<\/strong>\u00a0! Petit arbre r\u00e9sistant, il se voit ainsi \u00e9voluer sous les climats tropicaux. Aussi surnomm\u00e9 par certains l\u2019arbre de vie ou<strong>\u00a0l\u2019arbre aux miracles<\/strong>, ce petit arbre cache bien des surprises\u2026<\/p>\n<p>Les gousses ainsi que les\u00a0<strong>feuilles du moringa<\/strong>\u00a0sont principalement utilis\u00e9es et cela \u00e0 des fins particuli\u00e8rement int\u00e9ressantes pour le bien-\u00eatre de l\u2019homme ! Ne boudons pas notre plaisir et d\u00e9couvrons ensemble ce que r\u00e9serve votre\u00a0<strong>boutique bien-\u00eatre en ligne<\/strong>\u00a0!<\/p>\n<h2><strong>Produit bien-\u00eatre : Les g\u00e9lules de poudre de moringa\u00a0<\/strong><\/h2>\n<p>En effet, Miel Store est toujours soucieux de proposer des produits qui sauront vous \u00eatre utiles. Au menu, fatigue et baisse d\u2019\u00e9nergie !<\/p>\n<p>De plus, nous souhaitons mettre en avant le moringa et ses propri\u00e9t\u00e9s naturelles et efficaces contre certains tumultes li\u00e9s \u00e0 quelques carences.<\/p>\n<p>Pour cela, nous mettons sur le devant de la sc\u00e8ne un flacon dont la contenance est \u00e9gale \u00e0 50G ! De plus, retrouvez \u00e0 l\u2019int\u00e9rieur de ce flacon\u00a0<strong>60 g\u00e9lules concentr\u00e9es de poudre<\/strong>\u00a0de moringa.<\/p>\n<p>Vous l\u2019avez compris, votre boutique sp\u00e9cialis\u00e9e essaie d\u2019\u00eatre dans les bons coups. Donc chers\u00a0<strong>amoureux de la nature<\/strong>, pr\u00e9parez-vous \u00e0 prendre du plaisir !<\/p>\n<h2><strong>Astuces et conseils d\u2019utilisation des g\u00e9lules de poudre de moringa !\u00a0<\/strong><\/h2>\n<p>Et si Miel Store vous en mettait encore plein la vue avec un<strong>\u00a0produto natural<\/strong>\u00a0qui en vaut le d\u00e9tour ! En effet, pour celles et ceux qui souhaitent se lier d&rsquo;amiti\u00e9 avec un\u00a0<strong>estimulante natural<\/strong>, nous avons probablement ce qu\u2019il vous faut.<\/p>\n<p>O\u00a0<strong>g\u00e9lules de poudre de moringa<\/strong>\u00a0sont consid\u00e9r\u00e9es comme un\u00a0<strong>suplemento alimentar<\/strong>\u00a0! Que ce soit pour les sportifs avant l\u2019effort ou pour ceux qui ont tout simplement une baisse de r\u00e9gime ! Ces g\u00e9lules riches en vitamines A,B,C et E peuvent \u00eatre un r\u00e9el atout au quotidien.<\/p>\n<p>De plus, nous connaissons la difficult\u00e9 qu\u2019est de tenir la cadence, entre vie de famille, travail et m\u00eame loisir. Il faut que le corps suive ! Pour cela, nous vous laissons faire plus ample connaissance avec le<strong>\u00a0suplemento alimentar natural<\/strong>\u00a0\u00e0 la poudre de moringa.<\/p>\n<p>Vous avez la possibilit\u00e9 de prendre 1 \u00e0 2 g\u00e9lules par jour !<\/p>\n<ul>\n<li>Pour les sportifs, nous vous conseillons environ 1 heure avant votre s\u00e9ance<\/li>\n<li>Et pour les cures : 1 g\u00e9lule \u00e0 jeun chaque matin<\/li>\n<\/ul>\n<h3><strong>Doucement, doucement, votre boutique propose \u00e9galement\u2026\u00a0<\/strong><\/h3>\n<p>Vous \u00eates un adepte de\u00a0<strong>produtos naturais<\/strong>\u00a0et vous aimeriez en d\u00e9couvrir davantage ? Cela tombe bien, car Miel Store souhaite vous en dire plus ! Faites la rencontre avec les<strong>\u00a0<a href=\"https:\/\/www.miel-store.com\/pt\/p\/feuilles-de-sene\/\">feuilles de s\u00e9n\u00e9<\/a>\u00a0<\/strong>ou alors avec le\u00a0<strong><a href=\"https:\/\/www.miel-store.com\/pt\/p\/pot-des-7-guerisons\/\">pot des 7 gu\u00e9risons d\u2019Arabie Saoudite<\/a>.\u00a0<\/strong><\/p>\n<p>La nature est pleine de tr\u00e9sors et elle les partage avec vous, profitez-en\u2026<\/p>","protected":false},"excerpt":{"rendered":"<p>60 G\u00e9lules de Poudre de Moringa.<\/p>\n<p>Frasco de 50g.<\/p>","protected":false},"featured_media":580,"template":"","meta":[],"product_brand":[],"product_cat":[88,130],"product_tag":[],"class_list":{"0":"post-526","1":"product","2":"type-product","3":"status-publish","4":"has-post-thumbnail","6":"product_cat-bien-etre","7":"product_cat-produits-medecine-ayurvedique","9":"first","10":"instock","11":"shipping-taxable","12":"purchasable","13":"product-type-simple"},"_links":{"self":[{"href":"https:\/\/www.miel-store.com\/pt\/wp-json\/wp\/v2\/product\/526","targetHints":{"allow":["GET"]}}],"collection":[{"href":"https:\/\/www.miel-store.com\/pt\/wp-json\/wp\/v2\/product"}],"about":[{"href":"https:\/\/www.miel-store.com\/pt\/wp-json\/wp\/v2\/types\/product"}],"wp:featuredmedia":[{"embeddable":true,"href":"https:\/\/www.miel-store.com\/pt\/wp-json\/wp\/v2\/media\/580"}],"wp:attachment":[{"href":"https:\/\/www.miel-store.com\/pt\/wp-json\/wp\/v2\/media?parent=526"}],"wp:term":[{"taxonomy":"product_brand","embeddable":true,"href":"https:\/\/www.miel-store.com\/pt\/wp-json\/wp\/v2\/product_brand?post=526"},{"taxonomy":"product_cat","embeddable":true,"href":"https:\/\/www.miel-store.com\/pt\/wp-json\/wp\/v2\/product_cat?post=526"},{"taxonomy":"product_tag","embeddable":true,"href":"https:\/\/www.miel-store.com\/pt\/wp-json\/wp\/v2\/product_tag?post=526"}],"curies":[{"name":"wp","href":"https:\/\/api.w.org\/{rel}","templated":true}]}}