{"id":525,"date":"2022-02-28T07:17:53","date_gmt":"2022-02-28T06:17:53","guid":{"rendered":"https:\/\/www.miel-store.com\/?post_type=product&#038;p=525"},"modified":"2025-12-27T20:20:11","modified_gmt":"2025-12-27T19:20:11","slug":"60-gelules-de-poudre-de-pollen-de-palmier","status":"publish","type":"product","link":"https:\/\/www.miel-store.com\/pt\/p\/60-gelules-de-poudre-de-pollen-de-palmier","title":{"rendered":"60 c\u00e1psulas de P\u00f3len de Palmeira em p\u00f3"},"content":{"rendered":"<p>Vous avez sans doute d\u00e9j\u00e0 entendu parler des\u00a0<strong>g\u00e9lules de pollen de palmier<\/strong>. La forme poudre est g\u00e9n\u00e9ralement la plus connue pour ses vertus sur les probl\u00e8mes li\u00e9s \u00e0 l\u2019infertilit\u00e9, mais pas seulement.<\/p>\n<p>Faisons un tour d\u2019horizon sur cet \u00e9tonnant compl\u00e9ment alimentaire.<\/p>\n<h2><strong>Les bienfaits des g\u00e9lules de pollen de palmier<\/strong><\/h2>\n<p>Si on devait r\u00e9sumer l\u2019essentiel des bienfaits de ce formidable aliment. On vous parlerait forc\u00e9ment de ses atouts en\u00a0<strong>fertilit\u00e9<\/strong>,\u00a0<strong>sexualit\u00e9<\/strong>\u00a0e\u00a0<strong>immunit\u00e9.\u00a0<\/strong>Il faut savoir, tout d\u2019abord, qu\u2019il est\u00a0:<\/p>\n<p><strong>\u00c9nergisant<\/strong>,\u00a0<strong>antioxydant<\/strong>,\u00a0<strong>booste le syst\u00e8me immunitaire<\/strong>,\u00a0<strong>renforce les os<\/strong>\u00a0e\u00a0<strong>r\u00e9duirait<\/strong>\u00a0a\u00a0<strong>mauvais cholest\u00e9rol<\/strong>. On lui reconna\u00eet un effet sur\u00a0<strong>l\u2019an\u00e9mie et l\u2019insomnie<\/strong>. De plus, il aurait une action\u00a0<strong>afrodis\u00edaco<\/strong>. Aussi sur le plan\u00a0<strong>fertilit\u00e9<\/strong>, il augmenterait et am\u00e9liorerait la\u00a0<strong>qualit\u00e9 des spermatozo\u00efdes<\/strong>\u00a0(mobilit\u00e9 et viabilit\u00e9). Le pollen\u00a0<strong>stimulerait les ovaires<\/strong>\u00a0et augmenterait\u00a0<strong>l\u2019\u00e9paisseur de l\u2019endom\u00e8tre<\/strong>\u00a0pour faciliter l\u2019installation de l\u2019\u0153uf f\u00e9cond\u00e9. De surcro\u00eet, il serait pr\u00e9conis\u00e9 pour\u00a0<strong>r\u00e9gulariser le cycle<\/strong>\u00a0e\u00a0<strong>diminuer les r\u00e8gles douloureuses<\/strong>. Aussi, il s\u2019av\u00e8re \u00eatre un bon\u00a0<strong>nettoyant de l\u2019ut\u00e9rus<\/strong>\u00a0et serait un bon alli\u00e9 contre les effets de la\u00a0<strong>m\u00e9nopause<\/strong>.<\/p>\n<h2><strong>Comment utiliser la forme g\u00e9lule\u00a0?<\/strong><\/h2>\n<p>100 % naturel, votre\u00a0<strong>pollen de palmier en g\u00e9lules<\/strong>, sera rapidement assimilable par votre organisme. \u00c0 raison de 1 \u00e0 2 g\u00e9lules \/ jour et durant les repas. Les cures varient entre 1 \u00e0 3 mois. Pensez \u00e0 accompagner votre cure avec du\u00a0<strong>mel<\/strong>, notamment, celui du\u00a0<strong>mel de euf\u00f3rbia<\/strong>\u00a0disponible sur<strong>\u00a0miel-store.<\/strong><\/p>\n<p>Il existe m\u00eame un pack de\u00a0<strong>pollen de palmier<\/strong>\u00a0avec un pot de\u00a0<a href=\"https:\/\/www.miel-store.com\/pt\/p\/miel-deuphorbe-du-yemen\/\"><strong>mel de espor\u00e3o do I\u00e9men<\/strong><\/a>.<\/p>\n<h3><strong>Pr\u00e9cautions particuli\u00e8res<\/strong><\/h3>\n<p>Des pr\u00e9cautions particuli\u00e8res sont \u00e0 prendre en compte vis-\u00e0-vis de ce produit naturel. M\u00eame si ce rem\u00e8de vous semble anodin gr\u00e2ce \u00e0 son aspect naturel, sachez qu\u2019il est proscrit\u00a0:<\/p>\n<ul>\n<li>Aux\u00a0<strong>femmes souffrant du syndrome des ovaires polykystiques (SOPK<\/strong>).<\/li>\n<li>Ainsi que celles souffrant de\u00a0<strong>kystes<\/strong>, d\u2019<strong>endom\u00e9trioses<\/strong>, de\u00a0<strong>polypes<\/strong>, de\u00a0<strong>myomes<\/strong>\u00a0e\u00a0<strong>fibromes<\/strong>.<\/li>\n<li>Il est d\u00e9conseill\u00e9 chez la\u00a0<strong>femme enceinte et allaitante<\/strong>.<\/li>\n<li>Il en va de m\u00eame pour les enfants et les\u00a0<strong>personnes allergiques au pollen<\/strong>.<\/li>\n<\/ul>\n<p>Nous vous conseillons d\u2019en consommer sous la surveillance d\u2019un m\u00e9decin, naturopathe, ou un professionnel de la sant\u00e9.<\/p>","protected":false},"excerpt":{"rendered":"<p>60 G\u00e9lules de Poudre de Pollen de Palmier. Compl\u00e9ment Alimentaire.<\/p>\n<p>Tonificante, Imunodefesa, Fortificante.<\/p>\n<p>Frasco de 50g.<\/p>","protected":false},"featured_media":578,"template":"","meta":[],"product_brand":[],"product_cat":[88],"product_tag":[],"class_list":{"0":"post-525","1":"product","2":"type-product","3":"status-publish","4":"has-post-thumbnail","6":"product_cat-bien-etre","8":"first","9":"instock","10":"shipping-taxable","11":"purchasable","12":"product-type-simple"},"_links":{"self":[{"href":"https:\/\/www.miel-store.com\/pt\/wp-json\/wp\/v2\/product\/525","targetHints":{"allow":["GET"]}}],"collection":[{"href":"https:\/\/www.miel-store.com\/pt\/wp-json\/wp\/v2\/product"}],"about":[{"href":"https:\/\/www.miel-store.com\/pt\/wp-json\/wp\/v2\/types\/product"}],"wp:featuredmedia":[{"embeddable":true,"href":"https:\/\/www.miel-store.com\/pt\/wp-json\/wp\/v2\/media\/578"}],"wp:attachment":[{"href":"https:\/\/www.miel-store.com\/pt\/wp-json\/wp\/v2\/media?parent=525"}],"wp:term":[{"taxonomy":"product_brand","embeddable":true,"href":"https:\/\/www.miel-store.com\/pt\/wp-json\/wp\/v2\/product_brand?post=525"},{"taxonomy":"product_cat","embeddable":true,"href":"https:\/\/www.miel-store.com\/pt\/wp-json\/wp\/v2\/product_cat?post=525"},{"taxonomy":"product_tag","embeddable":true,"href":"https:\/\/www.miel-store.com\/pt\/wp-json\/wp\/v2\/product_tag?post=525"}],"curies":[{"name":"wp","href":"https:\/\/api.w.org\/{rel}","templated":true}]}}