{"id":521,"date":"2022-02-28T07:07:43","date_gmt":"2022-02-28T06:07:43","guid":{"rendered":"https:\/\/www.miel-store.com\/?post_type=product&#038;p=521"},"modified":"2026-05-02T13:58:56","modified_gmt":"2026-05-02T11:58:56","slug":"capsulas-de-cominho-preto","status":"publish","type":"product","link":"https:\/\/www.miel-store.com\/pt\/p\/gelules-de-nigelle","title":{"rendered":"60 c\u00e1psulas de sementes de nigela em p\u00f3 da Eti\u00f3pia"},"content":{"rendered":"<p>A Miel Store tem o prazer de apresentar a sua\u00a0<strong>c\u00e1psulas de cominho preto\u00a0<\/strong>! De facto, estes\u00a0<strong>c\u00e1psulas de cominho preto\u00a0<\/strong>s\u00e3o um suplemento alimentar de qualidade excecional. Excelentes para a sua sa\u00fade, as suas virtudes terap\u00eauticas e nutricionais s\u00e3o reconhecidas por cientistas de todo o mundo.<\/p>\n<p>Se tem dificuldade em beber o seu \u00f3leo ou ingeri-lo em p\u00f3, experimente esta forma original de o consumir!<\/p>\n<h2><strong>O que \u00e9 o cominho preto?<\/strong><\/h2>\n<p>A Nigella, e mais especificamente o seu p\u00f3, \u00e9 uma subst\u00e2ncia vegetal obtida a partir das sementes da planta Nigella sativa. Por vezes chamada cominho preto, cominho falso, s\u00e9samo preto, hortel\u00e3-pimenta ou habba sawda, esta planta arom\u00e1tica \u00e9 utilizada desde o tempo dos fara\u00f3s.<\/p>\n<p>Esta planta mediterr\u00e2nica \u00e9 utilizada h\u00e1 s\u00e9culos pelos seus in\u00fameros e ineg\u00e1veis benef\u00edcios terap\u00eauticos e nutricionais. Mas tamb\u00e9m \u00e9 utilizada na cozinha, como especiaria ou como infus\u00e3o.<\/p>\n<h2><strong>C\u00e1psulas de cominho preto, um precioso aliado para a sa\u00fade!<\/strong><\/h2>\n<p>O<strong>\u00a0<a href=\"https:\/\/www.miel-store.com\/pt\/p\/60-capsules-de-nigelle-dethiopie\/\">c\u00e1psulas de cominho preto<\/a><\/strong>\u00a0vendidos na Miel Store cont\u00eam o precioso p\u00f3 com in\u00fameras virtudes. Quer seja habachiya ou n\u00e3o, est\u00e1 repleto de benef\u00edcios para a sa\u00fade.<\/p>\n<p>\u00c9 particularmente ben\u00e9fico para refor\u00e7ar o sistema imunit\u00e1rio. Ajuda igualmente a combater as doen\u00e7as auto-imunes.<\/p>\n<p>Tamb\u00e9m previne e cura a anemia e a fadiga.<\/p>\n<p>Al\u00e9m disso, pode ser utilizado para tratar ou, pelo menos, acompanhar o tratamento da diabetes de tipo 1 e de tipo 2. Ou para baixar os n\u00edveis de colesterol.<\/p>\n<p>\u00c9 tamb\u00e9m muito eficaz na preven\u00e7\u00e3o de muitos cancros. \u00c9 particularmente eficaz contra o cancro do c\u00f3lon e do pulm\u00e3o.<\/p>\n<p>Mas isso n\u00e3o \u00e9 tudo! Sendo um produto de cuidado da pele tudo-em-um, tamb\u00e9m \u00e9 utilizado em muitas outras \u00e1reas.<\/p>\n<h3><strong>E em particular :<\/strong><\/h3>\n<ul>\n<li>\u00c9 um excelente antioxidante.<\/li>\n<li>Foi tamb\u00e9m demonstrado que tem um efeito significativo no combate \u00e0s alergias;<\/li>\n<li>mas tamb\u00e9m contra as dores articulares, como a osteoartrite ou o reumatismo.<\/li>\n<li>\u00c9 tamb\u00e9m um excelente tratamento para f\u00edstulas e hemorr\u00f3idas.<\/li>\n<li>Tem tamb\u00e9m um efeito eficaz nas vias respirat\u00f3rias. Em particular, \u00e9 um rem\u00e9dio eficaz para a asma.<\/li>\n<li>Mas tamb\u00e9m na esfera digestiva. Alivia os problemas de digest\u00e3o e de tr\u00e2nsito intestinal, bem como o incha\u00e7o e os gases; ;<\/li>\n<li>Bem como a epiderme. Em particular, ajuda a cicatrizar as feridas, quer sejam superficiais ou profundas. Desinfecta igualmente as feridas infectadas. \u00c9 igualmente eficaz nas queimaduras, acalmando-as e acelerando a cicatriza\u00e7\u00e3o. Globalmente, \u00e9 muito \u00fatil para todos os problemas de pele, quer se trate de acne, eczema ou psor\u00edase. E, de uma forma mais geral, contra as inflama\u00e7\u00f5es cut\u00e2neas.<\/li>\n<li>Tem tamb\u00e9m outras propriedades interessantes para o cuidado do cabelo. Fortalece o cabelo, estimula o crescimento e previne a queda, al\u00e9m de lhe dar vitalidade e brilho; ;<\/li>\n<li>etc.<\/li>\n<\/ul>\n<p>Por outras palavras, esta planta \u00e9 uma verdadeira farm\u00e1cia!<\/p>\n<p>Se quiser colher todos os seus benef\u00edcios, comece a sua cura de\u00a0<strong>comprimidos de cominho preto\u00a0<\/strong>!<\/p>\n<h2><strong>Porqu\u00ea escolher as c\u00e1psulas de cominho preto?<\/strong><\/h2>\n<p>O formato de c\u00e1psula oferece uma s\u00e9rie de vantagens.<\/p>\n<p>Algumas pessoas podem ser desencorajadas pelo sabor e pelo cheiro forte do \u00f3leo de cominho preto habachiya, por exemplo. Com estes\u00a0<strong>c\u00e1psulas vegetais<\/strong>, Por isso, n\u00e3o se prive dos seus benef\u00edcios! Pode com\u00ea-lo sem se incomodar com o seu aroma forte e at\u00e9 pungente.<\/p>\n<p>Al\u00e9m disso, para as pessoas que est\u00e3o com pressa e t\u00eam muito em que pensar, engolir o seu\u00a0<strong>am\u00eandoas com cominhos pretos e a\u00e7\u00facar\u00a0<\/strong>com um copo de \u00e1gua! Sempre \u00e0 m\u00e3o, s\u00e3o f\u00e1ceis de utilizar e n\u00e3o ocupam muito espa\u00e7o!<\/p>\n<p>Finalmente, \u00e9 um formato que pode levar para qualquer lado! Pode colocar o seu frasco na sua mala de m\u00e3o se tenciona utiliz\u00e1-lo durante o dia. E n\u00e3o h\u00e1 mais restri\u00e7\u00f5es durante o voo! Pode continuar o seu tratamento no seu destino de f\u00e9rias sem se limitar aos 100 ml da sua bagagem de m\u00e3o!<\/p>\n<h2><strong>O que cont\u00eam as c\u00e1psulas de cominho preto Miel Store?<\/strong><\/h2>\n<p>Os nossos produtos cont\u00eam cominhos pretos em p\u00f3 habachiya puros e analisados em laborat\u00f3rio.<\/p>\n<p>Estes oferecem-lhe todas as vantagens que mencion\u00e1mos anteriormente.<\/p>\n<h3><strong>Composi\u00e7\u00e3o<\/strong><\/h3>\n<p>As c\u00e1psulas de Miel Store cont\u00eam numerosos princ\u00edpios activos.<\/p>\n<p>Os principais s\u00e3o os seguintes:<\/p>\n<ul>\n<li>\u00e1cidos gordos essenciais. Nomeadamente, as gorduras saturadas (palm\u00edtico e este\u00e1rico), monoinsaturadas (\u00f3mega 9) e polinsaturadas (\u00f3mega 6 e 9).<\/li>\n<li>sapon\u00f3sidos ;<\/li>\n<li>flavon\u00f3ides e polifen\u00f3is ;<\/li>\n<li>alcal\u00f3ides, como a nigelicina e a nigelidina ;<\/li>\n<li>taninos ;<\/li>\n<li>fitosterol: beta-sitosterol ;<\/li>\n<li>\u00f3leo essencial, especialmente timol ;<\/li>\n<li>mol\u00e9culas activas, nomeadamente timoquinona, nigelina, nigelona e carvona ;<\/li>\n<li>vitaminas: A, B1, B2, B3, B6, B9, C, E e K1 ;<\/li>\n<li>oligoelementos e minerais, incluindo o ferro, o c\u00e1lcio, o f\u00f3sforo, o pot\u00e1ssio, o sel\u00e9nio, o s\u00f3dio e o zinco; ;<\/li>\n<li>amino\u00e1cidos.<\/li>\n<\/ul>\n<h3><strong>Um envelope verde<\/strong><\/h3>\n<p>S\u00e3o acondicionadas em c\u00e1psulas vegetais HPMC, 100%, sem OGM, e s\u00e3o certificadas como biol\u00f3gicas, Halal e Kosher.<\/p>\n<p>As c\u00e1psulas HPMC s\u00e3o vegan e n\u00e3o cont\u00eam produtos de origem animal, como a gelatina. Tamb\u00e9m n\u00e3o cont\u00eam subst\u00e2ncias qu\u00edmicas nocivas para a sa\u00fade.<\/p>\n<p>Este revestimento est\u00e1 em conformidade com as normas actuais da farmacopeia europeia.<\/p>\n<h2><strong>Como devo utilizar as minhas c\u00e1psulas de cominho preto?<\/strong><\/h2>\n<p>Para maximizar a sua efic\u00e1cia, recomendamos um curso de tratamento com a dura\u00e7\u00e3o de 1 a 3 meses.<\/p>\n<p>Consumir 1 a 2\u00a0<strong>Nigella sativa c\u00e1psulas<\/strong>, de manh\u00e3 (com o est\u00f4mago vazio) e \u00e0 noite (antes de deitar), num total de 2 a 4 doses.<\/p>\n<p>N\u00e3o exceder a dose indicada.<\/p>\n<p>Estes\u00a0<strong>comprimidos naturais<\/strong>\u00a0s\u00e3o um suplemento alimentar. N\u00e3o substituem um regime alimentar variado e equilibrado e um estilo de vida saud\u00e1vel. Para bem da sua sa\u00fade, adopte um estilo de vida saud\u00e1vel e pratique uma atividade f\u00edsica regular durante pelo menos 30 minutos por dia.<\/p>\n<h2><strong>Precau\u00e7\u00f5es de utiliza\u00e7\u00e3o<\/strong><\/h2>\n<p>Consulte o seu m\u00e9dico antes de iniciar uma cura de cominhos negros.<\/p>\n<p>Aten\u00e7\u00e3o: as mulheres gr\u00e1vidas e\/ou a amamentar e as crian\u00e7as n\u00e3o devem usar esta planta. Isto deve-se aos alcal\u00f3ides que cont\u00e9m.<\/p>\n<p>De facto, em caso de sobredosagem, o cominho preto \u00e9 ligeiramente t\u00f3xico. Respeitar as doses recomendadas e n\u00e3o ultrapassar as 4 c\u00e1psulas por dia.<\/p>\n<p>\u00c9 tamb\u00e9m contraindicado se estiver a tomar anticoagulantes.<\/p>\n<h3><strong>Como devem ser conservadas as c\u00e1psulas de cominho preto?<\/strong><\/h3>\n<p>Recomendamos que guarde as suas c\u00e1psulas num local limpo e seco. Em particular, proteja-as da humidade, que as tornaria impr\u00f3prias para consumo.<\/p>\n<p>Al\u00e9m disso, mantenha o seu produto afastado do calor e da luz solar. Perder\u00e1 as suas propriedades naturais intr\u00ednsecas.<\/p>\n<p>Por \u00faltimo, certos alimentos ou medicamentos podem atrasar ou impedir o organismo de assimilar os nutrientes. Por isso, tome-os \u00e0s refei\u00e7\u00f5es e longe dos medicamentos.<\/p>","protected":false},"excerpt":{"rendered":"<p>60 c\u00e1psulas de Sementes de Nigella da Eti\u00f3pia em p\u00f3. Suplemento alimentar.<\/p>\n<p>Tonificante, Imunodefesa, Fortificante.<\/p>\n<p>Frasco de 50g.<\/p>","protected":false},"featured_media":579,"template":"","meta":[],"product_brand":[],"product_cat":[87,88],"product_tag":[],"class_list":{"0":"post-521","1":"product","2":"type-product","3":"status-publish","4":"has-post-thumbnail","6":"product_cat-nigelle","7":"product_cat-bien-etre","9":"first","10":"instock","11":"featured","12":"shipping-taxable","13":"purchasable","14":"product-type-simple"},"_links":{"self":[{"href":"https:\/\/www.miel-store.com\/pt\/wp-json\/wp\/v2\/product\/521","targetHints":{"allow":["GET"]}}],"collection":[{"href":"https:\/\/www.miel-store.com\/pt\/wp-json\/wp\/v2\/product"}],"about":[{"href":"https:\/\/www.miel-store.com\/pt\/wp-json\/wp\/v2\/types\/product"}],"wp:featuredmedia":[{"embeddable":true,"href":"https:\/\/www.miel-store.com\/pt\/wp-json\/wp\/v2\/media\/579"}],"wp:attachment":[{"href":"https:\/\/www.miel-store.com\/pt\/wp-json\/wp\/v2\/media?parent=521"}],"wp:term":[{"taxonomy":"product_brand","embeddable":true,"href":"https:\/\/www.miel-store.com\/pt\/wp-json\/wp\/v2\/product_brand?post=521"},{"taxonomy":"product_cat","embeddable":true,"href":"https:\/\/www.miel-store.com\/pt\/wp-json\/wp\/v2\/product_cat?post=521"},{"taxonomy":"product_tag","embeddable":true,"href":"https:\/\/www.miel-store.com\/pt\/wp-json\/wp\/v2\/product_tag?post=521"}],"curies":[{"name":"wp","href":"https:\/\/api.w.org\/{rel}","templated":true}]}}