{"id":519,"date":"2022-02-27T22:14:36","date_gmt":"2022-02-27T21:14:36","guid":{"rendered":"https:\/\/www.miel-store.com\/?post_type=product&#038;p=519"},"modified":"2026-04-13T01:32:54","modified_gmt":"2026-04-12T23:32:54","slug":"pot-de-7-guerisons-darabie-saoudite","status":"publish","type":"product","link":"https:\/\/www.miel-store.com\/pt\/p\/pot-de-7-guerisons-darabie-saoudite","title":{"rendered":"Pote de 7 curas da Ar\u00e1bia Saudita"},"content":{"rendered":"<p><strong>Un pur concentr\u00e9 de rem\u00e8des proph\u00e9tiques dans ce pot des 7 gu\u00e9risons<\/strong>. En effet, l\u2019institut de recherche de M\u00e9dine en Arabie a \u00e9labor\u00e9 ce m\u00e9lange qui regroupe les meilleures recommandations du messager de <a href=\"https:\/\/www.islam-oumma.fr\" target=\"_blank\" rel=\"noopener\"><strong>l\u2019islam<\/strong><\/a> (paix et b\u00e9n\u00e9diction sur lui). De plus, il est <strong>certifi\u00e9 par un institut de recherche am\u00e9ricain<\/strong>.<\/p>\n<p>Des recherches et des essais de longue haleine ont \u00e9t\u00e9 mis en \u0153uvre pour doser savamment chaque composant. Ainsi, chaque ingr\u00e9dient qui le constitue a des vertus incontestables. C\u2019est pour ces raison que nous vous le proposons dans notre boutique Miel Store.<\/p>\n<p>Si vous voulez en savoir davantage sur ce<strong> produit unique<\/strong>, regroupant <strong>les 7 merveilles de la m\u00e9decine proph\u00e9tique<\/strong>, alors suivez-nous\u2026<\/p>\n<h2><strong>Focus sur la composition du pot des 7 gu\u00e9risons<\/strong><\/h2>\n<p>Le <strong>pot des 7 gu\u00e9risons<\/strong> se compose ainsi :<\/p>\n<ul>\n<li><strong>Graines de Nigelle<\/strong><\/li>\n<li><strong>Mel<\/strong><\/li>\n<li><strong>Dattes al \u2018ajwa<\/strong><\/li>\n<li><strong>Feuilles de S\u00e9n\u00e9\u00a0<\/strong><\/li>\n<li><strong>Costus indien<\/strong><\/li>\n<li><strong>Graines de fenouil\u00a0<\/strong><\/li>\n<li><strong>Eau de Zamzam<\/strong><\/li>\n<\/ul>\n<p>Chacun de ces ingr\u00e9dients renferme des bienfaits reconnus pour am\u00e9liorer la sant\u00e9. En effet, l\u2019\u00e9laboration de cette quintessence est le fruit de recherches laborieuses. Et au final, il en r\u00e9sulte, ce <strong>condens\u00e9 de super-aliments<\/strong> recommand\u00e9s par le meilleur des hommes (paix et b\u00e9n\u00e9diction sur lui).<\/p>\n<p>De plus, c\u2019est une aide pr\u00e9cieuse pour pallier \u00e0 plusieurs maladies que la m\u00e9decine allopathique n\u2019a pu soulager. Mais c\u2019est aussi un <strong>superaliment<\/strong> pour les pro-naturel qui se soigne principalement avec la <strong>m\u00e9decine naturelle<\/strong>.<\/p>\n<p>En somme, ce joyau est utilis\u00e9 en pr\u00e9vention ou encore en traitement d\u2019attaque pour aider \u00e0 soulager certaines pathologies.<\/p>\n<h2><strong>Les bienfaits du pot des 7 gu\u00e9risons<\/strong><\/h2>\n<p>Nous allons, \u00e0 pr\u00e9sent, vous \u00e9num\u00e9rer les effets positifs, de chacun des ingr\u00e9dients qui le compose, sur l&rsquo;organisme :<\/p>\n<p>Graine de nigelle :<\/p>\n<ul>\n<li>Antibact\u00e9rienne<\/li>\n<li>Antivirale<\/li>\n<li>Antifongique : tue les champignons<\/li>\n<li>Anti-inflammatoire<\/li>\n<li>Antihistaminique : calme les allergies<\/li>\n<li>Anticanc\u00e9reuse<\/li>\n<\/ul>\n<p>Miel :<\/p>\n<ul>\n<li>Antihistaminique : calme les allergies<\/li>\n<li>Antidiab\u00e9tique : baisse la glyc\u00e9mie<\/li>\n<li>Emollient : calme irritations et inflammations<\/li>\n<li>Antioxydant : combat les radicaux libres responsables du vieillissement cellulaire<\/li>\n<li>Expectorant : fluidifiant bronchique<\/li>\n<li>Anti-inflammatoire : calme l\u2019inflammation dans le corps<\/li>\n<li>Tonique : fortifie et stimule le syst\u00e8me immunitaire<\/li>\n<li>Laxatif : agit contre la constipation<\/li>\n<li>Astringent : facilite la cicatrisation en resserrant les tissus<\/li>\n<\/ul>\n<p>Datte al \u2018ajwa :<\/p>\n<ul>\n<li>antioxydante<\/li>\n<li>laxative<\/li>\n<li>d\u00e9toxifiante<\/li>\n<li>tonifiante musculaire<\/li>\n<li>stimulante<\/li>\n<\/ul>\n<p>Feuille de s\u00e9n\u00e9 :<\/p>\n<ul>\n<li>laxative<\/li>\n<li>purgative<\/li>\n<li>d\u00e9toxifiante<\/li>\n<\/ul>\n<p>Costus indien :<\/p>\n<ul>\n<li>stomachique : aide au traitement des infections de la bouche<\/li>\n<li>emm\u00e9nagogue : provoque et r\u00e9gularise les menstrues<\/li>\n<li>antispasmodique : calme les contractions musculaires<\/li>\n<li>antiseptique, bact\u00e9ricide et antivirale<\/li>\n<li>expectorant : aide \u00e0 expulser les glaires par la toux<\/li>\n<li>hypotensif : fait baisser la tension<\/li>\n<li>f\u00e9brifuge : fait baisser la fi\u00e8vre<\/li>\n<\/ul>\n<p>Graine de fenouil :<\/p>\n<ul>\n<li>antispasmodique neuromusculaire<\/li>\n<li>digestive et laxative<\/li>\n<li>diur\u00e9tique : augmente la production et l\u2019\u00e9limination des urines<\/li>\n<li>carminative : facilite l\u2019expulsion des gazs intestinaux<\/li>\n<li>d\u00e9purative : d\u00e9barrasse des toxines<\/li>\n<li>emm\u00e9nagogue : facilite le flux menstruel ou le provoque<\/li>\n<li>riche en phyto-oestrog\u00e8nes : ils se substituent aux oestrog\u00e8nes<\/li>\n<li>galactog\u00e8ne : favorise la lactation<\/li>\n<li>vermifuge : nettoie l\u2019organisme des parasites et vers intestinaux<\/li>\n<\/ul>\n<p>Eau de Zamzam :<\/p>\n<ul>\n<li>Selon la sounna, elle convient \u00e0 toute chose. En effet, l\u2019eau de Zamzam peut \u00eatre utilis\u00e9e pour soulager tous les maux.<\/li>\n<li>De plus, cette eau b\u00e9nite est d\u00e9salt\u00e9rante et nourrissante. Par ailleurs, elle fait partie des <strong>rem\u00e8des th\u00e9rapeutiques de la m\u00e9decine proph\u00e9tique<\/strong>.<\/li>\n<\/ul>\n<h2><strong>Le pot des 7 gu\u00e9risons est une panac\u00e9e !<\/strong><\/h2>\n<p>Nous allons regrouper quelques maladies que le <strong>pot des 7 ashfiyah<\/strong> peut aider \u00e0 pr\u00e9venir ou \u00e0 combattre. Cette liste sera non-exhaustive, le but \u00e9tant de se faire finalement une petite id\u00e9e de l\u2019\u00e9tendue de son potentiel.<\/p>\n<p>Le <strong>pot des 7 gu\u00e9risons<\/strong> peut, de fait, aider \u00e0 soulager plusieurs maux :<\/p>\n<ul>\n<li>Aide \u00e0 combattre les maladies du foie et \u00e0 sa r\u00e9g\u00e9n\u00e9ration<\/li>\n<li>Lutte contre la grippe intestinale et les inflammations de l&rsquo;appareil digestif<\/li>\n<li>Calme les douleurs inflammatoires en g\u00e9n\u00e9ral<\/li>\n<li>Efficace contre la diarrh\u00e9e, la constipation et les maladies abdominales chroniques<\/li>\n<li>Aide \u00e0 pr\u00e9venir et \u00e0 lutter contre le cancer<\/li>\n<li>Conseill\u00e9 pour pallier aux carences telles que l\u2019an\u00e9mie<\/li>\n<li>Redoutable contre les maladies saisonni\u00e8res telles que le rhume et la toux<\/li>\n<li>Calme les douleurs articulaires<\/li>\n<li>Aide \u00e0 soulager la hernie discale<\/li>\n<li>Efficace dans le traitement de certaines maladies de la peau comme le vitiligo<\/li>\n<\/ul>\n<h2><strong>Pot des 7 gu\u00e9risons : avis sur la toile<\/strong><\/h2>\n<p>Il suffit de taper \u201c<strong>pot 7 gu\u00e9risons avis<\/strong>\u201d sur la toile, pour trouver une multitude de t\u00e9moignages \u201cv\u00e9rifi\u00e9s\u201d sur ce produit. Sa r\u00e9putation t\u00e9moigne de son efficacit\u00e9 incontestable ! En effet, les retours sur ce produits sont majoritairement positifs.<\/p>\n<p>De plus, la diversit\u00e9 des probl\u00e8mes pour lesquels il est utilis\u00e9 est impressionnante.<\/p>\n<p>Chacune des <strong>7 merveilles<\/strong> qui le compose est utilis\u00e9e pour aider \u00e0 soulager plusieurs probl\u00e8mes de sant\u00e9. Par cons\u00e9quent, le m\u00e9lange de tous ces <strong>alicaments<\/strong> ne peut \u00eatre qu\u2019une panac\u00e9e !<\/p>\n<h2><strong>Conseils pour utiliser le miel des 7 gu\u00e9risons<\/strong><\/h2>\n<p>Dans un premier temps, nous vous conseillons de bien m\u00e9langer le pot (avec une <a href=\"https:\/\/www.miel-store.com\/pt\/p\/cuillere-a-miel-en-bois\/\"><strong>cuill\u00e8re en bois<\/strong><\/a> de pr\u00e9f\u00e9rence).<\/p>\n<p>Prise par voie interne :<\/p>\n<ul>\n<li>une cuiller\u00e9e le matin \u00e0 jeun, une demi heure avant le petit d\u00e9jeuner<\/li>\n<li>une autre le soir 30 min avant le repas \u00e9galement<\/li>\n<\/ul>\n<p>En application locale (douleurs articulaires, probl\u00e8mes de peau, etc) :<\/p>\n<ul>\n<li>Appliquez une petite quantit\u00e9 sur la partie concern\u00e9e puis massez si n\u00e9cessaire<\/li>\n<\/ul>\n<p>Posologie pour les enfants de 3 \u00e0 12 ans :<\/p>\n<ul>\n<li>une demi-cuill\u00e8re le matin \u00e0 je\u00fbn, avant le petit d\u00e9jeuner et idem le soir avant le repas<\/li>\n<\/ul>\n<p>Contre indication :<\/p>\n<ul>\n<li>D\u00e9conseill\u00e9 aux femmes enceintes, allaitantes et aux enfants de moins de 3 ans<\/li>\n<\/ul>\n<h2><strong>Conservation et infos utiles<\/strong><\/h2>\n<p>Il est imp\u00e9ratif de conserver votre miel 7 gu\u00e9risons \u00e0 temp\u00e9rature ambiante, dans un endroit sec et loin de la lumi\u00e8re. Car, les ingr\u00e9dients qu\u2019il contient risqueraient de perdre de leurs b\u00e9n\u00e9fices.<\/p>\n<p>Aussi, il est pr\u00e9f\u00e9rable d\u2019utiliser un ustensile en bois et veiller \u00e0 ce que celui-ci soit propre. En effet, il peut y avoir un risque de contamination.<\/p>\n<p>Les informations cit\u00e9es ci-dessus ne peuvent se substituer \u00e0 un avis m\u00e9dical. Aussi, nous vous conseillons de consulter un professionnel de la sant\u00e9.<\/p>\n<h3><strong>Mieux vaut pr\u00e9venir que gu\u00e9rir !<\/strong><\/h3>\n<p>Nul n\u2019est cens\u00e9 ignorer ce c\u00e9l\u00e8bre adage ! C\u2019est pourquoi, vous retrouverez \u00e9galement dans notre boutique d\u2019autres rem\u00e8des naturels en plus du miel 7 gu\u00e9risons pour prendre soin de votre sant\u00e9 au quotidien.<\/p>\n<p>Entre autres, notre <a href=\"https:\/\/www.miel-store.com\/pt\/p\/mel-de-jujuba-sidr-dalgerie\/\"><strong>miel jujubier Alg\u00e9rie<\/strong><\/a> pour lutter contre les infections respiratoires. Laissez-vous tenter par son go\u00fbt unique et sa texture onctueuse !<\/p>\n<p>Ou encore notre <a href=\"https:\/\/www.miel-store.com\/pt\/p\/huile-de-nigelle-dethiopie-habachia\/\"><strong>huile de nigelle d&rsquo;Ethiopie<\/strong><\/a>, press\u00e9e \u00e0 froid et pure \u00e0 100%. D&rsquo;une part, elle vous aidera \u00e0 booster votre syst\u00e8me immunitaire. Et d\u2019autre part, \u00e0 prendre soin de vos cheveux et de votre corps, aussi bien de l&rsquo;int\u00e9rieur que de l&rsquo;ext\u00e9rieur.<\/p>","protected":false},"excerpt":{"rendered":"<p>Pot De 7 Gu\u00e9risons d&rsquo;Arabie Saoudite.<\/p>\n<p>Pot de 300g.<\/p>","protected":false},"featured_media":600,"template":"","meta":[],"product_brand":[],"product_cat":[88],"product_tag":[],"class_list":{"0":"post-519","1":"product","2":"type-product","3":"status-publish","4":"has-post-thumbnail","6":"product_cat-bien-etre","8":"first","9":"outofstock","10":"featured","11":"shipping-taxable","12":"purchasable","13":"product-type-simple"},"_links":{"self":[{"href":"https:\/\/www.miel-store.com\/pt\/wp-json\/wp\/v2\/product\/519","targetHints":{"allow":["GET"]}}],"collection":[{"href":"https:\/\/www.miel-store.com\/pt\/wp-json\/wp\/v2\/product"}],"about":[{"href":"https:\/\/www.miel-store.com\/pt\/wp-json\/wp\/v2\/types\/product"}],"wp:featuredmedia":[{"embeddable":true,"href":"https:\/\/www.miel-store.com\/pt\/wp-json\/wp\/v2\/media\/600"}],"wp:attachment":[{"href":"https:\/\/www.miel-store.com\/pt\/wp-json\/wp\/v2\/media?parent=519"}],"wp:term":[{"taxonomy":"product_brand","embeddable":true,"href":"https:\/\/www.miel-store.com\/pt\/wp-json\/wp\/v2\/product_brand?post=519"},{"taxonomy":"product_cat","embeddable":true,"href":"https:\/\/www.miel-store.com\/pt\/wp-json\/wp\/v2\/product_cat?post=519"},{"taxonomy":"product_tag","embeddable":true,"href":"https:\/\/www.miel-store.com\/pt\/wp-json\/wp\/v2\/product_tag?post=519"}],"curies":[{"name":"wp","href":"https:\/\/api.w.org\/{rel}","templated":true}]}}