{"id":518,"date":"2022-02-27T22:12:25","date_gmt":"2022-02-27T21:12:25","guid":{"rendered":"https:\/\/www.miel-store.com\/?post_type=product&#038;p=518"},"modified":"2026-04-02T06:26:21","modified_gmt":"2026-04-02T04:26:21","slug":"huile-de-costus-indien-degypte","status":"publish","type":"product","link":"https:\/\/www.miel-store.com\/pt\/p\/huile-de-costus-indien-degypte","title":{"rendered":"Huile de Costus Indien d&rsquo;\u00c9gypte"},"content":{"rendered":"<p>L\u00e9ger tour d\u2019horizon : visitons le continent asiatique ! Etes-vous pr\u00eat \u00e0 aller \u00e0 la rencontre de la fameuse<strong>\u00a0huile de costus indien Egypte\u00a0<\/strong>? Pour celles et ceux qui ne connaissent pas encore ce tr\u00e9sor naturel, rassurez-vous, Miel Store souhaite vous en dire davantage !<\/p>\n<h2><strong>Petit zoom sur l\u2019huile de costus indien Egypte<\/strong><\/h2>\n<p>Le costus indien est une plante dite herbac\u00e9e de la fameuse famille des asteraceae. Connue \u00e9galement sous le nom de saussurea costus, elle est originaire du continent asiatique.<\/p>\n<p>En effet, habituellement utilis\u00e9e dans la<strong>\u00a0m\u00e9decine ayurv\u00e9dique<\/strong>\u00a0aupr\u00e8s des communaut\u00e9s d&rsquo;Asie, elle se voit \u00e9galement salu\u00e9e au sein de la religion musulmane dans la\u00a0<strong>m\u00e9decine proph\u00e9tique<\/strong>\u00a0!<\/p>\n<p>Doucement, mais s\u00fbrement, cette\u00a0<strong>plante aux bienfaits nombreux<\/strong>\u00a0se voit dor\u00e9navant pris\u00e9e en occident ! Il faut dire que ses nombreuses qualit\u00e9s s\u00e9duisent\u2026<\/p>\n<p>Vous \u00eates curieux et vous souhaitez en savoir davantage sur ce\u00a0<strong>o tesouro da natureza<\/strong>\u00a0? Inutile de faire un pas suppl\u00e9mentaire, nous allons vous en dire plus !<\/p>\n<h2><strong>A l\u2019honneur : l\u2019huile de costus indien Egypte\u00a0<\/strong><\/h2>\n<p>En effet, votre boutique sp\u00e9cialis\u00e9e en\u00a0<strong>bien-\u00eatre\u00a0<\/strong>est toujours \u00e0 l&rsquo;aff\u00fbt de vous proposer des\u00a0<strong>articles naturels<\/strong>\u00a0qui pourraient vous correspondre. Au menu, l\u2019<strong>huile de costus indien Egypte<\/strong>\u00a0!<\/p>\n<p>Il est temps de rentrer dans le vif du sujet ! Faites la rencontre de ce flacon transparent qui laisse entrevoir un \u00e9lixir<strong>\u00a0100% pur et naturel\u00a0<\/strong>! Sa contenance de 60 ml est un r\u00e9el atout pour celles et ceux qui souhaitent entreprendre une utilisation r\u00e9guli\u00e8re.<\/p>\n<p>Ce nectar est \u00e0 l\u2019honneur pour ses qualit\u00e9s et ses bienfaits ! Tr\u00e8s b\u00e9n\u00e9fique pour la sant\u00e9, il pourrait rapidement devenir l\u2019incontournable de votre\u00a0<strong>pharmacie personnelle<\/strong>. Le plaisir passe parfois par les choses simples\u2026 N\u2019h\u00e9sitez plus et faites partie de ceux qui b\u00e9n\u00e9ficient de ce tr\u00e9sor.<\/p>\n<h2><strong>Et si on parlait bienfait, et si on parlait huile de costus indien Egypte ?<\/strong><\/h2>\n<p>Nous connaissons l\u2019importance qu\u2019est d\u2019avoir des\u00a0<strong>produits naturels utiles<\/strong>\u00a0! C\u2019est pour cela que nous souhaitons que vous d\u00e9couvriez les vertus de cette huile de costus.<\/p>\n<p>Este\u00a0<strong>huile v\u00e9g\u00e9tale<\/strong>\u00a0est connue pour \u00eatre utile contre certains probl\u00e8mes de peau, comme par exemple : les champignons, mycoses ou encore certaines t\u00e2ches sur le visage.<\/p>\n<p>De plus, utilis\u00e9e parfois en\u00a0<a href=\"https:\/\/www.mon-huile-de-massage.com\/\" target=\"_blank\" rel=\"noopener\"><strong>huile de massage<\/strong><\/a>, elle peut \u00eatre un atout pour soulager les douleurs musculaires et ainsi \u00e9viter les crampes !<\/p>\n<p>Pour l&rsquo;abdomen, les migraines chroniques, mais aussi pour\u00a0<strong>refor\u00e7ar o sistema imunit\u00e1rio<\/strong>, l\u2019huile de costus semble \u00eatre un avantage consid\u00e9rable !<\/p>\n<p>Vous l\u2019avez compris, si vous aussi vous affectionnez les produits de la natures aux nombreux bienfaits, cette<strong>\u00a0huile de qist al hindi\u00a0<\/strong>est probablement l\u2019article qu\u2019il vous manque. Laissez-vous s\u00e9duire par ses vertus et ses qualit\u00e9s b\u00e9n\u00e9fiques !<\/p>\n<h3><strong>Les produits naturels pour le plaisir de tous\u2026<\/strong><\/h3>\n<p>Votre<strong>\u00a0boutique de bem-estar\u00a0<\/strong>souhaite le meilleur pour ses clients ! C\u2019est pour cette raison qu\u2019elle s\u2019efforce de s\u00e9lectionner avec minutie des articles qui pourraient vous correspondre. Nous savons l\u2019importance que vous attachez aux\u00a0<strong>produtos naturais<\/strong>\u2026<\/p>\n<p>D\u00e9couvrez ainsi,<strong>\u00a0<a href=\"https:\/\/www.miel-store.com\/pt\/p\/huile-de-fourmi\/\">l\u2019huile de fourmi<\/a><\/strong>\u00a0ou mesmo\u00a0<strong><a href=\"https:\/\/www.miel-store.com\/pt\/p\/lincroyable-serum-repousse\/\">l\u2019incroyable s\u00e9rum repousse<\/a>\u00a0<\/strong>! Des produits naturels qui seront \u00e0 m\u00eame de vous s\u00e9duire au quotidien.<\/p>\n<p>N\u2019h\u00e9sitez plus et faites confiance \u00e0 votre boutique sp\u00e9cialis\u00e9e !<\/p>","protected":false},"excerpt":{"rendered":"<p>Huile de Costus Indien d&rsquo;\u00c9gypte.<\/p>\n<p>100% Pure et Naturelle.<\/p>\n<p>Frasco de 100ml.<\/p>","protected":false},"featured_media":597,"template":"","meta":[],"product_brand":[],"product_cat":[88,106,130],"product_tag":[],"class_list":{"0":"post-518","1":"product","2":"type-product","3":"status-publish","4":"has-post-thumbnail","6":"product_cat-bien-etre","7":"product_cat-huiles-vegetales","8":"product_cat-produits-medecine-ayurvedique","10":"first","11":"instock","12":"shipping-taxable","13":"purchasable","14":"product-type-simple"},"_links":{"self":[{"href":"https:\/\/www.miel-store.com\/pt\/wp-json\/wp\/v2\/product\/518","targetHints":{"allow":["GET"]}}],"collection":[{"href":"https:\/\/www.miel-store.com\/pt\/wp-json\/wp\/v2\/product"}],"about":[{"href":"https:\/\/www.miel-store.com\/pt\/wp-json\/wp\/v2\/types\/product"}],"wp:featuredmedia":[{"embeddable":true,"href":"https:\/\/www.miel-store.com\/pt\/wp-json\/wp\/v2\/media\/597"}],"wp:attachment":[{"href":"https:\/\/www.miel-store.com\/pt\/wp-json\/wp\/v2\/media?parent=518"}],"wp:term":[{"taxonomy":"product_brand","embeddable":true,"href":"https:\/\/www.miel-store.com\/pt\/wp-json\/wp\/v2\/product_brand?post=518"},{"taxonomy":"product_cat","embeddable":true,"href":"https:\/\/www.miel-store.com\/pt\/wp-json\/wp\/v2\/product_cat?post=518"},{"taxonomy":"product_tag","embeddable":true,"href":"https:\/\/www.miel-store.com\/pt\/wp-json\/wp\/v2\/product_tag?post=518"}],"curies":[{"name":"wp","href":"https:\/\/api.w.org\/{rel}","templated":true}]}}