{"id":515,"date":"2022-02-27T22:04:45","date_gmt":"2022-02-27T21:04:45","guid":{"rendered":"https:\/\/www.miel-store.com\/?post_type=product&#038;p=515"},"modified":"2026-04-17T18:18:54","modified_gmt":"2026-04-17T16:18:54","slug":"lincroyable-serum-repousse","status":"publish","type":"product","link":"https:\/\/www.miel-store.com\/pt\/p\/lincroyable-serum-repousse","title":{"rendered":"L&rsquo;Incroyable S\u00e9rum Repousse"},"content":{"rendered":"<p>L&rsquo;incroyable\u00a0<strong>s\u00e9rum repousse<\/strong>, c\u2019est une\u00a0<strong>synergie de plusieurs huiles naturelles<\/strong>\u00a0qui aident \u00e0 l\u2019acc\u00e9l\u00e9ration de la pousse des cheveux. Non seulement, elle\u00a0<strong>stimule leur croissance<\/strong>, mais elle les\u00a0<strong>r\u00e9pare et emp\u00eache qu\u2019ils ne tombent<\/strong>. En fait, chaque huile qui la compose est parfaitement dos\u00e9e pour des effets impressionnants !<\/p>\n<h2><strong>Bienfaits incroyables du s\u00e9rum repousse\u00a0<\/strong><\/h2>\n<p>Miel Store vous pr\u00e9sente quelques b\u00e9n\u00e9fices de ce\u00a0<strong>soin merveilleux<\/strong>\u00a0qui a su faire ses preuves :<\/p>\n<ul>\n<li>Aide \u00e0 la r\u00e9g\u00e9n\u00e9ration du bulbe<\/li>\n<li>Provoque la repousse<\/li>\n<li>Favorise et stimule la pousse<\/li>\n<li>Fortifie et r\u00e9pare<\/li>\n<li>Hydrate et nourrit<\/li>\n<li>Densifie, redonne force et brillance<\/li>\n<li>Stoppe la chute des cheveux<\/li>\n<\/ul>\n<h2><strong>Les avis sur l\u2019incroyable s\u00e9rum repousse<\/strong><\/h2>\n<p><strong>Les retours sur cet \u00e9lixir sont majoritairement positifs<\/strong>. Plus que \u00e7a, ils sont tout simplement incroyables ! Nous pouvons lire, sur la toile, les r\u00e9sultats surprenants de l\u2019effet qu\u2019a eu cette synergie d\u2019huiles sur ses utilisateurs :<\/p>\n<ul>\n<li>Des cheveux qui repoussent apr\u00e8s une calvitie ou une alop\u00e9cie<\/li>\n<li>Ou encore, une baisse significative ou un arr\u00eat de la chute des cheveux<\/li>\n<li>Une acc\u00e9l\u00e9ration de plusieurs centim\u00e8tres apr\u00e8s seulement un mois<\/li>\n<li>Ainsi qu\u2019une chevelure plus dense, plus r\u00e9sistante et gain\u00e9e<\/li>\n<li>Mais aussi, des cheveux plus hydrat\u00e9s, soyeux et brillants<\/li>\n<\/ul>\n<h2><strong>Composition de l\u2019incroyable s\u00e9rum repousse<\/strong><\/h2>\n<p>Voici la liste des\u00a0 huiles v\u00e9g\u00e9tales et mac\u00e9r\u00e2ts huileux et leurs bienfaits multiples :<\/p>\n<p><strong>Argan :<\/strong>\u00a0Elle est r\u00e9g\u00e9n\u00e9ratrice et nourrit intens\u00e9ment. De fait, c\u2019est un soin id\u00e9al pour prot\u00e9ger la fibre capillaire des agressions ext\u00e9rieures comme la pollution, les rayons du soleil ou le vent. Elle redonne force et brillance en hydratant, du cuir chevelu jusqu\u2019aux pointes. De plus, elle favorise la pousse.<\/p>\n<p><strong>Huile d\u2019ail :<\/strong>\u00a0Ce mac\u00e9rat am\u00e9liore la circulation sanguine, ce qui stimule la pousse des cheveux et renforce les bulbes capillaires. D\u2019ailleurs, il limite la chute des cheveux et ses propri\u00e9t\u00e9s assainissantes aident \u00e0 garder le cuir chevelu sain et sans pellicules.<\/p>\n<p><strong><a href=\"https:\/\/www.miel-store.com\/pt\/p\/huile-de-nigelle-dethiopie-habachia\/\">\u00d3leo de cominho preto<\/a> :<\/strong>\u00a0Cette panac\u00e9e est un v\u00e9ritable tonique capillaire ! Elle a des propri\u00e9t\u00e9s stimulantes incroyables sur le cuir chevelu. Utilis\u00e9e r\u00e9guli\u00e8rement, elle permet non seulement\u00a0 de stopper la chute des cheveux mais aussi de stimuler leur repousse.<\/p>\n<p><strong>Amande douce :<\/strong>\u00a0Tr\u00e8s riche en acides gras essentiels, elle nourrit et aide \u00e0 r\u00e9parer les pointes s\u00e8ches, ab\u00eem\u00e9es et fragiles. Utilis\u00e9e fr\u00e9quemment, elle renforce la chevelure en leur apportant brillance et souplesse.<\/p>\n<p><strong>Roquette :<\/strong>\u00a0Connue pour lutter contre la chute des cheveux et stimuler leur repousse, cette huile est id\u00e9ale pour fortifier les cheveux. Riche en acide \u00e9rucique, elle permet de maintenir l\u2019hydratation dans la fibre capillaire. Mais aussi de redonner vigueur, souplesse et de r\u00e9parer les cheveux fragiles et secs.<\/p>\n<h3><strong>Mais encore&#8230;<\/strong><\/h3>\n<p><strong>Huile de p\u00e9pin de figue de barbarie :<\/strong>\u00a0Stimulante, elle am\u00e9liore la circulation sanguine du cuir chevelu. Elle pr\u00e9vient ainsi la chute des cheveux tout en stimulant leur croissance. Elle donne, \u00e9galement, du volume aux cheveux fins. Et gr\u00e2ce \u00e0 ses vertus r\u00e9g\u00e9n\u00e9rantes, elle redonne de l&rsquo;\u00e9clat et de la brillance aux cheveux ternes et ab\u00eem\u00e9s. De plus, ses propri\u00e9t\u00e9s s\u00e9bor\u00e9gulatrices font d\u2019elle un alli\u00e9 id\u00e9al pour le soin des cuirs chevelus \u00e0 tendance grasse.<\/p>\n<p><strong>S\u00e9same :<\/strong> Elle hydrate, r\u00e9pare, fortifie et nourrit les cheveux. De plus elle active la micro-circulation sanguine et lutte contre la chute des cheveux<\/p>\n<p><strong>Huile d\u2019oignon :<\/strong>\u00a0Celle-ci aide \u00e0 lutter contre la casse et la chute des cheveux. En effet, elle les rends plus brillants et plus forts tout en acc\u00e9l\u00e9rant leur pousse.<\/p>\n<p><strong>Moutarde :<\/strong>\u00a0Stimulante et fortifiante, elle est largement connue pour ses bienfaits sur le cuir chevelu. Elle stimule la pousse des follicules pileux en favorisant la circulation sanguine.<\/p>\n<p><strong>Fenugrec :<\/strong>\u00a0Il gaine et nourrit la fibre capillaire, renforce le cheveu des racines jusqu&rsquo;aux pointes et apporte du volume.<\/p>\n<p><strong>Camomille :<\/strong>\u00a0La camomille est tr\u00e8s efficace pour pr\u00e9venir et \u00e9liminer les pellicules. D\u2019autre part, elle apaise le cuir chevelu irrit\u00e9, renforce et embellit les cheveux fins.<\/p>\n<p><strong>Huile de jujubier :<\/strong>\u00a0Excellent soin pour les cheveux, elle ralentit la chute des cheveux, r\u00e9pare les cheveux ab\u00eem\u00e9s et redonne du volume. Elle convient \u00e0 tout type de cheveux, m\u00eame les plus fragiles. De plus, elle embellit, gaine les cheveux et active la pousse. Riche en mucilages, astringente, elle est aussi utilis\u00e9e dans les soins des cuirs chevelus pour lutter contre la desquamation, les pellicules, les mycoses et les dermites.<\/p>\n<p><strong><a href=\"https:\/\/www.by-nature.ma\/produit\/safran-de-taliouine-100-pur\/\" rel=\"noopener\">Safran pur<\/a> :<\/strong>\u00a0Hydratante et antioxydante, cette huile fortifie la fibre capillaire de la racine aux pointes. Ainsi, les cheveux sont plus soyeux et plus brillants.<\/p>\n<h2><strong>Sur quel type de cheveux utiliser le s\u00e9rum repousse ?<\/strong><\/h2>\n<p>Vous pouvez l\u2019utiliser quel que soit votre type de cheveux. En effet, nous avons des retours de personnes avec des cheveux de type afro, fins ou encore fragiles.\u00a0<strong>L\u2019incroyable s\u00e9rum repousse agit sur toutes les natures de cheveux en r\u00e9g\u00e9n\u00e9rant et en renfor\u00e7ant le bulbe capillaire<\/strong>. De plus, il renforce la fibre capillaire en la nourrissant en profondeur et en maintenant son hydratation.<\/p>\n<p>Par exemple, les cheveux afro sont connus pour pousser moins vite et sont difficiles \u00e0 hydrater en profondeur. Mais avec cette<strong>\u00a0huile prodigieuse<\/strong>, ils gagneront quelques centim\u00e8tres rapidement et ils seront\u00a0<strong>nourris, plus hydrat\u00e9s et plus souples<\/strong>.<\/p>\n<p>Toutefois, les cheveux lisses, ondul\u00e9s ou boucl\u00e9s ont aussi leur lot de petits soucis\u2026 Effectivement, ils sont souvent fins, secs ou fragiles, manquent de vigueur et se cassent facilement. Notre\u00a0<strong>s\u00e9rum de croissance\u00a0\u00a0<\/strong>100% naturel sera un alli\u00e9 de taille car il\u00a0<strong>fortifie et densifie la fibre capillaire<\/strong>. Vous retrouverez une chevelure gain\u00e9e, souple et brillante.<\/p>\n<p>Pour finir, l\u2019action de ce<strong>\u00a0cuidados naturais<\/strong>\u00a0peut s\u2019av\u00e9rer extr\u00eamement efficace en tant que\u00a0<strong>rem\u00e8de naturel<\/strong>. Et ce, dans le\u00a0<strong>traitement de la pelade<\/strong>, ou certaines maladies du cuir chevelu telles que\u00a0<strong>le psoriasis et l&rsquo;ecz\u00e9ma<\/strong>. Mais aussi, comme cit\u00e9 pr\u00e9c\u00e9demment, pour\u00a0<strong>la calvitie, l\u2019alop\u00e9cie et la chute des cheveux<\/strong>.<\/p>\n<h3><strong>Conseils d\u2019utilisation\u00a0<\/strong><\/h3>\n<ul>\n<li>Appliquez le s\u00e9rum sur le cuir chevelu puis masser avec des mouvements circulaires pendant quelques minutes pour une p\u00e9n\u00e9tration en profondeur. Enfin, appliquez sur les longueurs.<\/li>\n<li>Laissez poser 1 \u00e0 2 heures minimum, puis lavez. Pour une efficacit\u00e9 optimale, laissez poser toute la nuit.<\/li>\n<li>N\u00e9anmoins, cette application doit se faire 2 \u00e0 3 fois par semaine maximum afin de ne pas asphyxier le cuir chevelu. Car \u00e7a risque de provoquer l\u2019inverse de l\u2019effet recherch\u00e9 !<\/li>\n<\/ul>","protected":false},"excerpt":{"rendered":"<p>L&rsquo;Incroyable S\u00e9rum Repousse.<\/p>\n<p>Stimule la Pousse. Active la Repousse. Stoppe la Chute. Nourrit et Fortifie. R\u00e9pare et \u00c9paissit. Rend les Cheveux Brillants et Soyeux.<\/p>\n<p>Bouteille de 50ml.<\/p>","protected":false},"featured_media":10373,"template":"","meta":[],"product_brand":[],"product_cat":[89,106],"product_tag":[],"class_list":{"0":"post-515","1":"product","2":"type-product","3":"status-publish","4":"has-post-thumbnail","6":"product_cat-cosmetiques","7":"product_cat-huiles-vegetales","9":"first","10":"instock","11":"shipping-taxable","12":"purchasable","13":"product-type-simple"},"_links":{"self":[{"href":"https:\/\/www.miel-store.com\/pt\/wp-json\/wp\/v2\/product\/515","targetHints":{"allow":["GET"]}}],"collection":[{"href":"https:\/\/www.miel-store.com\/pt\/wp-json\/wp\/v2\/product"}],"about":[{"href":"https:\/\/www.miel-store.com\/pt\/wp-json\/wp\/v2\/types\/product"}],"wp:featuredmedia":[{"embeddable":true,"href":"https:\/\/www.miel-store.com\/pt\/wp-json\/wp\/v2\/media\/10373"}],"wp:attachment":[{"href":"https:\/\/www.miel-store.com\/pt\/wp-json\/wp\/v2\/media?parent=515"}],"wp:term":[{"taxonomy":"product_brand","embeddable":true,"href":"https:\/\/www.miel-store.com\/pt\/wp-json\/wp\/v2\/product_brand?post=515"},{"taxonomy":"product_cat","embeddable":true,"href":"https:\/\/www.miel-store.com\/pt\/wp-json\/wp\/v2\/product_cat?post=515"},{"taxonomy":"product_tag","embeddable":true,"href":"https:\/\/www.miel-store.com\/pt\/wp-json\/wp\/v2\/product_tag?post=515"}],"curies":[{"name":"wp","href":"https:\/\/api.w.org\/{rel}","templated":true}]}}