{"id":513,"date":"2022-02-27T22:00:58","date_gmt":"2022-02-27T21:00:58","guid":{"rendered":"https:\/\/www.miel-store.com\/?post_type=product&#038;p=513"},"modified":"2026-02-06T10:03:05","modified_gmt":"2026-02-06T09:03:05","slug":"huile-de-pepin-de-figue-de-barbarie-bio-de-tunisie","status":"publish","type":"product","link":"https:\/\/www.miel-store.com\/pt\/p\/huile-de-pepin-de-figue-de-barbarie-bio-de-tunisie","title":{"rendered":"\u00d3leo de sementes de figueira-da-\u00edndia biol\u00f3gico da Tun\u00edsia"},"content":{"rendered":"<p>Le temps passe, et cela se voit quasiment in\u00e9vitablement sur le visage. D\u00e9but de rides,\u00a0<strong>peau qui se fragilise<\/strong>, t\u00e2ches\u2026 Voici des<strong>\u00a0signes de l&rsquo;\u00e2ge<\/strong>\u00a0qui ne trompent pas. Esp\u00e9rons n\u00e9anmoins que la sagesse nous gagne ! Mais en attendant, ceci n\u2019est pas une fatalit\u00e9. Votre boutique Miel Store vous propose ainsi<strong> l\u2019huile de p\u00e9pin de figue de barbarie bio <\/strong>!<\/p>\n<p>Vous ne la connaissez pas encore ? Dans ce cas, on vous en parle tout de suite.<\/p>\n<h2><strong>Pr\u00e9sentation de l\u2019huile de p\u00e9pin de figue de barbarie bio<\/strong><\/h2>\n<p>Tout d\u2019abord, il faut savoir que cette huile est issue d\u2019un cactus ! Tout comme\u00a0<a href=\"https:\/\/www.miel-store.com\/pt\/p\/mel-daghmous-de-marrocos\/\"><strong>le miel de Daghmous<\/strong><\/a>, d\u2019ailleurs, bien qu\u2019ils soient deux produits diff\u00e9rents.<\/p>\n<p>Il est possible de trouver ce cactus dans plusieurs pays du monde, et c\u2019est gr\u00e2ce \u00e0 une pression \u00e0 froid que l\u2019on obtient cette<strong>\u00a0huile bio !<\/strong><\/p>\n<p>Notre pr\u00e9cieux\u00a0<strong>elixir<\/strong>\u00a0nous vient tout droit de\u00a0<a href=\"https:\/\/www.diplomatie.gouv.fr\/fr\/conseils-aux-voyageurs\/conseils-par-pays-destination\/tunisie\/\" target=\"_blank\" rel=\"noopener\"><strong>Tunisie<\/strong><\/a>. Propos\u00e9e dans son flacon de 100Ml,\u00a0<strong>l\u2019huile de p\u00e9pins de figue de barbarie<\/strong>\u00a0se distingue de la simple<strong>\u00a0huile de figue de barbarie<\/strong>. En effet, cette derni\u00e8re \u00e9tant simplement un mac\u00e9r\u00e2t huileux. Par cons\u00e9quent, notre\u00a0<strong>cosm\u00e9tique rare\u00a0<\/strong>poss\u00e8de un nombre de propri\u00e9t\u00e9s largement sup\u00e9rieur !<\/p>\n<p>Mais il y a \u00e9galement une information \u00e0 conna\u00eetre \u00e0 son sujet :<strong>\u00a0elle est l\u2019huile v\u00e9g\u00e9tale la plus on\u00e9reuse du monde !\u00a0<\/strong>Sa raret\u00e9, la difficult\u00e9 \u00e0 extraire son huile ainsi que ses incroyables propri\u00e9t\u00e9s expliquent cela.<\/p>\n<h2><strong>Les bienfaits de l\u2019huile de p\u00e9pin de figue de barbarie\u00a0<\/strong><\/h2>\n<p>Cet \u00e9lixir naturel poss\u00e8de une multitude de vertus pour la peau et l\u2019\u00e9piderme ! Si vous souhaitez prendre soin de vous et faire attention \u00e0 votre apparence, laissez vous s\u00e9duire par cet or vert !<\/p>\n<ul>\n<li>Pour les\u00a0<strong>peaux s\u00e8ches<\/strong>, matures et mal hydrat\u00e9es, sa richesse en om\u00e9ga 6 est un r\u00e9el atout pour les peaux dites sensibles !<\/li>\n<\/ul>\n<ul>\n<li>Peut aider \u00e0 lutter<strong>\u00a0contre les cicatrices<\/strong>\u00a0et les vergetures ;<\/li>\n<\/ul>\n<ul>\n<li>Riche en st\u00e9rols et vitamine E, elle est consid\u00e9r\u00e9e comme un avantage pour la<strong>\u00a0lutte des signes de l&rsquo;\u00e2ge,<\/strong>\u00a0notamment les rides et imperfections ;<\/li>\n<\/ul>\n<ul>\n<li>Elle aide \u00e0 raffermir la peau et \u00e0 donner un meilleur teint !<\/li>\n<\/ul>\n<h2><strong>Les conseils d\u2019utilisation de l\u2019huile de p\u00e9pin de figue de barbarie bio<\/strong><\/h2>\n<p>Pour profiter amplement des bienfaits de cet \u00e9lixir, il faut tout d\u2019abord cibler la zone que vous voulez traiter. Ensuite, appliquez quelques gouttes de ce dernier. Aussi bien pour le contour de la bouche que pour les fameuses<strong>\u00a0pattes d\u2019oie<\/strong>\u00a0au niveau des yeux, il se r\u00e9v\u00e8le tr\u00e8s efficace.<\/p>\n<p>Il vous est \u00e9galement possible de l\u2019utiliser en\u00a0<strong>soin pour les mains.<\/strong>\u00a0Surtout pour ceux ou celles qui ont les mains qui se fragilisent durant les p\u00e9riodes hivernales.<\/p>\n<p>Ce tr\u00e9sor de la nature est un r\u00e9el plus pour les personnes qui ont des probl\u00e8mes de peau ou ceux qui cherchent \u00e0 att\u00e9nuer les signes de l\u2019\u00e2ge.<\/p>\n<p>En cas de contact avec les yeux, nous conseillons de rincer abondamment \u00e0 l\u2019eau froide.<\/p>\n<h3><strong>Votre sp\u00e9cialiste en produits bien-\u00eatre, c\u2019est aussi<\/strong><strong>\u2026<\/strong><\/h3>\n<p>Miel Store est toujours soucieux de vous proposer des\u00a0<strong>produtos naturais<\/strong>\u00a0qui sauront r\u00e9pondre \u00e0 vos besoins. Pour cela, d\u00e9couvrez nos diff\u00e9rents miels tels que le\u00a0<strong>mel de euf\u00f3rbia<\/strong>\u00a0ou o\u00a0<a href=\"https:\/\/www.miel-store.com\/pt\/p\/miel-de-jujubier-sidr-maliki-du-yemen\/\"><strong>miel de sidr Malaki du Y\u00e9men<\/strong><\/a>\u00a0 ! Des\u00a0<strong>produtos para colmeias<\/strong>\u00a0aux saveurs et aux bienfaits tr\u00e8s agr\u00e9ables.<\/p>\n<p>Laissez-vous s\u00e9duire par la multitude d\u2019articles disponibles sur notre site !<\/p>","protected":false},"excerpt":{"rendered":"<p>Huile de P\u00e9pin de Figue de Barbarie Bio de Tunisie.<\/p>\n<p>100% Pure et Naturelle.<\/p>\n<p>Bouteille de 10ml.<\/p>","protected":false},"featured_media":628,"template":"","meta":[],"product_brand":[],"product_cat":[89,106],"product_tag":[],"class_list":{"0":"post-513","1":"product","2":"type-product","3":"status-publish","4":"has-post-thumbnail","6":"product_cat-cosmetiques","7":"product_cat-huiles-vegetales","9":"first","10":"instock","11":"shipping-taxable","12":"purchasable","13":"product-type-simple"},"_links":{"self":[{"href":"https:\/\/www.miel-store.com\/pt\/wp-json\/wp\/v2\/product\/513","targetHints":{"allow":["GET"]}}],"collection":[{"href":"https:\/\/www.miel-store.com\/pt\/wp-json\/wp\/v2\/product"}],"about":[{"href":"https:\/\/www.miel-store.com\/pt\/wp-json\/wp\/v2\/types\/product"}],"wp:featuredmedia":[{"embeddable":true,"href":"https:\/\/www.miel-store.com\/pt\/wp-json\/wp\/v2\/media\/628"}],"wp:attachment":[{"href":"https:\/\/www.miel-store.com\/pt\/wp-json\/wp\/v2\/media?parent=513"}],"wp:term":[{"taxonomy":"product_brand","embeddable":true,"href":"https:\/\/www.miel-store.com\/pt\/wp-json\/wp\/v2\/product_brand?post=513"},{"taxonomy":"product_cat","embeddable":true,"href":"https:\/\/www.miel-store.com\/pt\/wp-json\/wp\/v2\/product_cat?post=513"},{"taxonomy":"product_tag","embeddable":true,"href":"https:\/\/www.miel-store.com\/pt\/wp-json\/wp\/v2\/product_tag?post=513"}],"curies":[{"name":"wp","href":"https:\/\/api.w.org\/{rel}","templated":true}]}}