{"id":512,"date":"2022-02-27T21:55:14","date_gmt":"2022-02-27T20:55:14","guid":{"rendered":"https:\/\/www.miel-store.com\/?post_type=product&#038;p=512"},"modified":"2026-04-17T18:44:59","modified_gmt":"2026-04-17T16:44:59","slug":"huile-de-coco-bio-extra-vierge","status":"publish","type":"product","link":"https:\/\/www.miel-store.com\/pt\/p\/huile-de-coco-bio-extra-vierge","title":{"rendered":"\u00d3leo de coco extra virgem biol\u00f3gico"},"content":{"rendered":"<p>L&rsquo;huile de coco est produite en Inde, en Indon\u00e9sie ou aux Philippines. C&rsquo;est une huile v\u00e9g\u00e9tale extraite de la noix de coco. Elle s\u2019utilise dans de nombreux domaines, comme la cuisine ou la cosm\u00e9tique. La noix de coco provient des cocotiers 100% naturelle, press\u00e9e \u00e0 froid et vierge. Cette huile miraculeuse est extraite de l&rsquo;albumen de la noix de coco, c&rsquo;est \u00e0 dire de la pulpe blanche qui se trouve \u00e0 l&rsquo;int\u00e9rieur.<\/p>\n<p>Appartenant \u00e0 la famille des palmaceae, la noix de coco produit une huile riche en nutriments essentiels et en bienfaits. Sa composition exceptionnelle est \u00e0 l\u2019origine de sa r\u00e9putation mondiale.<\/p>\n<p>\u00c9galement appel\u00e9e Beurre de Coco, cette huile est un produit exotique tr\u00e8s appr\u00e9ci\u00e9 pour ses propri\u00e9t\u00e9s protectrices, adoucissantes, nourrissante et tonifiante sur la peau. Exotique et \u00e0 l&rsquo;odeur, elle s&#8217;emploie aussi pour cr\u00e9er des soins capillaires pour donner brillance et vigueur aux cheveux. On l&rsquo;utilise \u00e9galement en cuisine !<br \/>\nRiche en vitamines, min\u00e9raux et acides gras satur\u00e9s, elle nourrit profond\u00e9ment l&rsquo;\u00e9piderme \u00a0de la peau et l&rsquo;hydrate intens\u00e9ment pour lui redonner \u00e9clat et vitalit\u00e9.<\/p>\n<h2><strong>Les bienfaits de l&rsquo;huile coco<\/strong><\/h2>\n<p>Naturelle et saine l&rsquo;huile de coco est un soin incroyable. Elle nourrit et hydrate la peau et les <a href=\"https:\/\/www.miel-store.com\/pt\/p\/champo-solido-de-cominhos-pretos\/\"><strong>cabelo<\/strong><\/a>.<\/p>\n<p>C&rsquo;est un alli\u00e9 de taille qui peut s\u2019utiliser aussi bien en cuisine qu\u2019\u00e0 des fins cosm\u00e9tiques.<\/p>\n<p>Riche en acides gras, elle aide \u00e0 pr\u00e9server un taux de cholest\u00e9rol bas.<\/p>\n<p>Permet de blanchir les dents en faisant des bains de bouches ou en l&rsquo;utilisant en tant que dentifrice.<\/p>\n<p>Lutter contre les bact\u00e9ries<\/p>\n<p>Utiliser en tant que d\u00e9maquillant et baume \u00e0 l\u00e8vres pour hydrater les l\u00e8vres.<\/p>\n<p>Permet d&rsquo;att\u00e9nuer les vergetures tout en assouplissant et nourrissant la peau.<br \/>\nEn soin apr\u00e8s-soleil, vous pourrez l&rsquo;utiliser afin d&rsquo;apaiser et calmer la sensation de chaleur.<\/p>\n<p>Vous l&rsquo;aurez compris, c&rsquo;est un soin de beaut\u00e9 multifonctions<\/p>\n<h2><strong>Les bienfaits de l&rsquo;huile de coco pour les b\u00e9b\u00e9s<\/strong><\/h2>\n<p>l&rsquo;huile de coco peut remplacer certains produits de soin moins naturels r\u00e9serv\u00e9s aux tout-petits.<\/p>\n<ul>\n<li>Pour nettoyer ses scelles et ainsi pr\u00e9venir des rougeurs<\/li>\n<li>Pour se d\u00e9barrasser des cro\u00fbtes de lait<\/li>\n<li>Masser b\u00e9b\u00e9<\/li>\n<li>Hydrater la peau en lui apportant douceur<\/li>\n<li>Traiter l&rsquo;ecz\u00e9ma ou la s\u00e9cheresse cutan\u00e9e<\/li>\n<\/ul>\n<h3><strong>Son utilisation<\/strong><\/h3>\n<p>Mode d&#8217;emploi : Elle \u00a0s&rsquo;applique sur les cheveux, le corps, le visage, les ongles, les mains et\u2026 la barbe !<br \/>\n&#8211; cheveux : appliquez de l&rsquo;huile sur cheveux secs et enroulez-les dans une serviette chaude. Laissez poser ce masque entre 30 minutes et une heure puis rincer abondamment<br \/>\n&#8211; corps et visage : sur une peau nettoy\u00e9e et s\u00e9ch\u00e9e, appliquez d\u00e9licatement l&rsquo;huile sur votre peau tout en massant d\u00e9licatement<\/p>\n<p>Le saviez-vous :<\/p>\n<p>Pour celles qui ont des cicatrices, de l&rsquo;ecz\u00e9ma ou du psoriasis, elle apaise et r\u00e9duit les probl\u00e8mes de peau.<\/p>\n<h3><strong>Pr\u00e9cautions d&#8217;emploi<\/strong><\/h3>\n<ul>\n<li>L&rsquo;huile de coco se solidifie au-dela de 20\u00b0C.<\/li>\n<li>Afin de l&rsquo;utiliser \u00e0 l&rsquo;\u00e9tat huileux.<\/li>\n<li>Ne pas utiliser sur des peaux grasses<\/li>\n<li>Tenir hors de la port\u00e9e des enfants<\/li>\n<li>Eviter le contact avec les yeux.<\/li>\n<\/ul>\n<p>Conserver \u00e0 l&rsquo;abri de la lumi\u00e8re au sec afin de conserver ses bienfaits.<\/p>","protected":false},"excerpt":{"rendered":"<p>Huile de Coco Bio Extra-Vierge.<\/p>\n<p>Pot de 100g.<\/p>","protected":false},"featured_media":708,"template":"","meta":[],"product_brand":[],"product_cat":[89,88,106],"product_tag":[],"class_list":{"0":"post-512","1":"product","2":"type-product","3":"status-publish","4":"has-post-thumbnail","6":"product_cat-cosmetiques","7":"product_cat-bien-etre","8":"product_cat-huiles-vegetales","10":"first","11":"instock","12":"shipping-taxable","13":"purchasable","14":"product-type-simple"},"_links":{"self":[{"href":"https:\/\/www.miel-store.com\/pt\/wp-json\/wp\/v2\/product\/512","targetHints":{"allow":["GET"]}}],"collection":[{"href":"https:\/\/www.miel-store.com\/pt\/wp-json\/wp\/v2\/product"}],"about":[{"href":"https:\/\/www.miel-store.com\/pt\/wp-json\/wp\/v2\/types\/product"}],"wp:featuredmedia":[{"embeddable":true,"href":"https:\/\/www.miel-store.com\/pt\/wp-json\/wp\/v2\/media\/708"}],"wp:attachment":[{"href":"https:\/\/www.miel-store.com\/pt\/wp-json\/wp\/v2\/media?parent=512"}],"wp:term":[{"taxonomy":"product_brand","embeddable":true,"href":"https:\/\/www.miel-store.com\/pt\/wp-json\/wp\/v2\/product_brand?post=512"},{"taxonomy":"product_cat","embeddable":true,"href":"https:\/\/www.miel-store.com\/pt\/wp-json\/wp\/v2\/product_cat?post=512"},{"taxonomy":"product_tag","embeddable":true,"href":"https:\/\/www.miel-store.com\/pt\/wp-json\/wp\/v2\/product_tag?post=512"}],"curies":[{"name":"wp","href":"https:\/\/api.w.org\/{rel}","templated":true}]}}