{"id":511,"date":"2022-02-27T21:52:27","date_gmt":"2022-02-27T20:52:27","guid":{"rendered":"https:\/\/www.miel-store.com\/?post_type=product&#038;p=511"},"modified":"2026-05-08T12:21:57","modified_gmt":"2026-05-08T10:21:57","slug":"huile-de-gingembre-bio-du-nigeria","status":"publish","type":"product","link":"https:\/\/www.miel-store.com\/pt\/p\/huile-de-gingembre-bio-du-nigeria","title":{"rendered":"\u00d3leo de gengibre biol\u00f3gico"},"content":{"rendered":"<p>L<strong>&lsquo;huile de Gingembre<\/strong>\u00a0est connue pour ses vertus\u00a0<strong>aphrodisiaque et tonique<\/strong>. Elle est aussi r\u00e9put\u00e9e pour calmer le mal des transports.<\/p>\n<p>\u00c9tant bio, elle peut aussi bien \u00eatre utilis\u00e9e en cosm\u00e9tique qu\u2019en cuisine. Mais plus encore, c\u2019est un excellent\u00a0<strong>rem\u00e8de naturel<\/strong>, qui vous aidera \u00e0 soulager plusieurs de vos maux.<\/p>\n<h2><strong>Le composant principal de l\u2019huile de gingembre\u2026\u00a0<\/strong><\/h2>\n<p>Vous ne serez s\u00fbrement pas surpris si nous vous disons que\u00a0<strong>le gingembre<\/strong>\u00a0est le composant principal de ce liquide huileux ?!<\/p>\n<p>La partie de la plante utilis\u00e9e en cuisine et en\u00a0<strong>m\u00e9decine traditionnelle<\/strong>\u00a0est appel\u00e9e le\u00a0<strong>rhizome<\/strong>. En effet, cette \u00e9pice est employ\u00e9e dans un grand nombre de plats asiatiques, et plus particuli\u00e8rement dans la cuisine indienne.<\/p>\n<p>Tout comme le curcuma, le gingembre fait partie de la famille des\u00a0<strong>zingib\u00e9rac\u00e9es<\/strong>. Tous deux sont, aujourd\u2019hui, consid\u00e9r\u00e9s comme de supers<strong>\u00a0aliments<\/strong>. Et ce, parce qu\u2019ils sont exceptionnellement\u00a0<strong>riches en nutriments et en antioxydants<\/strong>.<\/p>\n<h2><strong>Le gingembre, un aliment \u00e0 conna\u00eetre !<\/strong><\/h2>\n<p>La culture de cette plante se trouve principalement dans les zones tropicales comme en Inde, en Chine ou au N\u00e9pal. Il fut l&rsquo;une des premi\u00e8res\u00a0<strong>\u00e9pices orientales<\/strong>\u00a0\u00e0 entrer sur le territoire europ\u00e9en. Amen\u00e9 par des marchands arabes, il fut introduit en France puis en Angleterre.<\/p>\n<p>De nos jours, on cultive le gingembre dans toutes les r\u00e9gions chaudes du globe. En fonction de l\u2019environnement, du climat ainsi que des m\u00e9thodes de culture, la qualit\u00e9 des rhizomes varient. En effet, d&rsquo;un pays \u00e0 l&rsquo;autre, sa composition est diff\u00e9rente.<\/p>\n<p>Le gingembre est riche en min\u00e9raux tels que le mangan\u00e8se, le phosphore, le magn\u00e9sium, le calcium, le sodium et le fer.<\/p>\n<p>Mais aussi en vitamines du type B3, B1 et B2 et lorsqu\u2019il est cru, il contient \u00e9galement de la vitamine C.<\/p>\n<h2><strong>Les propri\u00e9t\u00e9s de l\u2019huile de gingembre<\/strong><\/h2>\n<ul>\n<li>Tonique g\u00e9n\u00e9ral : En effet, il\u00a0<strong>stimule la sexualit\u00e9<\/strong>\u00a0(aphrodisiaque), le syst\u00e8me nerveux ainsi que le syst\u00e8me digestif.<\/li>\n<li>Stomachique : Il lutte contre les affections de la bouche<\/li>\n<li>Laxatif l\u00e9ger, tout comme<strong>\u00a0<a href=\"https:\/\/www.miel-store.com\/pt\/p\/huile-daloe-vera-bio-du-maroc\/\">\u00f3leo de alo\u00e9 vera<\/a>\u00a0<\/strong><\/li>\n<li>Carminatif : Il aide aussi \u00e0 l\u2019expulsion des gazs intestinaux<\/li>\n<li>Antalgique : Calme la douleur<\/li>\n<li>Anti-inflammatoire : Diminue l\u2019inflammation<\/li>\n<li>Antitussif (peut \u00eatre associ\u00e9 au\u00a0<a href=\"https:\/\/www.miel-store.com\/pt\/p\/mel-de-tomilho-marroquino\/\"><strong>miel de thym<\/strong><\/a>)<\/li>\n<li>Antispasmodique :\u00a0<strong>Relaxant musculaire<\/strong><\/li>\n<\/ul>\n<h2><strong>Dans quels cas utiliser l\u2019huile de gingembre ?<\/strong><\/h2>\n<ul>\n<li>Le gingembre est un<strong>\u00a0tonique<\/strong>, il est efficace contre la fatigue physique et mentale (Stress, baisse de moral, anxi\u00e9t\u00e9\u2026).<\/li>\n<li>C\u2019est aussi un\u00a0<strong>afrodis\u00edaco<\/strong>\u00a0reconnu, en effet, il est conseill\u00e9 en cas de fatigue sexuelle, d\u2019impuissance ou de frigidit\u00e9.<\/li>\n<li>En outre, il aide \u00e0 la digestion,\u00a0<strong>calme les flatulences et la constipation<\/strong>.<\/li>\n<li>Este\u00a0<strong>super aliment<\/strong>\u00a0est aussi efficace contre les rhumatismes.<\/li>\n<li>Il peut \u00e9galement \u00eatre utilis\u00e9 pour les abc\u00e8s dentaires et autres probl\u00e8mes buccaux.<\/li>\n<li>Et enfin, il est tr\u00e8s efficace\u00a0<strong>contre les naus\u00e9es de la grossesse ou le mal des transports<\/strong>.<\/li>\n<\/ul>\n<p>D\u2019autres huiles aux bienfaits multiples sont disponibles sur Miel Store. Parmi elles,<strong> <a href=\"https:\/\/www.miel-store.com\/pt\/p\/habachia-oleo-de-cominhos-pretos-100ml\/\">l\u2019huile de nigelle<\/a>, d\u2019argan, de coco, d\u2019ail<\/strong>\u2026<\/p>\n<h3><strong>Huile de gingembre : conseils d\u2019utilisation\u00a0<\/strong><\/h3>\n<p>Usage externe (en massage) :<\/p>\n<ul>\n<li>Fatigue g\u00e9n\u00e9rale : Plexus solaire, nuque et colonne vert\u00e9brale<\/li>\n<li>Fatigue sexuelle : Bas du dos, bas du ventre et colonne vert\u00e9brale<\/li>\n<li>Digestion difficile : Abdomen<\/li>\n<li>Probl\u00e8mes respiratoires : Thorax<\/li>\n<li>Articulations douloureuses : Zones concern\u00e9es<\/li>\n<\/ul>\n<p>Usage interne :<\/p>\n<p>Este\u00a0<strong>macerado oleoso<\/strong>\u00a0peut s\u2019utiliser en interne pour les probl\u00e8mes intestinaux, les naus\u00e9es, mais aussi, pour rebooster la libido.<\/p>\n<p>En aucun cas, ces infos peuvent se substituer \u00e0 un traitement m\u00e9dical. Demandez l\u2019avis d\u2019un professionnel de la sant\u00e9.<\/p>","protected":false},"excerpt":{"rendered":"<p>Huile de Gingembre Bio.<\/p>\n<p>Qualidade cosm\u00e9tica e alimentar. 100% Puro e Natural.<\/p>\n<p>Frasco de 100ml.<\/p>","protected":false},"featured_media":8304,"template":"","meta":[],"product_brand":[],"product_cat":[88,89,106],"product_tag":[],"class_list":{"0":"post-511","1":"product","2":"type-product","3":"status-publish","4":"has-post-thumbnail","6":"product_cat-bien-etre","7":"product_cat-cosmetiques","8":"product_cat-huiles-vegetales","10":"first","11":"outofstock","12":"shipping-taxable","13":"purchasable","14":"product-type-simple"},"_links":{"self":[{"href":"https:\/\/www.miel-store.com\/pt\/wp-json\/wp\/v2\/product\/511","targetHints":{"allow":["GET"]}}],"collection":[{"href":"https:\/\/www.miel-store.com\/pt\/wp-json\/wp\/v2\/product"}],"about":[{"href":"https:\/\/www.miel-store.com\/pt\/wp-json\/wp\/v2\/types\/product"}],"wp:featuredmedia":[{"embeddable":true,"href":"https:\/\/www.miel-store.com\/pt\/wp-json\/wp\/v2\/media\/8304"}],"wp:attachment":[{"href":"https:\/\/www.miel-store.com\/pt\/wp-json\/wp\/v2\/media?parent=511"}],"wp:term":[{"taxonomy":"product_brand","embeddable":true,"href":"https:\/\/www.miel-store.com\/pt\/wp-json\/wp\/v2\/product_brand?post=511"},{"taxonomy":"product_cat","embeddable":true,"href":"https:\/\/www.miel-store.com\/pt\/wp-json\/wp\/v2\/product_cat?post=511"},{"taxonomy":"product_tag","embeddable":true,"href":"https:\/\/www.miel-store.com\/pt\/wp-json\/wp\/v2\/product_tag?post=511"}],"curies":[{"name":"wp","href":"https:\/\/api.w.org\/{rel}","templated":true}]}}