{"id":509,"date":"2022-02-27T21:48:24","date_gmt":"2022-02-27T20:48:24","guid":{"rendered":"https:\/\/www.miel-store.com\/?post_type=product&#038;p=509"},"modified":"2026-05-03T16:21:00","modified_gmt":"2026-05-03T14:21:00","slug":"oleo-biologico-dail-do-quenia","status":"publish","type":"product","link":"https:\/\/www.miel-store.com\/pt\/p\/huile-dail-bio-du-kenya","title":{"rendered":"\u00d3leo de alho queniano biol\u00f3gico"},"content":{"rendered":"<p><strong>Perda de cabelo<\/strong>,\u00a0<strong>calv\u00edcie incipiente...<\/strong>\u00a0eis alguns dos problemas capilares que podem tornar a vida dif\u00edcil! Hoje em dia, cuidar da sua apar\u00eancia \u00e9 sin\u00f3nimo de auto-confian\u00e7a, mas \u00e9 tamb\u00e9m um verdadeiro prazer! E o seu\u00a0<strong>produtos naturais<\/strong>\u00a0est\u00e1 consciente de que o cabelo desempenha um papel importante na apar\u00eancia f\u00edsica. \u00c9 por isso que a\u2019<strong>\u00f3leo de alho biol\u00f3gico<\/strong>\u00a0est\u00e1 hoje no centro das aten\u00e7\u00f5es!<\/p>\n<h2><strong>\u00d3leo de alho biol\u00f3gico: at\u00e9 o Dr\u00e1cula o adora!\u00a0<\/strong><\/h2>\n<p>O alho \u00e9 geralmente considerado como um condimento. Muito apreciado no campo gastron\u00f3mico, descobriu-se tamb\u00e9m que tem muitas qualidades na cosm\u00e9tica! De facto, quando transformado em estado l\u00edquido, \u00e9 um verdadeiro elixir.\u00a0<strong>capilar<\/strong>\u00a0e dermatol\u00f3gicos.<\/p>\n<p>De facto, pode ser comparado ao nosso excelente\u00a0<a href=\"https:\/\/www.miel-store.com\/pt\/p\/huile-de-gingembre-bio-du-nigeria\/\"><strong>\u00f3leo de gengibre biol\u00f3gico<\/strong><\/a>, E de qualidade cosm\u00e9tica e alimentar tamb\u00e9m!<\/p>\n<p>Como \u00e9 que obtemos o nosso \u00f3leo de alho queniano biol\u00f3gico?<\/p>\n<p>Este l\u00edquido \u00e9 obtido por macera\u00e7\u00e3o das vagens numa solu\u00e7\u00e3o de \u00e1gua.\u00a0<strong>\u00f3leo vegetal natural\u00a0<\/strong>! Uma vez obtido este macerado oleoso, chama-se\u2019<strong>\u00f3leo de alho biol\u00f3gico<\/strong>\u00a0!<\/p>\n<p>A sua loja de bem-estar gostaria de destacar este produto com os seus in\u00fameros benef\u00edcios. De facto, pode encontr\u00e1-lo no seu frasco transparente, revelando um elixir de\u00a0<strong>100 Ml<\/strong>\u00a0pronto para vos sublimar!<\/p>\n<h2><strong>O \u00f3leo de alho biol\u00f3gico e os seus benef\u00edcios!\u00a0<\/strong><\/h2>\n<p>Este<strong>\u00a0macerado oleoso<\/strong>\u00a0tem uma infinidade de benef\u00edcios para a vida quotidiana. Embora seja por vezes subestimado, j\u00e1 provou muitas vezes o seu valor. Pode ter um odor forte e duradouro, mas \u00e9 uma mais-valia para quem o utiliza!<\/p>\n<ul>\n<li>Este \u00f3leo \u00e9 conhecido por prevenir certos tipos de cancro; ;<\/li>\n<li>Muito bom para a flora intestinal, pode ajudar o sistema digestivo e assim favorecer a perda de peso!<\/li>\n<li>Extremamente nutritivo para o cabelo, \u00e9 tamb\u00e9m conhecido por ajudar\u00a0<strong>contra a calv\u00edcie<\/strong>\u00a0e o\u00a0<strong>queda de cabelo.\u00a0<\/strong>Tal como\u00a0<strong>\u00f3leo de r\u00edcino; ;\u00a0<\/strong><\/li>\n<li>Pode tamb\u00e9m ser um trunfo na luta contra as doen\u00e7as cardiovasculares; ;<\/li>\n<li>Ben\u00e9fico para\u00a0<strong>unhas fortes.<\/strong><\/li>\n<\/ul>\n<p>\u00c9 isso mesmo: este elixir natural tem muitas virtudes que podem ajudar muitos de n\u00f3s! Quando \u00e9 que vai dar o mergulho? Deixe-se seduzir por este tesouro natural e desfrute dos seus benef\u00edcios!<\/p>\n<h2><strong>Qual a melhor forma de utilizar o \u00f3leo de alho biol\u00f3gico?<\/strong><\/h2>\n<p>Antes de mais, \u00e9 necess\u00e1rio avaliar as suas necessidades! Tomemos o exemplo de um<strong>\u00a0calv\u00edcie precoce<\/strong>\u00a0que deseja remediar. Para isso, pode aproveitar os benef\u00edcios do macerado como m\u00e1scara ou como\u00a0<strong>soro capilar<\/strong>.<\/p>\n<p>Al\u00e9m disso, tamb\u00e9m pode mistur\u00e1-lo com outros\u00a0<strong>\u00f3leos vegetais.\u00a0<\/strong>E para aumentar as suas hip\u00f3teses!<\/p>\n<p>Aconselhamo-lo a repetir o seu tratamento v\u00e1rias vezes por semana durante v\u00e1rios meses. Para que possa ver os resultados mais rapidamente.<\/p>\n<h3><strong>A sua boutique de bem-estar tamb\u00e9m apresenta...<\/strong><\/h3>\n<p>A Miel Store quer sempre oferecer-lhe produtos que lhe sejam \u00fateis! \u00c9 por isso que gostar\u00edamos que descobrisse a nossa<strong>\u00a0m\u00e9is naturais 100%<\/strong>\u00a0!<\/p>\n<p>Os seus sabores e aromas v\u00e3o conquist\u00e1-lo mais depressa do que pensa!\u00a0<a href=\"https:\/\/www.miel-store.com\/pt\/p\/miel-de-rhododendron-de-france\/\"><strong>Mel de rododendro<\/strong><\/a>\u00a0ou\u00a0<strong>mel de t\u00edlia<\/strong>, A produ\u00e7\u00e3o francesa est\u00e1 no centro das aten\u00e7\u00f5es! \u00c9 tempo de cuidar do seu bem-estar!<\/p>","protected":false},"excerpt":{"rendered":"<p>\u00d3leo de alho biol\u00f3gico do Qu\u00e9nia.<\/p>\n<p>Qualidade cosm\u00e9tica e alimentar. 100% Puro e Natural.<\/p>\n<p>Frasco de 60ml.<\/p>","protected":false},"featured_media":3352,"template":"","meta":[],"product_brand":[],"product_cat":[89,88,106],"product_tag":[],"class_list":{"0":"post-509","1":"product","2":"type-product","3":"status-publish","4":"has-post-thumbnail","6":"product_cat-cosmetiques","7":"product_cat-bien-etre","8":"product_cat-huiles-vegetales","10":"first","11":"outofstock","12":"shipping-taxable","13":"purchasable","14":"product-type-simple"},"_links":{"self":[{"href":"https:\/\/www.miel-store.com\/pt\/wp-json\/wp\/v2\/product\/509","targetHints":{"allow":["GET"]}}],"collection":[{"href":"https:\/\/www.miel-store.com\/pt\/wp-json\/wp\/v2\/product"}],"about":[{"href":"https:\/\/www.miel-store.com\/pt\/wp-json\/wp\/v2\/types\/product"}],"wp:featuredmedia":[{"embeddable":true,"href":"https:\/\/www.miel-store.com\/pt\/wp-json\/wp\/v2\/media\/3352"}],"wp:attachment":[{"href":"https:\/\/www.miel-store.com\/pt\/wp-json\/wp\/v2\/media?parent=509"}],"wp:term":[{"taxonomy":"product_brand","embeddable":true,"href":"https:\/\/www.miel-store.com\/pt\/wp-json\/wp\/v2\/product_brand?post=509"},{"taxonomy":"product_cat","embeddable":true,"href":"https:\/\/www.miel-store.com\/pt\/wp-json\/wp\/v2\/product_cat?post=509"},{"taxonomy":"product_tag","embeddable":true,"href":"https:\/\/www.miel-store.com\/pt\/wp-json\/wp\/v2\/product_tag?post=509"}],"curies":[{"name":"wp","href":"https:\/\/api.w.org\/{rel}","templated":true}]}}