{"id":508,"date":"2022-02-27T21:45:23","date_gmt":"2022-02-27T20:45:23","guid":{"rendered":"https:\/\/www.miel-store.com\/?post_type=product&#038;p=508"},"modified":"2026-01-06T20:16:57","modified_gmt":"2026-01-06T19:16:57","slug":"huile-daloe-vera-bio-du-maroc","status":"publish","type":"product","link":"https:\/\/www.miel-store.com\/pt\/p\/huile-daloe-vera-bio-du-maroc","title":{"rendered":"Huile d&rsquo;Aloe Vera Bio du Maroc"},"content":{"rendered":"<p>Envie de changer radicalement vos habitudes beaut\u00e9 ? Miel Store vous propose d\u2019y aller en douceur avec son\u00a0<strong>huile d\u2019aloe vera bio du Maroc<\/strong>. Certainement aussi douce qu\u2019un \u00e9t\u00e9 sur une plage d\u2019Agadir\u2026 Il faut dire que ce\u00a0<strong>cosm\u00e9ticos naturais<\/strong>\u00a0est un alli\u00e9 certain pour les chevelures en p\u00e9rils, mais \u00e9galement pour la peau.<\/p>\n<p>D\u00e9couvrons-en davantage au sujet de cette\u00a0<strong>plante<\/strong>\u00a0vraiment pas comme les autres\u2026<\/p>\n<h2><strong>L\u2019huile d\u2019aloe vera : fra\u00eecheur et esth\u00e9tisme au rendez-vous\u00a0<\/strong><\/h2>\n<p>Este\u00a0<strong>huile marocaine bio<\/strong>\u00a0est un v\u00e9ritable concentr\u00e9 de vertus. Pr\u00e9sent\u00e9 dans sa bouteille de 100Ml, cet\u00a0<strong>elixir<\/strong>\u00a0de\u00a0<strong>qualit\u00e9 alimentaire et cosm\u00e9tique\u00a0<\/strong>ne demande qu\u2019\u00e0 vous servir !<\/p>\n<p><strong>100% pure et naturelle<\/strong>, notre huile provient d\u2019une plante utilis\u00e9e depuis l\u2019Antiquit\u00e9 pour ses multiples propri\u00e9t\u00e9s. Aussi bien en cosm\u00e9tologie qu\u2019en phytoth\u00e9rapie.<\/p>\n<p>Cette pulpe \u00e9paisse et transparente est un<strong>\u00a0macerado oleoso<\/strong>, obtenu apr\u00e8s mac\u00e9ration du gel d\u2019aloe vera dans une huile de tournesol de qualit\u00e9.<\/p>\n<p>N\u2019h\u00e9sitez plus et d\u00e9couvrez la\u00a0<strong>plante du bien-\u00eatre\u00a0<\/strong>par excellence !<\/p>\n<h2><strong>D\u00e9couvrez les nombreux bienfaits de l\u2019huile d\u2019aloe vera bio\u00a0<\/strong><\/h2>\n<p>Este<strong>\u00a0huile bio du Maroc<\/strong>\u00a0a d\u00e9cid\u00e9ment un bon nombre de propri\u00e9t\u00e9s utiles au quotidien :<\/p>\n<ul>\n<li>C\u2019est une plante r\u00e9put\u00e9e pour son action nourrissante et adoucissante pour la peau ;<\/li>\n<li>De plus, elle aide \u00e0 prot\u00e9ger contre les rayons UV ;<\/li>\n<li>Apaise la peau apr\u00e8s un coup de soleil mais \u00e9galement contre le feu du rasoir ;<\/li>\n<li>Ses propri\u00e9t\u00e9s s\u00e9bor\u00e9gulatrices aident \u00e0 traiter les pellicules et \u00e0 \u00e9viter l\u2019effet \u00ab\u00a0cheveux gras\u00a0\u00bb ;<\/li>\n<li>Vertus anti-inflammatoires ;<\/li>\n<li>Tal como\u00a0<a href=\"https:\/\/www.miel-store.com\/pt\/p\/huile-de-pepin-de-figue-de-barbarie-bio-de-tunisie\/\"><strong>l\u2019huile de p\u00e9pins de figue de barbarie<\/strong><\/a>, c\u2019est un anti-\u00e2ge naturel ;<\/li>\n<li>Apporte douceur, brillance et vitalit\u00e9 aux cheveux ternes et secs ;<\/li>\n<li>Elle est \u00e9galement efficace contre l\u2019acn\u00e9, le psoriasis, l\u2019ecz\u00e9ma et les d\u00e9mangeaisons, \u00e0 l\u2019instar de\u00a0<a href=\"https:\/\/www.miel-store.com\/pt\/p\/habachia-oleo-de-cominhos-pretos-100ml\/\"><strong>l\u2019huile de nigelle<\/strong><\/a>\u00a0;<\/li>\n<li>Facile le lissage et le coiffage des cheveux, mais permet \u00e9galement de redessiner ses boucles et ondulations.<\/li>\n<\/ul>\n<h2><strong>La plante des cheveux ab\u00eem\u00e9s et des peaux s\u00e8ches : conseils d\u2019utilisation\u00a0<\/strong><\/h2>\n<p><strong>Pour une chevelure rayonnante\u00a0<\/strong><\/p>\n<p>Il est possible d\u2019utiliser ce cosm\u00e9tique capillaire dans un\u00a0<strong>masque cheveux ultra-nourrissant et booster de pousse<\/strong>. Voici quelques conseils :<\/p>\n<ol>\n<li>M\u00e9langer votre\u00a0<strong>elixir<\/strong>\u00a0avec quelques gouttes de\u00a0<strong>ricin ;<\/strong><\/li>\n<li>Appliquer ensuite ce masque au niveau des racines, puis des longueurs et des pointes. Il est conseill\u00e9 de masser du bout des doigts pour favoriser la micro-circulation sanguine ;<\/li>\n<li>Laisser poser au minimum 3h pour un r\u00e9sultat satisfaisant, au maximum toute une nuit ;<\/li>\n<li>Rincer puis laver la chevelure avec le\u00a0<strong>shampooing nigelle solide.\u00a0<\/strong><\/li>\n<\/ol>\n<p>Astuce : pour utiliser l\u2019aloe des Barbades en tant que fixateur cheveux, pr\u00e9f\u00e9rez notre\u00a0<strong>gel d\u2019aloe vera<\/strong>\u00a0! Un pot de 100g rempli d\u2019amour et de bienfaits.<\/p>\n<p><strong>Les peaux s\u00e8ches et matures lui disent merci !\u00a0<\/strong><\/p>\n<p>Associ\u00e9e \u00e0 de\u00a0<strong>l\u2019argan<\/strong>, vous obtiendrez un redoutable s\u00e9rum anti-\u00e2ge ! Mais ce n\u2019est pas tout. De fait, en fonction de votre besoin, vous pouvez la m\u00e9langer \u00e0 de nombreuses\u00a0<strong>\u00f3leos vegetais.\u00a0<\/strong><\/p>\n<h3><strong>Pr\u00e9cautions et conservation\u00a0<\/strong><\/h3>\n<p>De mani\u00e8re g\u00e9n\u00e9rale, la consommation d\u2019aloe vera doit faire l\u2019objet d\u2019une grande prudence. Veillez, par cons\u00e9quent, \u00e0 en parler avec votre m\u00e9decin au pr\u00e9alable.<\/p>\n<p>De plus, le gel et le latex sont contre-indiqu\u00e9s aux femmes enceintes, allaitantes, enfants et personnes fragiles.<\/p>\n<p>Il est conseill\u00e9 de garder votre flacon \u00e0 l\u2019abri du soleil et de la chaleur, car c\u2019est un liquide tr\u00e8s sensible \u00e0 l\u2019oxydation. Par ailleurs, pour un effet encore plus rafra\u00eechissant, une conservation au r\u00e9frig\u00e9rateur est de mise !<\/p>","protected":false},"excerpt":{"rendered":"<p><span data-sheets-value=\"{&quot;1&quot;:2,&quot;2&quot;:&quot;Huile d'Aloe Vera Bio du Maroc&quot;}\" data-sheets-userformat=\"{&quot;2&quot;:14915,&quot;3&quot;:{&quot;1&quot;:0},&quot;4&quot;:{&quot;1&quot;:2,&quot;2&quot;:2105636},&quot;9&quot;:0,&quot;12&quot;:0,&quot;14&quot;:{&quot;1&quot;:2,&quot;2&quot;:15264493},&quot;15&quot;:&quot;Arial&quot;,&quot;16&quot;:8}\">Huile d&rsquo;Aloe Vera Bio du Maroc<\/span>.<\/p>\n<p>Qualidade cosm\u00e9tica e alimentar. 100% Puro e Natural.<\/p>\n<p>Frasco de 60ml.<\/p>","protected":false},"featured_media":3351,"template":"","meta":[],"product_brand":[],"product_cat":[89,88,106],"product_tag":[],"class_list":{"0":"post-508","1":"product","2":"type-product","3":"status-publish","4":"has-post-thumbnail","6":"product_cat-cosmetiques","7":"product_cat-bien-etre","8":"product_cat-huiles-vegetales","10":"first","11":"instock","12":"shipping-taxable","13":"purchasable","14":"product-type-simple"},"_links":{"self":[{"href":"https:\/\/www.miel-store.com\/pt\/wp-json\/wp\/v2\/product\/508","targetHints":{"allow":["GET"]}}],"collection":[{"href":"https:\/\/www.miel-store.com\/pt\/wp-json\/wp\/v2\/product"}],"about":[{"href":"https:\/\/www.miel-store.com\/pt\/wp-json\/wp\/v2\/types\/product"}],"wp:featuredmedia":[{"embeddable":true,"href":"https:\/\/www.miel-store.com\/pt\/wp-json\/wp\/v2\/media\/3351"}],"wp:attachment":[{"href":"https:\/\/www.miel-store.com\/pt\/wp-json\/wp\/v2\/media?parent=508"}],"wp:term":[{"taxonomy":"product_brand","embeddable":true,"href":"https:\/\/www.miel-store.com\/pt\/wp-json\/wp\/v2\/product_brand?post=508"},{"taxonomy":"product_cat","embeddable":true,"href":"https:\/\/www.miel-store.com\/pt\/wp-json\/wp\/v2\/product_cat?post=508"},{"taxonomy":"product_tag","embeddable":true,"href":"https:\/\/www.miel-store.com\/pt\/wp-json\/wp\/v2\/product_tag?post=508"}],"curies":[{"name":"wp","href":"https:\/\/api.w.org\/{rel}","templated":true}]}}