{"id":507,"date":"2022-02-27T21:27:38","date_gmt":"2022-02-27T20:27:38","guid":{"rendered":"https:\/\/www.miel-store.com\/?post_type=product&#038;p=507"},"modified":"2026-04-17T07:48:24","modified_gmt":"2026-04-17T05:48:24","slug":"huile-de-ricin-bio-inde","status":"publish","type":"product","link":"https:\/\/www.miel-store.com\/pt\/p\/huile-de-ricin-bio-inde","title":{"rendered":"Huile de Ricin Bio d&rsquo;Inde"},"content":{"rendered":"<p>L\u2019<strong>huile de ricin bio Inde<\/strong>\u00a0est connue pour fortifier les cheveux, les ongles et pour allonger les cils. De m\u00eame, elle est id\u00e9ale pour r\u00e9parer et nourrir les cheveux secs, ab\u00eem\u00e9s et cassants, en plus de favoriser la pousse.<\/p>\n<p>En outre, cette<strong>\u00a0huile v\u00e9g\u00e9tale<\/strong>\u00a0\u00e0 d\u2019incroyables vertus th\u00e9rapeutiques ! Elle est utilis\u00e9e pour soulager bien des maux. Elle fera partie int\u00e9grante de votre panoplie de soins et cosm\u00e9tiques naturels tout en trouvant sa place dans votre pharmacie naturelle.<\/p>\n<h2><strong>\u00c0 la d\u00e9couverte de l\u2019huile de ricin bio Inde\u00a0<\/strong><\/h2>\n<p>Il est int\u00e9ressant de savoir que l\u2019<strong>huile de ricin bio Inde<\/strong>\u00a0est la principale source de revenu de nombreux villages indiens. En effet, apr\u00e8s le tremblement de terre de 2001, il a fallu trouver une source de revenus durable. Naquit alors ce beau projet de cultiver le ricin afin d\u2019en r\u00e9colter les graines pour en faire une<strong>\u00a0huile 100 % bio<\/strong>.<\/p>\n<p>Le\u00a0<strong>ricin<\/strong>, de son nom latin \u201c<strong>ricinus communis\u201d<\/strong>\u00a0est un arbrisseau d&rsquo;origine tropicale de la famille des Euphorbiac\u00e9es. Souvent utilis\u00e9 comme\u00a0<strong>plante ornementale<\/strong>, il est dot\u00e9 de grandes feuilles vertes dont les tiges et les nervures sont rouge\u00e2tres. Quant \u00e0 ses fleurs, elles sont blanches ou ros\u00e9es et sont regroup\u00e9es au sommet de leur branche.<\/p>\n<p>\u00c0 premi\u00e8re vue, les fruits de cet arbuste peuvent faire penser au litchi de par sa couleur et son apparence. En effet, le fruit est rouge voir brun et il est muni de longues pointes. En ce qui concerne la graine, elle est extr\u00eamement toxique si elle est consomm\u00e9e telle quelle ! Et ce, car elle contient de la<strong>\u00a0ricine<\/strong>, un poison puissant !<\/p>\n<p>Bien que la graine et la racine de ricin soient toxiques, cette toxicit\u00e9 dispara\u00eet lors du processus de transformation. L\u2019<strong>huile de ricin bio Inde<\/strong>, n\u2019est absolument pas dangereuse et\u00a0<strong>ne contient ni ricine, ni albumine<\/strong>\u00a0(allerg\u00e8ne contenu dans la racine). Toutefois, son usage en interne est tr\u00e8s controvers\u00e9 et m\u00eame interdit en France.<\/p>\n<h2><strong>L\u2019huile de ricin bio inde en toute transparence !<\/strong><\/h2>\n<p>Este\u00a0<strong>huile v\u00e9g\u00e9tale<\/strong>\u00a0est tr\u00e8s grasse, on peut m\u00eame dire qu\u2019elle est assez visqueuse. Aussi, elle est souvent incolore ou l\u00e9g\u00e8rement jaun\u00e2tre. Tr\u00e8s peu odorante, elle peut \u00eatre utilis\u00e9e brute ou en synergie avec d\u2019autres huiles plus s\u00e8ches ou huiles essentielles. Elle est id\u00e9ale, \u00e9galement, pour la fabrication de cosm\u00e9tiques ou rem\u00e8des naturels.<\/p>\n<p>O nosso\u00a0<strong>elixir<\/strong>\u00a0est tr\u00e8s largement connu sous l&rsquo;appellation\u00a0<strong>\u00ab\u00a0huile de castor\u201d<\/strong>\u00a0ou\u00a0<strong>\u201ccastor oil\u201d<\/strong>. Et pour cause, il a longtemps remplac\u00e9 le castor\u00e9um, qui \u00e9tait utilis\u00e9 comme combustible pour alimenter les lampes \u00e0 huile. Cette substance animale est s\u00e9cr\u00e9t\u00e9e par des glandes sp\u00e9cifiques du castor, tandis que l\u2019huile de ricin, elle, est\u00a0<strong>100 % v\u00e9g\u00e9tale<\/strong>.<\/p>\n<p>Cette derni\u00e8re est obtenue par<strong>\u00a0pression \u00e0 froid<\/strong>\u00a0puis filtr\u00e9e pour la d\u00e9barrasser de la ricine. Elle est facilement reconnaissable par son \u00e9paisseur et sa viscosit\u00e9. Gr\u00e2ce \u00e0 sa texture dense, elle est id\u00e9ale pour la fabrication de\u00a0<strong>cosm\u00e9ticos naturais<\/strong>. Notamment pour la fabrication de mascara, rouge \u00e0 l\u00e8vre, crayon kh\u00f4l, baume \u00e0 l\u00e8vre etc)<\/p>\n<p>Plus encore, ce fabuleux\u00a0<strong>oing<\/strong>\u00a0est aussi utilis\u00e9 en tant que\u00a0<strong>rem\u00e8de naturel<\/strong>. En effet, ses vertus en application locale ne sont plus \u00e0 prouver ! En outre, il regorge de propri\u00e9t\u00e9s qui \u00e9taient bien connues il y a de nombreux si\u00e8cles ! Tr\u00e8s sollicit\u00e9 en naturopathie et m\u00e9decine naturelle, nous allons vous vanter ses nombreux m\u00e9rites\u2026<\/p>\n<h2><strong>Les propri\u00e9t\u00e9s de l\u2019huile de ricin en cosm\u00e9tique<\/strong><\/h2>\n<ul>\n<li>R\u00e9paratrice et adoucissante, de fait, l\u2019huile de ricin bio inde est conseill\u00e9e pour le\u00a0<strong>soin des peaux d\u00e9licates et r\u00e9actives<\/strong>.<\/li>\n<li>De m\u00eame, elle est id\u00e9ale pour\u00a0<strong>renforcer cheveux, cils et ongles<\/strong>. Elle contribue \u00e0 leur pousse et \u00e0 les embellir gr\u00e2ce \u00e0 son action nourrissante.<\/li>\n<li>De plus, elle est r\u00e9put\u00e9e pour son\u00a0<strong>action sur les t\u00e2ches brunes<\/strong>, que ce soit celles du visage ou des mains. Mais elle est aussi efficace pour\u00a0<strong>estomper le masque de grossesse<\/strong>.<\/li>\n<li>Gr\u00e2ce \u00e0 l&rsquo;acide ricinol\u00e9ique qui la compose, elle est purifiante et peut s\u2019av\u00e9rer tr\u00e8s\u00a0<strong>efficace contre l\u2019acn\u00e9<\/strong>. De m\u00eame, pour aider \u00e0\u00a0<strong>cicatriser\u00a0<\/strong>les petites plaies ou les coups de soleil.<\/li>\n<li>En outre, sa viscosit\u00e9 tr\u00e8s dense fait d\u2019elle un ingr\u00e9dient appr\u00e9ci\u00e9 dans la\u00a0<strong>fabrication de cosm\u00e9tiques naturels<\/strong>. Et ce, car elle facilite la dispersion des pigments et donne un effet brillant.<\/li>\n<li>Aussi tr\u00e8s appr\u00e9ci\u00e9 dans la\u00a0<strong>fabrication de savons<\/strong>\u00a0avec la m\u00e9thode de saponification \u00e0 froid. Effectivement, elle donne une mousse abondante et onctueuse.<\/li>\n<\/ul>\n<h2><strong>Les propri\u00e9t\u00e9s de l\u2019huile de ricin en m\u00e9decine naturelle<\/strong><\/h2>\n<ul>\n<li>Dans un premier temps, elle\u00a0<strong>stimule la circulation sanguine et lymphatique<\/strong>. De ce fait, elle facilite l\u2019\u00e9limination des toxines qui se cumulent dans l\u2019organisme en les dirigeant vers ses \u00e9monctoires (reins, poumons, peau et intestins)<\/li>\n<li>En plus d\u2019\u00eatre\u00a0<strong>d\u00e9toxifiante<\/strong>, elle est\u00a0<strong>anti-inflammatoire<\/strong>\u00a0et soulage de ce fait les douleurs articulaires. Mais pas seulement, car elle peut s&rsquo;av\u00e9rer tr\u00e8s efficace pour traiter les otites, les cystites et autres infections.<\/li>\n<li>Par ailleurs, elle\u00a0<strong>booste le syst\u00e8me immunitaire<\/strong>\u00a0et renforce donc l\u2019organisme contre les bact\u00e9ries, virus&#8230;<\/li>\n<li>Avec une utilisation r\u00e9guli\u00e8re,\u00a0<strong>elle vient \u00e0 bout des verrues, acrochordons et cors<\/strong>. Elle peut \u00eatre utilis\u00e9e seule ou en association avec du bicarbonate de soude.<\/li>\n<li>C\u2019est aussi une bonne alternative naturelle pour d\u00e9coller les mucosit\u00e9s au niveau des poumons par exemple. C\u2019est donc un\u00a0<strong>bon rem\u00e8de naturel<\/strong>\u00a0pour aider \u00e0 soigner angine, bronchite, rhume, etc.<\/li>\n<li><strong>Purgatif tr\u00e8s puissant<\/strong>, son utilisation en interne est assez controvers\u00e9e. Des pr\u00e9cautions et mesures sp\u00e9ciales doivent \u00eatre observ\u00e9es.<\/li>\n<\/ul>\n<h2><strong>Comment utiliser l\u2019huile de ricin bio Inde ?<\/strong><\/h2>\n<h3><strong>Cheveux, cils, sourcils et ongles<\/strong><strong>\u00a0<\/strong><\/h3>\n<p>Vous pouvez appliquer l<strong>\u2019huile de ricin bio Inde<\/strong>\u00a0en masque capillaire pour aider \u00e0 la pousse. Au m\u00eame titre que l\u2019<strong><a href=\"https:\/\/www.miel-store.com\/pt\/p\/lincroyable-serum-repousse\/\">incroyable s\u00e9rum repousse<\/a>\u00a0<\/strong>afin de vous assurer un r\u00e9sultat optimum. Impr\u00e9gnez bien votre cuir chevelu ainsi que les longueurs et les pointes. Ensuite, enrouler une serviette chaude pour faciliter l\u2019action. Laisser poser 30 min minimum.<\/p>\n<p>Pour les cils et les sourcils, vous trouverez dans notre boutique Miel Store le\u00a0<strong>mascara \u00e0 l\u2019huile de ricin bio<\/strong>. Puis, il suffit de l\u2019appliquer le soir, avant le coucher de pr\u00e9f\u00e9rence. Par ailleurs, pour le soin des ongles fragiles et cassants, il suffit de masser le bout de vos doigts.<\/p>\n<h3><strong>Peau et probl\u00e8mes cutan\u00e9s<\/strong><\/h3>\n<p>Comme le<strong>\u00a0mel<\/strong>, cette huile est id\u00e9ale pour traiter l\u2019acn\u00e9, les irritations, les coups de soleil, les bleus, les piq\u00fbres d\u2019insectes&#8230; Il suffit d&rsquo;appliquer un peu d\u2019huile du bout des doigts, tout en massant l\u00e9g\u00e8rement la zone concern\u00e9e. Proc\u00e9dez de la m\u00eame fa\u00e7on pour les autres affections de la peau telles que l&rsquo;ecz\u00e9ma, le psoriasis, etc.<\/p>\n<p>En outre, vous pouvez l\u2019utiliser pour vous d\u00e9maquiller, car elle est purifiante et d\u00e9barrassera votre peau de toutes les impuret\u00e9s. Au m\u00eame titre que l\u2019<a href=\"https:\/\/www.miel-store.com\/pt\/p\/huile-de-pepin-de-figue-de-barbarie-bio\/\"><strong>huile de p\u00e9pins de figue de barbarie<\/strong><\/a>, elle est id\u00e9ale pour les peaux matures. En effet, elle stimule la production de collag\u00e8ne et comble les ridules.<\/p>\n<h3><strong>Rem\u00e8de naturel<\/strong><\/h3>\n<p>Appliquez l\u2019huile en cataplasme sur les zones douloureuses ou \u00e0 d\u00e9toxifier. Pour ce faire, il faut mettre un morceau de tissu en coton assez \u00e9pais dans un plat et y verser de l\u2019huile. Une fois le tissu bien impr\u00e9gn\u00e9, posez sur l\u2019endroit concern\u00e9 et ajoutez une bouillotte chaude au-dessus.<\/p>\n<p>En cas d\u2019otite, appliquez 1 \u00e0 2 gouttes dans l\u2019oreille. La chauffer l\u00e9g\u00e8rement au pr\u00e9alable, afin de la fluidifier et de faciliter son \u00e9coulement dans le conduit auditif. L\u2019<strong>\u00f3leo de cominho preto<\/strong>\u00a0est aussi tr\u00e8s efficace pour ce genre d\u2019affection.<\/p>","protected":false},"excerpt":{"rendered":"<p>Huile de Ricin Bio d&rsquo;Inde.<\/p>\n<p>Qualit\u00e9 Cosm\u00e9tique. 100% Pure et Naturelle.<\/p>\n<p>Frasco de 60ml.<\/p>","protected":false},"featured_media":3349,"template":"","meta":[],"product_brand":[],"product_cat":[89,106,130],"product_tag":[],"class_list":{"0":"post-507","1":"product","2":"type-product","3":"status-publish","4":"has-post-thumbnail","6":"product_cat-cosmetiques","7":"product_cat-huiles-vegetales","8":"product_cat-produits-medecine-ayurvedique","10":"first","11":"instock","12":"shipping-taxable","13":"purchasable","14":"product-type-simple"},"_links":{"self":[{"href":"https:\/\/www.miel-store.com\/pt\/wp-json\/wp\/v2\/product\/507","targetHints":{"allow":["GET"]}}],"collection":[{"href":"https:\/\/www.miel-store.com\/pt\/wp-json\/wp\/v2\/product"}],"about":[{"href":"https:\/\/www.miel-store.com\/pt\/wp-json\/wp\/v2\/types\/product"}],"wp:featuredmedia":[{"embeddable":true,"href":"https:\/\/www.miel-store.com\/pt\/wp-json\/wp\/v2\/media\/3349"}],"wp:attachment":[{"href":"https:\/\/www.miel-store.com\/pt\/wp-json\/wp\/v2\/media?parent=507"}],"wp:term":[{"taxonomy":"product_brand","embeddable":true,"href":"https:\/\/www.miel-store.com\/pt\/wp-json\/wp\/v2\/product_brand?post=507"},{"taxonomy":"product_cat","embeddable":true,"href":"https:\/\/www.miel-store.com\/pt\/wp-json\/wp\/v2\/product_cat?post=507"},{"taxonomy":"product_tag","embeddable":true,"href":"https:\/\/www.miel-store.com\/pt\/wp-json\/wp\/v2\/product_tag?post=507"}],"curies":[{"name":"wp","href":"https:\/\/api.w.org\/{rel}","templated":true}]}}