{"id":503,"date":"2022-02-27T21:04:08","date_gmt":"2022-02-27T20:04:08","guid":{"rendered":"https:\/\/www.miel-store.com\/?post_type=product&#038;p=503"},"modified":"2026-05-06T12:57:54","modified_gmt":"2026-05-06T10:57:54","slug":"huile-de-nigelle-dethiopie-habachia","status":"publish","type":"product","link":"https:\/\/www.miel-store.com\/pt\/p\/huile-de-nigelle-dethiopie-habachia","title":{"rendered":"\u00d3leo de cominhos pretos da Eti\u00f3pia (Habachia)"},"content":{"rendered":"","protected":false},"excerpt":{"rendered":"<p><strong><span style=\"color: #d0121a;\">(Notre huile de nigelle est press\u00e9e \u00e0 froid. Conservation dans des bouteilles en verre Anti-UV afin de garder la qualit\u00e9 de celle-ci. Huile analys\u00e9e en laboratoire fran\u00e7ais)<\/span><\/strong><\/p>","protected":false},"featured_media":599,"template":"","meta":[],"product_brand":[],"product_cat":[87,106],"product_tag":[],"class_list":{"0":"post-503","1":"product","2":"type-product","3":"status-publish","4":"has-post-thumbnail","6":"product_cat-nigelle","7":"product_cat-huiles-vegetales","9":"first","10":"outofstock","11":"featured","12":"shipping-taxable","13":"purchasable","14":"product-type-variable","15":"has-default-attributes"},"_links":{"self":[{"href":"https:\/\/www.miel-store.com\/pt\/wp-json\/wp\/v2\/product\/503","targetHints":{"allow":["GET"]}}],"collection":[{"href":"https:\/\/www.miel-store.com\/pt\/wp-json\/wp\/v2\/product"}],"about":[{"href":"https:\/\/www.miel-store.com\/pt\/wp-json\/wp\/v2\/types\/product"}],"wp:featuredmedia":[{"embeddable":true,"href":"https:\/\/www.miel-store.com\/pt\/wp-json\/wp\/v2\/media\/599"}],"wp:attachment":[{"href":"https:\/\/www.miel-store.com\/pt\/wp-json\/wp\/v2\/media?parent=503"}],"wp:term":[{"taxonomy":"product_brand","embeddable":true,"href":"https:\/\/www.miel-store.com\/pt\/wp-json\/wp\/v2\/product_brand?post=503"},{"taxonomy":"product_cat","embeddable":true,"href":"https:\/\/www.miel-store.com\/pt\/wp-json\/wp\/v2\/product_cat?post=503"},{"taxonomy":"product_tag","embeddable":true,"href":"https:\/\/www.miel-store.com\/pt\/wp-json\/wp\/v2\/product_tag?post=503"}],"curies":[{"name":"wp","href":"https:\/\/api.w.org\/{rel}","templated":true}]}}