{"id":492,"date":"2022-02-27T19:34:08","date_gmt":"2022-02-27T18:34:08","guid":{"rendered":"https:\/\/www.miel-store.com\/?post_type=product&#038;p=492"},"modified":"2026-05-09T15:18:08","modified_gmt":"2026-05-09T13:18:08","slug":"mel-de-cominhos-pretos-habba-sawda-degypte","status":"publish","type":"product","link":"https:\/\/www.miel-store.com\/pt\/p\/miel-de-nigelle-habba-sawda-degypte","title":{"rendered":"Mel de cominhos pretos do Egito (Habba Sawda)"},"content":{"rendered":"<p>Se \u00e9 f\u00e3 de produtos da colmeia, aqui est\u00e1 um produto que vai certamente adorar...\u00a0<strong>Mel de cominhos pretos<\/strong>, ou<strong>\u00a0\u00abhabba sawda\u00bb\u00a0<\/strong>!<\/p>\n<p>A Nigella \u00e9 conhecida h\u00e1 s\u00e9culos pelas suas qualidades e propriedades medicinais excepcionais. De facto, \u00e9 mesmo citada nos hadiths como sendo de grande import\u00e2ncia para ajudar a combater doen\u00e7as de todos os tipos.\u00a0<strong>Origin\u00e1rio do Egito<\/strong>\u00a0e\u00a0<strong>100 % natural<\/strong>, este n\u00e9ctar, com as suas in\u00fameras virtudes, far\u00e1 as del\u00edcias do seu paladar!<\/p>\n<h2><strong>Origem e qualidades do mel de cominhos pretos Habba Sawda\u00a0<\/strong><\/h2>\n<p>Equipado com um\u00a0<strong>aroma \u00fanico<\/strong>\u00a0<strong>e agradavelmente perfumado<\/strong>\u00a0com uma textura suave, este mel monofloral de qualidade \u00e9 fabricado a partir do p\u00f3len das belas flores de cominho preto. Pode agora apreciar o trabalho dos\u00a0<strong>Abelhas do Egito<\/strong>\u00a0para produzir este\u00a0<strong>n\u00e9ctar com m\u00faltiplos benef\u00edcios<\/strong>.<\/p>\n<p>E delicie-se com isto\u00a0<strong>tesouro da colmeia<\/strong>\u00a0um must-have para os seus arm\u00e1rios!<\/p>\n<p>O nosso produto prov\u00e9m de uma elevada\u00a0<strong>montanhas do Egito<\/strong>, A famosa planta nigella (Sativa) encontra-se neste ambiente. Esta planta herb\u00e1cea pode crescer at\u00e9 60 cm de altura.<\/p>\n<p>Tem uma flor que pode variar de um bonito branco a um azul. \u00c9 uma flor muito apreciada pelas abelhas, que v\u00eam colher as suas flores.\u00a0<strong>p\u00f3len<\/strong>\u00a0a fim de lhe oferecer um produto de qualidade.<\/p>\n<p>Esta planta cont\u00e9m virtudes que s\u00e3o conhecidas desde h\u00e1 s\u00e9culos. De facto, foi mesmo encontrada sob a forma de \u00f3leo no t\u00famulo do famoso fara\u00f3.\u00a0<strong>Tutankhamon<\/strong>.<\/p>\n<p>Utilizado desde a antiguidade, o cominho preto \u00e9 tamb\u00e9m conhecido como nigella.\u00a0<strong>semente aben\u00e7oada<\/strong>\u00a0ou\u00a0<a href=\"https:\/\/www.miel-store.com\/pt\/p\/sementes-de-cominhos-pretos-da-etiopia-habachiya\/\"><strong>semente preta<\/strong><\/a>\u00a0ou mesmo Habba Sawda. Ela \u00e9 uma\u00a0<strong>um rem\u00e9dio eficaz para muitas doen\u00e7as<\/strong>. Quer seja utilizado sob a forma de\u2019<strong>\u00f3leo<\/strong>, de\u00a0<strong>semente<\/strong>, de\u00a0<strong>p\u00f3<\/strong>\u00a0ou pelo seu p\u00f3len. Assim, partilha muitos dos mesmos benef\u00edcios que o nosso produto colmeia.<\/p>\n<p>O nosso mel Haba Saouda est\u00e1 repleto de virtudes. \u00c9 consumido por via oral e utilizado em\u00a0<strong>cuidados de beleza para a pele<\/strong>.<\/p>\n<h2><strong>Benef\u00edcios do mel Habba Sawda<\/strong><\/h2>\n<p>Como todos os tesouros da colmeia, o mel de Haba Saouda cont\u00e9m muitas qualidades nutricionais que fazem dele um produto de grande reputa\u00e7\u00e3o. De facto, cont\u00e9m muitas\u00a0<strong>vitaminas<\/strong>,\u00a0<strong>flavon\u00f3ides<\/strong>\u00a0e\u00a0<strong>antioxidantes\u00a0<\/strong>para ajudar a manter um corpo saud\u00e1vel.<\/p>\n<h3><strong>Estes benef\u00edcios incluem o mel de Haba Saouda:<\/strong><\/h3>\n<ul>\n<li>Refor\u00e7a o sistema imunit\u00e1rio.<\/li>\n<li>Um verdadeiro antibi\u00f3tico natural com propriedades antibacterianas e anti-inflamat\u00f3rias.<\/li>\n<li>Tem um papel antioxidante que ajuda a prevenir muitas doen\u00e7as.<\/li>\n<li>Ajuda a combater problemas respirat\u00f3rios como a asma.<\/li>\n<li>Ajuda a regular os problemas digestivos.<\/li>\n<li>Ajuda a combater os problemas urin\u00e1rios e renais.<\/li>\n<li>Ajuda a combater a diabetes.<\/li>\n<li>Um \u00f3timo energizante que tamb\u00e9m ajuda a combater a impot\u00eancia sexual.<\/li>\n<li>Tem propriedades cicatrizantes e hidratantes.<\/li>\n<\/ul>\n<h2><strong>Como tirar o m\u00e1ximo partido do seu mel de cominhos pretos?<\/strong><\/h2>\n<p>Desfrute-o sempre que quiser, quer seja \u00e0 colher de ch\u00e1 para tirar partido do seu sabor agrad\u00e1vel, delicadamente perfumado com cominhos pretos. Ou simplesmente para acompanhar as suas sandes ou pastelaria, por exemplo.<\/p>\n<p>Tamb\u00e9m pode adicionar algumas colheres ao seu iogurte natural para o ado\u00e7ar deliciosamente. \u00c9 tamb\u00e9m perfeito para adicionar a pratos doces e salgados. Ou simplesmente consumi-la regularmente para usufruir dos seus benef\u00edcios. Quer seja como\u00a0<strong>preven\u00e7\u00e3o<\/strong>\u00a0ou em\u00a0<strong>cura natural<\/strong>.<\/p>\n<p>E se \u00e9 uma daquelas pessoas que temem a chegada do inverno\u00a0<strong>ondas de frio<\/strong>, Temos uma receita para si! Vai dar um grande impulso ao seu sistema imunit\u00e1rio. Vai tamb\u00e9m ajudar a combater as dores de garganta do inverno, para que possa recuperar o mais rapidamente poss\u00edvel!<\/p>\n<h3><strong>Receita para dores de garganta tempor\u00e1rias (e\/ou de inverno):<\/strong><\/h3>\n<ul>\n<li>Esprema duas laranjas, adicione o sumo de meio lim\u00e3o e deite o conte\u00fado num copo alto. De seguida, adicione o equivalente a uma colher de ch\u00e1 de \u00f3leo de cominhos pretos e meia colher de ch\u00e1 de gengibre em p\u00f3. Por fim, adicione uma ou duas colheres de sopa de mel de Haba Saouda. Misture tudo e beba esta rica prepara\u00e7\u00e3o.<\/li>\n<\/ul>\n<p>Esta receita contribuir\u00e1 para a sua recupera\u00e7\u00e3o e, de uma forma mais geral, ajud\u00e1-lo-\u00e1 a\u00a0<strong>refor\u00e7ar o seu sistema imunit\u00e1rio,<\/strong>\u00a0especialmente durante a esta\u00e7\u00e3o fria.<\/p>\n<p>O mel de Haba Saouda deve ser consumido no \u00e2mbito de uma alimenta\u00e7\u00e3o saud\u00e1vel e equilibrada. Para tirar o m\u00e1ximo partido de todas as suas propriedades.<\/p>\n<p>O mel de Haba Saouda tamb\u00e9m pode ser utilizado como produto de cuidado da pele. Estes\u00a0<strong>propriedades hidratantes\u00a0<\/strong>e\u00a0<strong>cura<\/strong>\u00a0vai restaurar a luminosidade da sua pele. Por isso, n\u00e3o hesite em mimar-se com uma pequena m\u00e1scara de mel de vez em quando!<\/p>\n<h2><strong>Conserva\u00e7\u00e3o do mel de cominhos pretos Haba Saouda<\/strong><\/h2>\n<p>\u00c9 sabido que o mel \u00e9 um desses\u00a0<a href=\"https:\/\/trucmania.ouest-france.fr\/14-aliments-qui-ne-periment-jamais\/\" target=\"_blank\" rel=\"noopener\"><strong>alimentos que n\u00e3o t\u00eam prazo de validade<\/strong><\/a>. No entanto, para beneficiar de todas as suas virtudes, deve ser armazenado com cuidado. Para isso, \u00e9 aconselh\u00e1vel guard\u00e1-lo longe de todas as fontes diretas de calor e humidade.<\/p>\n<p>Para evitar a cristaliza\u00e7\u00e3o, \u00e9 prefer\u00edvel conserv\u00e1-lo \u00e0 temperatura ambiente. Por isso, evite coloc\u00e1-lo no frigor\u00edfico ou perto de uma fonte de calor.<\/p>\n<p>No entanto, se o seu mel Haba Saouda cristalizar (endurecer), o que \u00e9 um processo natural, recomendamos que o coloque em banho-maria a uma temperatura moderadamente quente. Se quiser utiliz\u00e1-lo facilmente, aconselhamos que o coloque em banho-maria a uma temperatura moderadamente quente. Esta n\u00e3o deve ultrapassar os 40 graus, para que n\u00e3o perca as suas propriedades.<\/p>\n<h3><strong>Ver os nossos outros produtos!<\/strong><\/h3>\n<p>A nossa loja online oferece-lhe produtos de qualidade, com uma grande variedade de escolhas. Algo para todos os gostos e para o ajudar a descobrir novos produtos.\u00a0<strong>m\u00e9is dos 4 cantos do mundo<\/strong>\u00a0com sabores ricos e variados. Os amantes dos produtos da colmeia encontrar\u00e3o certamente algo do seu agrado.<\/p>\n<p>Para os mais novos e para os mais velhos, o mel \u00e9 um prazer que n\u00e3o deve ser negligenciado! Ofere\u00e7a-se e n\u00e3o hesite em visitar regularmente a nossa loja online para descobrir os nossos outros produtos excepcionais.<\/p>\n<p>As informa\u00e7\u00f5es acima referidas s\u00e3o fornecidas a t\u00edtulo meramente informativo. O mel de Haba Saouda tem, sem d\u00favida, muitos benef\u00edcios para a sa\u00fade. No entanto, o seu consumo n\u00e3o substitui o tratamento efectuado por um especialista. O seu especialista poder\u00e1 aconselh\u00e1-lo sobre a sua situa\u00e7\u00e3o espec\u00edfica e prescrever-lhe o tratamento adequado.<\/p>","protected":false},"excerpt":{"rendered":"<p>Mel de cominhos pretos (Habba Sawda) do Egito.<\/p>\n<p>Dispon\u00edvel em frascos de 250g e 500g.<\/p>","protected":false},"featured_media":563,"template":"","meta":[],"product_brand":[],"product_cat":[87,77],"product_tag":[],"class_list":{"0":"post-492","1":"product","2":"type-product","3":"status-publish","4":"has-post-thumbnail","6":"product_cat-nigelle","7":"product_cat-miel-du-monde","9":"first","10":"instock","11":"featured","12":"shipping-taxable","13":"purchasable","14":"product-type-variable","15":"has-default-attributes"},"_links":{"self":[{"href":"https:\/\/www.miel-store.com\/pt\/wp-json\/wp\/v2\/product\/492","targetHints":{"allow":["GET"]}}],"collection":[{"href":"https:\/\/www.miel-store.com\/pt\/wp-json\/wp\/v2\/product"}],"about":[{"href":"https:\/\/www.miel-store.com\/pt\/wp-json\/wp\/v2\/types\/product"}],"wp:featuredmedia":[{"embeddable":true,"href":"https:\/\/www.miel-store.com\/pt\/wp-json\/wp\/v2\/media\/563"}],"wp:attachment":[{"href":"https:\/\/www.miel-store.com\/pt\/wp-json\/wp\/v2\/media?parent=492"}],"wp:term":[{"taxonomy":"product_brand","embeddable":true,"href":"https:\/\/www.miel-store.com\/pt\/wp-json\/wp\/v2\/product_brand?post=492"},{"taxonomy":"product_cat","embeddable":true,"href":"https:\/\/www.miel-store.com\/pt\/wp-json\/wp\/v2\/product_cat?post=492"},{"taxonomy":"product_tag","embeddable":true,"href":"https:\/\/www.miel-store.com\/pt\/wp-json\/wp\/v2\/product_tag?post=492"}],"curies":[{"name":"wp","href":"https:\/\/api.w.org\/{rel}","templated":true}]}}