{"id":4913,"date":"2023-11-25T12:27:03","date_gmt":"2023-11-25T11:27:03","guid":{"rendered":"https:\/\/www.miel-store.com\/?post_type=product&#038;p=4913"},"modified":"2026-04-11T17:49:15","modified_gmt":"2026-04-11T15:49:15","slug":"miel-recuperation-et-sommeil","status":"publish","type":"product","link":"https:\/\/www.miel-store.com\/pt\/p\/miel-recuperation-et-sommeil","title":{"rendered":"Mel recupera\u00e7\u00e3o e sono 250g - Tr\u00e9sors du Golfe"},"content":{"rendered":"<p>Le sommeil est essentiel pour une bonne sant\u00e9 et une r\u00e9cup\u00e9ration optimale. La pr\u00e9paration \u00e0 base de\u00a0<strong>miel pour la r\u00e9cup\u00e9ration<\/strong>\u00a0et le sommeil est une solution naturelle pour favoriser un repos r\u00e9parateur et apaiser le corps et l&rsquo;esprit. Elle combine les bienfaits du miel avec des ingr\u00e9dients soigneusement s\u00e9lectionn\u00e9s, tous reconnus pour leurs propri\u00e9t\u00e9s apaisantes et r\u00e9confortantes.<\/p>\n<h2><strong>Relaxez-vous avec le miel r\u00e9cup\u00e9ration et sommeil<\/strong><\/h2>\n<p>Si vous aussi vous avez besoin de vous relaxer physiquement et mentalement, vous \u00eates probablement au bon endroit. En effet votre boutique bien-\u00eatre souhaite vous partager une pr\u00e9paration qui pourrait bien vous s\u00e9duire. Cette derni\u00e8re \u00e0 base de miel est sp\u00e9cialement con\u00e7ue pour vous aider \u00e0 vous d\u00e9tendre apr\u00e8s une journ\u00e9e bien remplie.<\/p>\n<p>Le miel, certes connu pour ses<strong>\u00a0propri\u00e9t\u00e9s apaisantes<\/strong>, associ\u00e9 \u00e0 la passiflore et au millepertuis, favorise la relaxation et aide \u00e0 calmer le syst\u00e8me nerveux, vous permettant ainsi de vous d\u00e9tendre pleinement\u2026<\/p>\n<h2><strong>Les bienfaits de ce miel pour la r\u00e9cup\u00e9ration et le sommeil<\/strong><\/h2>\n<p>Pour celles et ceux qui ne le savaient pas, le miel est une source naturelle de glucides. Cette source favorise la lib\u00e9ration de s\u00e9rotonine, une substance chimique qui favorise la d\u00e9tente et le sommeil. De plus, associ\u00e9e \u00e0 la nigelle, reconnue pour ses nombreuses propri\u00e9t\u00e9s, cette pr\u00e9paration offre un soutien naturel pour favoriser un<strong>\u00a0sommeil r\u00e9parateur<\/strong>\u00a0et une r\u00e9cup\u00e9ration optimale.<\/p>\n<p>Par ailleurs, si \u00e0 contrario vous souhaitez\u00a0<strong>renforcer votre syst\u00e8me immunitaire<\/strong>, faites la rencontre de notre\u00a0<a href=\"https:\/\/www.miel-store.com\/pt\/p\/mel-fortificante\/\"><strong>mel fortificante<\/strong><\/a>\u00a0! Une composition tout aussi naturelle, qui fascine par sa saveur mais \u00e9galement pour ses bienfaits.<\/p>\n<h3><strong>Quelques conseils pour profiter de ce tr\u00e9sor naturel<\/strong><\/h3>\n<p>Pour profiter au maximum des avantages de cette pr\u00e9paration, il est recommand\u00e9 de l&rsquo;associer \u00e0 une\u00a0<strong>tisane de camomille<\/strong>. La combinaison de ces deux \u00e9l\u00e9ments naturels peut se r\u00e9v\u00e9ler tr\u00e8s efficace pour favoriser un sommeil paisible et une r\u00e9cup\u00e9ration optimale.<\/p>\n<p>Prenez une cuill\u00e8re \u00e0 caf\u00e9 de cette pr\u00e9paration avant de dormir pour un effet relaxant maximal.<\/p>\n<p>En conclusion, ce miel pour le sommeil est une option naturelle et douce pour favoriser un repos r\u00e9parateur et apaiser l&rsquo;esprit. En associant les bienfaits du miel avec des ingr\u00e9dients apaisants, cette pr\u00e9paration offre une\u00a0<strong>meilleure qualit\u00e9 de sommeil<\/strong>.<\/p>","protected":false},"excerpt":{"rendered":"<p><strong>Ingredientes:<\/strong><\/p>\n<ul>\n<li>Mel<\/li>\n<li>Citron bio<\/li>\n<li>Nigella<\/li>\n<li>Flor de maracuj\u00e1<\/li>\n<li>Millepertuis<\/li>\n<li>Spiruline<\/li>\n<\/ul>\n<p>&nbsp;<\/p>","protected":false},"featured_media":4908,"template":"","meta":[],"product_brand":[],"product_cat":[77],"product_tag":[],"class_list":{"0":"post-4913","1":"product","2":"type-product","3":"status-publish","4":"has-post-thumbnail","6":"product_cat-miel-du-monde","8":"first","9":"instock","10":"shipping-taxable","11":"purchasable","12":"product-type-simple"},"_links":{"self":[{"href":"https:\/\/www.miel-store.com\/pt\/wp-json\/wp\/v2\/product\/4913","targetHints":{"allow":["GET"]}}],"collection":[{"href":"https:\/\/www.miel-store.com\/pt\/wp-json\/wp\/v2\/product"}],"about":[{"href":"https:\/\/www.miel-store.com\/pt\/wp-json\/wp\/v2\/types\/product"}],"wp:featuredmedia":[{"embeddable":true,"href":"https:\/\/www.miel-store.com\/pt\/wp-json\/wp\/v2\/media\/4908"}],"wp:attachment":[{"href":"https:\/\/www.miel-store.com\/pt\/wp-json\/wp\/v2\/media?parent=4913"}],"wp:term":[{"taxonomy":"product_brand","embeddable":true,"href":"https:\/\/www.miel-store.com\/pt\/wp-json\/wp\/v2\/product_brand?post=4913"},{"taxonomy":"product_cat","embeddable":true,"href":"https:\/\/www.miel-store.com\/pt\/wp-json\/wp\/v2\/product_cat?post=4913"},{"taxonomy":"product_tag","embeddable":true,"href":"https:\/\/www.miel-store.com\/pt\/wp-json\/wp\/v2\/product_tag?post=4913"}],"curies":[{"name":"wp","href":"https:\/\/api.w.org\/{rel}","templated":true}]}}