{"id":4911,"date":"2023-11-25T12:14:19","date_gmt":"2023-11-25T11:14:19","guid":{"rendered":"https:\/\/www.miel-store.com\/?post_type=product&#038;p=4911"},"modified":"2026-03-09T07:38:13","modified_gmt":"2026-03-09T06:38:13","slug":"miel-coup-de-froid","status":"publish","type":"product","link":"https:\/\/www.miel-store.com\/pt\/p\/miel-coup-de-froid","title":{"rendered":"Mel de Curso Frio 250g - Tr\u00e9sors du Golfe"},"content":{"rendered":"<p>Il est essentiel de se pr\u00e9parer aux changements climatiques en adoptant des mesures proactives. Et cela peut passer par un\u00a0<strong>suplemento alimentar natural<\/strong>\u00a0tel que le miel contre le<strong>\u00a0Coup de froid\u00a0<\/strong>! En effet, ce produit, riche en miel et en ingr\u00e9dients de haute qualit\u00e9, peut aider \u00e0 renforcer le syst\u00e8me immunitaire, fournir des nutriments essentiels et aider \u00e0 maintenir une bonne sant\u00e9.<\/p>\n<h2><strong>D\u00e9couvrez un \u00e9lixir naturel contre le coup de froid !\u00a0<\/strong><\/h2>\n<p>En pr\u00e9vision des d\u00e9fis que les changements climatiques peuvent entra\u00eener, l&rsquo;apport de nutriments suppl\u00e9mentaires peut jouer un r\u00f4le crucial dans le maintien du bien-\u00eatre global.<\/p>\n<p>C\u2019est pour cette raison que votre boutique bien-\u00eatre souhaite vous faire d\u00e9couvrir une pr\u00e9paration \u00e0 base de miel ! Tr\u00e8s efficace pour aider \u00e0 lutter\u00a0<strong>contre certaines maladies hivernales<\/strong>, c\u2019est une formule naturelle qui allie de nombreux bienfaits. En effet, cette combinaison puissante d&rsquo;ingr\u00e9dients naturels offre un soutien b\u00e9n\u00e9fique pour aider \u00e0 combattre les maux courants de l&rsquo;hiver. De plus, si vous souhaitez, d\u00e9couvrez \u00e9galement notre\u00a0<a href=\"https:\/\/www.miel-store.com\/pt\/p\/mel-fortificante\/\"><strong>miel Fortifiant<\/strong><\/a>, pour retrouver l\u2019\u00e9nergie dont vous avez besoin.<\/p>\n<h2><strong>Les bienfaits naturels du miel anti coup de froid !<\/strong><\/h2>\n<p>Enrichie en miel pur, cette pr\u00e9paration offre des propri\u00e9t\u00e9s apaisantes pour la gorge et aide \u00e0 soulager la toux. L&rsquo;eucalyptus est certes reconnu pour ses effets expectorants, le thym pour ses propri\u00e9t\u00e9s antiseptiques, et le citron pour sa teneur en vitamine C. L&rsquo;extrait d&rsquo;acerola et d&rsquo;echinacea renforcent l&rsquo;immunit\u00e9, aidant ainsi \u00e0\u00a0<strong>pr\u00e9venir les infections hivernales<\/strong>.<\/p>\n<h3><b>Utilisation recommand\u00e9e de cet <\/b><span style=\"font-size: 20.16px;\"><b>elixir<\/b><\/span><b> naturel<\/b><\/h3>\n<p>Cette pr\u00e9paration \u00e0 base de miel peut \u00eatre consomm\u00e9e directement ou ajout\u00e9e \u00e0 une tisane chaude pour un meilleur effet. Une cuill\u00e8re \u00e0 caf\u00e9 par jour est recommand\u00e9e pour les adultes, souhaitant se pr\u00e9munir des maux hivernaux. Pour un soulagement rapide, une cuill\u00e8re \u00e0 caf\u00e9 peut notamment \u00eatre prise jusqu&rsquo;\u00e0 trois fois par jour.<\/p>\n<p>En somme, cette pr\u00e9paration mielleuse est pour aider\u00a0<strong>contre le coup de froid<\/strong>\u00a0du changement brutal de climat. Cette\u00a0<strong>solution naturelle<\/strong>\u00a0est efficace pour le syst\u00e8me immunitaire et les sympt\u00f4mes courants de l&rsquo;hiver. Avec ses ingr\u00e9dients de qualit\u00e9 soigneusement s\u00e9lectionn\u00e9s, cette formule artisanale offre un soutien pr\u00e9cieux pour une sant\u00e9 optimale pendant la saison froide.<\/p>","protected":false},"excerpt":{"rendered":"<p><strong>Ingredientes:<\/strong><\/p>\n<ul>\n<li>Mel<\/li>\n<li>Eucalyptus<\/li>\n<li>Citron<\/li>\n<li>Extrait d&rsquo;acerola (17% de vitamine C)<\/li>\n<li>Extrait d&rsquo;echinacea<\/li>\n<\/ul>\n<p>&nbsp;<\/p>","protected":false},"featured_media":4907,"template":"","meta":[],"product_brand":[],"product_cat":[77],"product_tag":[],"class_list":{"0":"post-4911","1":"product","2":"type-product","3":"status-publish","4":"has-post-thumbnail","6":"product_cat-miel-du-monde","8":"first","9":"instock","10":"shipping-taxable","11":"purchasable","12":"product-type-simple"},"_links":{"self":[{"href":"https:\/\/www.miel-store.com\/pt\/wp-json\/wp\/v2\/product\/4911","targetHints":{"allow":["GET"]}}],"collection":[{"href":"https:\/\/www.miel-store.com\/pt\/wp-json\/wp\/v2\/product"}],"about":[{"href":"https:\/\/www.miel-store.com\/pt\/wp-json\/wp\/v2\/types\/product"}],"wp:featuredmedia":[{"embeddable":true,"href":"https:\/\/www.miel-store.com\/pt\/wp-json\/wp\/v2\/media\/4907"}],"wp:attachment":[{"href":"https:\/\/www.miel-store.com\/pt\/wp-json\/wp\/v2\/media?parent=4911"}],"wp:term":[{"taxonomy":"product_brand","embeddable":true,"href":"https:\/\/www.miel-store.com\/pt\/wp-json\/wp\/v2\/product_brand?post=4911"},{"taxonomy":"product_cat","embeddable":true,"href":"https:\/\/www.miel-store.com\/pt\/wp-json\/wp\/v2\/product_cat?post=4911"},{"taxonomy":"product_tag","embeddable":true,"href":"https:\/\/www.miel-store.com\/pt\/wp-json\/wp\/v2\/product_tag?post=4911"}],"curies":[{"name":"wp","href":"https:\/\/api.w.org\/{rel}","templated":true}]}}