{"id":491,"date":"2022-02-27T19:32:32","date_gmt":"2022-02-27T18:32:32","guid":{"rendered":"https:\/\/www.miel-store.com\/?post_type=product&#038;p=491"},"modified":"2024-02-03T10:05:03","modified_gmt":"2024-02-03T09:05:03","slug":"mel-de-manga-do-mali","status":"publish","type":"product","link":"https:\/\/www.miel-store.com\/pt\/p\/miel-de-mangue-du-mali","title":{"rendered":"Mel de manga do Mali"},"content":{"rendered":"<p>J\u00e1 ouviste falar de<strong> Mel de manga<\/strong>\u00a0? Embora pouco conhecida em Fran\u00e7a, \u00e9, no entanto, uma das mais populares <strong>produtos para colmeias<\/strong> que vale a pena provar! Vem de longe e atravessou fronteiras para que possa saborear o seu aroma excecional. Prepare-se para se deixar encantar por este<strong> produto natural<\/strong>.<\/p>\n<h2><strong>Mel de manga<\/strong><strong>\u00a0: Fora de vista, mas n\u00e3o por muito mais tempo!\u00a0<\/strong><\/h2>\n<p>Se n\u00e3o est\u00e1 familiarizado com esta \u00e1rvore, n\u00e3o se preocupe, tentaremos remediar a situa\u00e7\u00e3o.<\/p>\n<p>Origin\u00e1ria do continente asi\u00e1tico, mais especificamente da \u00cdndia, \u00e9 conhecida por produzir frutos muito saborosos e doces.<\/p>\n<p>Muito vis\u00edvel nos pa\u00edses de clima tropical, tem um aspeto agrad\u00e1vel e atraente. Pode ser pequena, mas os seus ramos podem atingir mais de 15 metros de altura. Uma altura impressionante, com uma folhagem que lhe confere um aspeto agrad\u00e1vel e simp\u00e1tico.<\/p>\n<p>E assim, esta magn\u00edfica \u00e1rvore deixa-nos a n\u00f3s, consumidores, para desfrutarmos de um <strong>magn\u00edfico mel monofloral<\/strong>.<\/p>\n<h2><strong>Os benef\u00edcios excepcionais do mel de manga \u00a0<\/strong><\/h2>\n<p>A sua loja especializada quer promover isto <strong>n\u00e9ctar<\/strong> para que possa beneficiar das suas virtudes. Muito conhecida nos climas quentes, a sua riqueza e as suas propriedades v\u00e3o certamente conquist\u00e1-lo.<\/p>\n<ul>\n<li>Rico em vitamina A ;<\/li>\n<li>Pode ajudar a combater a diminui\u00e7\u00e3o da acuidade visual; ;<\/li>\n<li>Refor\u00e7ar o seu sistema imunit\u00e1rio ;<\/li>\n<li>Pode ser utilizado como suplemento alimentar para dar um impulso ao seu organismo; ;<\/li>\n<li>Este<strong> mel de todo o mundo <\/strong>\u00e9 ben\u00e9fico para a flora intestinal.<\/li>\n<\/ul>\n<p>Como v\u00ea, este produto tem muitas virtudes. <strong>produtos para colmeias<\/strong> t\u00e3o extraordin\u00e1rio. Quer o utilize para acompanhar as suas sess\u00f5es desportivas ou como lanche, ser\u00e1 o seu melhor aliado.<\/p>\n<p>Um olhar e um gosto que valem bem a pena as divers\u00f5es!<\/p>\n<p>Em primeiro lugar, vejamos a sua cor castanha, ou mesmo castanho-alaranjada, selada num frasco transparente de 250 gramas. A sua textura ligeiramente espessa e uma verdadeira <strong>prazer na boca<\/strong>.<\/p>\n<p>Assim que o deixarmos derreter no nosso paladar, corremos o risco de nos enchermos de novo. \u00c9 dif\u00edcil n\u00e3o exagerar nas coisas boas, mas gostar\u00edamos de o lembrar que n\u00e3o \u00e9 aconselh\u00e1vel exagerar.<\/p>\n<p>E em caso de tratamento especial, consulte o seu m\u00e9dico de fam\u00edlia.<\/p>\n<h3><strong>O seu profissional de produtos naturais tamb\u00e9m oferece...\u00a0<\/strong><\/h3>\n<p>E tu, gostarias de descobrir <strong>\u00f3leos vegetais biol\u00f3gicos<\/strong> e 100% \u00f3leos naturais? A sua loja online especializada em produtos naturais gostaria de destacar os seus v\u00e1rios \u00f3leos. Muito frequentemente utilizados para <a href=\"https:\/\/www.mon-botox-capillaire.com\" target=\"_blank\" rel=\"noopener\"><strong>cuidados capilares<\/strong><\/a>, Deixe-se seduzir pelos nossos excelentes elixires de \u00f3leos para tratar os seus cabelos em fun\u00e7\u00e3o das suas necessidades.<\/p>\n<p>Se pretender atingir o objetivo da germina\u00e7\u00e3o, aconselhamo-lo a optar pela\u2019<a href=\"https:\/\/www.miel-store.com\/pt\/p\/huile-de-ricin-bio-inde\/\"><strong>\u00f3leo de r\u00edcino<\/strong><\/a>. Este \u00faltimo \u00e9 mundialmente conhecido pelo seu contributo para a densidade capilar. Al\u00e9m disso, quer seja para tratamento ou apenas para cuidados, pode encontrar <strong>\u00f3leo de abacate<\/strong> ou o <a href=\"https:\/\/www.miel-store.com\/pt\/p\/huile-de-fenugrec-bio-degypte\/\"><strong>feno-grego<\/strong><\/a>.<\/p>\n<p>Como v\u00ea, o nosso objetivo \u00e9 oferecer-lhe o melhor para que fique satisfeito! Deixe-se seduzir pelos nossos<strong> produtos para colmeias<\/strong>, mas tamb\u00e9m pela nossa <strong>artigos de bem-estar.<\/strong><\/p>","protected":false},"excerpt":{"rendered":"<p>Mel de manga do Mali.<\/p>\n<p>Frasco de 250g.<\/p>","protected":false},"featured_media":556,"template":"","meta":[],"product_brand":[],"product_cat":[80,111],"product_tag":[],"class_list":{"0":"post-491","1":"product","2":"type-product","3":"status-publish","4":"has-post-thumbnail","6":"product_cat-miel-du-mali","7":"product_cat-miel-africain","9":"first","10":"outofstock","11":"shipping-taxable","12":"purchasable","13":"product-type-simple"},"_links":{"self":[{"href":"https:\/\/www.miel-store.com\/pt\/wp-json\/wp\/v2\/product\/491","targetHints":{"allow":["GET"]}}],"collection":[{"href":"https:\/\/www.miel-store.com\/pt\/wp-json\/wp\/v2\/product"}],"about":[{"href":"https:\/\/www.miel-store.com\/pt\/wp-json\/wp\/v2\/types\/product"}],"wp:featuredmedia":[{"embeddable":true,"href":"https:\/\/www.miel-store.com\/pt\/wp-json\/wp\/v2\/media\/556"}],"wp:attachment":[{"href":"https:\/\/www.miel-store.com\/pt\/wp-json\/wp\/v2\/media?parent=491"}],"wp:term":[{"taxonomy":"product_brand","embeddable":true,"href":"https:\/\/www.miel-store.com\/pt\/wp-json\/wp\/v2\/product_brand?post=491"},{"taxonomy":"product_cat","embeddable":true,"href":"https:\/\/www.miel-store.com\/pt\/wp-json\/wp\/v2\/product_cat?post=491"},{"taxonomy":"product_tag","embeddable":true,"href":"https:\/\/www.miel-store.com\/pt\/wp-json\/wp\/v2\/product_tag?post=491"}],"curies":[{"name":"wp","href":"https:\/\/api.w.org\/{rel}","templated":true}]}}