{"id":4906,"date":"2022-11-25T11:59:32","date_gmt":"2022-11-25T10:59:32","guid":{"rendered":"https:\/\/www.miel-store.com\/?post_type=product&#038;p=4906"},"modified":"2026-03-04T15:31:02","modified_gmt":"2026-03-04T14:31:02","slug":"mel-fortificante","status":"publish","type":"product","link":"https:\/\/www.miel-store.com\/pt\/p\/miel-fortifiant","title":{"rendered":"Mel fortificante 250g - Tr\u00e9sors du Golfe"},"content":{"rendered":"<p>Le\u00a0<strong>Miel Fortifiant<\/strong>\u00a0est une pr\u00e9paration artisanale qui allie des ingr\u00e9dients de qualit\u00e9. Tels que le pollen d&rsquo;abeilles bio, la nigelle et la gel\u00e9e royale bio. Cette combinaison unique offre une exp\u00e9rience gustative exquise tout en apportant des bienfaits pour la sant\u00e9. D\u00e9couvrez comment ce miel exceptionnel peut renforcer votre bien-\u00eatre de mani\u00e8re naturelle.<\/p>\n<h2><strong>D\u00e9couvrez le miel fortifiant et ses ingr\u00e9dients de qualit\u00e9<\/strong><\/h2>\n<p>Vous l\u2019attendiez probablement, le Miel Fortifiant est d\u00e9sormais disponible ! Si vous aussi vous appr\u00e9ciez les \u00e9lixirs \u00e9labor\u00e9s de mani\u00e8re naturelle, vous \u00eates bien tomb\u00e9 avec ce booster naturel. Ce dernier est notamment compos\u00e9 de pollen d&rsquo;abeilles bio, r\u00e9colt\u00e9 avec soin pour garantir puret\u00e9 et richesse en nutriments essentiels. D\u00e9couvrez ainsi <a href=\"https:\/\/www.miel-store.com\/pt\/cp\/nigela\/\"><strong>la nigelle<\/strong><\/a>, \u00e9galement connue sous le nom de cumin noir ! Cette derni\u00e8re est tr\u00e8s r\u00e9put\u00e9e pour ses propri\u00e9t\u00e9s b\u00e9n\u00e9fiques pour la sant\u00e9, pr\u00e9parez-vous \u00e0 \u00eatre conquis.<\/p>\n<p>Enfin, la gel\u00e9e royale bio,\u00a0<strong>tesouro da colmeia<\/strong>, vient compl\u00e9ter cette composition d&rsquo;exception. Ensemble, ces ingr\u00e9dients offrent une concentration unique de bienfaits naturels.<\/p>\n<h2><strong>Miel Fortifiant : bienfaits pour la sant\u00e9<\/strong><\/h2>\n<p>En effet, vous risquez rapidement d\u2019\u00eatre s\u00e9duit, et cela notamment gr\u00e2ce \u00e0 ses\u00a0<strong>composants naturels<\/strong>\u00a0! Votre Miel Fortifiant est certes reconnu pour ses propri\u00e9t\u00e9s fortifiantes et \u00e9nergisantes. Faites la rencontre avec le pollen d&rsquo;abeilles bio qui contribue \u00e0 renforcer le syst\u00e8me immunitaire. Tandis que la nigelle est appr\u00e9ci\u00e9e pour ses vertus antioxydantes.<\/p>\n<p>La gel\u00e9e royale bio, quant \u00e0 elle, est reconnue pour ses effets revigorants.<\/p>\n<p>En consommant ce\u00a0<strong>miel \u00e9nergisant<\/strong>\u00a0r\u00e9guli\u00e8rement, vous pouvez soutenir votre vitalit\u00e9 et renforcer votre organisme de mani\u00e8re naturelle.<\/p>\n<h3><strong>Utilisation polyvalente<\/strong><\/h3>\n<p>Le Miel Fortifiant peut \u00eatre consomm\u00e9 de diff\u00e9rentes mani\u00e8res.<\/p>\n<ul>\n<li>D\u00e9gustez-le pur pour savourer toute sa richesse gustative.<\/li>\n<li>Pourquoi ne pas l\u2019incorporer dans des recettes culinaires pour en rehausser les saveurs ?<\/li>\n<li>En l&rsquo;ajoutant \u00e0 des boissons chaudes pour b\u00e9n\u00e9ficier de ses bienfaits r\u00e9confortants.<\/li>\n<\/ul>\n<p>Ainsi, quelle que soit votre pr\u00e9f\u00e9rence, ce<strong>\u00a0mel artesanal<\/strong>\u00a0offre une polyvalence d&rsquo;utilisation qui s&rsquo;adapte \u00e0 vos habitudes quotidiennes.<\/p>\n<p>En somme, le Miel Fortifiant est bien plus qu&rsquo;un simple aliment, c&rsquo;est un v\u00e9ritable tr\u00e9sor de la nature ! Il allie qualit\u00e9, bienfaits pour la sant\u00e9 et polyvalence. En l&rsquo;adoptant dans votre quotidien, vous faites le choix d&rsquo;une approche naturelle pour<strong>\u00a0renforcer votre bien-\u00eatre<\/strong>.<\/p>","protected":false},"excerpt":{"rendered":"<p><strong>Ingredientes:<\/strong><\/p>\n<ul>\n<li>Mel<\/li>\n<li>Pollen d&rsquo;abeilles bio<\/li>\n<li>Nigella<\/li>\n<li>Gel\u00e9e royale bio<\/li>\n<\/ul>","protected":false},"featured_media":4909,"template":"","meta":[],"product_brand":[],"product_cat":[77],"product_tag":[],"class_list":{"0":"post-4906","1":"product","2":"type-product","3":"status-publish","4":"has-post-thumbnail","6":"product_cat-miel-du-monde","8":"first","9":"outofstock","10":"shipping-taxable","11":"purchasable","12":"product-type-simple"},"_links":{"self":[{"href":"https:\/\/www.miel-store.com\/pt\/wp-json\/wp\/v2\/product\/4906","targetHints":{"allow":["GET"]}}],"collection":[{"href":"https:\/\/www.miel-store.com\/pt\/wp-json\/wp\/v2\/product"}],"about":[{"href":"https:\/\/www.miel-store.com\/pt\/wp-json\/wp\/v2\/types\/product"}],"wp:featuredmedia":[{"embeddable":true,"href":"https:\/\/www.miel-store.com\/pt\/wp-json\/wp\/v2\/media\/4909"}],"wp:attachment":[{"href":"https:\/\/www.miel-store.com\/pt\/wp-json\/wp\/v2\/media?parent=4906"}],"wp:term":[{"taxonomy":"product_brand","embeddable":true,"href":"https:\/\/www.miel-store.com\/pt\/wp-json\/wp\/v2\/product_brand?post=4906"},{"taxonomy":"product_cat","embeddable":true,"href":"https:\/\/www.miel-store.com\/pt\/wp-json\/wp\/v2\/product_cat?post=4906"},{"taxonomy":"product_tag","embeddable":true,"href":"https:\/\/www.miel-store.com\/pt\/wp-json\/wp\/v2\/product_tag?post=4906"}],"curies":[{"name":"wp","href":"https:\/\/api.w.org\/{rel}","templated":true}]}}