{"id":490,"date":"2022-02-27T19:31:31","date_gmt":"2022-02-27T18:31:31","guid":{"rendered":"https:\/\/www.miel-store.com\/?post_type=product&#038;p=490"},"modified":"2024-05-19T02:00:59","modified_gmt":"2024-05-19T00:00:59","slug":"mel-de-banana-do-mali","status":"publish","type":"product","link":"https:\/\/www.miel-store.com\/pt\/p\/miel-de-bananier-du-mali","title":{"rendered":"Mel de banana do Mali"},"content":{"rendered":"<p>Qu\u2019est-ce que de plus attirant que la raret\u00e9 ? D\u00e8s lors o\u00f9 un produit n\u2019est pas commun, il intrigue, il fascine, et donne l\u2019intime conviction qu\u2019il doit vous appartenir\u2026 Ce sentiment irr\u00e9sistible, mais compr\u00e9hensible, fait que votre <strong>sp\u00e9cialiste en produits bien-\u00eatre<\/strong> met en avant le <strong>Miel de Bananier<\/strong> !<\/p>\n<p>Jamais entendu parler ? Il est, par cons\u00e9quent, grand temps d\u2019y rem\u00e9dier.<\/p>\n<h2><strong>Le Miel de Bananier et son origine lointaine\u2026<\/strong><\/h2>\n<p>Consid\u00e9r\u00e9 comme l\u2019une des <strong>plus grandes herbes au monde<\/strong>, cette plante nomm\u00e9e bananier est connue et reconnue dans le monde entier. Elle affectionne particuli\u00e8rement le climat tropical humide, et ne supporte pas les temp\u00e9ratures trop basses. Originaire d\u2019Asie, elle est cependant, cultiv\u00e9e en majorit\u00e9 dans le continent africain ! En effet, cette c\u00e9l\u00e8bre plante est pris\u00e9e pour son <strong>fruit d\u00e9licieux<\/strong> et riche en bienfaits !<\/p>\n<p>Pour ces raisons, les communaut\u00e9s d&rsquo;Afrique y trouvent un r\u00e9el int\u00e9r\u00eat et plaisir \u00e0 cultiver ce fruit si savoureux !<\/p>\n<p>Imaginez ainsi ce <strong>mel de todo o mundo<\/strong> issu des fleurs de bananier, avec une texture et un go\u00fbt exquis. Rare mais tr\u00e8s go\u00fbtu, pr\u00e9parez-vous \u00e0 \u00eatre charm\u00e9e\u2026<\/p>\n<h2><strong>Les nombreux bienfaits du Miel de Bananier\u00a0<\/strong><\/h2>\n<p>Le <strong>mel de banana<\/strong> est certes d\u00e9licieux, mais poss\u00e8de \u00e9galement de nombreuses qualit\u00e9s outre que ses saveurs. Enrichissant et b\u00e9n\u00e9fique pour le corps, laissez-vous surprendre par certaines de ses vertus.<\/p>\n<ul>\n<li>Il est connu pour pouvoir am\u00e9liorer la fertilit\u00e9<\/li>\n<li>Dans certaines communaut\u00e9s, les femmes l\u2019utilisent pour r\u00e9guler leur menstrues<\/li>\n<li>Encourage une meilleure lactation aupr\u00e8s des femmes qui allaitent<\/li>\n<li>Peut aider, de plus, \u00e0 lutter contre l\u2019hypertension et l\u2019an\u00e9mie<\/li>\n<\/ul>\n<p>Vous l\u2019avez compris, ce tr\u00e9sor de la nature n\u2019est pas seulement agr\u00e9able au palais, mais il est aussi un r\u00e9el compagnon de vie. Les bienfaits de la nature ne sont pas \u00e0 prendre \u00e0 la l\u00e9g\u00e8re, vous seriez \u00e9tonn\u00e9 de conna\u00eetre la multitude de vertus qui s\u2019y cachent.<\/p>\n<h2><strong>Miel de bananier et autres : pour des sportifs en qu\u00eate de sensation\u00a0<\/strong><\/h2>\n<p>Petite rubrique pour vous, les sportifs ! Connaissez-vous ce<strong> produit de la ruche qu&rsquo;est le miel de bananier du Mali<\/strong> ? Comme dit pr\u00e9c\u00e9demment, il poss\u00e8de un go\u00fbt tr\u00e8s savoureux et des actifs pouvant aider \u00e0 lutter contre certains maux.<\/p>\n<p>De plus, il est un r\u00e9el atout pour ceux et celles qui souhaitent <strong>prendre soin de leur corps<\/strong> ! \u00c9t\u00e9 comme hiver, il est le <strong>suplemento alimentar natural<\/strong> qu&rsquo;il vous faut ! Tr\u00e8s bon pour la r\u00e9cup\u00e9ration, il est \u00e9galement un <strong>booster naturel.<\/strong> Athl\u00e8te du week-end, ou professionnel, il est le compagnon qui ne vous laissera pas tomber.<\/p>\n<p>Par ailleurs, vous avez la possibilit\u00e9 de retrouver plusieurs de <strong>nos produits de la ruche<\/strong> afin de trouver votre bonheur ! <a href=\"https:\/\/www.miel-store.com\/pt\/p\/mel-branco-do-quirguizistao\/\"><strong>Mel branco<\/strong><\/a>, ou <a href=\"https:\/\/www.miel-store.com\/pt\/p\/miel-deuphorbe-du-yemen\/\"><strong>mel de euf\u00f3rbia<\/strong><\/a>, l\u2019essentiel, c\u2019est que vous franchissiez le pas.<\/p>\n<p>Vous avez la possibilit\u00e9 de l\u2019accompagner avec votre boisson matinale, ou encore, avec un compl\u00e9ment alimentaire. On pense notamment aux <strong>c\u00e1psulas de cominho preto<\/strong> ! Vous l\u2019avez compris, il peut rapidement \u00eatre li\u00e9 \u00e0 vos<strong> performances physiques<\/strong>. Riche en magn\u00e9sium et en potassium, il sera \u00e0 m\u00eame de vous redonner ce petit coup de fouet qu\u2019il vous manquait !<\/p>\n<h3><strong>Votre boutique sp\u00e9cialis\u00e9e souhaite \u00e9galement vous faire d\u00e9couvrir\u00a0<\/strong><\/h3>\n<p>Et si vous pensiez \u00e0 votre bien-\u00eatre ?C\u00f4t\u00e9<strong> \u00f3leos naturais<\/strong>, pourquoi ne pas vous faire plaisir ?<\/p>\n<p>Votre <strong>boutique de bien-\u00eatre<\/strong> en ligne aimerait mettre \u00e0 l\u2019honneur des huiles qui sauront vous mettre en avant. Pour <strong>nourrir vos cheveux,<\/strong> ou tout simplement pour favoriser la pousse, d\u00e9couvrez <strong>l\u2019huile d\u2019ail<\/strong>, et<strong> \u00f3leo de r\u00edcino<\/strong> ! Toutes deux connues pour leur richesse et leur efficacit\u00e9 !<\/p>","protected":false},"excerpt":{"rendered":"<p>Miel de Bananier du Mali.<\/p>\n<p>Frasco de 250g.<\/p>","protected":false},"featured_media":569,"template":"","meta":[],"product_brand":[],"product_cat":[80,111],"product_tag":[],"class_list":{"0":"post-490","1":"product","2":"type-product","3":"status-publish","4":"has-post-thumbnail","6":"product_cat-miel-du-mali","7":"product_cat-miel-africain","9":"first","10":"outofstock","11":"shipping-taxable","12":"purchasable","13":"product-type-simple"},"_links":{"self":[{"href":"https:\/\/www.miel-store.com\/pt\/wp-json\/wp\/v2\/product\/490","targetHints":{"allow":["GET"]}}],"collection":[{"href":"https:\/\/www.miel-store.com\/pt\/wp-json\/wp\/v2\/product"}],"about":[{"href":"https:\/\/www.miel-store.com\/pt\/wp-json\/wp\/v2\/types\/product"}],"wp:featuredmedia":[{"embeddable":true,"href":"https:\/\/www.miel-store.com\/pt\/wp-json\/wp\/v2\/media\/569"}],"wp:attachment":[{"href":"https:\/\/www.miel-store.com\/pt\/wp-json\/wp\/v2\/media?parent=490"}],"wp:term":[{"taxonomy":"product_brand","embeddable":true,"href":"https:\/\/www.miel-store.com\/pt\/wp-json\/wp\/v2\/product_brand?post=490"},{"taxonomy":"product_cat","embeddable":true,"href":"https:\/\/www.miel-store.com\/pt\/wp-json\/wp\/v2\/product_cat?post=490"},{"taxonomy":"product_tag","embeddable":true,"href":"https:\/\/www.miel-store.com\/pt\/wp-json\/wp\/v2\/product_tag?post=490"}],"curies":[{"name":"wp","href":"https:\/\/api.w.org\/{rel}","templated":true}]}}