{"id":489,"date":"2022-02-27T19:29:46","date_gmt":"2022-02-27T18:29:46","guid":{"rendered":"https:\/\/www.miel-store.com\/?post_type=product&#038;p=489"},"modified":"2023-09-19T11:27:52","modified_gmt":"2023-09-19T09:27:52","slug":"miel-de-moringa-du-mali","status":"publish","type":"product","link":"https:\/\/www.miel-store.com\/pt\/p\/miel-de-moringa-du-mali","title":{"rendered":"Mel de moringa do Mali"},"content":{"rendered":"<p>Etes-vous pr\u00eat pour un magnifique voyage culinaire ? Inutile de prendre votre billet, Miel Store s\u2019occupe de tout. Installez-vous bien, car vous allez d\u00e9couvrir un produit plein de saveurs. Venu de loin pour que vous puissiez profiter de toutes ses qualit\u00e9s, le <strong>Miel de Moringa<\/strong> est \u00e0 l\u2019honneur !<\/p>\n<h2><strong>Le miel de Moringa traverse les fronti\u00e8res pour faire votre connaissance\u00a0<\/strong><\/h2>\n<p>Anciennement connu en Inde pour ses <strong>propri\u00e9t\u00e9s m\u00e9dicinales<\/strong>, il fait d\u00e9sormais son apparition \u00e9galement aupr\u00e8s des pays du continent africain. Le climat tropical est favorable pour la pousse de cette plante aux fleurs blanches. Il existe diff\u00e9rentes sortes de Moringa dans le monde, mais c\u2019est le <strong>Moringa oleifera<\/strong> qui est le plus pris\u00e9 notamment pour son miel !<\/p>\n<p>En effet, cette plante a souvent \u00e9t\u00e9 utilis\u00e9e pour la <strong>m\u00e9decine ayurv\u00e9dique<\/strong>, car elle contient de nombreux bienfaits. Ce tr\u00e9sor de la nature est employable des racines jusqu\u2019aux fleurs, pour ainsi aider \u00e0 lutter contre certaines maladies. Vous l\u2019avez compris, cet \u00e9lixir est vraisemblablement un atout au quotidien.<\/p>\n<h2><strong>Le miel de Moringa : quelques vertus incroyables de ce nectar<\/strong><\/h2>\n<p>Il est vrai que le <strong>miel de Moringa<\/strong> poss\u00e8de certes un go\u00fbt attirant et agr\u00e9able, mais il est \u00e9galement un plus pour l\u2019organisme. Il est empli de bienfaits pouvant aider le consommateur sur certains maux. D\u00e9couvrons ensemble les vertus de ce<strong> produit de la ruche naturel :<\/strong><\/p>\n<ul>\n<li>Peut aider \u00e0 lutter contre les allergies<\/li>\n<li>Bon contre l\u2019arthrite et les rhumatismes<\/li>\n<li>Pr\u00e9vient certaines maladies<\/li>\n<li>Connu \u00e9galement pour sa richesse antibact\u00e9rienne et antifongique<\/li>\n<\/ul>\n<p>Ce miel est un atout pour ceux et celles qui souhaitent <strong>prendre soin de leurs corps<\/strong>. En effet, aussi consid\u00e9r\u00e9 comme un <strong>suplemento alimentar<\/strong>, il peut aider \u00e0 am\u00e9liorer votre immunit\u00e9. Riche en acide gras om\u00e9ga 3, il peut \u00eatre consid\u00e9r\u00e9 comme un atout pour le cerveau. Vous l\u2019avez compris, ce tr\u00e9sor de la nature peut r\u00e9ellement devenir votre meilleur alli\u00e9.<\/p>\n<h3><strong>D\u00e9couvrons l\u2019aspect et le go\u00fbt de ce tr\u00e9sor de la nature\u00a0<\/strong><\/h3>\n<p>Connaissez-vous l\u2019aspect de ce <strong>produtos para colmeias <\/strong>? Tout d\u2019abord, il est essentiel de savoir qu\u2019il se trouve dans un bocal transparent, qui ce dernier laisse entrevoir un liquide brun. Sa couleur nous laisse imaginer sa provenance et sa qualit\u00e9. Il poss\u00e8de une texture \u00e9paisse selon la r\u00e9colte, et tr\u00e8s savoureux au niveau du palais. Si vous aimez les <strong>\u00e9lixirs exquis<\/strong> et b\u00e9n\u00e9fiques pour le corps, vous \u00eates au bon endroit. Laissez-vous ainsi s\u00e9duire par ce <strong>produto natural <\/strong>plein de charme.<\/p>\n<p>Profitons-en pour d\u00e9couvrir d\u2019autres miels aux saveurs incroyables !<\/p>\n<p>Votre boutique en ligne sp\u00e9cialis\u00e9e en<strong> produits bien-\u00eatre de la nature<\/strong> souhaite vous faire d\u00e9couvrir de nouvelles saveurs. <strong>Huile naturelle<\/strong>, de <strong>ricin<\/strong> ou alors de <a href=\"https:\/\/www.miel-store.com\/pt\/p\/huile-de-coco-bio-extra-vierge\/\"><strong>coco<\/strong><\/a>, sachez que nous sommes \u00e0 votre \u00e9coute. Votre bien-\u00eatre est notre principale source de motivation !<\/p>\n<p>De plus, si vous \u00eates \u00e0 la recherche de <strong>produtos para colmeias<\/strong>, pr\u00e9parez-vous \u00e0 \u00eatre conquis. Avez-vous d\u00e9j\u00e0 entendu parler du<a href=\"https:\/\/www.miel-store.com\/pt\/p\/mel-branco-do-quirguizistao\/\"><strong> miel blanc du Kirghizistan<\/strong><\/a> ? Cette d\u00e9licate mixture \u00e0 la couleur tr\u00e8s claire poss\u00e8de un go\u00fbt particuli\u00e8rement doux et sucr\u00e9.<\/p>\n<p>En effet, nous poss\u00e9dons une multitude de<strong> m\u00e9is do mundo<\/strong> qui poss\u00e8dent des bienfaits divers et vari\u00e9s. Pr\u00e9parez vos sens, ils risquent d\u2019\u00eatre surpris.<\/p>","protected":false},"excerpt":{"rendered":"<p>Miel de Moringa du Mali.<\/p>\n<p>Frasco de 250g.<\/p>","protected":false},"featured_media":555,"template":"","meta":[],"product_brand":[],"product_cat":[80,111],"product_tag":[],"class_list":{"0":"post-489","1":"product","2":"type-product","3":"status-publish","4":"has-post-thumbnail","6":"product_cat-miel-du-mali","7":"product_cat-miel-africain","9":"first","10":"outofstock","11":"shipping-taxable","12":"purchasable","13":"product-type-simple"},"_links":{"self":[{"href":"https:\/\/www.miel-store.com\/pt\/wp-json\/wp\/v2\/product\/489","targetHints":{"allow":["GET"]}}],"collection":[{"href":"https:\/\/www.miel-store.com\/pt\/wp-json\/wp\/v2\/product"}],"about":[{"href":"https:\/\/www.miel-store.com\/pt\/wp-json\/wp\/v2\/types\/product"}],"wp:featuredmedia":[{"embeddable":true,"href":"https:\/\/www.miel-store.com\/pt\/wp-json\/wp\/v2\/media\/555"}],"wp:attachment":[{"href":"https:\/\/www.miel-store.com\/pt\/wp-json\/wp\/v2\/media?parent=489"}],"wp:term":[{"taxonomy":"product_brand","embeddable":true,"href":"https:\/\/www.miel-store.com\/pt\/wp-json\/wp\/v2\/product_brand?post=489"},{"taxonomy":"product_cat","embeddable":true,"href":"https:\/\/www.miel-store.com\/pt\/wp-json\/wp\/v2\/product_cat?post=489"},{"taxonomy":"product_tag","embeddable":true,"href":"https:\/\/www.miel-store.com\/pt\/wp-json\/wp\/v2\/product_tag?post=489"}],"curies":[{"name":"wp","href":"https:\/\/api.w.org\/{rel}","templated":true}]}}